{"id":96574,"date":"2024-10-17T15:38:56","date_gmt":"2024-10-17T18:38:56","guid":{"rendered":"https:\/\/aogosto.com.br\/delivery\/?post_type=product&#038;p=96574"},"modified":"2026-04-21T09:56:06","modified_gmt":"2026-04-21T12:56:06","slug":"bombom-da-alcatra-wagyu-guidara-r-10990-pct-congelado","status":"publish","type":"product","link":"https:\/\/aogosto.com.br\/delivery\/product\/bombom-da-alcatra-wagyu-guidara-r-10990-pct-congelado\/","title":{"rendered":"Bombom da Alcatra Wagyu &#8211; Guidara | R$: 139,90 KG"},"content":{"rendered":"","protected":false},"excerpt":{"rendered":"<p>O bombom da alcatra\u00a0<b>\u00e9 um corte baixo em gorduras, com sabor e textura \u00fanicos<\/b>! Exatamente por sua versatilidade, \u00e9 uma carne ideal para churrascos, trazendo maciez e sucul\u00eancia.<\/p>\n<p>Nippo Wagyu vem ao mercado para oferecer a seus clientes produtos que sejam oriundos de animais pelo menos 50% Wagyu, caracter\u00edstica que tamb\u00e9m vai garantir aos seus produtos sabor, aroma e maciez muito diferenciados. Assim como a Wagyu FullBlood, sua produ\u00e7\u00e3o \u00e9 certificada pela ABCBRW.<\/p>\n<p>&nbsp;<\/p>\n<p>&nbsp;<\/p>\n<p>&nbsp;<\/p>\n<p><!-- AOGOSTO_WEIGHT_START --><br \/>\nPeso Aprox. 700 g<\/p>\n<p>*O valor final pode variar conforme o peso exato de cada pe\u00e7a.*<\/p>\n<p>*Imagens meramente ilustrativas.*<br \/>\n<!-- AOGOSTO_WEIGHT_END --><\/p>\n","protected":false},"featured_media":96575,"comment_status":"open","ping_status":"closed","template":"","meta":[],"product_brand":[],"product_cat":[34,244,248,195],"product_tag":[],"class_list":{"0":"post-96574","1":"product","2":"type-product","3":"status-publish","4":"has-post-thumbnail","6":"product_cat-boi","7":"product_cat-cortes-gourmet","8":"product_cat-cortes-magros","9":"product_cat-wagyu","11":"first","12":"outofstock","13":"sold-individually","14":"shipping-taxable","15":"purchasable","16":"product-type-simple"},"yoast_head":"<!-- This site is optimized with the Yoast SEO plugin v27.2 - https:\/\/yoast.com\/product\/yoast-seo-wordpress\/ -->\n<title>Bombom da Alcatra Wagyu - Guidara | R$: 139,90 KG | Ao Gosto Carnes<\/title>\n<meta name=\"robots\" content=\"index, follow, max-snippet:-1, max-image-preview:large, max-video-preview:-1\" \/>\n<link rel=\"canonical\" href=\"https:\/\/aogosto.com.br\/delivery\/product\/bombom-da-alcatra-wagyu-guidara-r-10990-pct-congelado\/\" \/>\n<meta property=\"og:locale\" content=\"pt_BR\" \/>\n<meta property=\"og:type\" content=\"article\" \/>\n<meta property=\"og:title\" content=\"Bombom da Alcatra Wagyu - Guidara | R$: 139,90 KG | Ao Gosto Carnes\" \/>\n<meta property=\"og:description\" content=\"O bombom da alcatra\u00a0\u00e9 um corte baixo em gorduras, com sabor e textura \u00fanicos! Exatamente por sua versatilidade, \u00e9 uma carne ideal para churrascos, trazendo maciez e sucul\u00eancia.  Nippo Wagyu vem ao mercado para oferecer a seus clientes produtos que sejam oriundos de animais pelo menos 50% Wagyu, caracter\u00edstica que tamb\u00e9m vai garantir aos seus produtos sabor, aroma e maciez muito diferenciados. Assim como a Wagyu FullBlood, sua produ\u00e7\u00e3o \u00e9 certificada pela ABCBRW.  &nbsp;  &nbsp;  &nbsp;  Peso Aprox. 700 g *O valor final pode variar conforme o peso exato de cada pe\u00e7a.* *Imagens meramente ilustrativas.*\" \/>\n<meta property=\"og:url\" content=\"https:\/\/aogosto.com.br\/delivery\/product\/bombom-da-alcatra-wagyu-guidara-r-10990-pct-congelado\/\" \/>\n<meta property=\"og:site_name\" content=\"Ao Gosto Carnes\" \/>\n<meta property=\"article:publisher\" content=\"https:\/\/facebook.com.br\/aogostocarnesnobres\" \/>\n<meta property=\"article:modified_time\" content=\"2026-04-21T12:56:06+00:00\" \/>\n<meta property=\"og:image\" content=\"https:\/\/aogosto.com.br\/delivery\/wp-content\/uploads\/2024\/10\/Design-sem-nome-2024-10-17T153322.593.jpg\" \/>\n\t<meta property=\"og:image:width\" content=\"1080\" \/>\n\t<meta property=\"og:image:height\" content=\"1080\" \/>\n\t<meta property=\"og:image:type\" content=\"image\/jpeg\" \/>\n<meta name=\"twitter:card\" content=\"summary_large_image\" \/>\n<meta name=\"twitter:label1\" content=\"Est. tempo de leitura\" \/>\n\t<meta name=\"twitter:data1\" content=\"1 minuto\" \/>\n<script type=\"application\/ld+json\" class=\"yoast-schema-graph\">{\"@context\":\"https:\/\/schema.org\",\"@graph\":[{\"@type\":\"WebPage\",\"@id\":\"https:\/\/aogosto.com.br\/delivery\/product\/bombom-da-alcatra-wagyu-guidara-r-10990-pct-congelado\/\",\"url\":\"https:\/\/aogosto.com.br\/delivery\/product\/bombom-da-alcatra-wagyu-guidara-r-10990-pct-congelado\/\",\"name\":\"Bombom da Alcatra Wagyu - Guidara | R$: 139,90 KG | Ao Gosto Carnes\",\"isPartOf\":{\"@id\":\"https:\/\/aogosto.com.br\/delivery\/#website\"},\"primaryImageOfPage\":{\"@id\":\"https:\/\/aogosto.com.br\/delivery\/product\/bombom-da-alcatra-wagyu-guidara-r-10990-pct-congelado\/#primaryimage\"},\"image\":{\"@id\":\"https:\/\/aogosto.com.br\/delivery\/product\/bombom-da-alcatra-wagyu-guidara-r-10990-pct-congelado\/#primaryimage\"},\"thumbnailUrl\":\"https:\/\/aogosto.com.br\/delivery\/wp-content\/uploads\/2024\/10\/Design-sem-nome-2024-10-17T153322.593.jpg\",\"datePublished\":\"2024-10-17T18:38:56+00:00\",\"dateModified\":\"2026-04-21T12:56:06+00:00\",\"breadcrumb\":{\"@id\":\"https:\/\/aogosto.com.br\/delivery\/product\/bombom-da-alcatra-wagyu-guidara-r-10990-pct-congelado\/#breadcrumb\"},\"inLanguage\":\"pt-BR\",\"potentialAction\":[{\"@type\":\"ReadAction\",\"target\":[\"https:\/\/aogosto.com.br\/delivery\/product\/bombom-da-alcatra-wagyu-guidara-r-10990-pct-congelado\/\"]}]},{\"@type\":\"ImageObject\",\"inLanguage\":\"pt-BR\",\"@id\":\"https:\/\/aogosto.com.br\/delivery\/product\/bombom-da-alcatra-wagyu-guidara-r-10990-pct-congelado\/#primaryimage\",\"url\":\"https:\/\/aogosto.com.br\/delivery\/wp-content\/uploads\/2024\/10\/Design-sem-nome-2024-10-17T153322.593.jpg\",\"contentUrl\":\"https:\/\/aogosto.com.br\/delivery\/wp-content\/uploads\/2024\/10\/Design-sem-nome-2024-10-17T153322.593.jpg\",\"width\":1080,\"height\":1080},{\"@type\":\"BreadcrumbList\",\"@id\":\"https:\/\/aogosto.com.br\/delivery\/product\/bombom-da-alcatra-wagyu-guidara-r-10990-pct-congelado\/#breadcrumb\",\"itemListElement\":[{\"@type\":\"ListItem\",\"position\":1,\"name\":\"In\u00edcio\",\"item\":\"https:\/\/aogosto.com.br\/delivery\/\"},{\"@type\":\"ListItem\",\"position\":2,\"name\":\"Shop\",\"item\":\"https:\/\/aogosto.com.br\/delivery\/loja\/\"},{\"@type\":\"ListItem\",\"position\":3,\"name\":\"Bombom da Alcatra Wagyu &#8211; Guidara | R$: 139,90 KG\"}]},{\"@type\":\"WebSite\",\"@id\":\"https:\/\/aogosto.com.br\/delivery\/#website\",\"url\":\"https:\/\/aogosto.com.br\/delivery\/\",\"name\":\"Ao Gosto Carnes\",\"description\":\"Fa\u00e7a o seu pedido on-line!\",\"potentialAction\":[{\"@type\":\"SearchAction\",\"target\":{\"@type\":\"EntryPoint\",\"urlTemplate\":\"https:\/\/aogosto.com.br\/delivery\/?s={search_term_string}\"},\"query-input\":{\"@type\":\"PropertyValueSpecification\",\"valueRequired\":true,\"valueName\":\"search_term_string\"}}],\"inLanguage\":\"pt-BR\"}]}<\/script>\n<!-- \/ Yoast SEO plugin. -->","yoast_head_json":{"title":"Bombom da Alcatra Wagyu - Guidara | R$: 139,90 KG | Ao Gosto Carnes","robots":{"index":"index","follow":"follow","max-snippet":"max-snippet:-1","max-image-preview":"max-image-preview:large","max-video-preview":"max-video-preview:-1"},"canonical":"https:\/\/aogosto.com.br\/delivery\/product\/bombom-da-alcatra-wagyu-guidara-r-10990-pct-congelado\/","og_locale":"pt_BR","og_type":"article","og_title":"Bombom da Alcatra Wagyu - Guidara | R$: 139,90 KG | Ao Gosto Carnes","og_description":"O bombom da alcatra\u00a0\u00e9 um corte baixo em gorduras, com sabor e textura \u00fanicos! Exatamente por sua versatilidade, \u00e9 uma carne ideal para churrascos, trazendo maciez e sucul\u00eancia.  Nippo Wagyu vem ao mercado para oferecer a seus clientes produtos que sejam oriundos de animais pelo menos 50% Wagyu, caracter\u00edstica que tamb\u00e9m vai garantir aos seus produtos sabor, aroma e maciez muito diferenciados. Assim como a Wagyu FullBlood, sua produ\u00e7\u00e3o \u00e9 certificada pela ABCBRW.  &nbsp;  &nbsp;  &nbsp;  Peso Aprox. 700 g *O valor final pode variar conforme o peso exato de cada pe\u00e7a.* *Imagens meramente ilustrativas.*","og_url":"https:\/\/aogosto.com.br\/delivery\/product\/bombom-da-alcatra-wagyu-guidara-r-10990-pct-congelado\/","og_site_name":"Ao Gosto Carnes","article_publisher":"https:\/\/facebook.com.br\/aogostocarnesnobres","article_modified_time":"2026-04-21T12:56:06+00:00","og_image":[{"width":1080,"height":1080,"url":"https:\/\/aogosto.com.br\/delivery\/wp-content\/uploads\/2024\/10\/Design-sem-nome-2024-10-17T153322.593.jpg","type":"image\/jpeg"}],"twitter_card":"summary_large_image","twitter_misc":{"Est. tempo de leitura":"1 minuto"},"schema":{"@context":"https:\/\/schema.org","@graph":[{"@type":"WebPage","@id":"https:\/\/aogosto.com.br\/delivery\/product\/bombom-da-alcatra-wagyu-guidara-r-10990-pct-congelado\/","url":"https:\/\/aogosto.com.br\/delivery\/product\/bombom-da-alcatra-wagyu-guidara-r-10990-pct-congelado\/","name":"Bombom da Alcatra Wagyu - Guidara | R$: 139,90 KG | Ao Gosto Carnes","isPartOf":{"@id":"https:\/\/aogosto.com.br\/delivery\/#website"},"primaryImageOfPage":{"@id":"https:\/\/aogosto.com.br\/delivery\/product\/bombom-da-alcatra-wagyu-guidara-r-10990-pct-congelado\/#primaryimage"},"image":{"@id":"https:\/\/aogosto.com.br\/delivery\/product\/bombom-da-alcatra-wagyu-guidara-r-10990-pct-congelado\/#primaryimage"},"thumbnailUrl":"https:\/\/aogosto.com.br\/delivery\/wp-content\/uploads\/2024\/10\/Design-sem-nome-2024-10-17T153322.593.jpg","datePublished":"2024-10-17T18:38:56+00:00","dateModified":"2026-04-21T12:56:06+00:00","breadcrumb":{"@id":"https:\/\/aogosto.com.br\/delivery\/product\/bombom-da-alcatra-wagyu-guidara-r-10990-pct-congelado\/#breadcrumb"},"inLanguage":"pt-BR","potentialAction":[{"@type":"ReadAction","target":["https:\/\/aogosto.com.br\/delivery\/product\/bombom-da-alcatra-wagyu-guidara-r-10990-pct-congelado\/"]}]},{"@type":"ImageObject","inLanguage":"pt-BR","@id":"https:\/\/aogosto.com.br\/delivery\/product\/bombom-da-alcatra-wagyu-guidara-r-10990-pct-congelado\/#primaryimage","url":"https:\/\/aogosto.com.br\/delivery\/wp-content\/uploads\/2024\/10\/Design-sem-nome-2024-10-17T153322.593.jpg","contentUrl":"https:\/\/aogosto.com.br\/delivery\/wp-content\/uploads\/2024\/10\/Design-sem-nome-2024-10-17T153322.593.jpg","width":1080,"height":1080},{"@type":"BreadcrumbList","@id":"https:\/\/aogosto.com.br\/delivery\/product\/bombom-da-alcatra-wagyu-guidara-r-10990-pct-congelado\/#breadcrumb","itemListElement":[{"@type":"ListItem","position":1,"name":"In\u00edcio","item":"https:\/\/aogosto.com.br\/delivery\/"},{"@type":"ListItem","position":2,"name":"Shop","item":"https:\/\/aogosto.com.br\/delivery\/loja\/"},{"@type":"ListItem","position":3,"name":"Bombom da Alcatra Wagyu &#8211; Guidara | R$: 139,90 KG"}]},{"@type":"WebSite","@id":"https:\/\/aogosto.com.br\/delivery\/#website","url":"https:\/\/aogosto.com.br\/delivery\/","name":"Ao Gosto Carnes","description":"Fa\u00e7a o seu pedido on-line!","potentialAction":[{"@type":"SearchAction","target":{"@type":"EntryPoint","urlTemplate":"https:\/\/aogosto.com.br\/delivery\/?s={search_term_string}"},"query-input":{"@type":"PropertyValueSpecification","valueRequired":true,"valueName":"search_term_string"}}],"inLanguage":"pt-BR"}]}},"_links":{"self":[{"href":"https:\/\/aogosto.com.br\/delivery\/wp-json\/wp\/v2\/product\/96574","targetHints":{"allow":["GET"]}}],"collection":[{"href":"https:\/\/aogosto.com.br\/delivery\/wp-json\/wp\/v2\/product"}],"about":[{"href":"https:\/\/aogosto.com.br\/delivery\/wp-json\/wp\/v2\/types\/product"}],"replies":[{"embeddable":true,"href":"https:\/\/aogosto.com.br\/delivery\/wp-json\/wp\/v2\/comments?post=96574"}],"version-history":[{"count":4,"href":"https:\/\/aogosto.com.br\/delivery\/wp-json\/wp\/v2\/product\/96574\/revisions"}],"predecessor-version":[{"id":152073,"href":"https:\/\/aogosto.com.br\/delivery\/wp-json\/wp\/v2\/product\/96574\/revisions\/152073"}],"wp:featuredmedia":[{"embeddable":true,"href":"https:\/\/aogosto.com.br\/delivery\/wp-json\/wp\/v2\/media\/96575"}],"wp:attachment":[{"href":"https:\/\/aogosto.com.br\/delivery\/wp-json\/wp\/v2\/media?parent=96574"}],"wp:term":[{"taxonomy":"product_brand","embeddable":true,"href":"https:\/\/aogosto.com.br\/delivery\/wp-json\/wp\/v2\/product_brand?post=96574"},{"taxonomy":"product_cat","embeddable":true,"href":"https:\/\/aogosto.com.br\/delivery\/wp-json\/wp\/v2\/product_cat?post=96574"},{"taxonomy":"product_tag","embeddable":true,"href":"https:\/\/aogosto.com.br\/delivery\/wp-json\/wp\/v2\/product_tag?post=96574"}],"curies":[{"name":"wp","href":"https:\/\/api.w.org\/{rel}","templated":true}]}}