    {"id":96455,"date":"2024-10-16T17:16:25","date_gmt":"2024-10-16T20:16:25","guid":{"rendered":"https:\/\/aogosto.com.br\/delivery\/?post_type=product&#038;p=96455"},"modified":"2025-05-21T12:25:39","modified_gmt":"2025-05-21T15:25:39","slug":"chorizo-steak-taurus-guidara-r-3290-pct-congelado","status":"publish","type":"product","link":"https:\/\/aogosto.com.br\/delivery\/product\/chorizo-steak-taurus-guidara-r-3290-pct-congelado\/","title":{"rendered":"Chorizo Steak Taurus Reserve- Guidara | R$: 32,90 (pct-congelado)"},"content":{"rendered":"","protected":false},"excerpt":{"rendered":"<p>Taurus Reserve, essa linha leva o nome Taurus pois nela \u00e9 trabalhado produtos de ra\u00e7as da esp\u00e9cie Bois Taurus como Wagyu, Angus, Hereford, Santa Gertrudis. Muito al\u00e9m da ra\u00e7a, h\u00e1 uma rigorosa sele\u00e7\u00e3o dos marmoreios nos cortes.<\/p>\n<p>&nbsp;<\/p>\n<p>Peso Aprox:<strong><em> 0,350 gr<\/em><\/strong><\/p>\n<p><img fetchpriority=\"high\" decoding=\"async\" class=\"alignnone  wp-image-97562\" src=\"https:\/\/aogosto.com.br\/delivery\/wp-content\/uploads\/2024\/10\/PRODUTO-CONGELADO-272x272.png\" alt=\"\" width=\"364\" height=\"364\" srcset=\"https:\/\/aogosto.com.br\/delivery\/wp-content\/uploads\/2024\/10\/PRODUTO-CONGELADO-272x272.png 272w, https:\/\/aogosto.com.br\/delivery\/wp-content\/uploads\/2024\/10\/PRODUTO-CONGELADO-768x768.png 768w, https:\/\/aogosto.com.br\/delivery\/wp-content\/uploads\/2024\/10\/PRODUTO-CONGELADO-570x570.png 570w, https:\/\/aogosto.com.br\/delivery\/wp-content\/uploads\/2024\/10\/PRODUTO-CONGELADO-150x150.png 150w, https:\/\/aogosto.com.br\/delivery\/wp-content\/uploads\/2024\/10\/PRODUTO-CONGELADO.png 1485w\" sizes=\"(max-width: 364px) 100vw, 364px\" \/><\/p>\n","protected":false},"featured_media":96456,"comment_status":"open","ping_status":"closed","template":"","meta":[],"product_brand":[],"product_cat":[246,34,242],"product_tag":[],"class_list":{"0":"post-96455","1":"product","2":"type-product","3":"status-publish","4":"has-post-thumbnail","6":"product_cat-angus","7":"product_cat-boi","8":"product_cat-chorizo","10":"first","11":"outofstock","12":"shipping-taxable","13":"purchasable","14":"product-type-simple"},"yoast_head":"<!-- This site is optimized with the Yoast SEO plugin v27.2 - https:\/\/yoast.com\/product\/yoast-seo-wordpress\/ -->\n<title>Chorizo Steak Taurus Reserve- Guidara | R$: 32,90 (pct-congelado) | Ao Gosto Carnes<\/title>\n<meta name=\"robots\" content=\"index, follow, max-snippet:-1, max-image-preview:large, max-video-preview:-1\" \/>\n<link rel=\"canonical\" href=\"https:\/\/aogosto.com.br\/delivery\/product\/chorizo-steak-taurus-guidara-r-3290-pct-congelado\/\" \/>\n<meta property=\"og:locale\" content=\"pt_BR\" \/>\n<meta property=\"og:type\" content=\"article\" \/>\n<meta property=\"og:title\" content=\"Chorizo Steak Taurus Reserve- Guidara | R$: 32,90 (pct-congelado) | Ao Gosto Carnes\" \/>\n<meta property=\"og:description\" content=\"Taurus Reserve, essa linha leva o nome Taurus pois nela \u00e9 trabalhado produtos de ra\u00e7as da esp\u00e9cie Bois Taurus como Wagyu, Angus, Hereford, Santa Gertrudis. Muito al\u00e9m da ra\u00e7a, h\u00e1 uma rigorosa sele\u00e7\u00e3o dos marmoreios nos cortes.  &nbsp;  Peso Aprox: 0,350 gr\" \/>\n<meta property=\"og:url\" content=\"https:\/\/aogosto.com.br\/delivery\/product\/chorizo-steak-taurus-guidara-r-3290-pct-congelado\/\" \/>\n<meta property=\"og:site_name\" content=\"Ao Gosto Carnes\" \/>\n<meta property=\"article:publisher\" content=\"https:\/\/facebook.com.br\/aogostocarnesnobres\" \/>\n<meta property=\"article:modified_time\" content=\"2025-05-21T15:25:39+00:00\" \/>\n<meta property=\"og:image\" content=\"https:\/\/aogosto.com.br\/delivery\/wp-content\/uploads\/2024\/10\/Design-sem-nome-2024-10-16T171152.333.jpg\" \/>\n\t<meta property=\"og:image:width\" content=\"1080\" \/>\n\t<meta property=\"og:image:height\" content=\"1080\" \/>\n\t<meta property=\"og:image:type\" content=\"image\/jpeg\" \/>\n<meta name=\"twitter:card\" content=\"summary_large_image\" \/>\n<meta name=\"twitter:label1\" content=\"Est. tempo de leitura\" \/>\n\t<meta name=\"twitter:data1\" content=\"1 minuto\" \/>\n<script type=\"application\/ld+json\" class=\"yoast-schema-graph\">{\"@context\":\"https:\/\/schema.org\",\"@graph\":[{\"@type\":\"WebPage\",\"@id\":\"https:\/\/aogosto.com.br\/delivery\/product\/chorizo-steak-taurus-guidara-r-3290-pct-congelado\/\",\"url\":\"https:\/\/aogosto.com.br\/delivery\/product\/chorizo-steak-taurus-guidara-r-3290-pct-congelado\/\",\"name\":\"Chorizo Steak Taurus Reserve- Guidara | R$: 32,90 (pct-congelado) | Ao Gosto Carnes\",\"isPartOf\":{\"@id\":\"https:\/\/aogosto.com.br\/delivery\/#website\"},\"primaryImageOfPage\":{\"@id\":\"https:\/\/aogosto.com.br\/delivery\/product\/chorizo-steak-taurus-guidara-r-3290-pct-congelado\/#primaryimage\"},\"image\":{\"@id\":\"https:\/\/aogosto.com.br\/delivery\/product\/chorizo-steak-taurus-guidara-r-3290-pct-congelado\/#primaryimage\"},\"thumbnailUrl\":\"https:\/\/aogosto.com.br\/delivery\/wp-content\/uploads\/2024\/10\/Design-sem-nome-2024-10-16T171152.333.jpg\",\"datePublished\":\"2024-10-16T20:16:25+00:00\",\"dateModified\":\"2025-05-21T15:25:39+00:00\",\"breadcrumb\":{\"@id\":\"https:\/\/aogosto.com.br\/delivery\/product\/chorizo-steak-taurus-guidara-r-3290-pct-congelado\/#breadcrumb\"},\"inLanguage\":\"pt-BR\",\"potentialAction\":[{\"@type\":\"ReadAction\",\"target\":[\"https:\/\/aogosto.com.br\/delivery\/product\/chorizo-steak-taurus-guidara-r-3290-pct-congelado\/\"]}]},{\"@type\":\"ImageObject\",\"inLanguage\":\"pt-BR\",\"@id\":\"https:\/\/aogosto.com.br\/delivery\/product\/chorizo-steak-taurus-guidara-r-3290-pct-congelado\/#primaryimage\",\"url\":\"https:\/\/aogosto.com.br\/delivery\/wp-content\/uploads\/2024\/10\/Design-sem-nome-2024-10-16T171152.333.jpg\",\"contentUrl\":\"https:\/\/aogosto.com.br\/delivery\/wp-content\/uploads\/2024\/10\/Design-sem-nome-2024-10-16T171152.333.jpg\",\"width\":1080,\"height\":1080},{\"@type\":\"BreadcrumbList\",\"@id\":\"https:\/\/aogosto.com.br\/delivery\/product\/chorizo-steak-taurus-guidara-r-3290-pct-congelado\/#breadcrumb\",\"itemListElement\":[{\"@type\":\"ListItem\",\"position\":1,\"name\":\"In\u00edcio\",\"item\":\"https:\/\/aogosto.com.br\/delivery\/\"},{\"@type\":\"ListItem\",\"position\":2,\"name\":\"Shop\",\"item\":\"https:\/\/aogosto.com.br\/delivery\/loja\/\"},{\"@type\":\"ListItem\",\"position\":3,\"name\":\"Chorizo Steak Taurus Reserve- Guidara | R$: 32,90 (pct-congelado)\"}]},{\"@type\":\"WebSite\",\"@id\":\"https:\/\/aogosto.com.br\/delivery\/#website\",\"url\":\"https:\/\/aogosto.com.br\/delivery\/\",\"name\":\"Ao Gosto Carnes\",\"description\":\"Fa\u00e7a o seu pedido on-line!\",\"potentialAction\":[{\"@type\":\"SearchAction\",\"target\":{\"@type\":\"EntryPoint\",\"urlTemplate\":\"https:\/\/aogosto.com.br\/delivery\/?s={search_term_string}\"},\"query-input\":{\"@type\":\"PropertyValueSpecification\",\"valueRequired\":true,\"valueName\":\"search_term_string\"}}],\"inLanguage\":\"pt-BR\"}]}<\/script>\n<!-- \/ Yoast SEO plugin. -->","yoast_head_json":{"title":"Chorizo Steak Taurus Reserve- Guidara | R$: 32,90 (pct-congelado) | Ao Gosto Carnes","robots":{"index":"index","follow":"follow","max-snippet":"max-snippet:-1","max-image-preview":"max-image-preview:large","max-video-preview":"max-video-preview:-1"},"canonical":"https:\/\/aogosto.com.br\/delivery\/product\/chorizo-steak-taurus-guidara-r-3290-pct-congelado\/","og_locale":"pt_BR","og_type":"article","og_title":"Chorizo Steak Taurus Reserve- Guidara | R$: 32,90 (pct-congelado) | Ao Gosto Carnes","og_description":"Taurus Reserve, essa linha leva o nome Taurus pois nela \u00e9 trabalhado produtos de ra\u00e7as da esp\u00e9cie Bois Taurus como Wagyu, Angus, Hereford, Santa Gertrudis. Muito al\u00e9m da ra\u00e7a, h\u00e1 uma rigorosa sele\u00e7\u00e3o dos marmoreios nos cortes.  &nbsp;  Peso Aprox: 0,350 gr","og_url":"https:\/\/aogosto.com.br\/delivery\/product\/chorizo-steak-taurus-guidara-r-3290-pct-congelado\/","og_site_name":"Ao Gosto Carnes","article_publisher":"https:\/\/facebook.com.br\/aogostocarnesnobres","article_modified_time":"2025-05-21T15:25:39+00:00","og_image":[{"width":1080,"height":1080,"url":"https:\/\/aogosto.com.br\/delivery\/wp-content\/uploads\/2024\/10\/Design-sem-nome-2024-10-16T171152.333.jpg","type":"image\/jpeg"}],"twitter_card":"summary_large_image","twitter_misc":{"Est. tempo de leitura":"1 minuto"},"schema":{"@context":"https:\/\/schema.org","@graph":[{"@type":"WebPage","@id":"https:\/\/aogosto.com.br\/delivery\/product\/chorizo-steak-taurus-guidara-r-3290-pct-congelado\/","url":"https:\/\/aogosto.com.br\/delivery\/product\/chorizo-steak-taurus-guidara-r-3290-pct-congelado\/","name":"Chorizo Steak Taurus Reserve- Guidara | R$: 32,90 (pct-congelado) | Ao Gosto Carnes","isPartOf":{"@id":"https:\/\/aogosto.com.br\/delivery\/#website"},"primaryImageOfPage":{"@id":"https:\/\/aogosto.com.br\/delivery\/product\/chorizo-steak-taurus-guidara-r-3290-pct-congelado\/#primaryimage"},"image":{"@id":"https:\/\/aogosto.com.br\/delivery\/product\/chorizo-steak-taurus-guidara-r-3290-pct-congelado\/#primaryimage"},"thumbnailUrl":"https:\/\/aogosto.com.br\/delivery\/wp-content\/uploads\/2024\/10\/Design-sem-nome-2024-10-16T171152.333.jpg","datePublished":"2024-10-16T20:16:25+00:00","dateModified":"2025-05-21T15:25:39+00:00","breadcrumb":{"@id":"https:\/\/aogosto.com.br\/delivery\/product\/chorizo-steak-taurus-guidara-r-3290-pct-congelado\/#breadcrumb"},"inLanguage":"pt-BR","potentialAction":[{"@type":"ReadAction","target":["https:\/\/aogosto.com.br\/delivery\/product\/chorizo-steak-taurus-guidara-r-3290-pct-congelado\/"]}]},{"@type":"ImageObject","inLanguage":"pt-BR","@id":"https:\/\/aogosto.com.br\/delivery\/product\/chorizo-steak-taurus-guidara-r-3290-pct-congelado\/#primaryimage","url":"https:\/\/aogosto.com.br\/delivery\/wp-content\/uploads\/2024\/10\/Design-sem-nome-2024-10-16T171152.333.jpg","contentUrl":"https:\/\/aogosto.com.br\/delivery\/wp-content\/uploads\/2024\/10\/Design-sem-nome-2024-10-16T171152.333.jpg","width":1080,"height":1080},{"@type":"BreadcrumbList","@id":"https:\/\/aogosto.com.br\/delivery\/product\/chorizo-steak-taurus-guidara-r-3290-pct-congelado\/#breadcrumb","itemListElement":[{"@type":"ListItem","position":1,"name":"In\u00edcio","item":"https:\/\/aogosto.com.br\/delivery\/"},{"@type":"ListItem","position":2,"name":"Shop","item":"https:\/\/aogosto.com.br\/delivery\/loja\/"},{"@type":"ListItem","position":3,"name":"Chorizo Steak Taurus Reserve- Guidara | R$: 32,90 (pct-congelado)"}]},{"@type":"WebSite","@id":"https:\/\/aogosto.com.br\/delivery\/#website","url":"https:\/\/aogosto.com.br\/delivery\/","name":"Ao Gosto Carnes","description":"Fa\u00e7a o seu pedido on-line!","potentialAction":[{"@type":"SearchAction","target":{"@type":"EntryPoint","urlTemplate":"https:\/\/aogosto.com.br\/delivery\/?s={search_term_string}"},"query-input":{"@type":"PropertyValueSpecification","valueRequired":true,"valueName":"search_term_string"}}],"inLanguage":"pt-BR"}]}},"_links":{"self":[{"href":"https:\/\/aogosto.com.br\/delivery\/wp-json\/wp\/v2\/product\/96455","targetHints":{"allow":["GET"]}}],"collection":[{"href":"https:\/\/aogosto.com.br\/delivery\/wp-json\/wp\/v2\/product"}],"about":[{"href":"https:\/\/aogosto.com.br\/delivery\/wp-json\/wp\/v2\/types\/product"}],"replies":[{"embeddable":true,"href":"https:\/\/aogosto.com.br\/delivery\/wp-json\/wp\/v2\/comments?post=96455"}],"version-history":[{"count":0,"href":"https:\/\/aogosto.com.br\/delivery\/wp-json\/wp\/v2\/product\/96455\/revisions"}],"wp:featuredmedia":[{"embeddable":true,"href":"https:\/\/aogosto.com.br\/delivery\/wp-json\/wp\/v2\/media\/96456"}],"wp:attachment":[{"href":"https:\/\/aogosto.com.br\/delivery\/wp-json\/wp\/v2\/media?parent=96455"}],"wp:term":[{"taxonomy":"product_brand","embeddable":true,"href":"https:\/\/aogosto.com.br\/delivery\/wp-json\/wp\/v2\/product_brand?post=96455"},{"taxonomy":"product_cat","embeddable":true,"href":"https:\/\/aogosto.com.br\/delivery\/wp-json\/wp\/v2\/product_cat?post=96455"},{"taxonomy":"product_tag","embeddable":true,"href":"https:\/\/aogosto.com.br\/delivery\/wp-json\/wp\/v2\/product_tag?post=96455"}],"curies":[{"name":"wp","href":"https:\/\/api.w.org\/{rel}","templated":true}]}}