    {"id":96368,"date":"2024-10-14T16:30:33","date_gmt":"2024-10-14T19:30:33","guid":{"rendered":"https:\/\/aogosto.com.br\/delivery\/?post_type=product&#038;p=96368"},"modified":"2025-09-20T13:13:03","modified_gmt":"2025-09-20T16:13:03","slug":"carre-de-cordeiro-curto-short-hack-las-piedras-r11990-kg-congelado","status":"publish","type":"product","link":"https:\/\/aogosto.com.br\/delivery\/product\/carre-de-cordeiro-curto-short-hack-las-piedras-r11990-kg-congelado\/","title":{"rendered":"Carr\u00e9 de Cordeiro Curto (Short Hack) &#8211; Las Piedras | R$:119,90 kg"},"content":{"rendered":"","protected":false},"excerpt":{"rendered":"<p>Short Rack muito conhecido como carr\u00e9 do dianteiro ou curto \u00e9 retirado da regi\u00e3o lombar com osso da costela do cordeiro.Pode ser preparado na frigideira, na chapa ou churrasqueira.<\/p>\n<p>Produto Importado: Uruguay<\/p>\n<p>&nbsp;Peso Aprox.  650 g<\/p>\n<p>*O valor final pode variar conforme o peso exato de cada pe\u00e7a.*<\/p>\n<p>*Imagens meramente ilustrativas.*<\/p>\n","protected":false},"featured_media":96369,"comment_status":"open","ping_status":"closed","template":"","meta":[],"product_brand":[],"product_cat":[369,55],"product_tag":[],"class_list":{"0":"post-96368","1":"product","2":"type-product","3":"status-publish","4":"has-post-thumbnail","6":"product_cat-cordeiro","7":"product_cat-exotico","9":"first","10":"outofstock","11":"shipping-taxable","12":"purchasable","13":"product-type-simple"},"yoast_head":"<!-- This site is optimized with the Yoast SEO plugin v27.2 - https:\/\/yoast.com\/product\/yoast-seo-wordpress\/ -->\n<title>Carr\u00e9 de Cordeiro Curto (Short Hack) - Las Piedras | R$:119,90 kg | Ao Gosto Carnes<\/title>\n<meta name=\"robots\" content=\"index, follow, max-snippet:-1, max-image-preview:large, max-video-preview:-1\" \/>\n<link rel=\"canonical\" href=\"https:\/\/aogosto.com.br\/delivery\/product\/carre-de-cordeiro-curto-short-hack-las-piedras-r11990-kg-congelado\/\" \/>\n<meta property=\"og:locale\" content=\"pt_BR\" \/>\n<meta property=\"og:type\" content=\"article\" \/>\n<meta property=\"og:title\" content=\"Carr\u00e9 de Cordeiro Curto (Short Hack) - Las Piedras | R$:119,90 kg | Ao Gosto Carnes\" \/>\n<meta property=\"og:description\" content=\"Short Rack muito conhecido como carr\u00e9 do dianteiro ou curto \u00e9 retirado da regi\u00e3o lombar com osso da costela do cordeiro.Pode ser preparado na frigideira, na chapa ou churrasqueira.  Produto Importado: Uruguay  &nbsp;Peso Aprox. 650 g *O valor final pode variar conforme o peso exato de cada pe\u00e7a.* *Imagens meramente ilustrativas.*\" \/>\n<meta property=\"og:url\" content=\"https:\/\/aogosto.com.br\/delivery\/product\/carre-de-cordeiro-curto-short-hack-las-piedras-r11990-kg-congelado\/\" \/>\n<meta property=\"og:site_name\" content=\"Ao Gosto Carnes\" \/>\n<meta property=\"article:publisher\" content=\"https:\/\/facebook.com.br\/aogostocarnesnobres\" \/>\n<meta property=\"article:modified_time\" content=\"2025-09-20T16:13:03+00:00\" \/>\n<meta property=\"og:image\" content=\"https:\/\/aogosto.com.br\/delivery\/wp-content\/uploads\/2024\/10\/Design-sem-nome-2024-10-14T162347.398.jpg\" \/>\n\t<meta property=\"og:image:width\" content=\"1080\" \/>\n\t<meta property=\"og:image:height\" content=\"1080\" \/>\n\t<meta property=\"og:image:type\" content=\"image\/jpeg\" \/>\n<meta name=\"twitter:card\" content=\"summary_large_image\" \/>\n<meta name=\"twitter:label1\" content=\"Est. tempo de leitura\" \/>\n\t<meta name=\"twitter:data1\" content=\"1 minuto\" \/>\n<script type=\"application\/ld+json\" class=\"yoast-schema-graph\">{\"@context\":\"https:\/\/schema.org\",\"@graph\":[{\"@type\":\"WebPage\",\"@id\":\"https:\/\/aogosto.com.br\/delivery\/product\/carre-de-cordeiro-curto-short-hack-las-piedras-r11990-kg-congelado\/\",\"url\":\"https:\/\/aogosto.com.br\/delivery\/product\/carre-de-cordeiro-curto-short-hack-las-piedras-r11990-kg-congelado\/\",\"name\":\"Carr\u00e9 de Cordeiro Curto (Short Hack) - Las Piedras | R$:119,90 kg | Ao Gosto Carnes\",\"isPartOf\":{\"@id\":\"https:\/\/aogosto.com.br\/delivery\/#website\"},\"primaryImageOfPage\":{\"@id\":\"https:\/\/aogosto.com.br\/delivery\/product\/carre-de-cordeiro-curto-short-hack-las-piedras-r11990-kg-congelado\/#primaryimage\"},\"image\":{\"@id\":\"https:\/\/aogosto.com.br\/delivery\/product\/carre-de-cordeiro-curto-short-hack-las-piedras-r11990-kg-congelado\/#primaryimage\"},\"thumbnailUrl\":\"https:\/\/aogosto.com.br\/delivery\/wp-content\/uploads\/2024\/10\/Design-sem-nome-2024-10-14T162347.398.jpg\",\"datePublished\":\"2024-10-14T19:30:33+00:00\",\"dateModified\":\"2025-09-20T16:13:03+00:00\",\"breadcrumb\":{\"@id\":\"https:\/\/aogosto.com.br\/delivery\/product\/carre-de-cordeiro-curto-short-hack-las-piedras-r11990-kg-congelado\/#breadcrumb\"},\"inLanguage\":\"pt-BR\",\"potentialAction\":[{\"@type\":\"ReadAction\",\"target\":[\"https:\/\/aogosto.com.br\/delivery\/product\/carre-de-cordeiro-curto-short-hack-las-piedras-r11990-kg-congelado\/\"]}]},{\"@type\":\"ImageObject\",\"inLanguage\":\"pt-BR\",\"@id\":\"https:\/\/aogosto.com.br\/delivery\/product\/carre-de-cordeiro-curto-short-hack-las-piedras-r11990-kg-congelado\/#primaryimage\",\"url\":\"https:\/\/aogosto.com.br\/delivery\/wp-content\/uploads\/2024\/10\/Design-sem-nome-2024-10-14T162347.398.jpg\",\"contentUrl\":\"https:\/\/aogosto.com.br\/delivery\/wp-content\/uploads\/2024\/10\/Design-sem-nome-2024-10-14T162347.398.jpg\",\"width\":1080,\"height\":1080},{\"@type\":\"BreadcrumbList\",\"@id\":\"https:\/\/aogosto.com.br\/delivery\/product\/carre-de-cordeiro-curto-short-hack-las-piedras-r11990-kg-congelado\/#breadcrumb\",\"itemListElement\":[{\"@type\":\"ListItem\",\"position\":1,\"name\":\"In\u00edcio\",\"item\":\"https:\/\/aogosto.com.br\/delivery\/\"},{\"@type\":\"ListItem\",\"position\":2,\"name\":\"Shop\",\"item\":\"https:\/\/aogosto.com.br\/delivery\/loja\/\"},{\"@type\":\"ListItem\",\"position\":3,\"name\":\"Carr\u00e9 de Cordeiro Curto (Short Hack) &#8211; Las Piedras | R$:119,90 kg\"}]},{\"@type\":\"WebSite\",\"@id\":\"https:\/\/aogosto.com.br\/delivery\/#website\",\"url\":\"https:\/\/aogosto.com.br\/delivery\/\",\"name\":\"Ao Gosto Carnes\",\"description\":\"Fa\u00e7a o seu pedido on-line!\",\"potentialAction\":[{\"@type\":\"SearchAction\",\"target\":{\"@type\":\"EntryPoint\",\"urlTemplate\":\"https:\/\/aogosto.com.br\/delivery\/?s={search_term_string}\"},\"query-input\":{\"@type\":\"PropertyValueSpecification\",\"valueRequired\":true,\"valueName\":\"search_term_string\"}}],\"inLanguage\":\"pt-BR\"}]}<\/script>\n<!-- \/ Yoast SEO plugin. -->","yoast_head_json":{"title":"Carr\u00e9 de Cordeiro Curto (Short Hack) - Las Piedras | R$:119,90 kg | Ao Gosto Carnes","robots":{"index":"index","follow":"follow","max-snippet":"max-snippet:-1","max-image-preview":"max-image-preview:large","max-video-preview":"max-video-preview:-1"},"canonical":"https:\/\/aogosto.com.br\/delivery\/product\/carre-de-cordeiro-curto-short-hack-las-piedras-r11990-kg-congelado\/","og_locale":"pt_BR","og_type":"article","og_title":"Carr\u00e9 de Cordeiro Curto (Short Hack) - Las Piedras | R$:119,90 kg | Ao Gosto Carnes","og_description":"Short Rack muito conhecido como carr\u00e9 do dianteiro ou curto \u00e9 retirado da regi\u00e3o lombar com osso da costela do cordeiro.Pode ser preparado na frigideira, na chapa ou churrasqueira.  Produto Importado: Uruguay  &nbsp;Peso Aprox. 650 g *O valor final pode variar conforme o peso exato de cada pe\u00e7a.* *Imagens meramente ilustrativas.*","og_url":"https:\/\/aogosto.com.br\/delivery\/product\/carre-de-cordeiro-curto-short-hack-las-piedras-r11990-kg-congelado\/","og_site_name":"Ao Gosto Carnes","article_publisher":"https:\/\/facebook.com.br\/aogostocarnesnobres","article_modified_time":"2025-09-20T16:13:03+00:00","og_image":[{"width":1080,"height":1080,"url":"https:\/\/aogosto.com.br\/delivery\/wp-content\/uploads\/2024\/10\/Design-sem-nome-2024-10-14T162347.398.jpg","type":"image\/jpeg"}],"twitter_card":"summary_large_image","twitter_misc":{"Est. tempo de leitura":"1 minuto"},"schema":{"@context":"https:\/\/schema.org","@graph":[{"@type":"WebPage","@id":"https:\/\/aogosto.com.br\/delivery\/product\/carre-de-cordeiro-curto-short-hack-las-piedras-r11990-kg-congelado\/","url":"https:\/\/aogosto.com.br\/delivery\/product\/carre-de-cordeiro-curto-short-hack-las-piedras-r11990-kg-congelado\/","name":"Carr\u00e9 de Cordeiro Curto (Short Hack) - Las Piedras | R$:119,90 kg | Ao Gosto Carnes","isPartOf":{"@id":"https:\/\/aogosto.com.br\/delivery\/#website"},"primaryImageOfPage":{"@id":"https:\/\/aogosto.com.br\/delivery\/product\/carre-de-cordeiro-curto-short-hack-las-piedras-r11990-kg-congelado\/#primaryimage"},"image":{"@id":"https:\/\/aogosto.com.br\/delivery\/product\/carre-de-cordeiro-curto-short-hack-las-piedras-r11990-kg-congelado\/#primaryimage"},"thumbnailUrl":"https:\/\/aogosto.com.br\/delivery\/wp-content\/uploads\/2024\/10\/Design-sem-nome-2024-10-14T162347.398.jpg","datePublished":"2024-10-14T19:30:33+00:00","dateModified":"2025-09-20T16:13:03+00:00","breadcrumb":{"@id":"https:\/\/aogosto.com.br\/delivery\/product\/carre-de-cordeiro-curto-short-hack-las-piedras-r11990-kg-congelado\/#breadcrumb"},"inLanguage":"pt-BR","potentialAction":[{"@type":"ReadAction","target":["https:\/\/aogosto.com.br\/delivery\/product\/carre-de-cordeiro-curto-short-hack-las-piedras-r11990-kg-congelado\/"]}]},{"@type":"ImageObject","inLanguage":"pt-BR","@id":"https:\/\/aogosto.com.br\/delivery\/product\/carre-de-cordeiro-curto-short-hack-las-piedras-r11990-kg-congelado\/#primaryimage","url":"https:\/\/aogosto.com.br\/delivery\/wp-content\/uploads\/2024\/10\/Design-sem-nome-2024-10-14T162347.398.jpg","contentUrl":"https:\/\/aogosto.com.br\/delivery\/wp-content\/uploads\/2024\/10\/Design-sem-nome-2024-10-14T162347.398.jpg","width":1080,"height":1080},{"@type":"BreadcrumbList","@id":"https:\/\/aogosto.com.br\/delivery\/product\/carre-de-cordeiro-curto-short-hack-las-piedras-r11990-kg-congelado\/#breadcrumb","itemListElement":[{"@type":"ListItem","position":1,"name":"In\u00edcio","item":"https:\/\/aogosto.com.br\/delivery\/"},{"@type":"ListItem","position":2,"name":"Shop","item":"https:\/\/aogosto.com.br\/delivery\/loja\/"},{"@type":"ListItem","position":3,"name":"Carr\u00e9 de Cordeiro Curto (Short Hack) &#8211; Las Piedras | R$:119,90 kg"}]},{"@type":"WebSite","@id":"https:\/\/aogosto.com.br\/delivery\/#website","url":"https:\/\/aogosto.com.br\/delivery\/","name":"Ao Gosto Carnes","description":"Fa\u00e7a o seu pedido on-line!","potentialAction":[{"@type":"SearchAction","target":{"@type":"EntryPoint","urlTemplate":"https:\/\/aogosto.com.br\/delivery\/?s={search_term_string}"},"query-input":{"@type":"PropertyValueSpecification","valueRequired":true,"valueName":"search_term_string"}}],"inLanguage":"pt-BR"}]}},"_links":{"self":[{"href":"https:\/\/aogosto.com.br\/delivery\/wp-json\/wp\/v2\/product\/96368","targetHints":{"allow":["GET"]}}],"collection":[{"href":"https:\/\/aogosto.com.br\/delivery\/wp-json\/wp\/v2\/product"}],"about":[{"href":"https:\/\/aogosto.com.br\/delivery\/wp-json\/wp\/v2\/types\/product"}],"replies":[{"embeddable":true,"href":"https:\/\/aogosto.com.br\/delivery\/wp-json\/wp\/v2\/comments?post=96368"}],"version-history":[{"count":0,"href":"https:\/\/aogosto.com.br\/delivery\/wp-json\/wp\/v2\/product\/96368\/revisions"}],"wp:featuredmedia":[{"embeddable":true,"href":"https:\/\/aogosto.com.br\/delivery\/wp-json\/wp\/v2\/media\/96369"}],"wp:attachment":[{"href":"https:\/\/aogosto.com.br\/delivery\/wp-json\/wp\/v2\/media?parent=96368"}],"wp:term":[{"taxonomy":"product_brand","embeddable":true,"href":"https:\/\/aogosto.com.br\/delivery\/wp-json\/wp\/v2\/product_brand?post=96368"},{"taxonomy":"product_cat","embeddable":true,"href":"https:\/\/aogosto.com.br\/delivery\/wp-json\/wp\/v2\/product_cat?post=96368"},{"taxonomy":"product_tag","embeddable":true,"href":"https:\/\/aogosto.com.br\/delivery\/wp-json\/wp\/v2\/product_tag?post=96368"}],"curies":[{"name":"wp","href":"https:\/\/api.w.org\/{rel}","templated":true}]}}