    {"id":95623,"date":"2024-10-05T12:13:47","date_gmt":"2024-10-05T15:13:47","guid":{"rendered":"https:\/\/aogosto.com.br\/delivery\/?post_type=product&#038;p=95623"},"modified":"2025-12-19T11:40:28","modified_gmt":"2025-12-19T14:40:28","slug":"picanha-friboi-reserva-r-7990-kg","status":"publish","type":"product","link":"https:\/\/aogosto.com.br\/delivery\/product\/picanha-friboi-reserva-r-7990-kg\/","title":{"rendered":"Picanha Friboi &#8211; Reserva | R$: 79,90 kg"},"content":{"rendered":"","protected":false},"excerpt":{"rendered":"<p>Eleve seu churrasco a um novo patamar com a Picanha Reserva. Marmoriza\u00e7\u00e3o, sucul\u00eancia e sabor premium.<\/p>\n<p>Peso Aprox. 1,1 kg<\/p>\n<p>*O valor final pode variar conforme o peso exato de cada pe\u00e7a.*<\/p>\n<p>*Imagens meramente ilustrativas.*Peso Aprox. 1,1 kg<\/p>\n<p>*O valor final pode variar conforme o peso exato de cada pe\u00e7a.*<\/p>\n<p>*Imagens meramente ilustrativas.*<\/p>\n","protected":false},"featured_media":0,"comment_status":"open","ping_status":"closed","template":"","meta":[],"product_brand":[],"product_cat":[501,382,33],"product_tag":[],"class_list":{"0":"post-95623","1":"product","2":"type-product","3":"status-publish","5":"product_cat-churrascometro-picanha","6":"product_cat-nacionais","7":"product_cat-picanha","9":"first","10":"outofstock","11":"shipping-taxable","12":"purchasable","13":"product-type-simple"},"yoast_head":"<!-- This site is optimized with the Yoast SEO plugin v27.2 - https:\/\/yoast.com\/product\/yoast-seo-wordpress\/ -->\n<title>Picanha Friboi - Reserva | R$: 79,90 kg | Ao Gosto Carnes<\/title>\n<meta name=\"robots\" content=\"index, follow, max-snippet:-1, max-image-preview:large, max-video-preview:-1\" \/>\n<link rel=\"canonical\" href=\"https:\/\/aogosto.com.br\/delivery\/product\/picanha-friboi-reserva-r-7990-kg\/\" \/>\n<meta property=\"og:locale\" content=\"pt_BR\" \/>\n<meta property=\"og:type\" content=\"article\" \/>\n<meta property=\"og:title\" content=\"Picanha Friboi - Reserva | R$: 79,90 kg | Ao Gosto Carnes\" \/>\n<meta property=\"og:description\" content=\"Eleve seu churrasco a um novo patamar com a Picanha Reserva. Marmoriza\u00e7\u00e3o, sucul\u00eancia e sabor premium.  Peso Aprox. 1,1 kg  *O valor final pode variar conforme o peso exato de cada pe\u00e7a.*  *Imagens meramente ilustrativas.*Peso Aprox. 1,1 kg *O valor final pode variar conforme o peso exato de cada pe\u00e7a.* *Imagens meramente ilustrativas.*\" \/>\n<meta property=\"og:url\" content=\"https:\/\/aogosto.com.br\/delivery\/product\/picanha-friboi-reserva-r-7990-kg\/\" \/>\n<meta property=\"og:site_name\" content=\"Ao Gosto Carnes\" \/>\n<meta property=\"article:publisher\" content=\"https:\/\/facebook.com.br\/aogostocarnesnobres\" \/>\n<meta property=\"article:modified_time\" content=\"2025-12-19T14:40:28+00:00\" \/>\n<meta name=\"twitter:card\" content=\"summary_large_image\" \/>\n<script type=\"application\/ld+json\" class=\"yoast-schema-graph\">{\"@context\":\"https:\/\/schema.org\",\"@graph\":[{\"@type\":\"WebPage\",\"@id\":\"https:\/\/aogosto.com.br\/delivery\/product\/picanha-friboi-reserva-r-7990-kg\/\",\"url\":\"https:\/\/aogosto.com.br\/delivery\/product\/picanha-friboi-reserva-r-7990-kg\/\",\"name\":\"Picanha Friboi - Reserva | R$: 79,90 kg | Ao Gosto Carnes\",\"isPartOf\":{\"@id\":\"https:\/\/aogosto.com.br\/delivery\/#website\"},\"datePublished\":\"2024-10-05T15:13:47+00:00\",\"dateModified\":\"2025-12-19T14:40:28+00:00\",\"breadcrumb\":{\"@id\":\"https:\/\/aogosto.com.br\/delivery\/product\/picanha-friboi-reserva-r-7990-kg\/#breadcrumb\"},\"inLanguage\":\"pt-BR\",\"potentialAction\":[{\"@type\":\"ReadAction\",\"target\":[\"https:\/\/aogosto.com.br\/delivery\/product\/picanha-friboi-reserva-r-7990-kg\/\"]}]},{\"@type\":\"BreadcrumbList\",\"@id\":\"https:\/\/aogosto.com.br\/delivery\/product\/picanha-friboi-reserva-r-7990-kg\/#breadcrumb\",\"itemListElement\":[{\"@type\":\"ListItem\",\"position\":1,\"name\":\"In\u00edcio\",\"item\":\"https:\/\/aogosto.com.br\/delivery\/\"},{\"@type\":\"ListItem\",\"position\":2,\"name\":\"Shop\",\"item\":\"https:\/\/aogosto.com.br\/delivery\/loja\/\"},{\"@type\":\"ListItem\",\"position\":3,\"name\":\"Picanha Friboi &#8211; Reserva | R$: 79,90 kg\"}]},{\"@type\":\"WebSite\",\"@id\":\"https:\/\/aogosto.com.br\/delivery\/#website\",\"url\":\"https:\/\/aogosto.com.br\/delivery\/\",\"name\":\"Ao Gosto Carnes\",\"description\":\"Fa\u00e7a o seu pedido on-line!\",\"potentialAction\":[{\"@type\":\"SearchAction\",\"target\":{\"@type\":\"EntryPoint\",\"urlTemplate\":\"https:\/\/aogosto.com.br\/delivery\/?s={search_term_string}\"},\"query-input\":{\"@type\":\"PropertyValueSpecification\",\"valueRequired\":true,\"valueName\":\"search_term_string\"}}],\"inLanguage\":\"pt-BR\"}]}<\/script>\n<!-- \/ Yoast SEO plugin. -->","yoast_head_json":{"title":"Picanha Friboi - Reserva | R$: 79,90 kg | Ao Gosto Carnes","robots":{"index":"index","follow":"follow","max-snippet":"max-snippet:-1","max-image-preview":"max-image-preview:large","max-video-preview":"max-video-preview:-1"},"canonical":"https:\/\/aogosto.com.br\/delivery\/product\/picanha-friboi-reserva-r-7990-kg\/","og_locale":"pt_BR","og_type":"article","og_title":"Picanha Friboi - Reserva | R$: 79,90 kg | Ao Gosto Carnes","og_description":"Eleve seu churrasco a um novo patamar com a Picanha Reserva. Marmoriza\u00e7\u00e3o, sucul\u00eancia e sabor premium.  Peso Aprox. 1,1 kg  *O valor final pode variar conforme o peso exato de cada pe\u00e7a.*  *Imagens meramente ilustrativas.*Peso Aprox. 1,1 kg *O valor final pode variar conforme o peso exato de cada pe\u00e7a.* *Imagens meramente ilustrativas.*","og_url":"https:\/\/aogosto.com.br\/delivery\/product\/picanha-friboi-reserva-r-7990-kg\/","og_site_name":"Ao Gosto Carnes","article_publisher":"https:\/\/facebook.com.br\/aogostocarnesnobres","article_modified_time":"2025-12-19T14:40:28+00:00","twitter_card":"summary_large_image","schema":{"@context":"https:\/\/schema.org","@graph":[{"@type":"WebPage","@id":"https:\/\/aogosto.com.br\/delivery\/product\/picanha-friboi-reserva-r-7990-kg\/","url":"https:\/\/aogosto.com.br\/delivery\/product\/picanha-friboi-reserva-r-7990-kg\/","name":"Picanha Friboi - Reserva | R$: 79,90 kg | Ao Gosto Carnes","isPartOf":{"@id":"https:\/\/aogosto.com.br\/delivery\/#website"},"datePublished":"2024-10-05T15:13:47+00:00","dateModified":"2025-12-19T14:40:28+00:00","breadcrumb":{"@id":"https:\/\/aogosto.com.br\/delivery\/product\/picanha-friboi-reserva-r-7990-kg\/#breadcrumb"},"inLanguage":"pt-BR","potentialAction":[{"@type":"ReadAction","target":["https:\/\/aogosto.com.br\/delivery\/product\/picanha-friboi-reserva-r-7990-kg\/"]}]},{"@type":"BreadcrumbList","@id":"https:\/\/aogosto.com.br\/delivery\/product\/picanha-friboi-reserva-r-7990-kg\/#breadcrumb","itemListElement":[{"@type":"ListItem","position":1,"name":"In\u00edcio","item":"https:\/\/aogosto.com.br\/delivery\/"},{"@type":"ListItem","position":2,"name":"Shop","item":"https:\/\/aogosto.com.br\/delivery\/loja\/"},{"@type":"ListItem","position":3,"name":"Picanha Friboi &#8211; Reserva | R$: 79,90 kg"}]},{"@type":"WebSite","@id":"https:\/\/aogosto.com.br\/delivery\/#website","url":"https:\/\/aogosto.com.br\/delivery\/","name":"Ao Gosto Carnes","description":"Fa\u00e7a o seu pedido on-line!","potentialAction":[{"@type":"SearchAction","target":{"@type":"EntryPoint","urlTemplate":"https:\/\/aogosto.com.br\/delivery\/?s={search_term_string}"},"query-input":{"@type":"PropertyValueSpecification","valueRequired":true,"valueName":"search_term_string"}}],"inLanguage":"pt-BR"}]}},"_links":{"self":[{"href":"https:\/\/aogosto.com.br\/delivery\/wp-json\/wp\/v2\/product\/95623","targetHints":{"allow":["GET"]}}],"collection":[{"href":"https:\/\/aogosto.com.br\/delivery\/wp-json\/wp\/v2\/product"}],"about":[{"href":"https:\/\/aogosto.com.br\/delivery\/wp-json\/wp\/v2\/types\/product"}],"replies":[{"embeddable":true,"href":"https:\/\/aogosto.com.br\/delivery\/wp-json\/wp\/v2\/comments?post=95623"}],"version-history":[{"count":0,"href":"https:\/\/aogosto.com.br\/delivery\/wp-json\/wp\/v2\/product\/95623\/revisions"}],"wp:attachment":[{"href":"https:\/\/aogosto.com.br\/delivery\/wp-json\/wp\/v2\/media?parent=95623"}],"wp:term":[{"taxonomy":"product_brand","embeddable":true,"href":"https:\/\/aogosto.com.br\/delivery\/wp-json\/wp\/v2\/product_brand?post=95623"},{"taxonomy":"product_cat","embeddable":true,"href":"https:\/\/aogosto.com.br\/delivery\/wp-json\/wp\/v2\/product_cat?post=95623"},{"taxonomy":"product_tag","embeddable":true,"href":"https:\/\/aogosto.com.br\/delivery\/wp-json\/wp\/v2\/product_tag?post=95623"}],"curies":[{"name":"wp","href":"https:\/\/api.w.org\/{rel}","templated":true}]}}