    {"id":9426,"date":"2021-11-24T12:47:49","date_gmt":"2021-11-24T15:47:49","guid":{"rendered":"https:\/\/aogosto.com.br\/delivery\/?post_type=product&#038;p=9426"},"modified":"2026-04-09T11:28:18","modified_gmt":"2026-04-09T14:28:18","slug":"maminha-recheada-r-59-90-kg","status":"publish","type":"product","link":"https:\/\/aogosto.com.br\/delivery\/product\/maminha-recheada-r-59-90-kg\/","title":{"rendered":"Maminha Recheada com Lingui\u00e7a &#8211; 69,90 kg"},"content":{"rendered":"","protected":false},"excerpt":{"rendered":"<p>Maminha angus recheadinha com lingui\u00e7a.<br \/>\nUma excelente op\u00e7\u00e3o para fazer no forno e celebrar com a fam\u00edlia ou amigos pr\u00f3ximos pra deixar o momento ainda mais inesquec\u00edvel.<\/p>\n<p>&nbsp;<\/p>\n<p><!-- AOGOSTO_WEIGHT_START --><br \/>\nPeso Aprox. 1,55 kg<\/p>\n<p>*O valor final pode variar conforme o peso exato de cada pe\u00e7a.*<\/p>\n<p>*Imagens meramente ilustrativas.*<br \/>\n<!-- AOGOSTO_WEIGHT_END --><\/p>\n","protected":false},"featured_media":16342,"comment_status":"closed","ping_status":"closed","template":"","meta":[],"product_brand":[],"product_cat":[246,34,53,247,518,340],"product_tag":[230,54],"class_list":{"0":"post-9426","1":"product","2":"type-product","3":"status-publish","4":"has-post-thumbnail","6":"product_cat-angus","7":"product_cat-boi","8":"product_cat-forno","9":"product_cat-maminha","10":"product_cat-natal25","11":"product_cat-original","12":"product_tag-forno","13":"product_tag-maminha","15":"first","16":"outofstock","17":"shipping-taxable","18":"purchasable","19":"product-type-simple"},"yoast_head":"<!-- This site is optimized with the Yoast SEO plugin v27.2 - https:\/\/yoast.com\/product\/yoast-seo-wordpress\/ -->\n<title>Maminha Recheada com Lingui\u00e7a - 69,90 kg | Ao Gosto Carnes<\/title>\n<meta name=\"robots\" content=\"index, follow, max-snippet:-1, max-image-preview:large, max-video-preview:-1\" \/>\n<link rel=\"canonical\" href=\"https:\/\/aogosto.com.br\/delivery\/product\/maminha-recheada-r-59-90-kg\/\" \/>\n<meta property=\"og:locale\" content=\"pt_BR\" \/>\n<meta property=\"og:type\" content=\"article\" \/>\n<meta property=\"og:title\" content=\"Maminha Recheada com Lingui\u00e7a - 69,90 kg | Ao Gosto Carnes\" \/>\n<meta property=\"og:description\" content=\"Maminha angus recheadinha com lingui\u00e7a. Uma excelente op\u00e7\u00e3o para fazer no forno e celebrar com a fam\u00edlia ou amigos pr\u00f3ximos pra deixar o momento ainda mais inesquec\u00edvel.  &nbsp;  Peso Aprox. 1,55 kg *O valor final pode variar conforme o peso exato de cada pe\u00e7a.* *Imagens meramente ilustrativas.*\" \/>\n<meta property=\"og:url\" content=\"https:\/\/aogosto.com.br\/delivery\/product\/maminha-recheada-r-59-90-kg\/\" \/>\n<meta property=\"og:site_name\" content=\"Ao Gosto Carnes\" \/>\n<meta property=\"article:publisher\" content=\"https:\/\/facebook.com.br\/aogostocarnesnobres\" \/>\n<meta property=\"article:modified_time\" content=\"2026-04-09T14:28:18+00:00\" \/>\n<meta property=\"og:image\" content=\"https:\/\/aogosto.com.br\/delivery\/wp-content\/uploads\/2021\/11\/maminha-recheada.jpg\" \/>\n\t<meta property=\"og:image:width\" content=\"1080\" \/>\n\t<meta property=\"og:image:height\" content=\"1080\" \/>\n\t<meta property=\"og:image:type\" content=\"image\/jpeg\" \/>\n<meta name=\"twitter:card\" content=\"summary_large_image\" \/>\n<meta name=\"twitter:label1\" content=\"Est. tempo de leitura\" \/>\n\t<meta name=\"twitter:data1\" content=\"1 minuto\" \/>\n<script type=\"application\/ld+json\" class=\"yoast-schema-graph\">{\"@context\":\"https:\/\/schema.org\",\"@graph\":[{\"@type\":\"WebPage\",\"@id\":\"https:\/\/aogosto.com.br\/delivery\/product\/maminha-recheada-r-59-90-kg\/\",\"url\":\"https:\/\/aogosto.com.br\/delivery\/product\/maminha-recheada-r-59-90-kg\/\",\"name\":\"Maminha Recheada com Lingui\u00e7a - 69,90 kg | Ao Gosto Carnes\",\"isPartOf\":{\"@id\":\"https:\/\/aogosto.com.br\/delivery\/#website\"},\"primaryImageOfPage\":{\"@id\":\"https:\/\/aogosto.com.br\/delivery\/product\/maminha-recheada-r-59-90-kg\/#primaryimage\"},\"image\":{\"@id\":\"https:\/\/aogosto.com.br\/delivery\/product\/maminha-recheada-r-59-90-kg\/#primaryimage\"},\"thumbnailUrl\":\"https:\/\/aogosto.com.br\/delivery\/wp-content\/uploads\/2021\/11\/maminha-recheada.jpg\",\"datePublished\":\"2021-11-24T15:47:49+00:00\",\"dateModified\":\"2026-04-09T14:28:18+00:00\",\"breadcrumb\":{\"@id\":\"https:\/\/aogosto.com.br\/delivery\/product\/maminha-recheada-r-59-90-kg\/#breadcrumb\"},\"inLanguage\":\"pt-BR\",\"potentialAction\":[{\"@type\":\"ReadAction\",\"target\":[\"https:\/\/aogosto.com.br\/delivery\/product\/maminha-recheada-r-59-90-kg\/\"]}]},{\"@type\":\"ImageObject\",\"inLanguage\":\"pt-BR\",\"@id\":\"https:\/\/aogosto.com.br\/delivery\/product\/maminha-recheada-r-59-90-kg\/#primaryimage\",\"url\":\"https:\/\/aogosto.com.br\/delivery\/wp-content\/uploads\/2021\/11\/maminha-recheada.jpg\",\"contentUrl\":\"https:\/\/aogosto.com.br\/delivery\/wp-content\/uploads\/2021\/11\/maminha-recheada.jpg\",\"width\":1080,\"height\":1080},{\"@type\":\"BreadcrumbList\",\"@id\":\"https:\/\/aogosto.com.br\/delivery\/product\/maminha-recheada-r-59-90-kg\/#breadcrumb\",\"itemListElement\":[{\"@type\":\"ListItem\",\"position\":1,\"name\":\"In\u00edcio\",\"item\":\"https:\/\/aogosto.com.br\/delivery\/\"},{\"@type\":\"ListItem\",\"position\":2,\"name\":\"Shop\",\"item\":\"https:\/\/aogosto.com.br\/delivery\/loja\/\"},{\"@type\":\"ListItem\",\"position\":3,\"name\":\"Maminha Recheada com Lingui\u00e7a &#8211; 69,90 kg\"}]},{\"@type\":\"WebSite\",\"@id\":\"https:\/\/aogosto.com.br\/delivery\/#website\",\"url\":\"https:\/\/aogosto.com.br\/delivery\/\",\"name\":\"Ao Gosto Carnes\",\"description\":\"Fa\u00e7a o seu pedido on-line!\",\"potentialAction\":[{\"@type\":\"SearchAction\",\"target\":{\"@type\":\"EntryPoint\",\"urlTemplate\":\"https:\/\/aogosto.com.br\/delivery\/?s={search_term_string}\"},\"query-input\":{\"@type\":\"PropertyValueSpecification\",\"valueRequired\":true,\"valueName\":\"search_term_string\"}}],\"inLanguage\":\"pt-BR\"}]}<\/script>\n<!-- \/ Yoast SEO plugin. -->","yoast_head_json":{"title":"Maminha Recheada com Lingui\u00e7a - 69,90 kg | Ao Gosto Carnes","robots":{"index":"index","follow":"follow","max-snippet":"max-snippet:-1","max-image-preview":"max-image-preview:large","max-video-preview":"max-video-preview:-1"},"canonical":"https:\/\/aogosto.com.br\/delivery\/product\/maminha-recheada-r-59-90-kg\/","og_locale":"pt_BR","og_type":"article","og_title":"Maminha Recheada com Lingui\u00e7a - 69,90 kg | Ao Gosto Carnes","og_description":"Maminha angus recheadinha com lingui\u00e7a. Uma excelente op\u00e7\u00e3o para fazer no forno e celebrar com a fam\u00edlia ou amigos pr\u00f3ximos pra deixar o momento ainda mais inesquec\u00edvel.  &nbsp;  Peso Aprox. 1,55 kg *O valor final pode variar conforme o peso exato de cada pe\u00e7a.* *Imagens meramente ilustrativas.*","og_url":"https:\/\/aogosto.com.br\/delivery\/product\/maminha-recheada-r-59-90-kg\/","og_site_name":"Ao Gosto Carnes","article_publisher":"https:\/\/facebook.com.br\/aogostocarnesnobres","article_modified_time":"2026-04-09T14:28:18+00:00","og_image":[{"width":1080,"height":1080,"url":"https:\/\/aogosto.com.br\/delivery\/wp-content\/uploads\/2021\/11\/maminha-recheada.jpg","type":"image\/jpeg"}],"twitter_card":"summary_large_image","twitter_misc":{"Est. tempo de leitura":"1 minuto"},"schema":{"@context":"https:\/\/schema.org","@graph":[{"@type":"WebPage","@id":"https:\/\/aogosto.com.br\/delivery\/product\/maminha-recheada-r-59-90-kg\/","url":"https:\/\/aogosto.com.br\/delivery\/product\/maminha-recheada-r-59-90-kg\/","name":"Maminha Recheada com Lingui\u00e7a - 69,90 kg | Ao Gosto Carnes","isPartOf":{"@id":"https:\/\/aogosto.com.br\/delivery\/#website"},"primaryImageOfPage":{"@id":"https:\/\/aogosto.com.br\/delivery\/product\/maminha-recheada-r-59-90-kg\/#primaryimage"},"image":{"@id":"https:\/\/aogosto.com.br\/delivery\/product\/maminha-recheada-r-59-90-kg\/#primaryimage"},"thumbnailUrl":"https:\/\/aogosto.com.br\/delivery\/wp-content\/uploads\/2021\/11\/maminha-recheada.jpg","datePublished":"2021-11-24T15:47:49+00:00","dateModified":"2026-04-09T14:28:18+00:00","breadcrumb":{"@id":"https:\/\/aogosto.com.br\/delivery\/product\/maminha-recheada-r-59-90-kg\/#breadcrumb"},"inLanguage":"pt-BR","potentialAction":[{"@type":"ReadAction","target":["https:\/\/aogosto.com.br\/delivery\/product\/maminha-recheada-r-59-90-kg\/"]}]},{"@type":"ImageObject","inLanguage":"pt-BR","@id":"https:\/\/aogosto.com.br\/delivery\/product\/maminha-recheada-r-59-90-kg\/#primaryimage","url":"https:\/\/aogosto.com.br\/delivery\/wp-content\/uploads\/2021\/11\/maminha-recheada.jpg","contentUrl":"https:\/\/aogosto.com.br\/delivery\/wp-content\/uploads\/2021\/11\/maminha-recheada.jpg","width":1080,"height":1080},{"@type":"BreadcrumbList","@id":"https:\/\/aogosto.com.br\/delivery\/product\/maminha-recheada-r-59-90-kg\/#breadcrumb","itemListElement":[{"@type":"ListItem","position":1,"name":"In\u00edcio","item":"https:\/\/aogosto.com.br\/delivery\/"},{"@type":"ListItem","position":2,"name":"Shop","item":"https:\/\/aogosto.com.br\/delivery\/loja\/"},{"@type":"ListItem","position":3,"name":"Maminha Recheada com Lingui\u00e7a &#8211; 69,90 kg"}]},{"@type":"WebSite","@id":"https:\/\/aogosto.com.br\/delivery\/#website","url":"https:\/\/aogosto.com.br\/delivery\/","name":"Ao Gosto Carnes","description":"Fa\u00e7a o seu pedido on-line!","potentialAction":[{"@type":"SearchAction","target":{"@type":"EntryPoint","urlTemplate":"https:\/\/aogosto.com.br\/delivery\/?s={search_term_string}"},"query-input":{"@type":"PropertyValueSpecification","valueRequired":true,"valueName":"search_term_string"}}],"inLanguage":"pt-BR"}]}},"_links":{"self":[{"href":"https:\/\/aogosto.com.br\/delivery\/wp-json\/wp\/v2\/product\/9426","targetHints":{"allow":["GET"]}}],"collection":[{"href":"https:\/\/aogosto.com.br\/delivery\/wp-json\/wp\/v2\/product"}],"about":[{"href":"https:\/\/aogosto.com.br\/delivery\/wp-json\/wp\/v2\/types\/product"}],"replies":[{"embeddable":true,"href":"https:\/\/aogosto.com.br\/delivery\/wp-json\/wp\/v2\/comments?post=9426"}],"version-history":[{"count":1,"href":"https:\/\/aogosto.com.br\/delivery\/wp-json\/wp\/v2\/product\/9426\/revisions"}],"predecessor-version":[{"id":142277,"href":"https:\/\/aogosto.com.br\/delivery\/wp-json\/wp\/v2\/product\/9426\/revisions\/142277"}],"wp:featuredmedia":[{"embeddable":true,"href":"https:\/\/aogosto.com.br\/delivery\/wp-json\/wp\/v2\/media\/16342"}],"wp:attachment":[{"href":"https:\/\/aogosto.com.br\/delivery\/wp-json\/wp\/v2\/media?parent=9426"}],"wp:term":[{"taxonomy":"product_brand","embeddable":true,"href":"https:\/\/aogosto.com.br\/delivery\/wp-json\/wp\/v2\/product_brand?post=9426"},{"taxonomy":"product_cat","embeddable":true,"href":"https:\/\/aogosto.com.br\/delivery\/wp-json\/wp\/v2\/product_cat?post=9426"},{"taxonomy":"product_tag","embeddable":true,"href":"https:\/\/aogosto.com.br\/delivery\/wp-json\/wp\/v2\/product_tag?post=9426"}],"curies":[{"name":"wp","href":"https:\/\/api.w.org\/{rel}","templated":true}]}}