    {"id":93186,"date":"2024-09-04T18:57:06","date_gmt":"2024-09-04T21:57:06","guid":{"rendered":"https:\/\/aogosto.com.br\/delivery\/?post_type=product&#038;p=93186"},"modified":"2026-02-18T20:26:51","modified_gmt":"2026-02-18T23:26:51","slug":"barbecue-c-goiabada-caipira","status":"publish","type":"product","link":"https:\/\/aogosto.com.br\/delivery\/product\/barbecue-c-goiabada-caipira\/","title":{"rendered":"Barbecue c\/ Goiabada Caipira | Chef n&#8217; Boss"},"content":{"rendered":"","protected":false},"excerpt":{"rendered":"<p>O Barbecue Mineiro com Goiabada Caipira \u00e9 um molho feito para conquistar seu paladar. Como todo bom Barbecue, este molho possui um toque doce, defumado e picante! Perfeito na combina\u00e7\u00e3o com Queijos amarelos e semifirmes, como o Gouda, Estepe, Emmentaler, Masdam, Gruy\u00e9re, do Reino, Prato e Americanos. Experimente tamb\u00e9m acompanhando uma carne, seja no seu churrasco ou assado.<\/p>\n<p>&nbsp;<\/p>\n<p>Peso\u00a0 Aprox: 240 ml<\/p>\n","protected":false},"featured_media":93188,"comment_status":"open","ping_status":"closed","template":"","meta":[],"product_brand":[],"product_cat":[62],"product_tag":[],"class_list":{"0":"post-93186","1":"product","2":"type-product","3":"status-publish","4":"has-post-thumbnail","6":"product_cat-outros","8":"first","9":"outofstock","10":"shipping-taxable","11":"purchasable","12":"product-type-simple"},"yoast_head":"<!-- This site is optimized with the Yoast SEO plugin v27.2 - https:\/\/yoast.com\/product\/yoast-seo-wordpress\/ -->\n<title>Barbecue c\/ Goiabada Caipira | Chef n&#039; Boss | Ao Gosto Carnes<\/title>\n<meta name=\"robots\" content=\"index, follow, max-snippet:-1, max-image-preview:large, max-video-preview:-1\" \/>\n<link rel=\"canonical\" href=\"https:\/\/aogosto.com.br\/delivery\/product\/barbecue-c-goiabada-caipira\/\" \/>\n<meta property=\"og:locale\" content=\"pt_BR\" \/>\n<meta property=\"og:type\" content=\"article\" \/>\n<meta property=\"og:title\" content=\"Barbecue c\/ Goiabada Caipira | Chef n&#039; Boss | Ao Gosto Carnes\" \/>\n<meta property=\"og:description\" content=\"O Barbecue Mineiro com Goiabada Caipira \u00e9 um molho feito para conquistar seu paladar. Como todo bom Barbecue, este molho possui um toque doce, defumado e picante! Perfeito na combina\u00e7\u00e3o com Queijos amarelos e semifirmes, como o Gouda, Estepe, Emmentaler, Masdam, Gruy\u00e9re, do Reino, Prato e Americanos. Experimente tamb\u00e9m acompanhando uma carne, seja no seu churrasco ou assado.  &nbsp;  Peso\u00a0 Aprox: 240 ml\" \/>\n<meta property=\"og:url\" content=\"https:\/\/aogosto.com.br\/delivery\/product\/barbecue-c-goiabada-caipira\/\" \/>\n<meta property=\"og:site_name\" content=\"Ao Gosto Carnes\" \/>\n<meta property=\"article:publisher\" content=\"https:\/\/facebook.com.br\/aogostocarnesnobres\" \/>\n<meta property=\"article:modified_time\" content=\"2026-02-18T23:26:51+00:00\" \/>\n<meta property=\"og:image\" content=\"https:\/\/aogosto.com.br\/delivery\/wp-content\/uploads\/2024\/09\/Design-sem-nome-2024-09-04T185823.856.jpg\" \/>\n\t<meta property=\"og:image:width\" content=\"1080\" \/>\n\t<meta property=\"og:image:height\" content=\"1080\" \/>\n\t<meta property=\"og:image:type\" content=\"image\/jpeg\" \/>\n<meta name=\"twitter:card\" content=\"summary_large_image\" \/>\n<meta name=\"twitter:label1\" content=\"Est. tempo de leitura\" \/>\n\t<meta name=\"twitter:data1\" content=\"1 minuto\" \/>\n<script type=\"application\/ld+json\" class=\"yoast-schema-graph\">{\"@context\":\"https:\/\/schema.org\",\"@graph\":[{\"@type\":\"WebPage\",\"@id\":\"https:\/\/aogosto.com.br\/delivery\/product\/barbecue-c-goiabada-caipira\/\",\"url\":\"https:\/\/aogosto.com.br\/delivery\/product\/barbecue-c-goiabada-caipira\/\",\"name\":\"Barbecue c\/ Goiabada Caipira | Chef n' Boss | Ao Gosto Carnes\",\"isPartOf\":{\"@id\":\"https:\/\/aogosto.com.br\/delivery\/#website\"},\"primaryImageOfPage\":{\"@id\":\"https:\/\/aogosto.com.br\/delivery\/product\/barbecue-c-goiabada-caipira\/#primaryimage\"},\"image\":{\"@id\":\"https:\/\/aogosto.com.br\/delivery\/product\/barbecue-c-goiabada-caipira\/#primaryimage\"},\"thumbnailUrl\":\"https:\/\/aogosto.com.br\/delivery\/wp-content\/uploads\/2024\/09\/Design-sem-nome-2024-09-04T185823.856.jpg\",\"datePublished\":\"2024-09-04T21:57:06+00:00\",\"dateModified\":\"2026-02-18T23:26:51+00:00\",\"breadcrumb\":{\"@id\":\"https:\/\/aogosto.com.br\/delivery\/product\/barbecue-c-goiabada-caipira\/#breadcrumb\"},\"inLanguage\":\"pt-BR\",\"potentialAction\":[{\"@type\":\"ReadAction\",\"target\":[\"https:\/\/aogosto.com.br\/delivery\/product\/barbecue-c-goiabada-caipira\/\"]}]},{\"@type\":\"ImageObject\",\"inLanguage\":\"pt-BR\",\"@id\":\"https:\/\/aogosto.com.br\/delivery\/product\/barbecue-c-goiabada-caipira\/#primaryimage\",\"url\":\"https:\/\/aogosto.com.br\/delivery\/wp-content\/uploads\/2024\/09\/Design-sem-nome-2024-09-04T185823.856.jpg\",\"contentUrl\":\"https:\/\/aogosto.com.br\/delivery\/wp-content\/uploads\/2024\/09\/Design-sem-nome-2024-09-04T185823.856.jpg\",\"width\":1080,\"height\":1080},{\"@type\":\"BreadcrumbList\",\"@id\":\"https:\/\/aogosto.com.br\/delivery\/product\/barbecue-c-goiabada-caipira\/#breadcrumb\",\"itemListElement\":[{\"@type\":\"ListItem\",\"position\":1,\"name\":\"In\u00edcio\",\"item\":\"https:\/\/aogosto.com.br\/delivery\/\"},{\"@type\":\"ListItem\",\"position\":2,\"name\":\"Shop\",\"item\":\"https:\/\/aogosto.com.br\/delivery\/loja\/\"},{\"@type\":\"ListItem\",\"position\":3,\"name\":\"Barbecue c\/ Goiabada Caipira | Chef n&#8217; Boss\"}]},{\"@type\":\"WebSite\",\"@id\":\"https:\/\/aogosto.com.br\/delivery\/#website\",\"url\":\"https:\/\/aogosto.com.br\/delivery\/\",\"name\":\"Ao Gosto Carnes\",\"description\":\"Fa\u00e7a o seu pedido on-line!\",\"potentialAction\":[{\"@type\":\"SearchAction\",\"target\":{\"@type\":\"EntryPoint\",\"urlTemplate\":\"https:\/\/aogosto.com.br\/delivery\/?s={search_term_string}\"},\"query-input\":{\"@type\":\"PropertyValueSpecification\",\"valueRequired\":true,\"valueName\":\"search_term_string\"}}],\"inLanguage\":\"pt-BR\"}]}<\/script>\n<!-- \/ Yoast SEO plugin. -->","yoast_head_json":{"title":"Barbecue c\/ Goiabada Caipira | Chef n' Boss | Ao Gosto Carnes","robots":{"index":"index","follow":"follow","max-snippet":"max-snippet:-1","max-image-preview":"max-image-preview:large","max-video-preview":"max-video-preview:-1"},"canonical":"https:\/\/aogosto.com.br\/delivery\/product\/barbecue-c-goiabada-caipira\/","og_locale":"pt_BR","og_type":"article","og_title":"Barbecue c\/ Goiabada Caipira | Chef n' Boss | Ao Gosto Carnes","og_description":"O Barbecue Mineiro com Goiabada Caipira \u00e9 um molho feito para conquistar seu paladar. Como todo bom Barbecue, este molho possui um toque doce, defumado e picante! Perfeito na combina\u00e7\u00e3o com Queijos amarelos e semifirmes, como o Gouda, Estepe, Emmentaler, Masdam, Gruy\u00e9re, do Reino, Prato e Americanos. Experimente tamb\u00e9m acompanhando uma carne, seja no seu churrasco ou assado.  &nbsp;  Peso\u00a0 Aprox: 240 ml","og_url":"https:\/\/aogosto.com.br\/delivery\/product\/barbecue-c-goiabada-caipira\/","og_site_name":"Ao Gosto Carnes","article_publisher":"https:\/\/facebook.com.br\/aogostocarnesnobres","article_modified_time":"2026-02-18T23:26:51+00:00","og_image":[{"width":1080,"height":1080,"url":"https:\/\/aogosto.com.br\/delivery\/wp-content\/uploads\/2024\/09\/Design-sem-nome-2024-09-04T185823.856.jpg","type":"image\/jpeg"}],"twitter_card":"summary_large_image","twitter_misc":{"Est. tempo de leitura":"1 minuto"},"schema":{"@context":"https:\/\/schema.org","@graph":[{"@type":"WebPage","@id":"https:\/\/aogosto.com.br\/delivery\/product\/barbecue-c-goiabada-caipira\/","url":"https:\/\/aogosto.com.br\/delivery\/product\/barbecue-c-goiabada-caipira\/","name":"Barbecue c\/ Goiabada Caipira | Chef n' Boss | Ao Gosto Carnes","isPartOf":{"@id":"https:\/\/aogosto.com.br\/delivery\/#website"},"primaryImageOfPage":{"@id":"https:\/\/aogosto.com.br\/delivery\/product\/barbecue-c-goiabada-caipira\/#primaryimage"},"image":{"@id":"https:\/\/aogosto.com.br\/delivery\/product\/barbecue-c-goiabada-caipira\/#primaryimage"},"thumbnailUrl":"https:\/\/aogosto.com.br\/delivery\/wp-content\/uploads\/2024\/09\/Design-sem-nome-2024-09-04T185823.856.jpg","datePublished":"2024-09-04T21:57:06+00:00","dateModified":"2026-02-18T23:26:51+00:00","breadcrumb":{"@id":"https:\/\/aogosto.com.br\/delivery\/product\/barbecue-c-goiabada-caipira\/#breadcrumb"},"inLanguage":"pt-BR","potentialAction":[{"@type":"ReadAction","target":["https:\/\/aogosto.com.br\/delivery\/product\/barbecue-c-goiabada-caipira\/"]}]},{"@type":"ImageObject","inLanguage":"pt-BR","@id":"https:\/\/aogosto.com.br\/delivery\/product\/barbecue-c-goiabada-caipira\/#primaryimage","url":"https:\/\/aogosto.com.br\/delivery\/wp-content\/uploads\/2024\/09\/Design-sem-nome-2024-09-04T185823.856.jpg","contentUrl":"https:\/\/aogosto.com.br\/delivery\/wp-content\/uploads\/2024\/09\/Design-sem-nome-2024-09-04T185823.856.jpg","width":1080,"height":1080},{"@type":"BreadcrumbList","@id":"https:\/\/aogosto.com.br\/delivery\/product\/barbecue-c-goiabada-caipira\/#breadcrumb","itemListElement":[{"@type":"ListItem","position":1,"name":"In\u00edcio","item":"https:\/\/aogosto.com.br\/delivery\/"},{"@type":"ListItem","position":2,"name":"Shop","item":"https:\/\/aogosto.com.br\/delivery\/loja\/"},{"@type":"ListItem","position":3,"name":"Barbecue c\/ Goiabada Caipira | Chef n&#8217; Boss"}]},{"@type":"WebSite","@id":"https:\/\/aogosto.com.br\/delivery\/#website","url":"https:\/\/aogosto.com.br\/delivery\/","name":"Ao Gosto Carnes","description":"Fa\u00e7a o seu pedido on-line!","potentialAction":[{"@type":"SearchAction","target":{"@type":"EntryPoint","urlTemplate":"https:\/\/aogosto.com.br\/delivery\/?s={search_term_string}"},"query-input":{"@type":"PropertyValueSpecification","valueRequired":true,"valueName":"search_term_string"}}],"inLanguage":"pt-BR"}]}},"_links":{"self":[{"href":"https:\/\/aogosto.com.br\/delivery\/wp-json\/wp\/v2\/product\/93186","targetHints":{"allow":["GET"]}}],"collection":[{"href":"https:\/\/aogosto.com.br\/delivery\/wp-json\/wp\/v2\/product"}],"about":[{"href":"https:\/\/aogosto.com.br\/delivery\/wp-json\/wp\/v2\/types\/product"}],"replies":[{"embeddable":true,"href":"https:\/\/aogosto.com.br\/delivery\/wp-json\/wp\/v2\/comments?post=93186"}],"version-history":[{"count":1,"href":"https:\/\/aogosto.com.br\/delivery\/wp-json\/wp\/v2\/product\/93186\/revisions"}],"predecessor-version":[{"id":144339,"href":"https:\/\/aogosto.com.br\/delivery\/wp-json\/wp\/v2\/product\/93186\/revisions\/144339"}],"wp:featuredmedia":[{"embeddable":true,"href":"https:\/\/aogosto.com.br\/delivery\/wp-json\/wp\/v2\/media\/93188"}],"wp:attachment":[{"href":"https:\/\/aogosto.com.br\/delivery\/wp-json\/wp\/v2\/media?parent=93186"}],"wp:term":[{"taxonomy":"product_brand","embeddable":true,"href":"https:\/\/aogosto.com.br\/delivery\/wp-json\/wp\/v2\/product_brand?post=93186"},{"taxonomy":"product_cat","embeddable":true,"href":"https:\/\/aogosto.com.br\/delivery\/wp-json\/wp\/v2\/product_cat?post=93186"},{"taxonomy":"product_tag","embeddable":true,"href":"https:\/\/aogosto.com.br\/delivery\/wp-json\/wp\/v2\/product_tag?post=93186"}],"curies":[{"name":"wp","href":"https:\/\/api.w.org\/{rel}","templated":true}]}}