    {"id":83333,"date":"2024-05-06T15:25:22","date_gmt":"2024-05-06T18:25:22","guid":{"rendered":"https:\/\/aogosto.com.br\/delivery\/?post_type=product&#038;p=83333"},"modified":"2026-04-05T09:39:54","modified_gmt":"2026-04-05T12:39:54","slug":"super-drink-itts-lata-r-890-cada","status":"publish","type":"product","link":"https:\/\/aogosto.com.br\/delivery\/product\/super-drink-itts-lata-r-890-cada\/","title":{"rendered":"Super Drink ITTS &#8211; Lata | R$: 8,90 (cada)"},"content":{"rendered":"","protected":false},"excerpt":{"rendered":"<p>ITTS SERO SUPER DRINK<br \/>\nO Super Drink Premium com uma f\u00f3rmula exclusiva de Suco de Frutas, BCAA e Vitaminas, o Super Drink Premium Itts Sero chegou para mostrar que \u00e9 o MELHOR para voc\u00ea, para sua noite e para a sua sa\u00fade!<br \/>\nBENEF\u00cdCIOS<br \/>\n75mg Cafe\u00edna<br \/>\nZero A\u00e7\u00facar<br \/>\nZero Gordura<br \/>\nVitaminas B<br \/>\nBCAA<\/p>\n<p>*SABORES\u00a0 SUJEITOS A DISPONIBILIDADES *<\/p>\n<p>Lata: 269 ml<\/p>\n","protected":false},"featured_media":83338,"comment_status":"open","ping_status":"closed","template":"","meta":[],"product_brand":[],"product_cat":[69,376,456,504],"product_tag":[],"class_list":{"0":"post-83333","1":"product","2":"type-product","3":"status-publish","4":"has-post-thumbnail","6":"product_cat-bebidas","7":"product_cat-destilados","8":"product_cat-novidade","9":"product_cat-oportunidade","11":"first","12":"outofstock","13":"shipping-taxable","14":"purchasable","15":"product-type-variable"},"yoast_head":"<!-- This site is optimized with the Yoast SEO plugin v27.2 - https:\/\/yoast.com\/product\/yoast-seo-wordpress\/ -->\n<title>Super Drink ITTS - Lata | R$: 8,90 (cada) | Ao Gosto Carnes<\/title>\n<meta name=\"robots\" content=\"index, follow, max-snippet:-1, max-image-preview:large, max-video-preview:-1\" \/>\n<link rel=\"canonical\" href=\"https:\/\/aogosto.com.br\/delivery\/product\/super-drink-itts-lata-r-890-cada\/\" \/>\n<meta property=\"og:locale\" content=\"pt_BR\" \/>\n<meta property=\"og:type\" content=\"article\" \/>\n<meta property=\"og:title\" content=\"Super Drink ITTS - Lata | R$: 8,90 (cada) | Ao Gosto Carnes\" \/>\n<meta property=\"og:description\" content=\"ITTS SERO SUPER DRINK O Super Drink Premium com uma f\u00f3rmula exclusiva de Suco de Frutas, BCAA e Vitaminas, o Super Drink Premium Itts Sero chegou para mostrar que \u00e9 o MELHOR para voc\u00ea, para sua noite e para a sua sa\u00fade! BENEF\u00cdCIOS 75mg Cafe\u00edna Zero A\u00e7\u00facar Zero Gordura Vitaminas B BCAA  *SABORES\u00a0 SUJEITOS A DISPONIBILIDADES *  Lata: 269 ml\" \/>\n<meta property=\"og:url\" content=\"https:\/\/aogosto.com.br\/delivery\/product\/super-drink-itts-lata-r-890-cada\/\" \/>\n<meta property=\"og:site_name\" content=\"Ao Gosto Carnes\" \/>\n<meta property=\"article:publisher\" content=\"https:\/\/facebook.com.br\/aogostocarnesnobres\" \/>\n<meta property=\"article:modified_time\" content=\"2026-04-05T12:39:54+00:00\" \/>\n<meta property=\"og:image\" content=\"https:\/\/aogosto.com.br\/delivery\/wp-content\/uploads\/2024\/05\/Design-sem-nome.jpg\" \/>\n\t<meta property=\"og:image:width\" content=\"1080\" \/>\n\t<meta property=\"og:image:height\" content=\"1080\" \/>\n\t<meta property=\"og:image:type\" content=\"image\/jpeg\" \/>\n<meta name=\"twitter:card\" content=\"summary_large_image\" \/>\n<meta name=\"twitter:label1\" content=\"Est. tempo de leitura\" \/>\n\t<meta name=\"twitter:data1\" content=\"1 minuto\" \/>\n<script type=\"application\/ld+json\" class=\"yoast-schema-graph\">{\"@context\":\"https:\/\/schema.org\",\"@graph\":[{\"@type\":\"WebPage\",\"@id\":\"https:\/\/aogosto.com.br\/delivery\/product\/super-drink-itts-lata-r-890-cada\/\",\"url\":\"https:\/\/aogosto.com.br\/delivery\/product\/super-drink-itts-lata-r-890-cada\/\",\"name\":\"Super Drink ITTS - Lata | R$: 8,90 (cada) | Ao Gosto Carnes\",\"isPartOf\":{\"@id\":\"https:\/\/aogosto.com.br\/delivery\/#website\"},\"primaryImageOfPage\":{\"@id\":\"https:\/\/aogosto.com.br\/delivery\/product\/super-drink-itts-lata-r-890-cada\/#primaryimage\"},\"image\":{\"@id\":\"https:\/\/aogosto.com.br\/delivery\/product\/super-drink-itts-lata-r-890-cada\/#primaryimage\"},\"thumbnailUrl\":\"https:\/\/aogosto.com.br\/delivery\/wp-content\/uploads\/2024\/05\/Design-sem-nome.jpg\",\"datePublished\":\"2024-05-06T18:25:22+00:00\",\"dateModified\":\"2026-04-05T12:39:54+00:00\",\"breadcrumb\":{\"@id\":\"https:\/\/aogosto.com.br\/delivery\/product\/super-drink-itts-lata-r-890-cada\/#breadcrumb\"},\"inLanguage\":\"pt-BR\",\"potentialAction\":[{\"@type\":\"ReadAction\",\"target\":[\"https:\/\/aogosto.com.br\/delivery\/product\/super-drink-itts-lata-r-890-cada\/\"]}]},{\"@type\":\"ImageObject\",\"inLanguage\":\"pt-BR\",\"@id\":\"https:\/\/aogosto.com.br\/delivery\/product\/super-drink-itts-lata-r-890-cada\/#primaryimage\",\"url\":\"https:\/\/aogosto.com.br\/delivery\/wp-content\/uploads\/2024\/05\/Design-sem-nome.jpg\",\"contentUrl\":\"https:\/\/aogosto.com.br\/delivery\/wp-content\/uploads\/2024\/05\/Design-sem-nome.jpg\",\"width\":1080,\"height\":1080},{\"@type\":\"BreadcrumbList\",\"@id\":\"https:\/\/aogosto.com.br\/delivery\/product\/super-drink-itts-lata-r-890-cada\/#breadcrumb\",\"itemListElement\":[{\"@type\":\"ListItem\",\"position\":1,\"name\":\"In\u00edcio\",\"item\":\"https:\/\/aogosto.com.br\/delivery\/\"},{\"@type\":\"ListItem\",\"position\":2,\"name\":\"Shop\",\"item\":\"https:\/\/aogosto.com.br\/delivery\/loja\/\"},{\"@type\":\"ListItem\",\"position\":3,\"name\":\"Super Drink ITTS &#8211; Lata | R$: 8,90 (cada)\"}]},{\"@type\":\"WebSite\",\"@id\":\"https:\/\/aogosto.com.br\/delivery\/#website\",\"url\":\"https:\/\/aogosto.com.br\/delivery\/\",\"name\":\"Ao Gosto Carnes\",\"description\":\"Fa\u00e7a o seu pedido on-line!\",\"potentialAction\":[{\"@type\":\"SearchAction\",\"target\":{\"@type\":\"EntryPoint\",\"urlTemplate\":\"https:\/\/aogosto.com.br\/delivery\/?s={search_term_string}\"},\"query-input\":{\"@type\":\"PropertyValueSpecification\",\"valueRequired\":true,\"valueName\":\"search_term_string\"}}],\"inLanguage\":\"pt-BR\"}]}<\/script>\n<!-- \/ Yoast SEO plugin. -->","yoast_head_json":{"title":"Super Drink ITTS - Lata | R$: 8,90 (cada) | Ao Gosto Carnes","robots":{"index":"index","follow":"follow","max-snippet":"max-snippet:-1","max-image-preview":"max-image-preview:large","max-video-preview":"max-video-preview:-1"},"canonical":"https:\/\/aogosto.com.br\/delivery\/product\/super-drink-itts-lata-r-890-cada\/","og_locale":"pt_BR","og_type":"article","og_title":"Super Drink ITTS - Lata | R$: 8,90 (cada) | Ao Gosto Carnes","og_description":"ITTS SERO SUPER DRINK O Super Drink Premium com uma f\u00f3rmula exclusiva de Suco de Frutas, BCAA e Vitaminas, o Super Drink Premium Itts Sero chegou para mostrar que \u00e9 o MELHOR para voc\u00ea, para sua noite e para a sua sa\u00fade! BENEF\u00cdCIOS 75mg Cafe\u00edna Zero A\u00e7\u00facar Zero Gordura Vitaminas B BCAA  *SABORES\u00a0 SUJEITOS A DISPONIBILIDADES *  Lata: 269 ml","og_url":"https:\/\/aogosto.com.br\/delivery\/product\/super-drink-itts-lata-r-890-cada\/","og_site_name":"Ao Gosto Carnes","article_publisher":"https:\/\/facebook.com.br\/aogostocarnesnobres","article_modified_time":"2026-04-05T12:39:54+00:00","og_image":[{"width":1080,"height":1080,"url":"https:\/\/aogosto.com.br\/delivery\/wp-content\/uploads\/2024\/05\/Design-sem-nome.jpg","type":"image\/jpeg"}],"twitter_card":"summary_large_image","twitter_misc":{"Est. tempo de leitura":"1 minuto"},"schema":{"@context":"https:\/\/schema.org","@graph":[{"@type":"WebPage","@id":"https:\/\/aogosto.com.br\/delivery\/product\/super-drink-itts-lata-r-890-cada\/","url":"https:\/\/aogosto.com.br\/delivery\/product\/super-drink-itts-lata-r-890-cada\/","name":"Super Drink ITTS - Lata | R$: 8,90 (cada) | Ao Gosto Carnes","isPartOf":{"@id":"https:\/\/aogosto.com.br\/delivery\/#website"},"primaryImageOfPage":{"@id":"https:\/\/aogosto.com.br\/delivery\/product\/super-drink-itts-lata-r-890-cada\/#primaryimage"},"image":{"@id":"https:\/\/aogosto.com.br\/delivery\/product\/super-drink-itts-lata-r-890-cada\/#primaryimage"},"thumbnailUrl":"https:\/\/aogosto.com.br\/delivery\/wp-content\/uploads\/2024\/05\/Design-sem-nome.jpg","datePublished":"2024-05-06T18:25:22+00:00","dateModified":"2026-04-05T12:39:54+00:00","breadcrumb":{"@id":"https:\/\/aogosto.com.br\/delivery\/product\/super-drink-itts-lata-r-890-cada\/#breadcrumb"},"inLanguage":"pt-BR","potentialAction":[{"@type":"ReadAction","target":["https:\/\/aogosto.com.br\/delivery\/product\/super-drink-itts-lata-r-890-cada\/"]}]},{"@type":"ImageObject","inLanguage":"pt-BR","@id":"https:\/\/aogosto.com.br\/delivery\/product\/super-drink-itts-lata-r-890-cada\/#primaryimage","url":"https:\/\/aogosto.com.br\/delivery\/wp-content\/uploads\/2024\/05\/Design-sem-nome.jpg","contentUrl":"https:\/\/aogosto.com.br\/delivery\/wp-content\/uploads\/2024\/05\/Design-sem-nome.jpg","width":1080,"height":1080},{"@type":"BreadcrumbList","@id":"https:\/\/aogosto.com.br\/delivery\/product\/super-drink-itts-lata-r-890-cada\/#breadcrumb","itemListElement":[{"@type":"ListItem","position":1,"name":"In\u00edcio","item":"https:\/\/aogosto.com.br\/delivery\/"},{"@type":"ListItem","position":2,"name":"Shop","item":"https:\/\/aogosto.com.br\/delivery\/loja\/"},{"@type":"ListItem","position":3,"name":"Super Drink ITTS &#8211; Lata | R$: 8,90 (cada)"}]},{"@type":"WebSite","@id":"https:\/\/aogosto.com.br\/delivery\/#website","url":"https:\/\/aogosto.com.br\/delivery\/","name":"Ao Gosto Carnes","description":"Fa\u00e7a o seu pedido on-line!","potentialAction":[{"@type":"SearchAction","target":{"@type":"EntryPoint","urlTemplate":"https:\/\/aogosto.com.br\/delivery\/?s={search_term_string}"},"query-input":{"@type":"PropertyValueSpecification","valueRequired":true,"valueName":"search_term_string"}}],"inLanguage":"pt-BR"}]}},"_links":{"self":[{"href":"https:\/\/aogosto.com.br\/delivery\/wp-json\/wp\/v2\/product\/83333","targetHints":{"allow":["GET"]}}],"collection":[{"href":"https:\/\/aogosto.com.br\/delivery\/wp-json\/wp\/v2\/product"}],"about":[{"href":"https:\/\/aogosto.com.br\/delivery\/wp-json\/wp\/v2\/types\/product"}],"replies":[{"embeddable":true,"href":"https:\/\/aogosto.com.br\/delivery\/wp-json\/wp\/v2\/comments?post=83333"}],"version-history":[{"count":1,"href":"https:\/\/aogosto.com.br\/delivery\/wp-json\/wp\/v2\/product\/83333\/revisions"}],"predecessor-version":[{"id":151403,"href":"https:\/\/aogosto.com.br\/delivery\/wp-json\/wp\/v2\/product\/83333\/revisions\/151403"}],"wp:featuredmedia":[{"embeddable":true,"href":"https:\/\/aogosto.com.br\/delivery\/wp-json\/wp\/v2\/media\/83338"}],"wp:attachment":[{"href":"https:\/\/aogosto.com.br\/delivery\/wp-json\/wp\/v2\/media?parent=83333"}],"wp:term":[{"taxonomy":"product_brand","embeddable":true,"href":"https:\/\/aogosto.com.br\/delivery\/wp-json\/wp\/v2\/product_brand?post=83333"},{"taxonomy":"product_cat","embeddable":true,"href":"https:\/\/aogosto.com.br\/delivery\/wp-json\/wp\/v2\/product_cat?post=83333"},{"taxonomy":"product_tag","embeddable":true,"href":"https:\/\/aogosto.com.br\/delivery\/wp-json\/wp\/v2\/product_tag?post=83333"}],"curies":[{"name":"wp","href":"https:\/\/api.w.org\/{rel}","templated":true}]}}