    {"id":80702,"date":"2024-04-08T17:18:49","date_gmt":"2024-04-08T20:18:49","guid":{"rendered":"https:\/\/aogosto.com.br\/delivery\/?post_type=product&#038;p=80702"},"modified":"2026-04-11T11:11:38","modified_gmt":"2026-04-11T14:11:38","slug":"hamburger-de-fraldinha-maturatta-r-390-pct-congelado","status":"publish","type":"product","link":"https:\/\/aogosto.com.br\/delivery\/product\/hamburger-de-fraldinha-maturatta-r-390-pct-congelado\/","title":{"rendered":"Carpaccio Angus | Cara Preta &#8211; (pacote)"},"content":{"rendered":"","protected":false},"excerpt":{"rendered":"<p>&nbsp;<\/p>\n<p>O carpaccio \u00e9 uma carne crua cortada em fatias finas, comumente consumido como aperitivo ou antepasto. \u00c9 muito saboroso e ideal para momentos de descontra\u00e7\u00e3o entre amigos ou como uma entrada para jantares mais sofisticados. Por ser consumido cru, deve ser preparado com carne de alta qualidade, n\u00e3o podendo ser deixado em temperatura ambiente por muito tempo, tamb\u00e9m \u00e9 recomendado que seja consumido em no m\u00e1ximo 3 dias ap\u00f3s o descongelamento.<\/p>\n<p>Carpaccio de Lagarto Angus<\/p>\n<p>Peso da Embalagem: <strong><em>0,200 gr<\/em><\/strong><\/p>\n<p>*PRODUTO CONGELADO*<\/p>\n<p>&nbsp;<\/p>\n","protected":false},"featured_media":81042,"comment_status":"open","ping_status":"closed","template":"","meta":[],"product_brand":[],"product_cat":[246,34,244,248],"product_tag":[],"class_list":{"0":"post-80702","1":"product","2":"type-product","3":"status-publish","4":"has-post-thumbnail","6":"product_cat-angus","7":"product_cat-boi","8":"product_cat-cortes-gourmet","9":"product_cat-cortes-magros","11":"first","12":"instock","13":"sold-individually","14":"shipping-taxable","15":"purchasable","16":"product-type-simple"},"yoast_head":"<!-- This site is optimized with the Yoast SEO plugin v27.2 - https:\/\/yoast.com\/product\/yoast-seo-wordpress\/ -->\n<title>Carpaccio Angus | Cara Preta - (pacote) | Ao Gosto Carnes<\/title>\n<meta name=\"robots\" content=\"index, follow, max-snippet:-1, max-image-preview:large, max-video-preview:-1\" \/>\n<link rel=\"canonical\" href=\"https:\/\/aogosto.com.br\/delivery\/product\/hamburger-de-fraldinha-maturatta-r-390-pct-congelado\/\" \/>\n<meta property=\"og:locale\" content=\"pt_BR\" \/>\n<meta property=\"og:type\" content=\"article\" \/>\n<meta property=\"og:title\" content=\"Carpaccio Angus | Cara Preta - (pacote) | Ao Gosto Carnes\" \/>\n<meta property=\"og:description\" content=\"&nbsp;  O carpaccio \u00e9 uma carne crua cortada em fatias finas, comumente consumido como aperitivo ou antepasto. \u00c9 muito saboroso e ideal para momentos de descontra\u00e7\u00e3o entre amigos ou como uma entrada para jantares mais sofisticados. Por ser consumido cru, deve ser preparado com carne de alta qualidade, n\u00e3o podendo ser deixado em temperatura ambiente por muito tempo, tamb\u00e9m \u00e9 recomendado que seja consumido em no m\u00e1ximo 3 dias ap\u00f3s o descongelamento.  Carpaccio de Lagarto Angus  Peso da Embalagem: 0,200 gr  *PRODUTO CONGELADO*  &nbsp;\" \/>\n<meta property=\"og:url\" content=\"https:\/\/aogosto.com.br\/delivery\/product\/hamburger-de-fraldinha-maturatta-r-390-pct-congelado\/\" \/>\n<meta property=\"og:site_name\" content=\"Ao Gosto Carnes\" \/>\n<meta property=\"article:publisher\" content=\"https:\/\/facebook.com.br\/aogostocarnesnobres\" \/>\n<meta property=\"article:modified_time\" content=\"2026-04-11T14:11:38+00:00\" \/>\n<meta property=\"og:image\" content=\"https:\/\/aogosto.com.br\/delivery\/wp-content\/uploads\/2024\/04\/Design-sem-nome-2024-04-11T122230.941.jpg\" \/>\n\t<meta property=\"og:image:width\" content=\"1080\" \/>\n\t<meta property=\"og:image:height\" content=\"1080\" \/>\n\t<meta property=\"og:image:type\" content=\"image\/jpeg\" \/>\n<meta name=\"twitter:card\" content=\"summary_large_image\" \/>\n<meta name=\"twitter:label1\" content=\"Est. tempo de leitura\" \/>\n\t<meta name=\"twitter:data1\" content=\"1 minuto\" \/>\n<script type=\"application\/ld+json\" class=\"yoast-schema-graph\">{\"@context\":\"https:\/\/schema.org\",\"@graph\":[{\"@type\":\"WebPage\",\"@id\":\"https:\/\/aogosto.com.br\/delivery\/product\/hamburger-de-fraldinha-maturatta-r-390-pct-congelado\/\",\"url\":\"https:\/\/aogosto.com.br\/delivery\/product\/hamburger-de-fraldinha-maturatta-r-390-pct-congelado\/\",\"name\":\"Carpaccio Angus | Cara Preta - (pacote) | Ao Gosto Carnes\",\"isPartOf\":{\"@id\":\"https:\/\/aogosto.com.br\/delivery\/#website\"},\"primaryImageOfPage\":{\"@id\":\"https:\/\/aogosto.com.br\/delivery\/product\/hamburger-de-fraldinha-maturatta-r-390-pct-congelado\/#primaryimage\"},\"image\":{\"@id\":\"https:\/\/aogosto.com.br\/delivery\/product\/hamburger-de-fraldinha-maturatta-r-390-pct-congelado\/#primaryimage\"},\"thumbnailUrl\":\"https:\/\/aogosto.com.br\/delivery\/wp-content\/uploads\/2024\/04\/Design-sem-nome-2024-04-11T122230.941.jpg\",\"datePublished\":\"2024-04-08T20:18:49+00:00\",\"dateModified\":\"2026-04-11T14:11:38+00:00\",\"breadcrumb\":{\"@id\":\"https:\/\/aogosto.com.br\/delivery\/product\/hamburger-de-fraldinha-maturatta-r-390-pct-congelado\/#breadcrumb\"},\"inLanguage\":\"pt-BR\",\"potentialAction\":[{\"@type\":\"ReadAction\",\"target\":[\"https:\/\/aogosto.com.br\/delivery\/product\/hamburger-de-fraldinha-maturatta-r-390-pct-congelado\/\"]}]},{\"@type\":\"ImageObject\",\"inLanguage\":\"pt-BR\",\"@id\":\"https:\/\/aogosto.com.br\/delivery\/product\/hamburger-de-fraldinha-maturatta-r-390-pct-congelado\/#primaryimage\",\"url\":\"https:\/\/aogosto.com.br\/delivery\/wp-content\/uploads\/2024\/04\/Design-sem-nome-2024-04-11T122230.941.jpg\",\"contentUrl\":\"https:\/\/aogosto.com.br\/delivery\/wp-content\/uploads\/2024\/04\/Design-sem-nome-2024-04-11T122230.941.jpg\",\"width\":1080,\"height\":1080},{\"@type\":\"BreadcrumbList\",\"@id\":\"https:\/\/aogosto.com.br\/delivery\/product\/hamburger-de-fraldinha-maturatta-r-390-pct-congelado\/#breadcrumb\",\"itemListElement\":[{\"@type\":\"ListItem\",\"position\":1,\"name\":\"In\u00edcio\",\"item\":\"https:\/\/aogosto.com.br\/delivery\/\"},{\"@type\":\"ListItem\",\"position\":2,\"name\":\"Shop\",\"item\":\"https:\/\/aogosto.com.br\/delivery\/loja\/\"},{\"@type\":\"ListItem\",\"position\":3,\"name\":\"Carpaccio Angus | Cara Preta &#8211; (pacote)\"}]},{\"@type\":\"WebSite\",\"@id\":\"https:\/\/aogosto.com.br\/delivery\/#website\",\"url\":\"https:\/\/aogosto.com.br\/delivery\/\",\"name\":\"Ao Gosto Carnes\",\"description\":\"Fa\u00e7a o seu pedido on-line!\",\"potentialAction\":[{\"@type\":\"SearchAction\",\"target\":{\"@type\":\"EntryPoint\",\"urlTemplate\":\"https:\/\/aogosto.com.br\/delivery\/?s={search_term_string}\"},\"query-input\":{\"@type\":\"PropertyValueSpecification\",\"valueRequired\":true,\"valueName\":\"search_term_string\"}}],\"inLanguage\":\"pt-BR\"}]}<\/script>\n<!-- \/ Yoast SEO plugin. -->","yoast_head_json":{"title":"Carpaccio Angus | Cara Preta - (pacote) | Ao Gosto Carnes","robots":{"index":"index","follow":"follow","max-snippet":"max-snippet:-1","max-image-preview":"max-image-preview:large","max-video-preview":"max-video-preview:-1"},"canonical":"https:\/\/aogosto.com.br\/delivery\/product\/hamburger-de-fraldinha-maturatta-r-390-pct-congelado\/","og_locale":"pt_BR","og_type":"article","og_title":"Carpaccio Angus | Cara Preta - (pacote) | Ao Gosto Carnes","og_description":"&nbsp;  O carpaccio \u00e9 uma carne crua cortada em fatias finas, comumente consumido como aperitivo ou antepasto. \u00c9 muito saboroso e ideal para momentos de descontra\u00e7\u00e3o entre amigos ou como uma entrada para jantares mais sofisticados. Por ser consumido cru, deve ser preparado com carne de alta qualidade, n\u00e3o podendo ser deixado em temperatura ambiente por muito tempo, tamb\u00e9m \u00e9 recomendado que seja consumido em no m\u00e1ximo 3 dias ap\u00f3s o descongelamento.  Carpaccio de Lagarto Angus  Peso da Embalagem: 0,200 gr  *PRODUTO CONGELADO*  &nbsp;","og_url":"https:\/\/aogosto.com.br\/delivery\/product\/hamburger-de-fraldinha-maturatta-r-390-pct-congelado\/","og_site_name":"Ao Gosto Carnes","article_publisher":"https:\/\/facebook.com.br\/aogostocarnesnobres","article_modified_time":"2026-04-11T14:11:38+00:00","og_image":[{"width":1080,"height":1080,"url":"https:\/\/aogosto.com.br\/delivery\/wp-content\/uploads\/2024\/04\/Design-sem-nome-2024-04-11T122230.941.jpg","type":"image\/jpeg"}],"twitter_card":"summary_large_image","twitter_misc":{"Est. tempo de leitura":"1 minuto"},"schema":{"@context":"https:\/\/schema.org","@graph":[{"@type":"WebPage","@id":"https:\/\/aogosto.com.br\/delivery\/product\/hamburger-de-fraldinha-maturatta-r-390-pct-congelado\/","url":"https:\/\/aogosto.com.br\/delivery\/product\/hamburger-de-fraldinha-maturatta-r-390-pct-congelado\/","name":"Carpaccio Angus | Cara Preta - (pacote) | Ao Gosto Carnes","isPartOf":{"@id":"https:\/\/aogosto.com.br\/delivery\/#website"},"primaryImageOfPage":{"@id":"https:\/\/aogosto.com.br\/delivery\/product\/hamburger-de-fraldinha-maturatta-r-390-pct-congelado\/#primaryimage"},"image":{"@id":"https:\/\/aogosto.com.br\/delivery\/product\/hamburger-de-fraldinha-maturatta-r-390-pct-congelado\/#primaryimage"},"thumbnailUrl":"https:\/\/aogosto.com.br\/delivery\/wp-content\/uploads\/2024\/04\/Design-sem-nome-2024-04-11T122230.941.jpg","datePublished":"2024-04-08T20:18:49+00:00","dateModified":"2026-04-11T14:11:38+00:00","breadcrumb":{"@id":"https:\/\/aogosto.com.br\/delivery\/product\/hamburger-de-fraldinha-maturatta-r-390-pct-congelado\/#breadcrumb"},"inLanguage":"pt-BR","potentialAction":[{"@type":"ReadAction","target":["https:\/\/aogosto.com.br\/delivery\/product\/hamburger-de-fraldinha-maturatta-r-390-pct-congelado\/"]}]},{"@type":"ImageObject","inLanguage":"pt-BR","@id":"https:\/\/aogosto.com.br\/delivery\/product\/hamburger-de-fraldinha-maturatta-r-390-pct-congelado\/#primaryimage","url":"https:\/\/aogosto.com.br\/delivery\/wp-content\/uploads\/2024\/04\/Design-sem-nome-2024-04-11T122230.941.jpg","contentUrl":"https:\/\/aogosto.com.br\/delivery\/wp-content\/uploads\/2024\/04\/Design-sem-nome-2024-04-11T122230.941.jpg","width":1080,"height":1080},{"@type":"BreadcrumbList","@id":"https:\/\/aogosto.com.br\/delivery\/product\/hamburger-de-fraldinha-maturatta-r-390-pct-congelado\/#breadcrumb","itemListElement":[{"@type":"ListItem","position":1,"name":"In\u00edcio","item":"https:\/\/aogosto.com.br\/delivery\/"},{"@type":"ListItem","position":2,"name":"Shop","item":"https:\/\/aogosto.com.br\/delivery\/loja\/"},{"@type":"ListItem","position":3,"name":"Carpaccio Angus | Cara Preta &#8211; (pacote)"}]},{"@type":"WebSite","@id":"https:\/\/aogosto.com.br\/delivery\/#website","url":"https:\/\/aogosto.com.br\/delivery\/","name":"Ao Gosto Carnes","description":"Fa\u00e7a o seu pedido on-line!","potentialAction":[{"@type":"SearchAction","target":{"@type":"EntryPoint","urlTemplate":"https:\/\/aogosto.com.br\/delivery\/?s={search_term_string}"},"query-input":{"@type":"PropertyValueSpecification","valueRequired":true,"valueName":"search_term_string"}}],"inLanguage":"pt-BR"}]}},"_links":{"self":[{"href":"https:\/\/aogosto.com.br\/delivery\/wp-json\/wp\/v2\/product\/80702","targetHints":{"allow":["GET"]}}],"collection":[{"href":"https:\/\/aogosto.com.br\/delivery\/wp-json\/wp\/v2\/product"}],"about":[{"href":"https:\/\/aogosto.com.br\/delivery\/wp-json\/wp\/v2\/types\/product"}],"replies":[{"embeddable":true,"href":"https:\/\/aogosto.com.br\/delivery\/wp-json\/wp\/v2\/comments?post=80702"}],"version-history":[{"count":1,"href":"https:\/\/aogosto.com.br\/delivery\/wp-json\/wp\/v2\/product\/80702\/revisions"}],"predecessor-version":[{"id":152292,"href":"https:\/\/aogosto.com.br\/delivery\/wp-json\/wp\/v2\/product\/80702\/revisions\/152292"}],"wp:featuredmedia":[{"embeddable":true,"href":"https:\/\/aogosto.com.br\/delivery\/wp-json\/wp\/v2\/media\/81042"}],"wp:attachment":[{"href":"https:\/\/aogosto.com.br\/delivery\/wp-json\/wp\/v2\/media?parent=80702"}],"wp:term":[{"taxonomy":"product_brand","embeddable":true,"href":"https:\/\/aogosto.com.br\/delivery\/wp-json\/wp\/v2\/product_brand?post=80702"},{"taxonomy":"product_cat","embeddable":true,"href":"https:\/\/aogosto.com.br\/delivery\/wp-json\/wp\/v2\/product_cat?post=80702"},{"taxonomy":"product_tag","embeddable":true,"href":"https:\/\/aogosto.com.br\/delivery\/wp-json\/wp\/v2\/product_tag?post=80702"}],"curies":[{"name":"wp","href":"https:\/\/api.w.org\/{rel}","templated":true}]}}