    {"id":77002,"date":"2024-02-29T11:48:30","date_gmt":"2024-02-29T14:48:30","guid":{"rendered":"https:\/\/aogosto.com.br\/delivery\/?post_type=product&#038;p=77002"},"modified":"2025-06-06T17:21:11","modified_gmt":"2025-06-06T20:21:11","slug":"brisket-premiun-sam-wilson-congelado","status":"publish","type":"product","link":"https:\/\/aogosto.com.br\/delivery\/product\/brisket-premiun-sam-wilson-congelado\/","title":{"rendered":"Brisket Premium | Sam Wilson"},"content":{"rendered":"","protected":false},"excerpt":{"rendered":"<p>O Brisket \u00e9 preparado a partir do peito do boi, uma regi\u00e3o que possui uma quantidade consider\u00e1vel de gordura marmorizada, o que contribui para a sucul\u00eancia e o sabor excepcionais desse corte. No entanto, a prepara\u00e7\u00e3o do brisket \u00e9 um processo de at\u00e9 12 horas, que requer paci\u00eancia e dedica\u00e7\u00e3o para alcan\u00e7ar a perfei\u00e7\u00e3o.<\/p>\n<p>Em seguida, ele e fatiado, revelando sua textura macia e suculenta.<\/p>\n<p>&nbsp;<\/p>\n<p><strong>\u2013 Informa\u00e7\u00f5es:<\/strong><\/p>\n<p>\u2013 Peito de boi bovino;<br \/>\n\u2013 Produto pronto para consumo;<br \/>\n\u2013 Produto embalado a v\u00e1cuo preservando a sucul\u00eancia e sabor;<br \/>\n\u2013 Cada pacote cont\u00e9m 300 gramas;<br \/>\n\u2013 Embalagem de pl\u00e1stico livre de Bisfenol quando aquecida;<br \/>\n\u2013 Super pr\u00e1tico, basta aquecer 5 minutos no micro-ondas ou 20 no banho-maria;<\/p>\n","protected":false},"featured_media":77004,"comment_status":"open","ping_status":"closed","template":"","meta":[],"product_brand":[],"product_cat":[34,244],"product_tag":[],"class_list":{"0":"post-77002","1":"product","2":"type-product","3":"status-publish","4":"has-post-thumbnail","6":"product_cat-boi","7":"product_cat-cortes-gourmet","9":"first","10":"outofstock","11":"shipping-taxable","12":"purchasable","13":"product-type-simple"},"yoast_head":"<!-- This site is optimized with the Yoast SEO plugin v27.2 - https:\/\/yoast.com\/product\/yoast-seo-wordpress\/ -->\n<title>Brisket Premium | Sam Wilson | Ao Gosto Carnes<\/title>\n<meta name=\"robots\" content=\"index, follow, max-snippet:-1, max-image-preview:large, max-video-preview:-1\" \/>\n<link rel=\"canonical\" href=\"https:\/\/aogosto.com.br\/delivery\/product\/brisket-premiun-sam-wilson-congelado\/\" \/>\n<meta property=\"og:locale\" content=\"pt_BR\" \/>\n<meta property=\"og:type\" content=\"article\" \/>\n<meta property=\"og:title\" content=\"Brisket Premium | Sam Wilson | Ao Gosto Carnes\" \/>\n<meta property=\"og:description\" content=\"O Brisket \u00e9 preparado a partir do peito do boi, uma regi\u00e3o que possui uma quantidade consider\u00e1vel de gordura marmorizada, o que contribui para a sucul\u00eancia e o sabor excepcionais desse corte. No entanto, a prepara\u00e7\u00e3o do brisket \u00e9 um processo de at\u00e9 12 horas, que requer paci\u00eancia e dedica\u00e7\u00e3o para alcan\u00e7ar a perfei\u00e7\u00e3o.  Em seguida, ele e fatiado, revelando sua textura macia e suculenta.  &nbsp;  \u2013 Informa\u00e7\u00f5es:  \u2013 Peito de boi bovino; \u2013 Produto pronto para consumo; \u2013 Produto embalado a v\u00e1cuo preservando a sucul\u00eancia e sabor; \u2013 Cada pacote cont\u00e9m 300 gramas; \u2013 Embalagem de pl\u00e1stico livre de Bisfenol quando aquecida; \u2013 Super pr\u00e1tico, basta aquecer 5 minutos no micro-ondas ou 20 no banho-maria;\" \/>\n<meta property=\"og:url\" content=\"https:\/\/aogosto.com.br\/delivery\/product\/brisket-premiun-sam-wilson-congelado\/\" \/>\n<meta property=\"og:site_name\" content=\"Ao Gosto Carnes\" \/>\n<meta property=\"article:publisher\" content=\"https:\/\/facebook.com.br\/aogostocarnesnobres\" \/>\n<meta property=\"article:modified_time\" content=\"2025-06-06T20:21:11+00:00\" \/>\n<meta property=\"og:image\" content=\"https:\/\/aogosto.com.br\/delivery\/wp-content\/uploads\/2024\/02\/Design-sem-nome-61.jpg\" \/>\n\t<meta property=\"og:image:width\" content=\"1080\" \/>\n\t<meta property=\"og:image:height\" content=\"1080\" \/>\n\t<meta property=\"og:image:type\" content=\"image\/jpeg\" \/>\n<meta name=\"twitter:card\" content=\"summary_large_image\" \/>\n<meta name=\"twitter:label1\" content=\"Est. tempo de leitura\" \/>\n\t<meta name=\"twitter:data1\" content=\"1 minuto\" \/>\n<script type=\"application\/ld+json\" class=\"yoast-schema-graph\">{\"@context\":\"https:\/\/schema.org\",\"@graph\":[{\"@type\":\"WebPage\",\"@id\":\"https:\/\/aogosto.com.br\/delivery\/product\/brisket-premiun-sam-wilson-congelado\/\",\"url\":\"https:\/\/aogosto.com.br\/delivery\/product\/brisket-premiun-sam-wilson-congelado\/\",\"name\":\"Brisket Premium | Sam Wilson | Ao Gosto Carnes\",\"isPartOf\":{\"@id\":\"https:\/\/aogosto.com.br\/delivery\/#website\"},\"primaryImageOfPage\":{\"@id\":\"https:\/\/aogosto.com.br\/delivery\/product\/brisket-premiun-sam-wilson-congelado\/#primaryimage\"},\"image\":{\"@id\":\"https:\/\/aogosto.com.br\/delivery\/product\/brisket-premiun-sam-wilson-congelado\/#primaryimage\"},\"thumbnailUrl\":\"https:\/\/aogosto.com.br\/delivery\/wp-content\/uploads\/2024\/02\/Design-sem-nome-61.jpg\",\"datePublished\":\"2024-02-29T14:48:30+00:00\",\"dateModified\":\"2025-06-06T20:21:11+00:00\",\"breadcrumb\":{\"@id\":\"https:\/\/aogosto.com.br\/delivery\/product\/brisket-premiun-sam-wilson-congelado\/#breadcrumb\"},\"inLanguage\":\"pt-BR\",\"potentialAction\":[{\"@type\":\"ReadAction\",\"target\":[\"https:\/\/aogosto.com.br\/delivery\/product\/brisket-premiun-sam-wilson-congelado\/\"]}]},{\"@type\":\"ImageObject\",\"inLanguage\":\"pt-BR\",\"@id\":\"https:\/\/aogosto.com.br\/delivery\/product\/brisket-premiun-sam-wilson-congelado\/#primaryimage\",\"url\":\"https:\/\/aogosto.com.br\/delivery\/wp-content\/uploads\/2024\/02\/Design-sem-nome-61.jpg\",\"contentUrl\":\"https:\/\/aogosto.com.br\/delivery\/wp-content\/uploads\/2024\/02\/Design-sem-nome-61.jpg\",\"width\":1080,\"height\":1080},{\"@type\":\"BreadcrumbList\",\"@id\":\"https:\/\/aogosto.com.br\/delivery\/product\/brisket-premiun-sam-wilson-congelado\/#breadcrumb\",\"itemListElement\":[{\"@type\":\"ListItem\",\"position\":1,\"name\":\"In\u00edcio\",\"item\":\"https:\/\/aogosto.com.br\/delivery\/\"},{\"@type\":\"ListItem\",\"position\":2,\"name\":\"Shop\",\"item\":\"https:\/\/aogosto.com.br\/delivery\/loja\/\"},{\"@type\":\"ListItem\",\"position\":3,\"name\":\"Brisket Premium | Sam Wilson\"}]},{\"@type\":\"WebSite\",\"@id\":\"https:\/\/aogosto.com.br\/delivery\/#website\",\"url\":\"https:\/\/aogosto.com.br\/delivery\/\",\"name\":\"Ao Gosto Carnes\",\"description\":\"Fa\u00e7a o seu pedido on-line!\",\"potentialAction\":[{\"@type\":\"SearchAction\",\"target\":{\"@type\":\"EntryPoint\",\"urlTemplate\":\"https:\/\/aogosto.com.br\/delivery\/?s={search_term_string}\"},\"query-input\":{\"@type\":\"PropertyValueSpecification\",\"valueRequired\":true,\"valueName\":\"search_term_string\"}}],\"inLanguage\":\"pt-BR\"}]}<\/script>\n<!-- \/ Yoast SEO plugin. -->","yoast_head_json":{"title":"Brisket Premium | Sam Wilson | Ao Gosto Carnes","robots":{"index":"index","follow":"follow","max-snippet":"max-snippet:-1","max-image-preview":"max-image-preview:large","max-video-preview":"max-video-preview:-1"},"canonical":"https:\/\/aogosto.com.br\/delivery\/product\/brisket-premiun-sam-wilson-congelado\/","og_locale":"pt_BR","og_type":"article","og_title":"Brisket Premium | Sam Wilson | Ao Gosto Carnes","og_description":"O Brisket \u00e9 preparado a partir do peito do boi, uma regi\u00e3o que possui uma quantidade consider\u00e1vel de gordura marmorizada, o que contribui para a sucul\u00eancia e o sabor excepcionais desse corte. No entanto, a prepara\u00e7\u00e3o do brisket \u00e9 um processo de at\u00e9 12 horas, que requer paci\u00eancia e dedica\u00e7\u00e3o para alcan\u00e7ar a perfei\u00e7\u00e3o.  Em seguida, ele e fatiado, revelando sua textura macia e suculenta.  &nbsp;  \u2013 Informa\u00e7\u00f5es:  \u2013 Peito de boi bovino; \u2013 Produto pronto para consumo; \u2013 Produto embalado a v\u00e1cuo preservando a sucul\u00eancia e sabor; \u2013 Cada pacote cont\u00e9m 300 gramas; \u2013 Embalagem de pl\u00e1stico livre de Bisfenol quando aquecida; \u2013 Super pr\u00e1tico, basta aquecer 5 minutos no micro-ondas ou 20 no banho-maria;","og_url":"https:\/\/aogosto.com.br\/delivery\/product\/brisket-premiun-sam-wilson-congelado\/","og_site_name":"Ao Gosto Carnes","article_publisher":"https:\/\/facebook.com.br\/aogostocarnesnobres","article_modified_time":"2025-06-06T20:21:11+00:00","og_image":[{"width":1080,"height":1080,"url":"https:\/\/aogosto.com.br\/delivery\/wp-content\/uploads\/2024\/02\/Design-sem-nome-61.jpg","type":"image\/jpeg"}],"twitter_card":"summary_large_image","twitter_misc":{"Est. tempo de leitura":"1 minuto"},"schema":{"@context":"https:\/\/schema.org","@graph":[{"@type":"WebPage","@id":"https:\/\/aogosto.com.br\/delivery\/product\/brisket-premiun-sam-wilson-congelado\/","url":"https:\/\/aogosto.com.br\/delivery\/product\/brisket-premiun-sam-wilson-congelado\/","name":"Brisket Premium | Sam Wilson | Ao Gosto Carnes","isPartOf":{"@id":"https:\/\/aogosto.com.br\/delivery\/#website"},"primaryImageOfPage":{"@id":"https:\/\/aogosto.com.br\/delivery\/product\/brisket-premiun-sam-wilson-congelado\/#primaryimage"},"image":{"@id":"https:\/\/aogosto.com.br\/delivery\/product\/brisket-premiun-sam-wilson-congelado\/#primaryimage"},"thumbnailUrl":"https:\/\/aogosto.com.br\/delivery\/wp-content\/uploads\/2024\/02\/Design-sem-nome-61.jpg","datePublished":"2024-02-29T14:48:30+00:00","dateModified":"2025-06-06T20:21:11+00:00","breadcrumb":{"@id":"https:\/\/aogosto.com.br\/delivery\/product\/brisket-premiun-sam-wilson-congelado\/#breadcrumb"},"inLanguage":"pt-BR","potentialAction":[{"@type":"ReadAction","target":["https:\/\/aogosto.com.br\/delivery\/product\/brisket-premiun-sam-wilson-congelado\/"]}]},{"@type":"ImageObject","inLanguage":"pt-BR","@id":"https:\/\/aogosto.com.br\/delivery\/product\/brisket-premiun-sam-wilson-congelado\/#primaryimage","url":"https:\/\/aogosto.com.br\/delivery\/wp-content\/uploads\/2024\/02\/Design-sem-nome-61.jpg","contentUrl":"https:\/\/aogosto.com.br\/delivery\/wp-content\/uploads\/2024\/02\/Design-sem-nome-61.jpg","width":1080,"height":1080},{"@type":"BreadcrumbList","@id":"https:\/\/aogosto.com.br\/delivery\/product\/brisket-premiun-sam-wilson-congelado\/#breadcrumb","itemListElement":[{"@type":"ListItem","position":1,"name":"In\u00edcio","item":"https:\/\/aogosto.com.br\/delivery\/"},{"@type":"ListItem","position":2,"name":"Shop","item":"https:\/\/aogosto.com.br\/delivery\/loja\/"},{"@type":"ListItem","position":3,"name":"Brisket Premium | Sam Wilson"}]},{"@type":"WebSite","@id":"https:\/\/aogosto.com.br\/delivery\/#website","url":"https:\/\/aogosto.com.br\/delivery\/","name":"Ao Gosto Carnes","description":"Fa\u00e7a o seu pedido on-line!","potentialAction":[{"@type":"SearchAction","target":{"@type":"EntryPoint","urlTemplate":"https:\/\/aogosto.com.br\/delivery\/?s={search_term_string}"},"query-input":{"@type":"PropertyValueSpecification","valueRequired":true,"valueName":"search_term_string"}}],"inLanguage":"pt-BR"}]}},"_links":{"self":[{"href":"https:\/\/aogosto.com.br\/delivery\/wp-json\/wp\/v2\/product\/77002","targetHints":{"allow":["GET"]}}],"collection":[{"href":"https:\/\/aogosto.com.br\/delivery\/wp-json\/wp\/v2\/product"}],"about":[{"href":"https:\/\/aogosto.com.br\/delivery\/wp-json\/wp\/v2\/types\/product"}],"replies":[{"embeddable":true,"href":"https:\/\/aogosto.com.br\/delivery\/wp-json\/wp\/v2\/comments?post=77002"}],"version-history":[{"count":0,"href":"https:\/\/aogosto.com.br\/delivery\/wp-json\/wp\/v2\/product\/77002\/revisions"}],"wp:featuredmedia":[{"embeddable":true,"href":"https:\/\/aogosto.com.br\/delivery\/wp-json\/wp\/v2\/media\/77004"}],"wp:attachment":[{"href":"https:\/\/aogosto.com.br\/delivery\/wp-json\/wp\/v2\/media?parent=77002"}],"wp:term":[{"taxonomy":"product_brand","embeddable":true,"href":"https:\/\/aogosto.com.br\/delivery\/wp-json\/wp\/v2\/product_brand?post=77002"},{"taxonomy":"product_cat","embeddable":true,"href":"https:\/\/aogosto.com.br\/delivery\/wp-json\/wp\/v2\/product_cat?post=77002"},{"taxonomy":"product_tag","embeddable":true,"href":"https:\/\/aogosto.com.br\/delivery\/wp-json\/wp\/v2\/product_tag?post=77002"}],"curies":[{"name":"wp","href":"https:\/\/api.w.org\/{rel}","templated":true}]}}