    {"id":76517,"date":"2024-02-23T14:01:10","date_gmt":"2024-02-23T17:01:10","guid":{"rendered":"https:\/\/aogosto.com.br\/delivery\/?post_type=product&#038;p=76517"},"modified":"2026-04-05T09:39:55","modified_gmt":"2026-04-05T12:39:55","slug":"gin-yvy-lata-710-ml","status":"publish","type":"product","link":"https:\/\/aogosto.com.br\/delivery\/product\/gin-yvy-lata-710-ml\/","title":{"rendered":"Gin YVY- Lata 710 ml"},"content":{"rendered":"","protected":false},"excerpt":{"rendered":"<p>Lata &#8211; 710 ml<\/p>\n<p>Gin Seco &#8211; Cl\u00e1ssico<\/p>\n<p>O sabor e o aroma do zimbro misturado a especiarias como a canela, o cardamomo e a noz-moscada se equilibram com o frescor e a paladar c\u00edtrico do lim\u00e3o-siciliano e da laranja. Para finalizar, a am\u00eandoa se junta com a alga kombu, trazendo corpo e viscosidade ao destilado.<\/p>\n<p>YVY MAR j\u00e1 \u00e9 um cl\u00e1ssico. \u00c9 um gin seco, equilibrado e vibrante. Sua complexidade sensorial e riqueza de ingredientes s\u00e3o capazes de elevar drinks como Negroni, G&amp;T, Dry Martini e tantos outros.<\/p>\n<p>&nbsp;<\/p>\n<p>*Bebida Alcoolica *<\/p>\n","protected":false},"featured_media":76518,"comment_status":"open","ping_status":"closed","template":"","meta":[],"product_brand":[],"product_cat":[69,376],"product_tag":[],"class_list":{"0":"post-76517","1":"product","2":"type-product","3":"status-publish","4":"has-post-thumbnail","6":"product_cat-bebidas","7":"product_cat-destilados","9":"first","10":"outofstock","11":"sale","12":"shipping-taxable","13":"purchasable","14":"product-type-simple"},"yoast_head":"<!-- This site is optimized with the Yoast SEO plugin v27.2 - https:\/\/yoast.com\/product\/yoast-seo-wordpress\/ -->\n<title>Gin YVY- Lata 710 ml | Ao Gosto Carnes<\/title>\n<meta name=\"robots\" content=\"index, follow, max-snippet:-1, max-image-preview:large, max-video-preview:-1\" \/>\n<link rel=\"canonical\" href=\"https:\/\/aogosto.com.br\/delivery\/product\/gin-yvy-lata-710-ml\/\" \/>\n<meta property=\"og:locale\" content=\"pt_BR\" \/>\n<meta property=\"og:type\" content=\"article\" \/>\n<meta property=\"og:title\" content=\"Gin YVY- Lata 710 ml | Ao Gosto Carnes\" \/>\n<meta property=\"og:description\" content=\"Lata - 710 ml  Gin Seco - Cl\u00e1ssico  O sabor e o aroma do zimbro misturado a especiarias como a canela, o cardamomo e a noz-moscada se equilibram com o frescor e a paladar c\u00edtrico do lim\u00e3o-siciliano e da laranja. Para finalizar, a am\u00eandoa se junta com a alga kombu, trazendo corpo e viscosidade ao destilado.  YVY MAR j\u00e1 \u00e9 um cl\u00e1ssico. \u00c9 um gin seco, equilibrado e vibrante. Sua complexidade sensorial e riqueza de ingredientes s\u00e3o capazes de elevar drinks como Negroni, G&amp;T, Dry Martini e tantos outros.  &nbsp;  *Bebida Alcoolica *\" \/>\n<meta property=\"og:url\" content=\"https:\/\/aogosto.com.br\/delivery\/product\/gin-yvy-lata-710-ml\/\" \/>\n<meta property=\"og:site_name\" content=\"Ao Gosto Carnes\" \/>\n<meta property=\"article:publisher\" content=\"https:\/\/facebook.com.br\/aogostocarnesnobres\" \/>\n<meta property=\"article:modified_time\" content=\"2026-04-05T12:39:55+00:00\" \/>\n<meta property=\"og:image\" content=\"https:\/\/aogosto.com.br\/delivery\/wp-content\/uploads\/2024\/02\/Design-sem-nome-56.jpg\" \/>\n\t<meta property=\"og:image:width\" content=\"1080\" \/>\n\t<meta property=\"og:image:height\" content=\"1080\" \/>\n\t<meta property=\"og:image:type\" content=\"image\/jpeg\" \/>\n<meta name=\"twitter:card\" content=\"summary_large_image\" \/>\n<script type=\"application\/ld+json\" class=\"yoast-schema-graph\">{\"@context\":\"https:\/\/schema.org\",\"@graph\":[{\"@type\":\"WebPage\",\"@id\":\"https:\/\/aogosto.com.br\/delivery\/product\/gin-yvy-lata-710-ml\/\",\"url\":\"https:\/\/aogosto.com.br\/delivery\/product\/gin-yvy-lata-710-ml\/\",\"name\":\"Gin YVY- Lata 710 ml | Ao Gosto Carnes\",\"isPartOf\":{\"@id\":\"https:\/\/aogosto.com.br\/delivery\/#website\"},\"primaryImageOfPage\":{\"@id\":\"https:\/\/aogosto.com.br\/delivery\/product\/gin-yvy-lata-710-ml\/#primaryimage\"},\"image\":{\"@id\":\"https:\/\/aogosto.com.br\/delivery\/product\/gin-yvy-lata-710-ml\/#primaryimage\"},\"thumbnailUrl\":\"https:\/\/aogosto.com.br\/delivery\/wp-content\/uploads\/2024\/02\/Design-sem-nome-56.jpg\",\"datePublished\":\"2024-02-23T17:01:10+00:00\",\"dateModified\":\"2026-04-05T12:39:55+00:00\",\"breadcrumb\":{\"@id\":\"https:\/\/aogosto.com.br\/delivery\/product\/gin-yvy-lata-710-ml\/#breadcrumb\"},\"inLanguage\":\"pt-BR\",\"potentialAction\":[{\"@type\":\"ReadAction\",\"target\":[\"https:\/\/aogosto.com.br\/delivery\/product\/gin-yvy-lata-710-ml\/\"]}]},{\"@type\":\"ImageObject\",\"inLanguage\":\"pt-BR\",\"@id\":\"https:\/\/aogosto.com.br\/delivery\/product\/gin-yvy-lata-710-ml\/#primaryimage\",\"url\":\"https:\/\/aogosto.com.br\/delivery\/wp-content\/uploads\/2024\/02\/Design-sem-nome-56.jpg\",\"contentUrl\":\"https:\/\/aogosto.com.br\/delivery\/wp-content\/uploads\/2024\/02\/Design-sem-nome-56.jpg\",\"width\":1080,\"height\":1080},{\"@type\":\"BreadcrumbList\",\"@id\":\"https:\/\/aogosto.com.br\/delivery\/product\/gin-yvy-lata-710-ml\/#breadcrumb\",\"itemListElement\":[{\"@type\":\"ListItem\",\"position\":1,\"name\":\"In\u00edcio\",\"item\":\"https:\/\/aogosto.com.br\/delivery\/\"},{\"@type\":\"ListItem\",\"position\":2,\"name\":\"Shop\",\"item\":\"https:\/\/aogosto.com.br\/delivery\/loja\/\"},{\"@type\":\"ListItem\",\"position\":3,\"name\":\"Gin YVY- Lata 710 ml\"}]},{\"@type\":\"WebSite\",\"@id\":\"https:\/\/aogosto.com.br\/delivery\/#website\",\"url\":\"https:\/\/aogosto.com.br\/delivery\/\",\"name\":\"Ao Gosto Carnes\",\"description\":\"Fa\u00e7a o seu pedido on-line!\",\"potentialAction\":[{\"@type\":\"SearchAction\",\"target\":{\"@type\":\"EntryPoint\",\"urlTemplate\":\"https:\/\/aogosto.com.br\/delivery\/?s={search_term_string}\"},\"query-input\":{\"@type\":\"PropertyValueSpecification\",\"valueRequired\":true,\"valueName\":\"search_term_string\"}}],\"inLanguage\":\"pt-BR\"}]}<\/script>\n<!-- \/ Yoast SEO plugin. -->","yoast_head_json":{"title":"Gin YVY- Lata 710 ml | Ao Gosto Carnes","robots":{"index":"index","follow":"follow","max-snippet":"max-snippet:-1","max-image-preview":"max-image-preview:large","max-video-preview":"max-video-preview:-1"},"canonical":"https:\/\/aogosto.com.br\/delivery\/product\/gin-yvy-lata-710-ml\/","og_locale":"pt_BR","og_type":"article","og_title":"Gin YVY- Lata 710 ml | Ao Gosto Carnes","og_description":"Lata - 710 ml  Gin Seco - Cl\u00e1ssico  O sabor e o aroma do zimbro misturado a especiarias como a canela, o cardamomo e a noz-moscada se equilibram com o frescor e a paladar c\u00edtrico do lim\u00e3o-siciliano e da laranja. Para finalizar, a am\u00eandoa se junta com a alga kombu, trazendo corpo e viscosidade ao destilado.  YVY MAR j\u00e1 \u00e9 um cl\u00e1ssico. \u00c9 um gin seco, equilibrado e vibrante. Sua complexidade sensorial e riqueza de ingredientes s\u00e3o capazes de elevar drinks como Negroni, G&amp;T, Dry Martini e tantos outros.  &nbsp;  *Bebida Alcoolica *","og_url":"https:\/\/aogosto.com.br\/delivery\/product\/gin-yvy-lata-710-ml\/","og_site_name":"Ao Gosto Carnes","article_publisher":"https:\/\/facebook.com.br\/aogostocarnesnobres","article_modified_time":"2026-04-05T12:39:55+00:00","og_image":[{"width":1080,"height":1080,"url":"https:\/\/aogosto.com.br\/delivery\/wp-content\/uploads\/2024\/02\/Design-sem-nome-56.jpg","type":"image\/jpeg"}],"twitter_card":"summary_large_image","schema":{"@context":"https:\/\/schema.org","@graph":[{"@type":"WebPage","@id":"https:\/\/aogosto.com.br\/delivery\/product\/gin-yvy-lata-710-ml\/","url":"https:\/\/aogosto.com.br\/delivery\/product\/gin-yvy-lata-710-ml\/","name":"Gin YVY- Lata 710 ml | Ao Gosto Carnes","isPartOf":{"@id":"https:\/\/aogosto.com.br\/delivery\/#website"},"primaryImageOfPage":{"@id":"https:\/\/aogosto.com.br\/delivery\/product\/gin-yvy-lata-710-ml\/#primaryimage"},"image":{"@id":"https:\/\/aogosto.com.br\/delivery\/product\/gin-yvy-lata-710-ml\/#primaryimage"},"thumbnailUrl":"https:\/\/aogosto.com.br\/delivery\/wp-content\/uploads\/2024\/02\/Design-sem-nome-56.jpg","datePublished":"2024-02-23T17:01:10+00:00","dateModified":"2026-04-05T12:39:55+00:00","breadcrumb":{"@id":"https:\/\/aogosto.com.br\/delivery\/product\/gin-yvy-lata-710-ml\/#breadcrumb"},"inLanguage":"pt-BR","potentialAction":[{"@type":"ReadAction","target":["https:\/\/aogosto.com.br\/delivery\/product\/gin-yvy-lata-710-ml\/"]}]},{"@type":"ImageObject","inLanguage":"pt-BR","@id":"https:\/\/aogosto.com.br\/delivery\/product\/gin-yvy-lata-710-ml\/#primaryimage","url":"https:\/\/aogosto.com.br\/delivery\/wp-content\/uploads\/2024\/02\/Design-sem-nome-56.jpg","contentUrl":"https:\/\/aogosto.com.br\/delivery\/wp-content\/uploads\/2024\/02\/Design-sem-nome-56.jpg","width":1080,"height":1080},{"@type":"BreadcrumbList","@id":"https:\/\/aogosto.com.br\/delivery\/product\/gin-yvy-lata-710-ml\/#breadcrumb","itemListElement":[{"@type":"ListItem","position":1,"name":"In\u00edcio","item":"https:\/\/aogosto.com.br\/delivery\/"},{"@type":"ListItem","position":2,"name":"Shop","item":"https:\/\/aogosto.com.br\/delivery\/loja\/"},{"@type":"ListItem","position":3,"name":"Gin YVY- Lata 710 ml"}]},{"@type":"WebSite","@id":"https:\/\/aogosto.com.br\/delivery\/#website","url":"https:\/\/aogosto.com.br\/delivery\/","name":"Ao Gosto Carnes","description":"Fa\u00e7a o seu pedido on-line!","potentialAction":[{"@type":"SearchAction","target":{"@type":"EntryPoint","urlTemplate":"https:\/\/aogosto.com.br\/delivery\/?s={search_term_string}"},"query-input":{"@type":"PropertyValueSpecification","valueRequired":true,"valueName":"search_term_string"}}],"inLanguage":"pt-BR"}]}},"_links":{"self":[{"href":"https:\/\/aogosto.com.br\/delivery\/wp-json\/wp\/v2\/product\/76517","targetHints":{"allow":["GET"]}}],"collection":[{"href":"https:\/\/aogosto.com.br\/delivery\/wp-json\/wp\/v2\/product"}],"about":[{"href":"https:\/\/aogosto.com.br\/delivery\/wp-json\/wp\/v2\/types\/product"}],"replies":[{"embeddable":true,"href":"https:\/\/aogosto.com.br\/delivery\/wp-json\/wp\/v2\/comments?post=76517"}],"version-history":[{"count":1,"href":"https:\/\/aogosto.com.br\/delivery\/wp-json\/wp\/v2\/product\/76517\/revisions"}],"predecessor-version":[{"id":151404,"href":"https:\/\/aogosto.com.br\/delivery\/wp-json\/wp\/v2\/product\/76517\/revisions\/151404"}],"wp:featuredmedia":[{"embeddable":true,"href":"https:\/\/aogosto.com.br\/delivery\/wp-json\/wp\/v2\/media\/76518"}],"wp:attachment":[{"href":"https:\/\/aogosto.com.br\/delivery\/wp-json\/wp\/v2\/media?parent=76517"}],"wp:term":[{"taxonomy":"product_brand","embeddable":true,"href":"https:\/\/aogosto.com.br\/delivery\/wp-json\/wp\/v2\/product_brand?post=76517"},{"taxonomy":"product_cat","embeddable":true,"href":"https:\/\/aogosto.com.br\/delivery\/wp-json\/wp\/v2\/product_cat?post=76517"},{"taxonomy":"product_tag","embeddable":true,"href":"https:\/\/aogosto.com.br\/delivery\/wp-json\/wp\/v2\/product_tag?post=76517"}],"curies":[{"name":"wp","href":"https:\/\/api.w.org\/{rel}","templated":true}]}}