    {"id":75028,"date":"2024-02-07T11:18:18","date_gmt":"2024-02-07T14:18:18","guid":{"rendered":"https:\/\/aogosto.com.br\/delivery\/?post_type=product&#038;p=75028"},"modified":"2026-04-05T09:39:57","modified_gmt":"2026-04-05T12:39:57","slug":"bebida-venm-laut-r-790-lata","status":"publish","type":"product","link":"https:\/\/aogosto.com.br\/delivery\/product\/bebida-venm-laut-r-790-lata\/","title":{"rendered":"Bebida VENM (La\u00fct)  | R$: 6,90 lata"},"content":{"rendered":"","protected":false},"excerpt":{"rendered":"<p>Apresentamos &#8220;Venm&#8221;, a ep\u00edtome da inova\u00e7\u00e3o em drinks, nascida da colabora\u00e7\u00e3o entre a cervejaria L\u00e4ut Beer e A Equilibrista. Esta bebida alco\u00f3lica mista captura a ess\u00eancia do ver\u00e3o em uma garrafa, combinando a sofistica\u00e7\u00e3o do gin com a frescura da tangerina, o aroma do manjeric\u00e3o e o toque vibrante do capim lim\u00e3o.<\/p>\n<p>Refrescante e irresistivelmente saborosa, &#8220;Venm&#8221; \u00e9 o seu novo drink preferido, pronto para ser desfrutado em qualquer momento. Com um ABV de 7,9%, este drink promete elevar suas experi\u00eancias a outro n\u00edvel, tornando-se o protagonista de momentos inesquec\u00edveis.<\/p>\n<p><strong>Sugest\u00e3o de Consumo:<\/strong>\u00a0Para desfrutar plenamente da complexidade de sabores de &#8220;Venm&#8221;, sirva bem gelado, em um copo apropriado que permita apreciar seus aromas distintos. Perfeito para ser saboreado puro, sobre gelo, ou como parte de coquet\u00e9is criativos, adicionando uma dimens\u00e3o extra a bebidas cl\u00e1ssicas.<\/p>\n<p>GIN, TANGERINA,MANJERIAO, CAPIM LIM\u00c3O<\/p>\n<p>Lata: 355 ml<\/p>\n<p>7,9% vol. alc<\/p>\n<p>*BEBIDA\u00a0 ALCOOLICA *<\/p>\n<p>&nbsp;<\/p>\n","protected":false},"featured_media":75029,"comment_status":"open","ping_status":"closed","template":"","meta":[],"product_brand":[],"product_cat":[69,376],"product_tag":[],"class_list":{"0":"post-75028","1":"product","2":"type-product","3":"status-publish","4":"has-post-thumbnail","6":"product_cat-bebidas","7":"product_cat-destilados","9":"first","10":"instock","11":"shipping-taxable","12":"purchasable","13":"product-type-simple"},"yoast_head":"<!-- This site is optimized with the Yoast SEO plugin v27.2 - https:\/\/yoast.com\/product\/yoast-seo-wordpress\/ -->\n<title>Bebida VENM (La\u00fct) | R$: 6,90 lata | Ao Gosto Carnes<\/title>\n<meta name=\"robots\" content=\"index, follow, max-snippet:-1, max-image-preview:large, max-video-preview:-1\" \/>\n<link rel=\"canonical\" href=\"https:\/\/aogosto.com.br\/delivery\/product\/bebida-venm-laut-r-790-lata\/\" \/>\n<meta property=\"og:locale\" content=\"pt_BR\" \/>\n<meta property=\"og:type\" content=\"article\" \/>\n<meta property=\"og:title\" content=\"Bebida VENM (La\u00fct) | R$: 6,90 lata | Ao Gosto Carnes\" \/>\n<meta property=\"og:description\" content=\"Apresentamos &quot;Venm&quot;, a ep\u00edtome da inova\u00e7\u00e3o em drinks, nascida da colabora\u00e7\u00e3o entre a cervejaria L\u00e4ut Beer e A Equilibrista. Esta bebida alco\u00f3lica mista captura a ess\u00eancia do ver\u00e3o em uma garrafa, combinando a sofistica\u00e7\u00e3o do gin com a frescura da tangerina, o aroma do manjeric\u00e3o e o toque vibrante do capim lim\u00e3o.  Refrescante e irresistivelmente saborosa, &quot;Venm&quot; \u00e9 o seu novo drink preferido, pronto para ser desfrutado em qualquer momento. Com um ABV de 7,9%, este drink promete elevar suas experi\u00eancias a outro n\u00edvel, tornando-se o protagonista de momentos inesquec\u00edveis.  Sugest\u00e3o de Consumo:\u00a0Para desfrutar plenamente da complexidade de sabores de &quot;Venm&quot;, sirva bem gelado, em um copo apropriado que permita apreciar seus aromas distintos. Perfeito para ser saboreado puro, sobre gelo, ou como parte de coquet\u00e9is criativos, adicionando uma dimens\u00e3o extra a bebidas cl\u00e1ssicas.  GIN, TANGERINA,MANJERIAO, CAPIM LIM\u00c3O  Lata: 355 ml  7,9% vol. alc  *BEBIDA\u00a0 ALCOOLICA *  &nbsp;\" \/>\n<meta property=\"og:url\" content=\"https:\/\/aogosto.com.br\/delivery\/product\/bebida-venm-laut-r-790-lata\/\" \/>\n<meta property=\"og:site_name\" content=\"Ao Gosto Carnes\" \/>\n<meta property=\"article:publisher\" content=\"https:\/\/facebook.com.br\/aogostocarnesnobres\" \/>\n<meta property=\"article:modified_time\" content=\"2026-04-05T12:39:57+00:00\" \/>\n<meta property=\"og:image\" content=\"https:\/\/aogosto.com.br\/delivery\/wp-content\/uploads\/2024\/02\/Design-sem-nome-2.jpg\" \/>\n\t<meta property=\"og:image:width\" content=\"1080\" \/>\n\t<meta property=\"og:image:height\" content=\"1080\" \/>\n\t<meta property=\"og:image:type\" content=\"image\/jpeg\" \/>\n<meta name=\"twitter:card\" content=\"summary_large_image\" \/>\n<meta name=\"twitter:label1\" content=\"Est. tempo de leitura\" \/>\n\t<meta name=\"twitter:data1\" content=\"1 minuto\" \/>\n<script type=\"application\/ld+json\" class=\"yoast-schema-graph\">{\"@context\":\"https:\/\/schema.org\",\"@graph\":[{\"@type\":\"WebPage\",\"@id\":\"https:\/\/aogosto.com.br\/delivery\/product\/bebida-venm-laut-r-790-lata\/\",\"url\":\"https:\/\/aogosto.com.br\/delivery\/product\/bebida-venm-laut-r-790-lata\/\",\"name\":\"Bebida VENM (La\u00fct) | R$: 6,90 lata | Ao Gosto Carnes\",\"isPartOf\":{\"@id\":\"https:\/\/aogosto.com.br\/delivery\/#website\"},\"primaryImageOfPage\":{\"@id\":\"https:\/\/aogosto.com.br\/delivery\/product\/bebida-venm-laut-r-790-lata\/#primaryimage\"},\"image\":{\"@id\":\"https:\/\/aogosto.com.br\/delivery\/product\/bebida-venm-laut-r-790-lata\/#primaryimage\"},\"thumbnailUrl\":\"https:\/\/aogosto.com.br\/delivery\/wp-content\/uploads\/2024\/02\/Design-sem-nome-2.jpg\",\"datePublished\":\"2024-02-07T14:18:18+00:00\",\"dateModified\":\"2026-04-05T12:39:57+00:00\",\"breadcrumb\":{\"@id\":\"https:\/\/aogosto.com.br\/delivery\/product\/bebida-venm-laut-r-790-lata\/#breadcrumb\"},\"inLanguage\":\"pt-BR\",\"potentialAction\":[{\"@type\":\"ReadAction\",\"target\":[\"https:\/\/aogosto.com.br\/delivery\/product\/bebida-venm-laut-r-790-lata\/\"]}]},{\"@type\":\"ImageObject\",\"inLanguage\":\"pt-BR\",\"@id\":\"https:\/\/aogosto.com.br\/delivery\/product\/bebida-venm-laut-r-790-lata\/#primaryimage\",\"url\":\"https:\/\/aogosto.com.br\/delivery\/wp-content\/uploads\/2024\/02\/Design-sem-nome-2.jpg\",\"contentUrl\":\"https:\/\/aogosto.com.br\/delivery\/wp-content\/uploads\/2024\/02\/Design-sem-nome-2.jpg\",\"width\":1080,\"height\":1080},{\"@type\":\"BreadcrumbList\",\"@id\":\"https:\/\/aogosto.com.br\/delivery\/product\/bebida-venm-laut-r-790-lata\/#breadcrumb\",\"itemListElement\":[{\"@type\":\"ListItem\",\"position\":1,\"name\":\"In\u00edcio\",\"item\":\"https:\/\/aogosto.com.br\/delivery\/\"},{\"@type\":\"ListItem\",\"position\":2,\"name\":\"Shop\",\"item\":\"https:\/\/aogosto.com.br\/delivery\/loja\/\"},{\"@type\":\"ListItem\",\"position\":3,\"name\":\"Bebida VENM (La\u00fct) | R$: 6,90 lata\"}]},{\"@type\":\"WebSite\",\"@id\":\"https:\/\/aogosto.com.br\/delivery\/#website\",\"url\":\"https:\/\/aogosto.com.br\/delivery\/\",\"name\":\"Ao Gosto Carnes\",\"description\":\"Fa\u00e7a o seu pedido on-line!\",\"potentialAction\":[{\"@type\":\"SearchAction\",\"target\":{\"@type\":\"EntryPoint\",\"urlTemplate\":\"https:\/\/aogosto.com.br\/delivery\/?s={search_term_string}\"},\"query-input\":{\"@type\":\"PropertyValueSpecification\",\"valueRequired\":true,\"valueName\":\"search_term_string\"}}],\"inLanguage\":\"pt-BR\"}]}<\/script>\n<!-- \/ Yoast SEO plugin. -->","yoast_head_json":{"title":"Bebida VENM (La\u00fct) | R$: 6,90 lata | Ao Gosto Carnes","robots":{"index":"index","follow":"follow","max-snippet":"max-snippet:-1","max-image-preview":"max-image-preview:large","max-video-preview":"max-video-preview:-1"},"canonical":"https:\/\/aogosto.com.br\/delivery\/product\/bebida-venm-laut-r-790-lata\/","og_locale":"pt_BR","og_type":"article","og_title":"Bebida VENM (La\u00fct) | R$: 6,90 lata | Ao Gosto Carnes","og_description":"Apresentamos \"Venm\", a ep\u00edtome da inova\u00e7\u00e3o em drinks, nascida da colabora\u00e7\u00e3o entre a cervejaria L\u00e4ut Beer e A Equilibrista. Esta bebida alco\u00f3lica mista captura a ess\u00eancia do ver\u00e3o em uma garrafa, combinando a sofistica\u00e7\u00e3o do gin com a frescura da tangerina, o aroma do manjeric\u00e3o e o toque vibrante do capim lim\u00e3o.  Refrescante e irresistivelmente saborosa, \"Venm\" \u00e9 o seu novo drink preferido, pronto para ser desfrutado em qualquer momento. Com um ABV de 7,9%, este drink promete elevar suas experi\u00eancias a outro n\u00edvel, tornando-se o protagonista de momentos inesquec\u00edveis.  Sugest\u00e3o de Consumo:\u00a0Para desfrutar plenamente da complexidade de sabores de \"Venm\", sirva bem gelado, em um copo apropriado que permita apreciar seus aromas distintos. Perfeito para ser saboreado puro, sobre gelo, ou como parte de coquet\u00e9is criativos, adicionando uma dimens\u00e3o extra a bebidas cl\u00e1ssicas.  GIN, TANGERINA,MANJERIAO, CAPIM LIM\u00c3O  Lata: 355 ml  7,9% vol. alc  *BEBIDA\u00a0 ALCOOLICA *  &nbsp;","og_url":"https:\/\/aogosto.com.br\/delivery\/product\/bebida-venm-laut-r-790-lata\/","og_site_name":"Ao Gosto Carnes","article_publisher":"https:\/\/facebook.com.br\/aogostocarnesnobres","article_modified_time":"2026-04-05T12:39:57+00:00","og_image":[{"width":1080,"height":1080,"url":"https:\/\/aogosto.com.br\/delivery\/wp-content\/uploads\/2024\/02\/Design-sem-nome-2.jpg","type":"image\/jpeg"}],"twitter_card":"summary_large_image","twitter_misc":{"Est. tempo de leitura":"1 minuto"},"schema":{"@context":"https:\/\/schema.org","@graph":[{"@type":"WebPage","@id":"https:\/\/aogosto.com.br\/delivery\/product\/bebida-venm-laut-r-790-lata\/","url":"https:\/\/aogosto.com.br\/delivery\/product\/bebida-venm-laut-r-790-lata\/","name":"Bebida VENM (La\u00fct) | R$: 6,90 lata | Ao Gosto Carnes","isPartOf":{"@id":"https:\/\/aogosto.com.br\/delivery\/#website"},"primaryImageOfPage":{"@id":"https:\/\/aogosto.com.br\/delivery\/product\/bebida-venm-laut-r-790-lata\/#primaryimage"},"image":{"@id":"https:\/\/aogosto.com.br\/delivery\/product\/bebida-venm-laut-r-790-lata\/#primaryimage"},"thumbnailUrl":"https:\/\/aogosto.com.br\/delivery\/wp-content\/uploads\/2024\/02\/Design-sem-nome-2.jpg","datePublished":"2024-02-07T14:18:18+00:00","dateModified":"2026-04-05T12:39:57+00:00","breadcrumb":{"@id":"https:\/\/aogosto.com.br\/delivery\/product\/bebida-venm-laut-r-790-lata\/#breadcrumb"},"inLanguage":"pt-BR","potentialAction":[{"@type":"ReadAction","target":["https:\/\/aogosto.com.br\/delivery\/product\/bebida-venm-laut-r-790-lata\/"]}]},{"@type":"ImageObject","inLanguage":"pt-BR","@id":"https:\/\/aogosto.com.br\/delivery\/product\/bebida-venm-laut-r-790-lata\/#primaryimage","url":"https:\/\/aogosto.com.br\/delivery\/wp-content\/uploads\/2024\/02\/Design-sem-nome-2.jpg","contentUrl":"https:\/\/aogosto.com.br\/delivery\/wp-content\/uploads\/2024\/02\/Design-sem-nome-2.jpg","width":1080,"height":1080},{"@type":"BreadcrumbList","@id":"https:\/\/aogosto.com.br\/delivery\/product\/bebida-venm-laut-r-790-lata\/#breadcrumb","itemListElement":[{"@type":"ListItem","position":1,"name":"In\u00edcio","item":"https:\/\/aogosto.com.br\/delivery\/"},{"@type":"ListItem","position":2,"name":"Shop","item":"https:\/\/aogosto.com.br\/delivery\/loja\/"},{"@type":"ListItem","position":3,"name":"Bebida VENM (La\u00fct) | R$: 6,90 lata"}]},{"@type":"WebSite","@id":"https:\/\/aogosto.com.br\/delivery\/#website","url":"https:\/\/aogosto.com.br\/delivery\/","name":"Ao Gosto Carnes","description":"Fa\u00e7a o seu pedido on-line!","potentialAction":[{"@type":"SearchAction","target":{"@type":"EntryPoint","urlTemplate":"https:\/\/aogosto.com.br\/delivery\/?s={search_term_string}"},"query-input":{"@type":"PropertyValueSpecification","valueRequired":true,"valueName":"search_term_string"}}],"inLanguage":"pt-BR"}]}},"_links":{"self":[{"href":"https:\/\/aogosto.com.br\/delivery\/wp-json\/wp\/v2\/product\/75028","targetHints":{"allow":["GET"]}}],"collection":[{"href":"https:\/\/aogosto.com.br\/delivery\/wp-json\/wp\/v2\/product"}],"about":[{"href":"https:\/\/aogosto.com.br\/delivery\/wp-json\/wp\/v2\/types\/product"}],"replies":[{"embeddable":true,"href":"https:\/\/aogosto.com.br\/delivery\/wp-json\/wp\/v2\/comments?post=75028"}],"version-history":[{"count":2,"href":"https:\/\/aogosto.com.br\/delivery\/wp-json\/wp\/v2\/product\/75028\/revisions"}],"predecessor-version":[{"id":149248,"href":"https:\/\/aogosto.com.br\/delivery\/wp-json\/wp\/v2\/product\/75028\/revisions\/149248"}],"wp:featuredmedia":[{"embeddable":true,"href":"https:\/\/aogosto.com.br\/delivery\/wp-json\/wp\/v2\/media\/75029"}],"wp:attachment":[{"href":"https:\/\/aogosto.com.br\/delivery\/wp-json\/wp\/v2\/media?parent=75028"}],"wp:term":[{"taxonomy":"product_brand","embeddable":true,"href":"https:\/\/aogosto.com.br\/delivery\/wp-json\/wp\/v2\/product_brand?post=75028"},{"taxonomy":"product_cat","embeddable":true,"href":"https:\/\/aogosto.com.br\/delivery\/wp-json\/wp\/v2\/product_cat?post=75028"},{"taxonomy":"product_tag","embeddable":true,"href":"https:\/\/aogosto.com.br\/delivery\/wp-json\/wp\/v2\/product_tag?post=75028"}],"curies":[{"name":"wp","href":"https:\/\/api.w.org\/{rel}","templated":true}]}}