    {"id":58990,"date":"2023-09-15T16:13:16","date_gmt":"2023-09-15T19:13:16","guid":{"rendered":"https:\/\/aogosto.com.br\/delivery\/?post_type=product&#038;p=58990"},"modified":"2026-03-24T17:43:07","modified_gmt":"2026-03-24T20:43:07","slug":"denver-angus-cara-preta","status":"publish","type":"product","link":"https:\/\/aogosto.com.br\/delivery\/product\/denver-angus-cara-preta\/","title":{"rendered":"Denver Angus  | Cara Preta &#8211; R$: 239,90 kg"},"content":{"rendered":"","protected":false},"excerpt":{"rendered":"<p>O denver steak \u00e9 um corte recentemente criado nos Estados Unidos.\u00a0<b>Retirado da parte mais macia do pesco\u00e7o do animal<\/b>, \u00e9 saboros\u00edssimo e com um excelente marmoreio \u00e9 ideal em assados e na grelha<\/p>\n<p>&nbsp;<\/p>\n<p><!-- AOGOSTO_WEIGHT_START --><br \/>\nPeso Aprox. 950 g<\/p>\n<p>*O valor final pode variar conforme o peso exato de cada pe\u00e7a.*<\/p>\n<p>*Imagens meramente ilustrativas.*<br \/>\n<!-- AOGOSTO_WEIGHT_END --><\/p>\n","protected":false},"featured_media":134018,"comment_status":"open","ping_status":"closed","template":"","meta":[],"product_brand":[],"product_cat":[249,246,34,244,248],"product_tag":[483],"class_list":{"0":"post-58990","1":"product","2":"type-product","3":"status-publish","4":"has-post-thumbnail","6":"product_cat-cortes-do-acem","7":"product_cat-angus","8":"product_cat-boi","9":"product_cat-cortes-gourmet","10":"product_cat-cortes-magros","11":"product_tag-16-08-2025","13":"first","14":"instock","15":"shipping-taxable","16":"purchasable","17":"product-type-simple"},"yoast_head":"<!-- This site is optimized with the Yoast SEO plugin v27.2 - https:\/\/yoast.com\/product\/yoast-seo-wordpress\/ -->\n<title>Denver Angus | Cara Preta - R$: 239,90 kg | Ao Gosto Carnes<\/title>\n<meta name=\"robots\" content=\"index, follow, max-snippet:-1, max-image-preview:large, max-video-preview:-1\" \/>\n<link rel=\"canonical\" href=\"https:\/\/aogosto.com.br\/delivery\/product\/denver-angus-cara-preta\/\" \/>\n<meta property=\"og:locale\" content=\"pt_BR\" \/>\n<meta property=\"og:type\" content=\"article\" \/>\n<meta property=\"og:title\" content=\"Denver Angus | Cara Preta - R$: 239,90 kg | Ao Gosto Carnes\" \/>\n<meta property=\"og:description\" content=\"O denver steak \u00e9 um corte recentemente criado nos Estados Unidos.\u00a0Retirado da parte mais macia do pesco\u00e7o do animal, \u00e9 saboros\u00edssimo e com um excelente marmoreio \u00e9 ideal em assados e na grelha  &nbsp;  Peso Aprox. 950 g *O valor final pode variar conforme o peso exato de cada pe\u00e7a.* *Imagens meramente ilustrativas.*\" \/>\n<meta property=\"og:url\" content=\"https:\/\/aogosto.com.br\/delivery\/product\/denver-angus-cara-preta\/\" \/>\n<meta property=\"og:site_name\" content=\"Ao Gosto Carnes\" \/>\n<meta property=\"article:publisher\" content=\"https:\/\/facebook.com.br\/aogostocarnesnobres\" \/>\n<meta property=\"article:modified_time\" content=\"2026-03-24T20:43:07+00:00\" \/>\n<meta property=\"og:image\" content=\"https:\/\/aogosto.com.br\/delivery\/wp-content\/uploads\/2023\/09\/ff323b4db8266c21de3558cabf16e33ce2cc7711.webp\" \/>\n\t<meta property=\"og:image:width\" content=\"1080\" \/>\n\t<meta property=\"og:image:height\" content=\"1080\" \/>\n\t<meta property=\"og:image:type\" content=\"image\/webp\" \/>\n<meta name=\"twitter:card\" content=\"summary_large_image\" \/>\n<meta name=\"twitter:label1\" content=\"Est. tempo de leitura\" \/>\n\t<meta name=\"twitter:data1\" content=\"1 minuto\" \/>\n<script type=\"application\/ld+json\" class=\"yoast-schema-graph\">{\"@context\":\"https:\/\/schema.org\",\"@graph\":[{\"@type\":\"WebPage\",\"@id\":\"https:\/\/aogosto.com.br\/delivery\/product\/denver-angus-cara-preta\/\",\"url\":\"https:\/\/aogosto.com.br\/delivery\/product\/denver-angus-cara-preta\/\",\"name\":\"Denver Angus | Cara Preta - R$: 239,90 kg | Ao Gosto Carnes\",\"isPartOf\":{\"@id\":\"https:\/\/aogosto.com.br\/delivery\/#website\"},\"primaryImageOfPage\":{\"@id\":\"https:\/\/aogosto.com.br\/delivery\/product\/denver-angus-cara-preta\/#primaryimage\"},\"image\":{\"@id\":\"https:\/\/aogosto.com.br\/delivery\/product\/denver-angus-cara-preta\/#primaryimage\"},\"thumbnailUrl\":\"https:\/\/aogosto.com.br\/delivery\/wp-content\/uploads\/2023\/09\/ff323b4db8266c21de3558cabf16e33ce2cc7711.webp\",\"datePublished\":\"2023-09-15T19:13:16+00:00\",\"dateModified\":\"2026-03-24T20:43:07+00:00\",\"breadcrumb\":{\"@id\":\"https:\/\/aogosto.com.br\/delivery\/product\/denver-angus-cara-preta\/#breadcrumb\"},\"inLanguage\":\"pt-BR\",\"potentialAction\":[{\"@type\":\"ReadAction\",\"target\":[\"https:\/\/aogosto.com.br\/delivery\/product\/denver-angus-cara-preta\/\"]}]},{\"@type\":\"ImageObject\",\"inLanguage\":\"pt-BR\",\"@id\":\"https:\/\/aogosto.com.br\/delivery\/product\/denver-angus-cara-preta\/#primaryimage\",\"url\":\"https:\/\/aogosto.com.br\/delivery\/wp-content\/uploads\/2023\/09\/ff323b4db8266c21de3558cabf16e33ce2cc7711.webp\",\"contentUrl\":\"https:\/\/aogosto.com.br\/delivery\/wp-content\/uploads\/2023\/09\/ff323b4db8266c21de3558cabf16e33ce2cc7711.webp\",\"width\":1080,\"height\":1080},{\"@type\":\"BreadcrumbList\",\"@id\":\"https:\/\/aogosto.com.br\/delivery\/product\/denver-angus-cara-preta\/#breadcrumb\",\"itemListElement\":[{\"@type\":\"ListItem\",\"position\":1,\"name\":\"In\u00edcio\",\"item\":\"https:\/\/aogosto.com.br\/delivery\/\"},{\"@type\":\"ListItem\",\"position\":2,\"name\":\"Shop\",\"item\":\"https:\/\/aogosto.com.br\/delivery\/loja\/\"},{\"@type\":\"ListItem\",\"position\":3,\"name\":\"Denver Angus | Cara Preta &#8211; R$: 239,90 kg\"}]},{\"@type\":\"WebSite\",\"@id\":\"https:\/\/aogosto.com.br\/delivery\/#website\",\"url\":\"https:\/\/aogosto.com.br\/delivery\/\",\"name\":\"Ao Gosto Carnes\",\"description\":\"Fa\u00e7a o seu pedido on-line!\",\"potentialAction\":[{\"@type\":\"SearchAction\",\"target\":{\"@type\":\"EntryPoint\",\"urlTemplate\":\"https:\/\/aogosto.com.br\/delivery\/?s={search_term_string}\"},\"query-input\":{\"@type\":\"PropertyValueSpecification\",\"valueRequired\":true,\"valueName\":\"search_term_string\"}}],\"inLanguage\":\"pt-BR\"}]}<\/script>\n<!-- \/ Yoast SEO plugin. -->","yoast_head_json":{"title":"Denver Angus | Cara Preta - R$: 239,90 kg | Ao Gosto Carnes","robots":{"index":"index","follow":"follow","max-snippet":"max-snippet:-1","max-image-preview":"max-image-preview:large","max-video-preview":"max-video-preview:-1"},"canonical":"https:\/\/aogosto.com.br\/delivery\/product\/denver-angus-cara-preta\/","og_locale":"pt_BR","og_type":"article","og_title":"Denver Angus | Cara Preta - R$: 239,90 kg | Ao Gosto Carnes","og_description":"O denver steak \u00e9 um corte recentemente criado nos Estados Unidos.\u00a0Retirado da parte mais macia do pesco\u00e7o do animal, \u00e9 saboros\u00edssimo e com um excelente marmoreio \u00e9 ideal em assados e na grelha  &nbsp;  Peso Aprox. 950 g *O valor final pode variar conforme o peso exato de cada pe\u00e7a.* *Imagens meramente ilustrativas.*","og_url":"https:\/\/aogosto.com.br\/delivery\/product\/denver-angus-cara-preta\/","og_site_name":"Ao Gosto Carnes","article_publisher":"https:\/\/facebook.com.br\/aogostocarnesnobres","article_modified_time":"2026-03-24T20:43:07+00:00","og_image":[{"width":1080,"height":1080,"url":"https:\/\/aogosto.com.br\/delivery\/wp-content\/uploads\/2023\/09\/ff323b4db8266c21de3558cabf16e33ce2cc7711.webp","type":"image\/webp"}],"twitter_card":"summary_large_image","twitter_misc":{"Est. tempo de leitura":"1 minuto"},"schema":{"@context":"https:\/\/schema.org","@graph":[{"@type":"WebPage","@id":"https:\/\/aogosto.com.br\/delivery\/product\/denver-angus-cara-preta\/","url":"https:\/\/aogosto.com.br\/delivery\/product\/denver-angus-cara-preta\/","name":"Denver Angus | Cara Preta - R$: 239,90 kg | Ao Gosto Carnes","isPartOf":{"@id":"https:\/\/aogosto.com.br\/delivery\/#website"},"primaryImageOfPage":{"@id":"https:\/\/aogosto.com.br\/delivery\/product\/denver-angus-cara-preta\/#primaryimage"},"image":{"@id":"https:\/\/aogosto.com.br\/delivery\/product\/denver-angus-cara-preta\/#primaryimage"},"thumbnailUrl":"https:\/\/aogosto.com.br\/delivery\/wp-content\/uploads\/2023\/09\/ff323b4db8266c21de3558cabf16e33ce2cc7711.webp","datePublished":"2023-09-15T19:13:16+00:00","dateModified":"2026-03-24T20:43:07+00:00","breadcrumb":{"@id":"https:\/\/aogosto.com.br\/delivery\/product\/denver-angus-cara-preta\/#breadcrumb"},"inLanguage":"pt-BR","potentialAction":[{"@type":"ReadAction","target":["https:\/\/aogosto.com.br\/delivery\/product\/denver-angus-cara-preta\/"]}]},{"@type":"ImageObject","inLanguage":"pt-BR","@id":"https:\/\/aogosto.com.br\/delivery\/product\/denver-angus-cara-preta\/#primaryimage","url":"https:\/\/aogosto.com.br\/delivery\/wp-content\/uploads\/2023\/09\/ff323b4db8266c21de3558cabf16e33ce2cc7711.webp","contentUrl":"https:\/\/aogosto.com.br\/delivery\/wp-content\/uploads\/2023\/09\/ff323b4db8266c21de3558cabf16e33ce2cc7711.webp","width":1080,"height":1080},{"@type":"BreadcrumbList","@id":"https:\/\/aogosto.com.br\/delivery\/product\/denver-angus-cara-preta\/#breadcrumb","itemListElement":[{"@type":"ListItem","position":1,"name":"In\u00edcio","item":"https:\/\/aogosto.com.br\/delivery\/"},{"@type":"ListItem","position":2,"name":"Shop","item":"https:\/\/aogosto.com.br\/delivery\/loja\/"},{"@type":"ListItem","position":3,"name":"Denver Angus | Cara Preta &#8211; R$: 239,90 kg"}]},{"@type":"WebSite","@id":"https:\/\/aogosto.com.br\/delivery\/#website","url":"https:\/\/aogosto.com.br\/delivery\/","name":"Ao Gosto Carnes","description":"Fa\u00e7a o seu pedido on-line!","potentialAction":[{"@type":"SearchAction","target":{"@type":"EntryPoint","urlTemplate":"https:\/\/aogosto.com.br\/delivery\/?s={search_term_string}"},"query-input":{"@type":"PropertyValueSpecification","valueRequired":true,"valueName":"search_term_string"}}],"inLanguage":"pt-BR"}]}},"_links":{"self":[{"href":"https:\/\/aogosto.com.br\/delivery\/wp-json\/wp\/v2\/product\/58990","targetHints":{"allow":["GET"]}}],"collection":[{"href":"https:\/\/aogosto.com.br\/delivery\/wp-json\/wp\/v2\/product"}],"about":[{"href":"https:\/\/aogosto.com.br\/delivery\/wp-json\/wp\/v2\/types\/product"}],"replies":[{"embeddable":true,"href":"https:\/\/aogosto.com.br\/delivery\/wp-json\/wp\/v2\/comments?post=58990"}],"version-history":[{"count":2,"href":"https:\/\/aogosto.com.br\/delivery\/wp-json\/wp\/v2\/product\/58990\/revisions"}],"predecessor-version":[{"id":149732,"href":"https:\/\/aogosto.com.br\/delivery\/wp-json\/wp\/v2\/product\/58990\/revisions\/149732"}],"wp:featuredmedia":[{"embeddable":true,"href":"https:\/\/aogosto.com.br\/delivery\/wp-json\/wp\/v2\/media\/134018"}],"wp:attachment":[{"href":"https:\/\/aogosto.com.br\/delivery\/wp-json\/wp\/v2\/media?parent=58990"}],"wp:term":[{"taxonomy":"product_brand","embeddable":true,"href":"https:\/\/aogosto.com.br\/delivery\/wp-json\/wp\/v2\/product_brand?post=58990"},{"taxonomy":"product_cat","embeddable":true,"href":"https:\/\/aogosto.com.br\/delivery\/wp-json\/wp\/v2\/product_cat?post=58990"},{"taxonomy":"product_tag","embeddable":true,"href":"https:\/\/aogosto.com.br\/delivery\/wp-json\/wp\/v2\/product_tag?post=58990"}],"curies":[{"name":"wp","href":"https:\/\/api.w.org\/{rel}","templated":true}]}}