    {"id":57119,"date":"2023-08-30T09:55:21","date_gmt":"2023-08-30T12:55:21","guid":{"rendered":"https:\/\/aogosto.com.br\/delivery\/?post_type=product&#038;p=57119"},"modified":"2026-02-04T19:54:36","modified_gmt":"2026-02-04T22:54:36","slug":"refrigerante-artesanal-l-guaramao","status":"publish","type":"product","link":"https:\/\/aogosto.com.br\/delivery\/product\/refrigerante-artesanal-l-guaramao\/","title":{"rendered":"Refrigerante Artesanal l Guaram\u00e3o &#8211; 300 ml"},"content":{"rendered":"","protected":false},"excerpt":{"rendered":"<p>Guaran\u00e1 artesanal com lim\u00e3o.<\/p>\n<p>Refrescante, azedinho e cheio de personalidade, assim \u00e9 o Guaram\u00e3o, um refrigerante artesanal que \u00e9 feito pela cervejaria Viela, de Belo Horizonte.<\/p>\n<p>Cont\u00e9m:<strong> 33<em>0 ml<\/em><\/strong><\/p>\n<p>&nbsp;<\/p>\n","protected":false},"featured_media":142141,"comment_status":"closed","ping_status":"closed","template":"","meta":[],"product_brand":[],"product_cat":[69,375,456,62],"product_tag":[],"class_list":{"0":"post-57119","1":"product","2":"type-product","3":"status-publish","4":"has-post-thumbnail","6":"product_cat-bebidas","7":"product_cat-nao-alcoolico","8":"product_cat-novidade","9":"product_cat-outros","11":"first","12":"outofstock","13":"shipping-taxable","14":"purchasable","15":"product-type-simple"},"yoast_head":"<!-- This site is optimized with the Yoast SEO plugin v27.2 - https:\/\/yoast.com\/product\/yoast-seo-wordpress\/ -->\n<title>Refrigerante Artesanal l Guaram\u00e3o - 300 ml | Ao Gosto Carnes<\/title>\n<meta name=\"robots\" content=\"index, follow, max-snippet:-1, max-image-preview:large, max-video-preview:-1\" \/>\n<link rel=\"canonical\" href=\"https:\/\/aogosto.com.br\/delivery\/product\/refrigerante-artesanal-l-guaramao\/\" \/>\n<meta property=\"og:locale\" content=\"pt_BR\" \/>\n<meta property=\"og:type\" content=\"article\" \/>\n<meta property=\"og:title\" content=\"Refrigerante Artesanal l Guaram\u00e3o - 300 ml | Ao Gosto Carnes\" \/>\n<meta property=\"og:description\" content=\"Guaran\u00e1 artesanal com lim\u00e3o.  Refrescante, azedinho e cheio de personalidade, assim \u00e9 o Guaram\u00e3o, um refrigerante artesanal que \u00e9 feito pela cervejaria Viela, de Belo Horizonte.  Cont\u00e9m: 330 ml  &nbsp;\" \/>\n<meta property=\"og:url\" content=\"https:\/\/aogosto.com.br\/delivery\/product\/refrigerante-artesanal-l-guaramao\/\" \/>\n<meta property=\"og:site_name\" content=\"Ao Gosto Carnes\" \/>\n<meta property=\"article:publisher\" content=\"https:\/\/facebook.com.br\/aogostocarnesnobres\" \/>\n<meta property=\"article:modified_time\" content=\"2026-02-04T22:54:36+00:00\" \/>\n<meta property=\"og:image\" content=\"https:\/\/aogosto.com.br\/delivery\/wp-content\/uploads\/2023\/08\/Design-sem-nome-2026-01-21T173020.631.jpg\" \/>\n\t<meta property=\"og:image:width\" content=\"1080\" \/>\n\t<meta property=\"og:image:height\" content=\"1350\" \/>\n\t<meta property=\"og:image:type\" content=\"image\/jpeg\" \/>\n<meta name=\"twitter:card\" content=\"summary_large_image\" \/>\n<meta name=\"twitter:label1\" content=\"Est. tempo de leitura\" \/>\n\t<meta name=\"twitter:data1\" content=\"1 minuto\" \/>\n<script type=\"application\/ld+json\" class=\"yoast-schema-graph\">{\"@context\":\"https:\/\/schema.org\",\"@graph\":[{\"@type\":\"WebPage\",\"@id\":\"https:\/\/aogosto.com.br\/delivery\/product\/refrigerante-artesanal-l-guaramao\/\",\"url\":\"https:\/\/aogosto.com.br\/delivery\/product\/refrigerante-artesanal-l-guaramao\/\",\"name\":\"Refrigerante Artesanal l Guaram\u00e3o - 300 ml | Ao Gosto Carnes\",\"isPartOf\":{\"@id\":\"https:\/\/aogosto.com.br\/delivery\/#website\"},\"primaryImageOfPage\":{\"@id\":\"https:\/\/aogosto.com.br\/delivery\/product\/refrigerante-artesanal-l-guaramao\/#primaryimage\"},\"image\":{\"@id\":\"https:\/\/aogosto.com.br\/delivery\/product\/refrigerante-artesanal-l-guaramao\/#primaryimage\"},\"thumbnailUrl\":\"https:\/\/aogosto.com.br\/delivery\/wp-content\/uploads\/2023\/08\/Design-sem-nome-2026-01-21T173020.631.jpg\",\"datePublished\":\"2023-08-30T12:55:21+00:00\",\"dateModified\":\"2026-02-04T22:54:36+00:00\",\"breadcrumb\":{\"@id\":\"https:\/\/aogosto.com.br\/delivery\/product\/refrigerante-artesanal-l-guaramao\/#breadcrumb\"},\"inLanguage\":\"pt-BR\",\"potentialAction\":[{\"@type\":\"ReadAction\",\"target\":[\"https:\/\/aogosto.com.br\/delivery\/product\/refrigerante-artesanal-l-guaramao\/\"]}]},{\"@type\":\"ImageObject\",\"inLanguage\":\"pt-BR\",\"@id\":\"https:\/\/aogosto.com.br\/delivery\/product\/refrigerante-artesanal-l-guaramao\/#primaryimage\",\"url\":\"https:\/\/aogosto.com.br\/delivery\/wp-content\/uploads\/2023\/08\/Design-sem-nome-2026-01-21T173020.631.jpg\",\"contentUrl\":\"https:\/\/aogosto.com.br\/delivery\/wp-content\/uploads\/2023\/08\/Design-sem-nome-2026-01-21T173020.631.jpg\",\"width\":1080,\"height\":1350},{\"@type\":\"BreadcrumbList\",\"@id\":\"https:\/\/aogosto.com.br\/delivery\/product\/refrigerante-artesanal-l-guaramao\/#breadcrumb\",\"itemListElement\":[{\"@type\":\"ListItem\",\"position\":1,\"name\":\"In\u00edcio\",\"item\":\"https:\/\/aogosto.com.br\/delivery\/\"},{\"@type\":\"ListItem\",\"position\":2,\"name\":\"Shop\",\"item\":\"https:\/\/aogosto.com.br\/delivery\/loja\/\"},{\"@type\":\"ListItem\",\"position\":3,\"name\":\"Refrigerante Artesanal l Guaram\u00e3o &#8211; 300 ml\"}]},{\"@type\":\"WebSite\",\"@id\":\"https:\/\/aogosto.com.br\/delivery\/#website\",\"url\":\"https:\/\/aogosto.com.br\/delivery\/\",\"name\":\"Ao Gosto Carnes\",\"description\":\"Fa\u00e7a o seu pedido on-line!\",\"potentialAction\":[{\"@type\":\"SearchAction\",\"target\":{\"@type\":\"EntryPoint\",\"urlTemplate\":\"https:\/\/aogosto.com.br\/delivery\/?s={search_term_string}\"},\"query-input\":{\"@type\":\"PropertyValueSpecification\",\"valueRequired\":true,\"valueName\":\"search_term_string\"}}],\"inLanguage\":\"pt-BR\"}]}<\/script>\n<!-- \/ Yoast SEO plugin. -->","yoast_head_json":{"title":"Refrigerante Artesanal l Guaram\u00e3o - 300 ml | Ao Gosto Carnes","robots":{"index":"index","follow":"follow","max-snippet":"max-snippet:-1","max-image-preview":"max-image-preview:large","max-video-preview":"max-video-preview:-1"},"canonical":"https:\/\/aogosto.com.br\/delivery\/product\/refrigerante-artesanal-l-guaramao\/","og_locale":"pt_BR","og_type":"article","og_title":"Refrigerante Artesanal l Guaram\u00e3o - 300 ml | Ao Gosto Carnes","og_description":"Guaran\u00e1 artesanal com lim\u00e3o.  Refrescante, azedinho e cheio de personalidade, assim \u00e9 o Guaram\u00e3o, um refrigerante artesanal que \u00e9 feito pela cervejaria Viela, de Belo Horizonte.  Cont\u00e9m: 330 ml  &nbsp;","og_url":"https:\/\/aogosto.com.br\/delivery\/product\/refrigerante-artesanal-l-guaramao\/","og_site_name":"Ao Gosto Carnes","article_publisher":"https:\/\/facebook.com.br\/aogostocarnesnobres","article_modified_time":"2026-02-04T22:54:36+00:00","og_image":[{"width":1080,"height":1350,"url":"https:\/\/aogosto.com.br\/delivery\/wp-content\/uploads\/2023\/08\/Design-sem-nome-2026-01-21T173020.631.jpg","type":"image\/jpeg"}],"twitter_card":"summary_large_image","twitter_misc":{"Est. tempo de leitura":"1 minuto"},"schema":{"@context":"https:\/\/schema.org","@graph":[{"@type":"WebPage","@id":"https:\/\/aogosto.com.br\/delivery\/product\/refrigerante-artesanal-l-guaramao\/","url":"https:\/\/aogosto.com.br\/delivery\/product\/refrigerante-artesanal-l-guaramao\/","name":"Refrigerante Artesanal l Guaram\u00e3o - 300 ml | Ao Gosto Carnes","isPartOf":{"@id":"https:\/\/aogosto.com.br\/delivery\/#website"},"primaryImageOfPage":{"@id":"https:\/\/aogosto.com.br\/delivery\/product\/refrigerante-artesanal-l-guaramao\/#primaryimage"},"image":{"@id":"https:\/\/aogosto.com.br\/delivery\/product\/refrigerante-artesanal-l-guaramao\/#primaryimage"},"thumbnailUrl":"https:\/\/aogosto.com.br\/delivery\/wp-content\/uploads\/2023\/08\/Design-sem-nome-2026-01-21T173020.631.jpg","datePublished":"2023-08-30T12:55:21+00:00","dateModified":"2026-02-04T22:54:36+00:00","breadcrumb":{"@id":"https:\/\/aogosto.com.br\/delivery\/product\/refrigerante-artesanal-l-guaramao\/#breadcrumb"},"inLanguage":"pt-BR","potentialAction":[{"@type":"ReadAction","target":["https:\/\/aogosto.com.br\/delivery\/product\/refrigerante-artesanal-l-guaramao\/"]}]},{"@type":"ImageObject","inLanguage":"pt-BR","@id":"https:\/\/aogosto.com.br\/delivery\/product\/refrigerante-artesanal-l-guaramao\/#primaryimage","url":"https:\/\/aogosto.com.br\/delivery\/wp-content\/uploads\/2023\/08\/Design-sem-nome-2026-01-21T173020.631.jpg","contentUrl":"https:\/\/aogosto.com.br\/delivery\/wp-content\/uploads\/2023\/08\/Design-sem-nome-2026-01-21T173020.631.jpg","width":1080,"height":1350},{"@type":"BreadcrumbList","@id":"https:\/\/aogosto.com.br\/delivery\/product\/refrigerante-artesanal-l-guaramao\/#breadcrumb","itemListElement":[{"@type":"ListItem","position":1,"name":"In\u00edcio","item":"https:\/\/aogosto.com.br\/delivery\/"},{"@type":"ListItem","position":2,"name":"Shop","item":"https:\/\/aogosto.com.br\/delivery\/loja\/"},{"@type":"ListItem","position":3,"name":"Refrigerante Artesanal l Guaram\u00e3o &#8211; 300 ml"}]},{"@type":"WebSite","@id":"https:\/\/aogosto.com.br\/delivery\/#website","url":"https:\/\/aogosto.com.br\/delivery\/","name":"Ao Gosto Carnes","description":"Fa\u00e7a o seu pedido on-line!","potentialAction":[{"@type":"SearchAction","target":{"@type":"EntryPoint","urlTemplate":"https:\/\/aogosto.com.br\/delivery\/?s={search_term_string}"},"query-input":{"@type":"PropertyValueSpecification","valueRequired":true,"valueName":"search_term_string"}}],"inLanguage":"pt-BR"}]}},"_links":{"self":[{"href":"https:\/\/aogosto.com.br\/delivery\/wp-json\/wp\/v2\/product\/57119","targetHints":{"allow":["GET"]}}],"collection":[{"href":"https:\/\/aogosto.com.br\/delivery\/wp-json\/wp\/v2\/product"}],"about":[{"href":"https:\/\/aogosto.com.br\/delivery\/wp-json\/wp\/v2\/types\/product"}],"replies":[{"embeddable":true,"href":"https:\/\/aogosto.com.br\/delivery\/wp-json\/wp\/v2\/comments?post=57119"}],"version-history":[{"count":2,"href":"https:\/\/aogosto.com.br\/delivery\/wp-json\/wp\/v2\/product\/57119\/revisions"}],"predecessor-version":[{"id":143481,"href":"https:\/\/aogosto.com.br\/delivery\/wp-json\/wp\/v2\/product\/57119\/revisions\/143481"}],"wp:featuredmedia":[{"embeddable":true,"href":"https:\/\/aogosto.com.br\/delivery\/wp-json\/wp\/v2\/media\/142141"}],"wp:attachment":[{"href":"https:\/\/aogosto.com.br\/delivery\/wp-json\/wp\/v2\/media?parent=57119"}],"wp:term":[{"taxonomy":"product_brand","embeddable":true,"href":"https:\/\/aogosto.com.br\/delivery\/wp-json\/wp\/v2\/product_brand?post=57119"},{"taxonomy":"product_cat","embeddable":true,"href":"https:\/\/aogosto.com.br\/delivery\/wp-json\/wp\/v2\/product_cat?post=57119"},{"taxonomy":"product_tag","embeddable":true,"href":"https:\/\/aogosto.com.br\/delivery\/wp-json\/wp\/v2\/product_tag?post=57119"}],"curies":[{"name":"wp","href":"https:\/\/api.w.org\/{rel}","templated":true}]}}