    {"id":51000,"date":"2023-06-09T18:42:06","date_gmt":"2023-06-09T21:42:06","guid":{"rendered":"https:\/\/aogosto.com.br\/delivery\/?post_type=product&#038;p=51000"},"modified":"2026-04-05T09:40:06","modified_gmt":"2026-04-05T12:40:06","slug":"jimmy-gin-750ml","status":"publish","type":"product","link":"https:\/\/aogosto.com.br\/delivery\/product\/jimmy-gin-750ml\/","title":{"rendered":"Jimmy Gin &#8211; Garrafa 750ml"},"content":{"rendered":"","protected":false},"excerpt":{"rendered":"<p>Jimmy Gin combina diretamente com a leveza e os prazeres da vida.<br \/>\nDesenvolvido com bot\u00e2nicos selecionados, o Jimmy Gin \u00e9 um oceano de experi\u00eancias.<\/p>\n<p>Ingredientes: Zimbro, Semente de Coentro, Raiz Ang\u00e9lica, Camomila , Lim\u00e3o siciliano, Pimenta da Jamaica, Laranja Bahia, L\u00edrio Florentino, Capim Lim\u00e3o e Am\u00eandoas.<\/p>\n<p>Percentual Alco\u00f3lico: 43% Vol.<\/p>\n<h5>N\u00c3O CONT\u00c9M GL\u00daTEN.<\/h5>\n<p>&nbsp;<\/p>\n<p>&nbsp;<\/p>\n<p>Gin Tradicional -london Dry<\/p>\n<p>&nbsp;<\/p>\n<p>&nbsp;<\/p>\n<p>&nbsp;<\/p>\n","protected":false},"featured_media":93728,"comment_status":"closed","ping_status":"closed","template":"","meta":[],"product_brand":[],"product_cat":[69,376,504],"product_tag":[],"class_list":{"0":"post-51000","1":"product","2":"type-product","3":"status-publish","4":"has-post-thumbnail","6":"product_cat-bebidas","7":"product_cat-destilados","8":"product_cat-oportunidade","10":"first","11":"outofstock","12":"shipping-taxable","13":"purchasable","14":"product-type-simple"},"yoast_head":"<!-- This site is optimized with the Yoast SEO plugin v27.2 - https:\/\/yoast.com\/product\/yoast-seo-wordpress\/ -->\n<title>Jimmy Gin - Garrafa 750ml | Ao Gosto Carnes<\/title>\n<meta name=\"robots\" content=\"index, follow, max-snippet:-1, max-image-preview:large, max-video-preview:-1\" \/>\n<link rel=\"canonical\" href=\"https:\/\/aogosto.com.br\/delivery\/product\/jimmy-gin-750ml\/\" \/>\n<meta property=\"og:locale\" content=\"pt_BR\" \/>\n<meta property=\"og:type\" content=\"article\" \/>\n<meta property=\"og:title\" content=\"Jimmy Gin - Garrafa 750ml | Ao Gosto Carnes\" \/>\n<meta property=\"og:description\" content=\"Jimmy Gin combina diretamente com a leveza e os prazeres da vida. Desenvolvido com bot\u00e2nicos selecionados, o Jimmy Gin \u00e9 um oceano de experi\u00eancias.  Ingredientes: Zimbro, Semente de Coentro, Raiz Ang\u00e9lica, Camomila , Lim\u00e3o siciliano, Pimenta da Jamaica, Laranja Bahia, L\u00edrio Florentino, Capim Lim\u00e3o e Am\u00eandoas.  Percentual Alco\u00f3lico: 43% Vol. N\u00c3O CONT\u00c9M GL\u00daTEN. &nbsp;  &nbsp;  Gin Tradicional -london Dry  &nbsp;  &nbsp;  &nbsp;\" \/>\n<meta property=\"og:url\" content=\"https:\/\/aogosto.com.br\/delivery\/product\/jimmy-gin-750ml\/\" \/>\n<meta property=\"og:site_name\" content=\"Ao Gosto Carnes\" \/>\n<meta property=\"article:publisher\" content=\"https:\/\/facebook.com.br\/aogostocarnesnobres\" \/>\n<meta property=\"article:modified_time\" content=\"2026-04-05T12:40:06+00:00\" \/>\n<meta property=\"og:image\" content=\"https:\/\/aogosto.com.br\/delivery\/wp-content\/uploads\/2023\/06\/Design-sem-nome-2024-09-11T140433.595.jpg\" \/>\n\t<meta property=\"og:image:width\" content=\"1080\" \/>\n\t<meta property=\"og:image:height\" content=\"1080\" \/>\n\t<meta property=\"og:image:type\" content=\"image\/jpeg\" \/>\n<meta name=\"twitter:card\" content=\"summary_large_image\" \/>\n<meta name=\"twitter:label1\" content=\"Est. tempo de leitura\" \/>\n\t<meta name=\"twitter:data1\" content=\"1 minuto\" \/>\n<script type=\"application\/ld+json\" class=\"yoast-schema-graph\">{\"@context\":\"https:\/\/schema.org\",\"@graph\":[{\"@type\":\"WebPage\",\"@id\":\"https:\/\/aogosto.com.br\/delivery\/product\/jimmy-gin-750ml\/\",\"url\":\"https:\/\/aogosto.com.br\/delivery\/product\/jimmy-gin-750ml\/\",\"name\":\"Jimmy Gin - Garrafa 750ml | Ao Gosto Carnes\",\"isPartOf\":{\"@id\":\"https:\/\/aogosto.com.br\/delivery\/#website\"},\"primaryImageOfPage\":{\"@id\":\"https:\/\/aogosto.com.br\/delivery\/product\/jimmy-gin-750ml\/#primaryimage\"},\"image\":{\"@id\":\"https:\/\/aogosto.com.br\/delivery\/product\/jimmy-gin-750ml\/#primaryimage\"},\"thumbnailUrl\":\"https:\/\/aogosto.com.br\/delivery\/wp-content\/uploads\/2023\/06\/Design-sem-nome-2024-09-11T140433.595.jpg\",\"datePublished\":\"2023-06-09T21:42:06+00:00\",\"dateModified\":\"2026-04-05T12:40:06+00:00\",\"breadcrumb\":{\"@id\":\"https:\/\/aogosto.com.br\/delivery\/product\/jimmy-gin-750ml\/#breadcrumb\"},\"inLanguage\":\"pt-BR\",\"potentialAction\":[{\"@type\":\"ReadAction\",\"target\":[\"https:\/\/aogosto.com.br\/delivery\/product\/jimmy-gin-750ml\/\"]}]},{\"@type\":\"ImageObject\",\"inLanguage\":\"pt-BR\",\"@id\":\"https:\/\/aogosto.com.br\/delivery\/product\/jimmy-gin-750ml\/#primaryimage\",\"url\":\"https:\/\/aogosto.com.br\/delivery\/wp-content\/uploads\/2023\/06\/Design-sem-nome-2024-09-11T140433.595.jpg\",\"contentUrl\":\"https:\/\/aogosto.com.br\/delivery\/wp-content\/uploads\/2023\/06\/Design-sem-nome-2024-09-11T140433.595.jpg\",\"width\":1080,\"height\":1080},{\"@type\":\"BreadcrumbList\",\"@id\":\"https:\/\/aogosto.com.br\/delivery\/product\/jimmy-gin-750ml\/#breadcrumb\",\"itemListElement\":[{\"@type\":\"ListItem\",\"position\":1,\"name\":\"In\u00edcio\",\"item\":\"https:\/\/aogosto.com.br\/delivery\/\"},{\"@type\":\"ListItem\",\"position\":2,\"name\":\"Shop\",\"item\":\"https:\/\/aogosto.com.br\/delivery\/loja\/\"},{\"@type\":\"ListItem\",\"position\":3,\"name\":\"Jimmy Gin &#8211; Garrafa 750ml\"}]},{\"@type\":\"WebSite\",\"@id\":\"https:\/\/aogosto.com.br\/delivery\/#website\",\"url\":\"https:\/\/aogosto.com.br\/delivery\/\",\"name\":\"Ao Gosto Carnes\",\"description\":\"Fa\u00e7a o seu pedido on-line!\",\"potentialAction\":[{\"@type\":\"SearchAction\",\"target\":{\"@type\":\"EntryPoint\",\"urlTemplate\":\"https:\/\/aogosto.com.br\/delivery\/?s={search_term_string}\"},\"query-input\":{\"@type\":\"PropertyValueSpecification\",\"valueRequired\":true,\"valueName\":\"search_term_string\"}}],\"inLanguage\":\"pt-BR\"}]}<\/script>\n<!-- \/ Yoast SEO plugin. -->","yoast_head_json":{"title":"Jimmy Gin - Garrafa 750ml | Ao Gosto Carnes","robots":{"index":"index","follow":"follow","max-snippet":"max-snippet:-1","max-image-preview":"max-image-preview:large","max-video-preview":"max-video-preview:-1"},"canonical":"https:\/\/aogosto.com.br\/delivery\/product\/jimmy-gin-750ml\/","og_locale":"pt_BR","og_type":"article","og_title":"Jimmy Gin - Garrafa 750ml | Ao Gosto Carnes","og_description":"Jimmy Gin combina diretamente com a leveza e os prazeres da vida. Desenvolvido com bot\u00e2nicos selecionados, o Jimmy Gin \u00e9 um oceano de experi\u00eancias.  Ingredientes: Zimbro, Semente de Coentro, Raiz Ang\u00e9lica, Camomila , Lim\u00e3o siciliano, Pimenta da Jamaica, Laranja Bahia, L\u00edrio Florentino, Capim Lim\u00e3o e Am\u00eandoas.  Percentual Alco\u00f3lico: 43% Vol. N\u00c3O CONT\u00c9M GL\u00daTEN. &nbsp;  &nbsp;  Gin Tradicional -london Dry  &nbsp;  &nbsp;  &nbsp;","og_url":"https:\/\/aogosto.com.br\/delivery\/product\/jimmy-gin-750ml\/","og_site_name":"Ao Gosto Carnes","article_publisher":"https:\/\/facebook.com.br\/aogostocarnesnobres","article_modified_time":"2026-04-05T12:40:06+00:00","og_image":[{"width":1080,"height":1080,"url":"https:\/\/aogosto.com.br\/delivery\/wp-content\/uploads\/2023\/06\/Design-sem-nome-2024-09-11T140433.595.jpg","type":"image\/jpeg"}],"twitter_card":"summary_large_image","twitter_misc":{"Est. tempo de leitura":"1 minuto"},"schema":{"@context":"https:\/\/schema.org","@graph":[{"@type":"WebPage","@id":"https:\/\/aogosto.com.br\/delivery\/product\/jimmy-gin-750ml\/","url":"https:\/\/aogosto.com.br\/delivery\/product\/jimmy-gin-750ml\/","name":"Jimmy Gin - Garrafa 750ml | Ao Gosto Carnes","isPartOf":{"@id":"https:\/\/aogosto.com.br\/delivery\/#website"},"primaryImageOfPage":{"@id":"https:\/\/aogosto.com.br\/delivery\/product\/jimmy-gin-750ml\/#primaryimage"},"image":{"@id":"https:\/\/aogosto.com.br\/delivery\/product\/jimmy-gin-750ml\/#primaryimage"},"thumbnailUrl":"https:\/\/aogosto.com.br\/delivery\/wp-content\/uploads\/2023\/06\/Design-sem-nome-2024-09-11T140433.595.jpg","datePublished":"2023-06-09T21:42:06+00:00","dateModified":"2026-04-05T12:40:06+00:00","breadcrumb":{"@id":"https:\/\/aogosto.com.br\/delivery\/product\/jimmy-gin-750ml\/#breadcrumb"},"inLanguage":"pt-BR","potentialAction":[{"@type":"ReadAction","target":["https:\/\/aogosto.com.br\/delivery\/product\/jimmy-gin-750ml\/"]}]},{"@type":"ImageObject","inLanguage":"pt-BR","@id":"https:\/\/aogosto.com.br\/delivery\/product\/jimmy-gin-750ml\/#primaryimage","url":"https:\/\/aogosto.com.br\/delivery\/wp-content\/uploads\/2023\/06\/Design-sem-nome-2024-09-11T140433.595.jpg","contentUrl":"https:\/\/aogosto.com.br\/delivery\/wp-content\/uploads\/2023\/06\/Design-sem-nome-2024-09-11T140433.595.jpg","width":1080,"height":1080},{"@type":"BreadcrumbList","@id":"https:\/\/aogosto.com.br\/delivery\/product\/jimmy-gin-750ml\/#breadcrumb","itemListElement":[{"@type":"ListItem","position":1,"name":"In\u00edcio","item":"https:\/\/aogosto.com.br\/delivery\/"},{"@type":"ListItem","position":2,"name":"Shop","item":"https:\/\/aogosto.com.br\/delivery\/loja\/"},{"@type":"ListItem","position":3,"name":"Jimmy Gin &#8211; Garrafa 750ml"}]},{"@type":"WebSite","@id":"https:\/\/aogosto.com.br\/delivery\/#website","url":"https:\/\/aogosto.com.br\/delivery\/","name":"Ao Gosto Carnes","description":"Fa\u00e7a o seu pedido on-line!","potentialAction":[{"@type":"SearchAction","target":{"@type":"EntryPoint","urlTemplate":"https:\/\/aogosto.com.br\/delivery\/?s={search_term_string}"},"query-input":{"@type":"PropertyValueSpecification","valueRequired":true,"valueName":"search_term_string"}}],"inLanguage":"pt-BR"}]}},"_links":{"self":[{"href":"https:\/\/aogosto.com.br\/delivery\/wp-json\/wp\/v2\/product\/51000","targetHints":{"allow":["GET"]}}],"collection":[{"href":"https:\/\/aogosto.com.br\/delivery\/wp-json\/wp\/v2\/product"}],"about":[{"href":"https:\/\/aogosto.com.br\/delivery\/wp-json\/wp\/v2\/types\/product"}],"replies":[{"embeddable":true,"href":"https:\/\/aogosto.com.br\/delivery\/wp-json\/wp\/v2\/comments?post=51000"}],"version-history":[{"count":1,"href":"https:\/\/aogosto.com.br\/delivery\/wp-json\/wp\/v2\/product\/51000\/revisions"}],"predecessor-version":[{"id":146330,"href":"https:\/\/aogosto.com.br\/delivery\/wp-json\/wp\/v2\/product\/51000\/revisions\/146330"}],"wp:featuredmedia":[{"embeddable":true,"href":"https:\/\/aogosto.com.br\/delivery\/wp-json\/wp\/v2\/media\/93728"}],"wp:attachment":[{"href":"https:\/\/aogosto.com.br\/delivery\/wp-json\/wp\/v2\/media?parent=51000"}],"wp:term":[{"taxonomy":"product_brand","embeddable":true,"href":"https:\/\/aogosto.com.br\/delivery\/wp-json\/wp\/v2\/product_brand?post=51000"},{"taxonomy":"product_cat","embeddable":true,"href":"https:\/\/aogosto.com.br\/delivery\/wp-json\/wp\/v2\/product_cat?post=51000"},{"taxonomy":"product_tag","embeddable":true,"href":"https:\/\/aogosto.com.br\/delivery\/wp-json\/wp\/v2\/product_tag?post=51000"}],"curies":[{"name":"wp","href":"https:\/\/api.w.org\/{rel}","templated":true}]}}