    {"id":49909,"date":"2023-05-24T14:41:49","date_gmt":"2023-05-24T17:41:49","guid":{"rendered":"https:\/\/aogosto.com.br\/delivery\/?post_type=product&#038;p=49909"},"modified":"2025-05-21T11:22:59","modified_gmt":"2025-05-21T14:22:59","slug":"short-ribs-wagyu-cara-preta","status":"publish","type":"product","link":"https:\/\/aogosto.com.br\/delivery\/product\/short-ribs-wagyu-cara-preta\/","title":{"rendered":"Short Rib Wagyu- Cara Preta | R$: 79,90  (pct -congelado)"},"content":{"rendered":"","protected":false},"excerpt":{"rendered":"<p>A Carne + Saborosa e Suculenta do MUNDO!!!<\/p>\n<p><strong>Vinda do melhor Gado do Mundo, o Jap\u00f5nes WAGYU<\/strong> ,o\u00a0 short rib \u00e9 um corte muito saboroso e macio retirado da parte da dianteira da costela, pr\u00f3xima ao miolo do ac\u00e9m. Cada dia mais popular, \u00e9 ideal para o preparo na grelha em fogo alto. A gordura entre as fibras faz com que seja perfeito para o churrasco, onde muitas vezes \u00e9 a estrela.<\/p>\n<p>Peso Aproximado:\u00a0 <strong><em>0,600 gr<\/em><\/strong><\/p>\n<p>*O\u00a0 PESO DE CADA PE\u00c7A PODE VARIAR*<\/p>\n<p>*PRODUTO CONGELADO*<\/p>\n","protected":false},"featured_media":81548,"comment_status":"closed","ping_status":"closed","template":"","meta":[],"product_brand":[],"product_cat":[249,34,244,344,195],"product_tag":[],"class_list":{"0":"post-49909","1":"product","2":"type-product","3":"status-publish","4":"has-post-thumbnail","6":"product_cat-cortes-do-acem","7":"product_cat-boi","8":"product_cat-cortes-gourmet","9":"product_cat-mais-vendidas","10":"product_cat-wagyu","12":"first","13":"outofstock","14":"featured","15":"shipping-taxable","16":"purchasable","17":"product-type-simple"},"yoast_head":"<!-- This site is optimized with the Yoast SEO plugin v27.2 - https:\/\/yoast.com\/product\/yoast-seo-wordpress\/ -->\n<title>Short Rib Wagyu- Cara Preta | R$: 79,90 (pct -congelado) | Ao Gosto Carnes<\/title>\n<meta name=\"robots\" content=\"index, follow, max-snippet:-1, max-image-preview:large, max-video-preview:-1\" \/>\n<link rel=\"canonical\" href=\"https:\/\/aogosto.com.br\/delivery\/product\/short-ribs-wagyu-cara-preta\/\" \/>\n<meta property=\"og:locale\" content=\"pt_BR\" \/>\n<meta property=\"og:type\" content=\"article\" \/>\n<meta property=\"og:title\" content=\"Short Rib Wagyu- Cara Preta | R$: 79,90 (pct -congelado) | Ao Gosto Carnes\" \/>\n<meta property=\"og:description\" content=\"A Carne + Saborosa e Suculenta do MUNDO!!!  Vinda do melhor Gado do Mundo, o Jap\u00f5nes WAGYU ,o\u00a0 short rib \u00e9 um corte muito saboroso e macio retirado da parte da dianteira da costela, pr\u00f3xima ao miolo do ac\u00e9m. Cada dia mais popular, \u00e9 ideal para o preparo na grelha em fogo alto. A gordura entre as fibras faz com que seja perfeito para o churrasco, onde muitas vezes \u00e9 a estrela.  Peso Aproximado:\u00a0 0,600 gr  *O\u00a0 PESO DE CADA PE\u00c7A PODE VARIAR*  *PRODUTO CONGELADO*\" \/>\n<meta property=\"og:url\" content=\"https:\/\/aogosto.com.br\/delivery\/product\/short-ribs-wagyu-cara-preta\/\" \/>\n<meta property=\"og:site_name\" content=\"Ao Gosto Carnes\" \/>\n<meta property=\"article:publisher\" content=\"https:\/\/facebook.com.br\/aogostocarnesnobres\" \/>\n<meta property=\"article:modified_time\" content=\"2025-05-21T14:22:59+00:00\" \/>\n<meta property=\"og:image\" content=\"https:\/\/aogosto.com.br\/delivery\/wp-content\/uploads\/2023\/05\/Design-sem-nome-2024-04-17T105231.419.jpg\" \/>\n\t<meta property=\"og:image:width\" content=\"1080\" \/>\n\t<meta property=\"og:image:height\" content=\"1080\" \/>\n\t<meta property=\"og:image:type\" content=\"image\/jpeg\" \/>\n<meta name=\"twitter:card\" content=\"summary_large_image\" \/>\n<meta name=\"twitter:label1\" content=\"Est. tempo de leitura\" \/>\n\t<meta name=\"twitter:data1\" content=\"1 minuto\" \/>\n<script type=\"application\/ld+json\" class=\"yoast-schema-graph\">{\"@context\":\"https:\/\/schema.org\",\"@graph\":[{\"@type\":\"WebPage\",\"@id\":\"https:\/\/aogosto.com.br\/delivery\/product\/short-ribs-wagyu-cara-preta\/\",\"url\":\"https:\/\/aogosto.com.br\/delivery\/product\/short-ribs-wagyu-cara-preta\/\",\"name\":\"Short Rib Wagyu- Cara Preta | R$: 79,90 (pct -congelado) | Ao Gosto Carnes\",\"isPartOf\":{\"@id\":\"https:\/\/aogosto.com.br\/delivery\/#website\"},\"primaryImageOfPage\":{\"@id\":\"https:\/\/aogosto.com.br\/delivery\/product\/short-ribs-wagyu-cara-preta\/#primaryimage\"},\"image\":{\"@id\":\"https:\/\/aogosto.com.br\/delivery\/product\/short-ribs-wagyu-cara-preta\/#primaryimage\"},\"thumbnailUrl\":\"https:\/\/aogosto.com.br\/delivery\/wp-content\/uploads\/2023\/05\/Design-sem-nome-2024-04-17T105231.419.jpg\",\"datePublished\":\"2023-05-24T17:41:49+00:00\",\"dateModified\":\"2025-05-21T14:22:59+00:00\",\"breadcrumb\":{\"@id\":\"https:\/\/aogosto.com.br\/delivery\/product\/short-ribs-wagyu-cara-preta\/#breadcrumb\"},\"inLanguage\":\"pt-BR\",\"potentialAction\":[{\"@type\":\"ReadAction\",\"target\":[\"https:\/\/aogosto.com.br\/delivery\/product\/short-ribs-wagyu-cara-preta\/\"]}]},{\"@type\":\"ImageObject\",\"inLanguage\":\"pt-BR\",\"@id\":\"https:\/\/aogosto.com.br\/delivery\/product\/short-ribs-wagyu-cara-preta\/#primaryimage\",\"url\":\"https:\/\/aogosto.com.br\/delivery\/wp-content\/uploads\/2023\/05\/Design-sem-nome-2024-04-17T105231.419.jpg\",\"contentUrl\":\"https:\/\/aogosto.com.br\/delivery\/wp-content\/uploads\/2023\/05\/Design-sem-nome-2024-04-17T105231.419.jpg\",\"width\":1080,\"height\":1080},{\"@type\":\"BreadcrumbList\",\"@id\":\"https:\/\/aogosto.com.br\/delivery\/product\/short-ribs-wagyu-cara-preta\/#breadcrumb\",\"itemListElement\":[{\"@type\":\"ListItem\",\"position\":1,\"name\":\"In\u00edcio\",\"item\":\"https:\/\/aogosto.com.br\/delivery\/\"},{\"@type\":\"ListItem\",\"position\":2,\"name\":\"Shop\",\"item\":\"https:\/\/aogosto.com.br\/delivery\/loja\/\"},{\"@type\":\"ListItem\",\"position\":3,\"name\":\"Short Rib Wagyu- Cara Preta | R$: 79,90 (pct -congelado)\"}]},{\"@type\":\"WebSite\",\"@id\":\"https:\/\/aogosto.com.br\/delivery\/#website\",\"url\":\"https:\/\/aogosto.com.br\/delivery\/\",\"name\":\"Ao Gosto Carnes\",\"description\":\"Fa\u00e7a o seu pedido on-line!\",\"potentialAction\":[{\"@type\":\"SearchAction\",\"target\":{\"@type\":\"EntryPoint\",\"urlTemplate\":\"https:\/\/aogosto.com.br\/delivery\/?s={search_term_string}\"},\"query-input\":{\"@type\":\"PropertyValueSpecification\",\"valueRequired\":true,\"valueName\":\"search_term_string\"}}],\"inLanguage\":\"pt-BR\"}]}<\/script>\n<!-- \/ Yoast SEO plugin. -->","yoast_head_json":{"title":"Short Rib Wagyu- Cara Preta | R$: 79,90 (pct -congelado) | Ao Gosto Carnes","robots":{"index":"index","follow":"follow","max-snippet":"max-snippet:-1","max-image-preview":"max-image-preview:large","max-video-preview":"max-video-preview:-1"},"canonical":"https:\/\/aogosto.com.br\/delivery\/product\/short-ribs-wagyu-cara-preta\/","og_locale":"pt_BR","og_type":"article","og_title":"Short Rib Wagyu- Cara Preta | R$: 79,90 (pct -congelado) | Ao Gosto Carnes","og_description":"A Carne + Saborosa e Suculenta do MUNDO!!!  Vinda do melhor Gado do Mundo, o Jap\u00f5nes WAGYU ,o\u00a0 short rib \u00e9 um corte muito saboroso e macio retirado da parte da dianteira da costela, pr\u00f3xima ao miolo do ac\u00e9m. Cada dia mais popular, \u00e9 ideal para o preparo na grelha em fogo alto. A gordura entre as fibras faz com que seja perfeito para o churrasco, onde muitas vezes \u00e9 a estrela.  Peso Aproximado:\u00a0 0,600 gr  *O\u00a0 PESO DE CADA PE\u00c7A PODE VARIAR*  *PRODUTO CONGELADO*","og_url":"https:\/\/aogosto.com.br\/delivery\/product\/short-ribs-wagyu-cara-preta\/","og_site_name":"Ao Gosto Carnes","article_publisher":"https:\/\/facebook.com.br\/aogostocarnesnobres","article_modified_time":"2025-05-21T14:22:59+00:00","og_image":[{"width":1080,"height":1080,"url":"https:\/\/aogosto.com.br\/delivery\/wp-content\/uploads\/2023\/05\/Design-sem-nome-2024-04-17T105231.419.jpg","type":"image\/jpeg"}],"twitter_card":"summary_large_image","twitter_misc":{"Est. tempo de leitura":"1 minuto"},"schema":{"@context":"https:\/\/schema.org","@graph":[{"@type":"WebPage","@id":"https:\/\/aogosto.com.br\/delivery\/product\/short-ribs-wagyu-cara-preta\/","url":"https:\/\/aogosto.com.br\/delivery\/product\/short-ribs-wagyu-cara-preta\/","name":"Short Rib Wagyu- Cara Preta | R$: 79,90 (pct -congelado) | Ao Gosto Carnes","isPartOf":{"@id":"https:\/\/aogosto.com.br\/delivery\/#website"},"primaryImageOfPage":{"@id":"https:\/\/aogosto.com.br\/delivery\/product\/short-ribs-wagyu-cara-preta\/#primaryimage"},"image":{"@id":"https:\/\/aogosto.com.br\/delivery\/product\/short-ribs-wagyu-cara-preta\/#primaryimage"},"thumbnailUrl":"https:\/\/aogosto.com.br\/delivery\/wp-content\/uploads\/2023\/05\/Design-sem-nome-2024-04-17T105231.419.jpg","datePublished":"2023-05-24T17:41:49+00:00","dateModified":"2025-05-21T14:22:59+00:00","breadcrumb":{"@id":"https:\/\/aogosto.com.br\/delivery\/product\/short-ribs-wagyu-cara-preta\/#breadcrumb"},"inLanguage":"pt-BR","potentialAction":[{"@type":"ReadAction","target":["https:\/\/aogosto.com.br\/delivery\/product\/short-ribs-wagyu-cara-preta\/"]}]},{"@type":"ImageObject","inLanguage":"pt-BR","@id":"https:\/\/aogosto.com.br\/delivery\/product\/short-ribs-wagyu-cara-preta\/#primaryimage","url":"https:\/\/aogosto.com.br\/delivery\/wp-content\/uploads\/2023\/05\/Design-sem-nome-2024-04-17T105231.419.jpg","contentUrl":"https:\/\/aogosto.com.br\/delivery\/wp-content\/uploads\/2023\/05\/Design-sem-nome-2024-04-17T105231.419.jpg","width":1080,"height":1080},{"@type":"BreadcrumbList","@id":"https:\/\/aogosto.com.br\/delivery\/product\/short-ribs-wagyu-cara-preta\/#breadcrumb","itemListElement":[{"@type":"ListItem","position":1,"name":"In\u00edcio","item":"https:\/\/aogosto.com.br\/delivery\/"},{"@type":"ListItem","position":2,"name":"Shop","item":"https:\/\/aogosto.com.br\/delivery\/loja\/"},{"@type":"ListItem","position":3,"name":"Short Rib Wagyu- Cara Preta | R$: 79,90 (pct -congelado)"}]},{"@type":"WebSite","@id":"https:\/\/aogosto.com.br\/delivery\/#website","url":"https:\/\/aogosto.com.br\/delivery\/","name":"Ao Gosto Carnes","description":"Fa\u00e7a o seu pedido on-line!","potentialAction":[{"@type":"SearchAction","target":{"@type":"EntryPoint","urlTemplate":"https:\/\/aogosto.com.br\/delivery\/?s={search_term_string}"},"query-input":{"@type":"PropertyValueSpecification","valueRequired":true,"valueName":"search_term_string"}}],"inLanguage":"pt-BR"}]}},"_links":{"self":[{"href":"https:\/\/aogosto.com.br\/delivery\/wp-json\/wp\/v2\/product\/49909","targetHints":{"allow":["GET"]}}],"collection":[{"href":"https:\/\/aogosto.com.br\/delivery\/wp-json\/wp\/v2\/product"}],"about":[{"href":"https:\/\/aogosto.com.br\/delivery\/wp-json\/wp\/v2\/types\/product"}],"replies":[{"embeddable":true,"href":"https:\/\/aogosto.com.br\/delivery\/wp-json\/wp\/v2\/comments?post=49909"}],"version-history":[{"count":0,"href":"https:\/\/aogosto.com.br\/delivery\/wp-json\/wp\/v2\/product\/49909\/revisions"}],"wp:featuredmedia":[{"embeddable":true,"href":"https:\/\/aogosto.com.br\/delivery\/wp-json\/wp\/v2\/media\/81548"}],"wp:attachment":[{"href":"https:\/\/aogosto.com.br\/delivery\/wp-json\/wp\/v2\/media?parent=49909"}],"wp:term":[{"taxonomy":"product_brand","embeddable":true,"href":"https:\/\/aogosto.com.br\/delivery\/wp-json\/wp\/v2\/product_brand?post=49909"},{"taxonomy":"product_cat","embeddable":true,"href":"https:\/\/aogosto.com.br\/delivery\/wp-json\/wp\/v2\/product_cat?post=49909"},{"taxonomy":"product_tag","embeddable":true,"href":"https:\/\/aogosto.com.br\/delivery\/wp-json\/wp\/v2\/product_tag?post=49909"}],"curies":[{"name":"wp","href":"https:\/\/api.w.org\/{rel}","templated":true}]}}