    {"id":448,"date":"2021-02-02T20:56:03","date_gmt":"2021-02-02T23:56:03","guid":{"rendered":"https:\/\/aogosto.com.br\/delivery\/product\/import-placeholder-for-3380\/"},"modified":"2026-04-05T11:33:03","modified_gmt":"2026-04-05T14:33:03","slug":"kit-churrasco-20-pessoas","status":"publish","type":"product","link":"https:\/\/aogosto.com.br\/delivery\/product\/kit-churrasco-20-pessoas\/","title":{"rendered":"Kit Churrasco 20 Pessoas"},"content":{"rendered":"","protected":false},"excerpt":{"rendered":"<p>Partiu f\u00e9rias? Datas comemorativas? Apresentamos o nosso maior <strong>Kit Churrasco, para 20 pessoas<\/strong>\u2026 \u00e9 quantidade de carne para o final de semana inteiro pra impressionar e satisfazer toda a galera, sem se preocupar em sair pra comprar mais carne \u2013 vamos combinar que isso \u00e9 bem chato, n\u00e9? Al\u00e9m do \u201crateio\u201d ficar muito mais f\u00e1cil!<strong><br \/>\n\u2022 Boi <\/strong><br \/>\n\u2013 2 Picanhas Premium A \u00a0( Aprox: 1 kg &#8211; cada )<br \/>\n\u2013 1 Bandeja &#8211; Ancho Bovino Steak ( Aprox:\u00a0 600gr )<br \/>\n&#8211; 1 Pct &#8211; Frald\u00e3o Uruguay-Temperado\u00a0 ( Aprox: 850 gr)<br \/>\n&#8211; 1 Pct &#8211; Lingui\u00e7a de Costela Angus ( Aprox: 300 gr )<\/p>\n<p>&nbsp;<\/p>\n<p><strong>\u2022 Frango <\/strong><br \/>\n\u2013 1 Pct &#8211; Coxinha Temp. Italiano (Aprox: 900 gr)<br \/>\n\u2013 1 Pct &#8211; Sobrecoxa Desossada e temperada na Cerveja ( Aprox: 900 gr)<\/p>\n<p><strong>\u2022 Porco<\/strong><br \/>\n&#8211; 1 Bandeja &#8211; Ancho Suino Temperado (Aprox:\u00a0 600 gr)<br \/>\n&#8211; 1 Pct &#8211; Lingui\u00e7a de\u00a0 Lombo Suino Pura OU Ao Vinho\u00a0 ( aprox: 500 gr)<\/p>\n<p>&nbsp;<\/p>\n<p>&nbsp;<\/p>\n<p>* IMAGEM\u00a0 MERAMENTE\u00a0 ILUSTRATIVA *<\/p>\n<p>&nbsp;<\/p>\n<p>*PRODUTOS CONGELADOS*<\/p>\n<p><!-- AOGOSTO_WEIGHT_START --><br \/>\nPeso Aprox. 1 g<\/p>\n<p>*O valor final pode variar conforme o peso exato de cada pe\u00e7a.*<\/p>\n<p>*Imagens meramente ilustrativas.*<br \/>\n<!-- AOGOSTO_WEIGHT_END --><\/p>\n","protected":false},"featured_media":137509,"comment_status":"closed","ping_status":"closed","template":"","meta":[],"product_brand":[],"product_cat":[360,71],"product_tag":[],"class_list":{"0":"post-448","1":"product","2":"type-product","3":"status-publish","4":"has-post-thumbnail","6":"product_cat-para-20-pessoas","7":"product_cat-kit-churrasco","9":"first","10":"instock","11":"shipping-taxable","12":"purchasable","13":"product-type-variable"},"yoast_head":"<!-- This site is optimized with the Yoast SEO plugin v27.2 - https:\/\/yoast.com\/product\/yoast-seo-wordpress\/ -->\n<title>Kit Churrasco 20 Pessoas | Ao Gosto Carnes<\/title>\n<meta name=\"robots\" content=\"index, follow, max-snippet:-1, max-image-preview:large, max-video-preview:-1\" \/>\n<link rel=\"canonical\" href=\"https:\/\/aogosto.com.br\/delivery\/product\/kit-churrasco-20-pessoas\/\" \/>\n<meta property=\"og:locale\" content=\"pt_BR\" \/>\n<meta property=\"og:type\" content=\"article\" \/>\n<meta property=\"og:title\" content=\"Kit Churrasco 20 Pessoas | Ao Gosto Carnes\" \/>\n<meta property=\"og:description\" content=\"Partiu f\u00e9rias? Datas comemorativas? Apresentamos o nosso maior Kit Churrasco, para 20 pessoas\u2026 \u00e9 quantidade de carne para o final de semana inteiro pra impressionar e satisfazer toda a galera, sem se preocupar em sair pra comprar mais carne \u2013 vamos combinar que isso \u00e9 bem chato, n\u00e9? Al\u00e9m do \u201crateio\u201d ficar muito mais f\u00e1cil! \u2022 Boi  \u2013 2 Picanhas Premium A \u00a0( Aprox: 1 kg - cada ) \u2013 1 Bandeja - Ancho Bovino Steak ( Aprox:\u00a0 600gr ) - 1 Pct - Frald\u00e3o Uruguay-Temperado\u00a0 ( Aprox: 850 gr) - 1 Pct - Lingui\u00e7a de Costela Angus ( Aprox: 300 gr )  &nbsp;  \u2022 Frango  \u2013 1 Pct - Coxinha Temp. Italiano (Aprox: 900 gr) \u2013 1 Pct - Sobrecoxa Desossada e temperada na Cerveja ( Aprox: 900 gr)  \u2022 Porco - 1 Bandeja - Ancho Suino Temperado (Aprox:\u00a0 600 gr) - 1 Pct - Lingui\u00e7a de\u00a0 Lombo Suino Pura OU Ao Vinho\u00a0 ( aprox: 500 gr)  &nbsp;  &nbsp;  * IMAGEM\u00a0 MERAMENTE\u00a0 ILUSTRATIVA *  &nbsp;  *PRODUTOS CONGELADOS*  Peso Aprox. 1 g *O valor final pode variar conforme o peso exato de cada pe\u00e7a.* *Imagens meramente ilustrativas.*\" \/>\n<meta property=\"og:url\" content=\"https:\/\/aogosto.com.br\/delivery\/product\/kit-churrasco-20-pessoas\/\" \/>\n<meta property=\"og:site_name\" content=\"Ao Gosto Carnes\" \/>\n<meta property=\"article:publisher\" content=\"https:\/\/facebook.com.br\/aogostocarnesnobres\" \/>\n<meta property=\"article:modified_time\" content=\"2026-04-05T14:33:03+00:00\" \/>\n<meta property=\"og:image\" content=\"https:\/\/aogosto.com.br\/delivery\/wp-content\/uploads\/2021\/02\/kit-20-normal-500.jpg\" \/>\n\t<meta property=\"og:image:width\" content=\"500\" \/>\n\t<meta property=\"og:image:height\" content=\"500\" \/>\n\t<meta property=\"og:image:type\" content=\"image\/jpeg\" \/>\n<meta name=\"twitter:card\" content=\"summary_large_image\" \/>\n<meta name=\"twitter:label1\" content=\"Est. tempo de leitura\" \/>\n\t<meta name=\"twitter:data1\" content=\"1 minuto\" \/>\n<script type=\"application\/ld+json\" class=\"yoast-schema-graph\">{\"@context\":\"https:\/\/schema.org\",\"@graph\":[{\"@type\":\"WebPage\",\"@id\":\"https:\/\/aogosto.com.br\/delivery\/product\/kit-churrasco-20-pessoas\/\",\"url\":\"https:\/\/aogosto.com.br\/delivery\/product\/kit-churrasco-20-pessoas\/\",\"name\":\"Kit Churrasco 20 Pessoas | Ao Gosto Carnes\",\"isPartOf\":{\"@id\":\"https:\/\/aogosto.com.br\/delivery\/#website\"},\"primaryImageOfPage\":{\"@id\":\"https:\/\/aogosto.com.br\/delivery\/product\/kit-churrasco-20-pessoas\/#primaryimage\"},\"image\":{\"@id\":\"https:\/\/aogosto.com.br\/delivery\/product\/kit-churrasco-20-pessoas\/#primaryimage\"},\"thumbnailUrl\":\"https:\/\/aogosto.com.br\/delivery\/wp-content\/uploads\/2021\/02\/kit-20-normal-500.jpg\",\"datePublished\":\"2021-02-02T23:56:03+00:00\",\"dateModified\":\"2026-04-05T14:33:03+00:00\",\"breadcrumb\":{\"@id\":\"https:\/\/aogosto.com.br\/delivery\/product\/kit-churrasco-20-pessoas\/#breadcrumb\"},\"inLanguage\":\"pt-BR\",\"potentialAction\":[{\"@type\":\"ReadAction\",\"target\":[\"https:\/\/aogosto.com.br\/delivery\/product\/kit-churrasco-20-pessoas\/\"]}]},{\"@type\":\"ImageObject\",\"inLanguage\":\"pt-BR\",\"@id\":\"https:\/\/aogosto.com.br\/delivery\/product\/kit-churrasco-20-pessoas\/#primaryimage\",\"url\":\"https:\/\/aogosto.com.br\/delivery\/wp-content\/uploads\/2021\/02\/kit-20-normal-500.jpg\",\"contentUrl\":\"https:\/\/aogosto.com.br\/delivery\/wp-content\/uploads\/2021\/02\/kit-20-normal-500.jpg\",\"width\":500,\"height\":500},{\"@type\":\"BreadcrumbList\",\"@id\":\"https:\/\/aogosto.com.br\/delivery\/product\/kit-churrasco-20-pessoas\/#breadcrumb\",\"itemListElement\":[{\"@type\":\"ListItem\",\"position\":1,\"name\":\"In\u00edcio\",\"item\":\"https:\/\/aogosto.com.br\/delivery\/\"},{\"@type\":\"ListItem\",\"position\":2,\"name\":\"Shop\",\"item\":\"https:\/\/aogosto.com.br\/delivery\/loja\/\"},{\"@type\":\"ListItem\",\"position\":3,\"name\":\"Kit Churrasco 20 Pessoas\"}]},{\"@type\":\"WebSite\",\"@id\":\"https:\/\/aogosto.com.br\/delivery\/#website\",\"url\":\"https:\/\/aogosto.com.br\/delivery\/\",\"name\":\"Ao Gosto Carnes\",\"description\":\"Fa\u00e7a o seu pedido on-line!\",\"potentialAction\":[{\"@type\":\"SearchAction\",\"target\":{\"@type\":\"EntryPoint\",\"urlTemplate\":\"https:\/\/aogosto.com.br\/delivery\/?s={search_term_string}\"},\"query-input\":{\"@type\":\"PropertyValueSpecification\",\"valueRequired\":true,\"valueName\":\"search_term_string\"}}],\"inLanguage\":\"pt-BR\"}]}<\/script>\n<!-- \/ Yoast SEO plugin. -->","yoast_head_json":{"title":"Kit Churrasco 20 Pessoas | Ao Gosto Carnes","robots":{"index":"index","follow":"follow","max-snippet":"max-snippet:-1","max-image-preview":"max-image-preview:large","max-video-preview":"max-video-preview:-1"},"canonical":"https:\/\/aogosto.com.br\/delivery\/product\/kit-churrasco-20-pessoas\/","og_locale":"pt_BR","og_type":"article","og_title":"Kit Churrasco 20 Pessoas | Ao Gosto Carnes","og_description":"Partiu f\u00e9rias? Datas comemorativas? Apresentamos o nosso maior Kit Churrasco, para 20 pessoas\u2026 \u00e9 quantidade de carne para o final de semana inteiro pra impressionar e satisfazer toda a galera, sem se preocupar em sair pra comprar mais carne \u2013 vamos combinar que isso \u00e9 bem chato, n\u00e9? Al\u00e9m do \u201crateio\u201d ficar muito mais f\u00e1cil! \u2022 Boi  \u2013 2 Picanhas Premium A \u00a0( Aprox: 1 kg - cada ) \u2013 1 Bandeja - Ancho Bovino Steak ( Aprox:\u00a0 600gr ) - 1 Pct - Frald\u00e3o Uruguay-Temperado\u00a0 ( Aprox: 850 gr) - 1 Pct - Lingui\u00e7a de Costela Angus ( Aprox: 300 gr )  &nbsp;  \u2022 Frango  \u2013 1 Pct - Coxinha Temp. Italiano (Aprox: 900 gr) \u2013 1 Pct - Sobrecoxa Desossada e temperada na Cerveja ( Aprox: 900 gr)  \u2022 Porco - 1 Bandeja - Ancho Suino Temperado (Aprox:\u00a0 600 gr) - 1 Pct - Lingui\u00e7a de\u00a0 Lombo Suino Pura OU Ao Vinho\u00a0 ( aprox: 500 gr)  &nbsp;  &nbsp;  * IMAGEM\u00a0 MERAMENTE\u00a0 ILUSTRATIVA *  &nbsp;  *PRODUTOS CONGELADOS*  Peso Aprox. 1 g *O valor final pode variar conforme o peso exato de cada pe\u00e7a.* *Imagens meramente ilustrativas.*","og_url":"https:\/\/aogosto.com.br\/delivery\/product\/kit-churrasco-20-pessoas\/","og_site_name":"Ao Gosto Carnes","article_publisher":"https:\/\/facebook.com.br\/aogostocarnesnobres","article_modified_time":"2026-04-05T14:33:03+00:00","og_image":[{"width":500,"height":500,"url":"https:\/\/aogosto.com.br\/delivery\/wp-content\/uploads\/2021\/02\/kit-20-normal-500.jpg","type":"image\/jpeg"}],"twitter_card":"summary_large_image","twitter_misc":{"Est. tempo de leitura":"1 minuto"},"schema":{"@context":"https:\/\/schema.org","@graph":[{"@type":"WebPage","@id":"https:\/\/aogosto.com.br\/delivery\/product\/kit-churrasco-20-pessoas\/","url":"https:\/\/aogosto.com.br\/delivery\/product\/kit-churrasco-20-pessoas\/","name":"Kit Churrasco 20 Pessoas | Ao Gosto Carnes","isPartOf":{"@id":"https:\/\/aogosto.com.br\/delivery\/#website"},"primaryImageOfPage":{"@id":"https:\/\/aogosto.com.br\/delivery\/product\/kit-churrasco-20-pessoas\/#primaryimage"},"image":{"@id":"https:\/\/aogosto.com.br\/delivery\/product\/kit-churrasco-20-pessoas\/#primaryimage"},"thumbnailUrl":"https:\/\/aogosto.com.br\/delivery\/wp-content\/uploads\/2021\/02\/kit-20-normal-500.jpg","datePublished":"2021-02-02T23:56:03+00:00","dateModified":"2026-04-05T14:33:03+00:00","breadcrumb":{"@id":"https:\/\/aogosto.com.br\/delivery\/product\/kit-churrasco-20-pessoas\/#breadcrumb"},"inLanguage":"pt-BR","potentialAction":[{"@type":"ReadAction","target":["https:\/\/aogosto.com.br\/delivery\/product\/kit-churrasco-20-pessoas\/"]}]},{"@type":"ImageObject","inLanguage":"pt-BR","@id":"https:\/\/aogosto.com.br\/delivery\/product\/kit-churrasco-20-pessoas\/#primaryimage","url":"https:\/\/aogosto.com.br\/delivery\/wp-content\/uploads\/2021\/02\/kit-20-normal-500.jpg","contentUrl":"https:\/\/aogosto.com.br\/delivery\/wp-content\/uploads\/2021\/02\/kit-20-normal-500.jpg","width":500,"height":500},{"@type":"BreadcrumbList","@id":"https:\/\/aogosto.com.br\/delivery\/product\/kit-churrasco-20-pessoas\/#breadcrumb","itemListElement":[{"@type":"ListItem","position":1,"name":"In\u00edcio","item":"https:\/\/aogosto.com.br\/delivery\/"},{"@type":"ListItem","position":2,"name":"Shop","item":"https:\/\/aogosto.com.br\/delivery\/loja\/"},{"@type":"ListItem","position":3,"name":"Kit Churrasco 20 Pessoas"}]},{"@type":"WebSite","@id":"https:\/\/aogosto.com.br\/delivery\/#website","url":"https:\/\/aogosto.com.br\/delivery\/","name":"Ao Gosto Carnes","description":"Fa\u00e7a o seu pedido on-line!","potentialAction":[{"@type":"SearchAction","target":{"@type":"EntryPoint","urlTemplate":"https:\/\/aogosto.com.br\/delivery\/?s={search_term_string}"},"query-input":{"@type":"PropertyValueSpecification","valueRequired":true,"valueName":"search_term_string"}}],"inLanguage":"pt-BR"}]}},"_links":{"self":[{"href":"https:\/\/aogosto.com.br\/delivery\/wp-json\/wp\/v2\/product\/448","targetHints":{"allow":["GET"]}}],"collection":[{"href":"https:\/\/aogosto.com.br\/delivery\/wp-json\/wp\/v2\/product"}],"about":[{"href":"https:\/\/aogosto.com.br\/delivery\/wp-json\/wp\/v2\/types\/product"}],"replies":[{"embeddable":true,"href":"https:\/\/aogosto.com.br\/delivery\/wp-json\/wp\/v2\/comments?post=448"}],"version-history":[{"count":4,"href":"https:\/\/aogosto.com.br\/delivery\/wp-json\/wp\/v2\/product\/448\/revisions"}],"predecessor-version":[{"id":147601,"href":"https:\/\/aogosto.com.br\/delivery\/wp-json\/wp\/v2\/product\/448\/revisions\/147601"}],"wp:featuredmedia":[{"embeddable":true,"href":"https:\/\/aogosto.com.br\/delivery\/wp-json\/wp\/v2\/media\/137509"}],"wp:attachment":[{"href":"https:\/\/aogosto.com.br\/delivery\/wp-json\/wp\/v2\/media?parent=448"}],"wp:term":[{"taxonomy":"product_brand","embeddable":true,"href":"https:\/\/aogosto.com.br\/delivery\/wp-json\/wp\/v2\/product_brand?post=448"},{"taxonomy":"product_cat","embeddable":true,"href":"https:\/\/aogosto.com.br\/delivery\/wp-json\/wp\/v2\/product_cat?post=448"},{"taxonomy":"product_tag","embeddable":true,"href":"https:\/\/aogosto.com.br\/delivery\/wp-json\/wp\/v2\/product_tag?post=448"}],"curies":[{"name":"wp","href":"https:\/\/api.w.org\/{rel}","templated":true}]}}