    {"id":43312,"date":"2023-01-17T15:44:31","date_gmt":"2023-01-17T18:44:31","guid":{"rendered":"https:\/\/aogosto.com.br\/delivery\/?post_type=product&#038;p=43312"},"modified":"2025-11-28T17:49:55","modified_gmt":"2025-11-28T20:49:55","slug":"assado-de-tiras-vpj","status":"publish","type":"product","link":"https:\/\/aogosto.com.br\/delivery\/product\/assado-de-tiras-vpj\/","title":{"rendered":"Assado de tiras Angus &#8211; VPJ | R$ 119,90 kg"},"content":{"rendered":"","protected":false},"excerpt":{"rendered":"<p><b>Tradicional corte argentino obtido da costela bovina cortada no sentido transversal aos ossos<\/b>, o Assado de Tiras\u00a0 tem textura e sabor inigual\u00e1veis, al\u00e9m de uma apresenta\u00e7\u00e3o diferenciada. Por ser r\u00e1pido de preparar, \u00e9 uma excelente op\u00e7\u00e3o para servir no in\u00edcio do churrasco Peso Aprox.<\/p>\n<p>&nbsp;Peso Aprox. 0750 g<\/p>\n<p>*O valor final pode variar conforme o peso exato de cada pe\u00e7a.*<\/p>\n<p>*Imagens meramente ilustrativas.*<\/p>\n","protected":false},"featured_media":78357,"comment_status":"closed","ping_status":"closed","template":"","meta":[],"product_brand":[],"product_cat":[246,34,244,245],"product_tag":[492],"class_list":{"0":"post-43312","1":"product","2":"type-product","3":"status-publish","4":"has-post-thumbnail","6":"product_cat-angus","7":"product_cat-boi","8":"product_cat-cortes-gourmet","9":"product_cat-cortes-da-costela","10":"product_tag-25-07-2024","12":"first","13":"instock","14":"shipping-taxable","15":"purchasable","16":"product-type-simple"},"yoast_head":"<!-- This site is optimized with the Yoast SEO plugin v27.2 - https:\/\/yoast.com\/product\/yoast-seo-wordpress\/ -->\n<title>Assado de tiras Angus - VPJ | R$ 119,90 kg | Ao Gosto Carnes<\/title>\n<meta name=\"robots\" content=\"index, follow, max-snippet:-1, max-image-preview:large, max-video-preview:-1\" \/>\n<link rel=\"canonical\" href=\"https:\/\/aogosto.com.br\/delivery\/product\/assado-de-tiras-vpj\/\" \/>\n<meta property=\"og:locale\" content=\"pt_BR\" \/>\n<meta property=\"og:type\" content=\"article\" \/>\n<meta property=\"og:title\" content=\"Assado de tiras Angus - VPJ | R$ 119,90 kg | Ao Gosto Carnes\" \/>\n<meta property=\"og:description\" content=\"Tradicional corte argentino obtido da costela bovina cortada no sentido transversal aos ossos, o Assado de Tiras\u00a0 tem textura e sabor inigual\u00e1veis, al\u00e9m de uma apresenta\u00e7\u00e3o diferenciada. Por ser r\u00e1pido de preparar, \u00e9 uma excelente op\u00e7\u00e3o para servir no in\u00edcio do churrasco Peso Aprox.  &nbsp;Peso Aprox. 0750 g *O valor final pode variar conforme o peso exato de cada pe\u00e7a.* *Imagens meramente ilustrativas.*\" \/>\n<meta property=\"og:url\" content=\"https:\/\/aogosto.com.br\/delivery\/product\/assado-de-tiras-vpj\/\" \/>\n<meta property=\"og:site_name\" content=\"Ao Gosto Carnes\" \/>\n<meta property=\"article:publisher\" content=\"https:\/\/facebook.com.br\/aogostocarnesnobres\" \/>\n<meta property=\"article:modified_time\" content=\"2025-11-28T20:49:55+00:00\" \/>\n<meta property=\"og:image\" content=\"https:\/\/aogosto.com.br\/delivery\/wp-content\/uploads\/2023\/01\/Design-sem-nome-2024-03-15T161007.366-1.jpg\" \/>\n\t<meta property=\"og:image:width\" content=\"1080\" \/>\n\t<meta property=\"og:image:height\" content=\"1080\" \/>\n\t<meta property=\"og:image:type\" content=\"image\/jpeg\" \/>\n<meta name=\"twitter:card\" content=\"summary_large_image\" \/>\n<meta name=\"twitter:label1\" content=\"Est. tempo de leitura\" \/>\n\t<meta name=\"twitter:data1\" content=\"1 minuto\" \/>\n<script type=\"application\/ld+json\" class=\"yoast-schema-graph\">{\"@context\":\"https:\/\/schema.org\",\"@graph\":[{\"@type\":\"WebPage\",\"@id\":\"https:\/\/aogosto.com.br\/delivery\/product\/assado-de-tiras-vpj\/\",\"url\":\"https:\/\/aogosto.com.br\/delivery\/product\/assado-de-tiras-vpj\/\",\"name\":\"Assado de tiras Angus - VPJ | R$ 119,90 kg | Ao Gosto Carnes\",\"isPartOf\":{\"@id\":\"https:\/\/aogosto.com.br\/delivery\/#website\"},\"primaryImageOfPage\":{\"@id\":\"https:\/\/aogosto.com.br\/delivery\/product\/assado-de-tiras-vpj\/#primaryimage\"},\"image\":{\"@id\":\"https:\/\/aogosto.com.br\/delivery\/product\/assado-de-tiras-vpj\/#primaryimage\"},\"thumbnailUrl\":\"https:\/\/aogosto.com.br\/delivery\/wp-content\/uploads\/2023\/01\/Design-sem-nome-2024-03-15T161007.366-1.jpg\",\"datePublished\":\"2023-01-17T18:44:31+00:00\",\"dateModified\":\"2025-11-28T20:49:55+00:00\",\"breadcrumb\":{\"@id\":\"https:\/\/aogosto.com.br\/delivery\/product\/assado-de-tiras-vpj\/#breadcrumb\"},\"inLanguage\":\"pt-BR\",\"potentialAction\":[{\"@type\":\"ReadAction\",\"target\":[\"https:\/\/aogosto.com.br\/delivery\/product\/assado-de-tiras-vpj\/\"]}]},{\"@type\":\"ImageObject\",\"inLanguage\":\"pt-BR\",\"@id\":\"https:\/\/aogosto.com.br\/delivery\/product\/assado-de-tiras-vpj\/#primaryimage\",\"url\":\"https:\/\/aogosto.com.br\/delivery\/wp-content\/uploads\/2023\/01\/Design-sem-nome-2024-03-15T161007.366-1.jpg\",\"contentUrl\":\"https:\/\/aogosto.com.br\/delivery\/wp-content\/uploads\/2023\/01\/Design-sem-nome-2024-03-15T161007.366-1.jpg\",\"width\":1080,\"height\":1080},{\"@type\":\"BreadcrumbList\",\"@id\":\"https:\/\/aogosto.com.br\/delivery\/product\/assado-de-tiras-vpj\/#breadcrumb\",\"itemListElement\":[{\"@type\":\"ListItem\",\"position\":1,\"name\":\"In\u00edcio\",\"item\":\"https:\/\/aogosto.com.br\/delivery\/\"},{\"@type\":\"ListItem\",\"position\":2,\"name\":\"Shop\",\"item\":\"https:\/\/aogosto.com.br\/delivery\/loja\/\"},{\"@type\":\"ListItem\",\"position\":3,\"name\":\"Assado de tiras Angus &#8211; VPJ | R$ 119,90 kg\"}]},{\"@type\":\"WebSite\",\"@id\":\"https:\/\/aogosto.com.br\/delivery\/#website\",\"url\":\"https:\/\/aogosto.com.br\/delivery\/\",\"name\":\"Ao Gosto Carnes\",\"description\":\"Fa\u00e7a o seu pedido on-line!\",\"potentialAction\":[{\"@type\":\"SearchAction\",\"target\":{\"@type\":\"EntryPoint\",\"urlTemplate\":\"https:\/\/aogosto.com.br\/delivery\/?s={search_term_string}\"},\"query-input\":{\"@type\":\"PropertyValueSpecification\",\"valueRequired\":true,\"valueName\":\"search_term_string\"}}],\"inLanguage\":\"pt-BR\"}]}<\/script>\n<!-- \/ Yoast SEO plugin. -->","yoast_head_json":{"title":"Assado de tiras Angus - VPJ | R$ 119,90 kg | Ao Gosto Carnes","robots":{"index":"index","follow":"follow","max-snippet":"max-snippet:-1","max-image-preview":"max-image-preview:large","max-video-preview":"max-video-preview:-1"},"canonical":"https:\/\/aogosto.com.br\/delivery\/product\/assado-de-tiras-vpj\/","og_locale":"pt_BR","og_type":"article","og_title":"Assado de tiras Angus - VPJ | R$ 119,90 kg | Ao Gosto Carnes","og_description":"Tradicional corte argentino obtido da costela bovina cortada no sentido transversal aos ossos, o Assado de Tiras\u00a0 tem textura e sabor inigual\u00e1veis, al\u00e9m de uma apresenta\u00e7\u00e3o diferenciada. Por ser r\u00e1pido de preparar, \u00e9 uma excelente op\u00e7\u00e3o para servir no in\u00edcio do churrasco Peso Aprox.  &nbsp;Peso Aprox. 0750 g *O valor final pode variar conforme o peso exato de cada pe\u00e7a.* *Imagens meramente ilustrativas.*","og_url":"https:\/\/aogosto.com.br\/delivery\/product\/assado-de-tiras-vpj\/","og_site_name":"Ao Gosto Carnes","article_publisher":"https:\/\/facebook.com.br\/aogostocarnesnobres","article_modified_time":"2025-11-28T20:49:55+00:00","og_image":[{"width":1080,"height":1080,"url":"https:\/\/aogosto.com.br\/delivery\/wp-content\/uploads\/2023\/01\/Design-sem-nome-2024-03-15T161007.366-1.jpg","type":"image\/jpeg"}],"twitter_card":"summary_large_image","twitter_misc":{"Est. tempo de leitura":"1 minuto"},"schema":{"@context":"https:\/\/schema.org","@graph":[{"@type":"WebPage","@id":"https:\/\/aogosto.com.br\/delivery\/product\/assado-de-tiras-vpj\/","url":"https:\/\/aogosto.com.br\/delivery\/product\/assado-de-tiras-vpj\/","name":"Assado de tiras Angus - VPJ | R$ 119,90 kg | Ao Gosto Carnes","isPartOf":{"@id":"https:\/\/aogosto.com.br\/delivery\/#website"},"primaryImageOfPage":{"@id":"https:\/\/aogosto.com.br\/delivery\/product\/assado-de-tiras-vpj\/#primaryimage"},"image":{"@id":"https:\/\/aogosto.com.br\/delivery\/product\/assado-de-tiras-vpj\/#primaryimage"},"thumbnailUrl":"https:\/\/aogosto.com.br\/delivery\/wp-content\/uploads\/2023\/01\/Design-sem-nome-2024-03-15T161007.366-1.jpg","datePublished":"2023-01-17T18:44:31+00:00","dateModified":"2025-11-28T20:49:55+00:00","breadcrumb":{"@id":"https:\/\/aogosto.com.br\/delivery\/product\/assado-de-tiras-vpj\/#breadcrumb"},"inLanguage":"pt-BR","potentialAction":[{"@type":"ReadAction","target":["https:\/\/aogosto.com.br\/delivery\/product\/assado-de-tiras-vpj\/"]}]},{"@type":"ImageObject","inLanguage":"pt-BR","@id":"https:\/\/aogosto.com.br\/delivery\/product\/assado-de-tiras-vpj\/#primaryimage","url":"https:\/\/aogosto.com.br\/delivery\/wp-content\/uploads\/2023\/01\/Design-sem-nome-2024-03-15T161007.366-1.jpg","contentUrl":"https:\/\/aogosto.com.br\/delivery\/wp-content\/uploads\/2023\/01\/Design-sem-nome-2024-03-15T161007.366-1.jpg","width":1080,"height":1080},{"@type":"BreadcrumbList","@id":"https:\/\/aogosto.com.br\/delivery\/product\/assado-de-tiras-vpj\/#breadcrumb","itemListElement":[{"@type":"ListItem","position":1,"name":"In\u00edcio","item":"https:\/\/aogosto.com.br\/delivery\/"},{"@type":"ListItem","position":2,"name":"Shop","item":"https:\/\/aogosto.com.br\/delivery\/loja\/"},{"@type":"ListItem","position":3,"name":"Assado de tiras Angus &#8211; VPJ | R$ 119,90 kg"}]},{"@type":"WebSite","@id":"https:\/\/aogosto.com.br\/delivery\/#website","url":"https:\/\/aogosto.com.br\/delivery\/","name":"Ao Gosto Carnes","description":"Fa\u00e7a o seu pedido on-line!","potentialAction":[{"@type":"SearchAction","target":{"@type":"EntryPoint","urlTemplate":"https:\/\/aogosto.com.br\/delivery\/?s={search_term_string}"},"query-input":{"@type":"PropertyValueSpecification","valueRequired":true,"valueName":"search_term_string"}}],"inLanguage":"pt-BR"}]}},"_links":{"self":[{"href":"https:\/\/aogosto.com.br\/delivery\/wp-json\/wp\/v2\/product\/43312","targetHints":{"allow":["GET"]}}],"collection":[{"href":"https:\/\/aogosto.com.br\/delivery\/wp-json\/wp\/v2\/product"}],"about":[{"href":"https:\/\/aogosto.com.br\/delivery\/wp-json\/wp\/v2\/types\/product"}],"replies":[{"embeddable":true,"href":"https:\/\/aogosto.com.br\/delivery\/wp-json\/wp\/v2\/comments?post=43312"}],"version-history":[{"count":0,"href":"https:\/\/aogosto.com.br\/delivery\/wp-json\/wp\/v2\/product\/43312\/revisions"}],"wp:featuredmedia":[{"embeddable":true,"href":"https:\/\/aogosto.com.br\/delivery\/wp-json\/wp\/v2\/media\/78357"}],"wp:attachment":[{"href":"https:\/\/aogosto.com.br\/delivery\/wp-json\/wp\/v2\/media?parent=43312"}],"wp:term":[{"taxonomy":"product_brand","embeddable":true,"href":"https:\/\/aogosto.com.br\/delivery\/wp-json\/wp\/v2\/product_brand?post=43312"},{"taxonomy":"product_cat","embeddable":true,"href":"https:\/\/aogosto.com.br\/delivery\/wp-json\/wp\/v2\/product_cat?post=43312"},{"taxonomy":"product_tag","embeddable":true,"href":"https:\/\/aogosto.com.br\/delivery\/wp-json\/wp\/v2\/product_tag?post=43312"}],"curies":[{"name":"wp","href":"https:\/\/api.w.org\/{rel}","templated":true}]}}