    {"id":35583,"date":"2022-10-22T15:54:35","date_gmt":"2022-10-22T18:54:35","guid":{"rendered":"https:\/\/aogosto.com.br\/delivery\/?post_type=product&#038;p=35583"},"modified":"2026-03-08T10:40:19","modified_gmt":"2026-03-08T13:40:19","slug":"picanha-vpj-gold-black-angus-r23990-kg","status":"publish","type":"product","link":"https:\/\/aogosto.com.br\/delivery\/product\/picanha-vpj-gold-black-angus-r23990-kg\/","title":{"rendered":"Picanha VPJ &#8211; Black Angus |  R$: 239,90 kg"},"content":{"rendered":"","protected":false},"excerpt":{"rendered":"<p>VPJ Alimentos com Selo Angus Gold \u00e9 carne de qualidade inconfund\u00edvel, sabor e sucul\u00eancia. \u00c9 macia, de sabor aut\u00eantico, extremamente marmorizada e com capa de gordura na medida para acentuar seu sabor e sua sucul\u00eancia.<\/p>\n<p>&nbsp;<\/p>\n<p><!-- AOGOSTO_WEIGHT_START --><br \/>\nPeso Aprox. 950 g<\/p>\n<p>*O valor final pode variar conforme o peso exato de cada pe\u00e7a.*<\/p>\n<p>*Imagens meramente ilustrativas.*<br \/>\n<!-- AOGOSTO_WEIGHT_END --><\/p>\n","protected":false},"featured_media":146745,"comment_status":"closed","ping_status":"closed","template":"","meta":[],"product_brand":[],"product_cat":[246,244,380,262,350,33],"product_tag":[],"class_list":{"0":"post-35583","1":"product","2":"type-product","3":"status-publish","4":"has-post-thumbnail","6":"product_cat-angus","7":"product_cat-cortes-gourmet","8":"product_cat-pequenas","9":"product_cat-picanha-angus","10":"product_cat-sugestao-air-fyer","11":"product_cat-picanha","13":"first","14":"instock","15":"shipping-taxable","16":"purchasable","17":"product-type-simple"},"yoast_head":"<!-- This site is optimized with the Yoast SEO plugin v27.2 - https:\/\/yoast.com\/product\/yoast-seo-wordpress\/ -->\n<title>Picanha VPJ - Black Angus | R$: 239,90 kg | Ao Gosto Carnes<\/title>\n<meta name=\"robots\" content=\"index, follow, max-snippet:-1, max-image-preview:large, max-video-preview:-1\" \/>\n<link rel=\"canonical\" href=\"https:\/\/aogosto.com.br\/delivery\/product\/picanha-vpj-gold-black-angus-r23990-kg\/\" \/>\n<meta property=\"og:locale\" content=\"pt_BR\" \/>\n<meta property=\"og:type\" content=\"article\" \/>\n<meta property=\"og:title\" content=\"Picanha VPJ - Black Angus | R$: 239,90 kg | Ao Gosto Carnes\" \/>\n<meta property=\"og:description\" content=\"VPJ Alimentos com Selo Angus Gold \u00e9 carne de qualidade inconfund\u00edvel, sabor e sucul\u00eancia. \u00c9 macia, de sabor aut\u00eantico, extremamente marmorizada e com capa de gordura na medida para acentuar seu sabor e sua sucul\u00eancia.  &nbsp;  Peso Aprox. 950 g *O valor final pode variar conforme o peso exato de cada pe\u00e7a.* *Imagens meramente ilustrativas.*\" \/>\n<meta property=\"og:url\" content=\"https:\/\/aogosto.com.br\/delivery\/product\/picanha-vpj-gold-black-angus-r23990-kg\/\" \/>\n<meta property=\"og:site_name\" content=\"Ao Gosto Carnes\" \/>\n<meta property=\"article:publisher\" content=\"https:\/\/facebook.com.br\/aogostocarnesnobres\" \/>\n<meta property=\"article:modified_time\" content=\"2026-03-08T13:40:19+00:00\" \/>\n<meta property=\"og:image\" content=\"https:\/\/aogosto.com.br\/delivery\/wp-content\/uploads\/2022\/10\/Picanha-Angus-VJP.webp\" \/>\n\t<meta property=\"og:image:width\" content=\"500\" \/>\n\t<meta property=\"og:image:height\" content=\"500\" \/>\n\t<meta property=\"og:image:type\" content=\"image\/webp\" \/>\n<meta name=\"twitter:card\" content=\"summary_large_image\" \/>\n<meta name=\"twitter:label1\" content=\"Est. tempo de leitura\" \/>\n\t<meta name=\"twitter:data1\" content=\"1 minuto\" \/>\n<script type=\"application\/ld+json\" class=\"yoast-schema-graph\">{\"@context\":\"https:\/\/schema.org\",\"@graph\":[{\"@type\":\"WebPage\",\"@id\":\"https:\/\/aogosto.com.br\/delivery\/product\/picanha-vpj-gold-black-angus-r23990-kg\/\",\"url\":\"https:\/\/aogosto.com.br\/delivery\/product\/picanha-vpj-gold-black-angus-r23990-kg\/\",\"name\":\"Picanha VPJ - Black Angus | R$: 239,90 kg | Ao Gosto Carnes\",\"isPartOf\":{\"@id\":\"https:\/\/aogosto.com.br\/delivery\/#website\"},\"primaryImageOfPage\":{\"@id\":\"https:\/\/aogosto.com.br\/delivery\/product\/picanha-vpj-gold-black-angus-r23990-kg\/#primaryimage\"},\"image\":{\"@id\":\"https:\/\/aogosto.com.br\/delivery\/product\/picanha-vpj-gold-black-angus-r23990-kg\/#primaryimage\"},\"thumbnailUrl\":\"https:\/\/aogosto.com.br\/delivery\/wp-content\/uploads\/2022\/10\/Picanha-Angus-VJP.webp\",\"datePublished\":\"2022-10-22T18:54:35+00:00\",\"dateModified\":\"2026-03-08T13:40:19+00:00\",\"breadcrumb\":{\"@id\":\"https:\/\/aogosto.com.br\/delivery\/product\/picanha-vpj-gold-black-angus-r23990-kg\/#breadcrumb\"},\"inLanguage\":\"pt-BR\",\"potentialAction\":[{\"@type\":\"ReadAction\",\"target\":[\"https:\/\/aogosto.com.br\/delivery\/product\/picanha-vpj-gold-black-angus-r23990-kg\/\"]}]},{\"@type\":\"ImageObject\",\"inLanguage\":\"pt-BR\",\"@id\":\"https:\/\/aogosto.com.br\/delivery\/product\/picanha-vpj-gold-black-angus-r23990-kg\/#primaryimage\",\"url\":\"https:\/\/aogosto.com.br\/delivery\/wp-content\/uploads\/2022\/10\/Picanha-Angus-VJP.webp\",\"contentUrl\":\"https:\/\/aogosto.com.br\/delivery\/wp-content\/uploads\/2022\/10\/Picanha-Angus-VJP.webp\",\"width\":500,\"height\":500},{\"@type\":\"BreadcrumbList\",\"@id\":\"https:\/\/aogosto.com.br\/delivery\/product\/picanha-vpj-gold-black-angus-r23990-kg\/#breadcrumb\",\"itemListElement\":[{\"@type\":\"ListItem\",\"position\":1,\"name\":\"In\u00edcio\",\"item\":\"https:\/\/aogosto.com.br\/delivery\/\"},{\"@type\":\"ListItem\",\"position\":2,\"name\":\"Shop\",\"item\":\"https:\/\/aogosto.com.br\/delivery\/loja\/\"},{\"@type\":\"ListItem\",\"position\":3,\"name\":\"Picanha VPJ &#8211; Black Angus | R$: 239,90 kg\"}]},{\"@type\":\"WebSite\",\"@id\":\"https:\/\/aogosto.com.br\/delivery\/#website\",\"url\":\"https:\/\/aogosto.com.br\/delivery\/\",\"name\":\"Ao Gosto Carnes\",\"description\":\"Fa\u00e7a o seu pedido on-line!\",\"potentialAction\":[{\"@type\":\"SearchAction\",\"target\":{\"@type\":\"EntryPoint\",\"urlTemplate\":\"https:\/\/aogosto.com.br\/delivery\/?s={search_term_string}\"},\"query-input\":{\"@type\":\"PropertyValueSpecification\",\"valueRequired\":true,\"valueName\":\"search_term_string\"}}],\"inLanguage\":\"pt-BR\"}]}<\/script>\n<!-- \/ Yoast SEO plugin. -->","yoast_head_json":{"title":"Picanha VPJ - Black Angus | R$: 239,90 kg | Ao Gosto Carnes","robots":{"index":"index","follow":"follow","max-snippet":"max-snippet:-1","max-image-preview":"max-image-preview:large","max-video-preview":"max-video-preview:-1"},"canonical":"https:\/\/aogosto.com.br\/delivery\/product\/picanha-vpj-gold-black-angus-r23990-kg\/","og_locale":"pt_BR","og_type":"article","og_title":"Picanha VPJ - Black Angus | R$: 239,90 kg | Ao Gosto Carnes","og_description":"VPJ Alimentos com Selo Angus Gold \u00e9 carne de qualidade inconfund\u00edvel, sabor e sucul\u00eancia. \u00c9 macia, de sabor aut\u00eantico, extremamente marmorizada e com capa de gordura na medida para acentuar seu sabor e sua sucul\u00eancia.  &nbsp;  Peso Aprox. 950 g *O valor final pode variar conforme o peso exato de cada pe\u00e7a.* *Imagens meramente ilustrativas.*","og_url":"https:\/\/aogosto.com.br\/delivery\/product\/picanha-vpj-gold-black-angus-r23990-kg\/","og_site_name":"Ao Gosto Carnes","article_publisher":"https:\/\/facebook.com.br\/aogostocarnesnobres","article_modified_time":"2026-03-08T13:40:19+00:00","og_image":[{"width":500,"height":500,"url":"https:\/\/aogosto.com.br\/delivery\/wp-content\/uploads\/2022\/10\/Picanha-Angus-VJP.webp","type":"image\/webp"}],"twitter_card":"summary_large_image","twitter_misc":{"Est. tempo de leitura":"1 minuto"},"schema":{"@context":"https:\/\/schema.org","@graph":[{"@type":"WebPage","@id":"https:\/\/aogosto.com.br\/delivery\/product\/picanha-vpj-gold-black-angus-r23990-kg\/","url":"https:\/\/aogosto.com.br\/delivery\/product\/picanha-vpj-gold-black-angus-r23990-kg\/","name":"Picanha VPJ - Black Angus | R$: 239,90 kg | Ao Gosto Carnes","isPartOf":{"@id":"https:\/\/aogosto.com.br\/delivery\/#website"},"primaryImageOfPage":{"@id":"https:\/\/aogosto.com.br\/delivery\/product\/picanha-vpj-gold-black-angus-r23990-kg\/#primaryimage"},"image":{"@id":"https:\/\/aogosto.com.br\/delivery\/product\/picanha-vpj-gold-black-angus-r23990-kg\/#primaryimage"},"thumbnailUrl":"https:\/\/aogosto.com.br\/delivery\/wp-content\/uploads\/2022\/10\/Picanha-Angus-VJP.webp","datePublished":"2022-10-22T18:54:35+00:00","dateModified":"2026-03-08T13:40:19+00:00","breadcrumb":{"@id":"https:\/\/aogosto.com.br\/delivery\/product\/picanha-vpj-gold-black-angus-r23990-kg\/#breadcrumb"},"inLanguage":"pt-BR","potentialAction":[{"@type":"ReadAction","target":["https:\/\/aogosto.com.br\/delivery\/product\/picanha-vpj-gold-black-angus-r23990-kg\/"]}]},{"@type":"ImageObject","inLanguage":"pt-BR","@id":"https:\/\/aogosto.com.br\/delivery\/product\/picanha-vpj-gold-black-angus-r23990-kg\/#primaryimage","url":"https:\/\/aogosto.com.br\/delivery\/wp-content\/uploads\/2022\/10\/Picanha-Angus-VJP.webp","contentUrl":"https:\/\/aogosto.com.br\/delivery\/wp-content\/uploads\/2022\/10\/Picanha-Angus-VJP.webp","width":500,"height":500},{"@type":"BreadcrumbList","@id":"https:\/\/aogosto.com.br\/delivery\/product\/picanha-vpj-gold-black-angus-r23990-kg\/#breadcrumb","itemListElement":[{"@type":"ListItem","position":1,"name":"In\u00edcio","item":"https:\/\/aogosto.com.br\/delivery\/"},{"@type":"ListItem","position":2,"name":"Shop","item":"https:\/\/aogosto.com.br\/delivery\/loja\/"},{"@type":"ListItem","position":3,"name":"Picanha VPJ &#8211; Black Angus | R$: 239,90 kg"}]},{"@type":"WebSite","@id":"https:\/\/aogosto.com.br\/delivery\/#website","url":"https:\/\/aogosto.com.br\/delivery\/","name":"Ao Gosto Carnes","description":"Fa\u00e7a o seu pedido on-line!","potentialAction":[{"@type":"SearchAction","target":{"@type":"EntryPoint","urlTemplate":"https:\/\/aogosto.com.br\/delivery\/?s={search_term_string}"},"query-input":{"@type":"PropertyValueSpecification","valueRequired":true,"valueName":"search_term_string"}}],"inLanguage":"pt-BR"}]}},"_links":{"self":[{"href":"https:\/\/aogosto.com.br\/delivery\/wp-json\/wp\/v2\/product\/35583","targetHints":{"allow":["GET"]}}],"collection":[{"href":"https:\/\/aogosto.com.br\/delivery\/wp-json\/wp\/v2\/product"}],"about":[{"href":"https:\/\/aogosto.com.br\/delivery\/wp-json\/wp\/v2\/types\/product"}],"replies":[{"embeddable":true,"href":"https:\/\/aogosto.com.br\/delivery\/wp-json\/wp\/v2\/comments?post=35583"}],"version-history":[{"count":3,"href":"https:\/\/aogosto.com.br\/delivery\/wp-json\/wp\/v2\/product\/35583\/revisions"}],"predecessor-version":[{"id":147821,"href":"https:\/\/aogosto.com.br\/delivery\/wp-json\/wp\/v2\/product\/35583\/revisions\/147821"}],"wp:featuredmedia":[{"embeddable":true,"href":"https:\/\/aogosto.com.br\/delivery\/wp-json\/wp\/v2\/media\/146745"}],"wp:attachment":[{"href":"https:\/\/aogosto.com.br\/delivery\/wp-json\/wp\/v2\/media?parent=35583"}],"wp:term":[{"taxonomy":"product_brand","embeddable":true,"href":"https:\/\/aogosto.com.br\/delivery\/wp-json\/wp\/v2\/product_brand?post=35583"},{"taxonomy":"product_cat","embeddable":true,"href":"https:\/\/aogosto.com.br\/delivery\/wp-json\/wp\/v2\/product_cat?post=35583"},{"taxonomy":"product_tag","embeddable":true,"href":"https:\/\/aogosto.com.br\/delivery\/wp-json\/wp\/v2\/product_tag?post=35583"}],"curies":[{"name":"wp","href":"https:\/\/api.w.org\/{rel}","templated":true}]}}