    {"id":345,"date":"2021-02-02T20:48:42","date_gmt":"2021-02-02T23:48:42","guid":{"rendered":"https:\/\/aogosto.com.br\/delivery\/product\/import-placeholder-for-3331\/"},"modified":"2026-04-04T17:29:42","modified_gmt":"2026-04-04T20:29:42","slug":"linguica-de-lombo-ao-vinho-r16-90-pct","status":"publish","type":"product","link":"https:\/\/aogosto.com.br\/delivery\/product\/linguica-de-lombo-ao-vinho-r16-90-pct\/","title":{"rendered":"Lingui\u00e7a de Lombo ao Vinho"},"content":{"rendered":"","protected":false},"excerpt":{"rendered":"<p>A lingui\u00e7a de lombo Ao Gosto \u00e9 marinada no vinho por dois dias, dando um sabor inconfund\u00edvel \u00a0de um vinho tinto bem suave. \u00c9 uma das mais famosas de Minas. Vale a pena conferir.<\/p>\n<p>O pacote cont\u00e9m\u00a0 Aproxi: <strong><em>500 gr<\/em><\/strong><\/p>\n<p><img fetchpriority=\"high\" decoding=\"async\" class=\"size-full wp-image-73510 aligncenter\" src=\"https:\/\/aogosto.com.br\/delivery\/wp-content\/uploads\/2021\/02\/modo-preparo-lig-vinho-400-x-200-px.jpg\" alt=\"\" width=\"400\" height=\"200\" srcset=\"https:\/\/aogosto.com.br\/delivery\/wp-content\/uploads\/2021\/02\/modo-preparo-lig-vinho-400-x-200-px.jpg 400w, https:\/\/aogosto.com.br\/delivery\/wp-content\/uploads\/2021\/02\/modo-preparo-lig-vinho-400-x-200-px-150x75.jpg 150w\" sizes=\"(max-width: 400px) 100vw, 400px\" \/><\/p>\n","protected":false},"featured_media":14758,"comment_status":"closed","ping_status":"closed","template":"","meta":[],"product_brand":[],"product_cat":[51,264,350,265,250],"product_tag":[197],"class_list":{"0":"post-345","1":"product","2":"type-product","3":"status-publish","4":"has-post-thumbnail","6":"product_cat-linguica","7":"product_cat-linguica-suina","8":"product_cat-sugestao-air-fyer","9":"product_cat-suinos-para-churrasco","10":"product_cat-top-10","11":"product_tag-linguica","13":"first","14":"instock","15":"shipping-taxable","16":"purchasable","17":"product-type-simple"},"yoast_head":"<!-- This site is optimized with the Yoast SEO plugin v27.2 - https:\/\/yoast.com\/product\/yoast-seo-wordpress\/ -->\n<title>Lingui\u00e7a de Lombo ao Vinho | Ao Gosto Carnes<\/title>\n<meta name=\"robots\" content=\"index, follow, max-snippet:-1, max-image-preview:large, max-video-preview:-1\" \/>\n<link rel=\"canonical\" href=\"https:\/\/aogosto.com.br\/delivery\/product\/linguica-de-lombo-ao-vinho-r16-90-pct\/\" \/>\n<meta property=\"og:locale\" content=\"pt_BR\" \/>\n<meta property=\"og:type\" content=\"article\" \/>\n<meta property=\"og:title\" content=\"Lingui\u00e7a de Lombo ao Vinho | Ao Gosto Carnes\" \/>\n<meta property=\"og:description\" content=\"A lingui\u00e7a de lombo Ao Gosto \u00e9 marinada no vinho por dois dias, dando um sabor inconfund\u00edvel \u00a0de um vinho tinto bem suave. \u00c9 uma das mais famosas de Minas. Vale a pena conferir.  O pacote cont\u00e9m\u00a0 Aproxi: 500 gr\" \/>\n<meta property=\"og:url\" content=\"https:\/\/aogosto.com.br\/delivery\/product\/linguica-de-lombo-ao-vinho-r16-90-pct\/\" \/>\n<meta property=\"og:site_name\" content=\"Ao Gosto Carnes\" \/>\n<meta property=\"article:publisher\" content=\"https:\/\/facebook.com.br\/aogostocarnesnobres\" \/>\n<meta property=\"article:modified_time\" content=\"2026-04-04T20:29:42+00:00\" \/>\n<meta property=\"og:image\" content=\"https:\/\/aogosto.com.br\/delivery\/wp-content\/uploads\/2021\/02\/linguica-ao-vinho.jpg\" \/>\n\t<meta property=\"og:image:width\" content=\"1080\" \/>\n\t<meta property=\"og:image:height\" content=\"1080\" \/>\n\t<meta property=\"og:image:type\" content=\"image\/jpeg\" \/>\n<meta name=\"twitter:card\" content=\"summary_large_image\" \/>\n<meta name=\"twitter:label1\" content=\"Est. tempo de leitura\" \/>\n\t<meta name=\"twitter:data1\" content=\"1 minuto\" \/>\n<script type=\"application\/ld+json\" class=\"yoast-schema-graph\">{\"@context\":\"https:\/\/schema.org\",\"@graph\":[{\"@type\":\"WebPage\",\"@id\":\"https:\/\/aogosto.com.br\/delivery\/product\/linguica-de-lombo-ao-vinho-r16-90-pct\/\",\"url\":\"https:\/\/aogosto.com.br\/delivery\/product\/linguica-de-lombo-ao-vinho-r16-90-pct\/\",\"name\":\"Lingui\u00e7a de Lombo ao Vinho | Ao Gosto Carnes\",\"isPartOf\":{\"@id\":\"https:\/\/aogosto.com.br\/delivery\/#website\"},\"primaryImageOfPage\":{\"@id\":\"https:\/\/aogosto.com.br\/delivery\/product\/linguica-de-lombo-ao-vinho-r16-90-pct\/#primaryimage\"},\"image\":{\"@id\":\"https:\/\/aogosto.com.br\/delivery\/product\/linguica-de-lombo-ao-vinho-r16-90-pct\/#primaryimage\"},\"thumbnailUrl\":\"https:\/\/aogosto.com.br\/delivery\/wp-content\/uploads\/2021\/02\/linguica-ao-vinho.jpg\",\"datePublished\":\"2021-02-02T23:48:42+00:00\",\"dateModified\":\"2026-04-04T20:29:42+00:00\",\"breadcrumb\":{\"@id\":\"https:\/\/aogosto.com.br\/delivery\/product\/linguica-de-lombo-ao-vinho-r16-90-pct\/#breadcrumb\"},\"inLanguage\":\"pt-BR\",\"potentialAction\":[{\"@type\":\"ReadAction\",\"target\":[\"https:\/\/aogosto.com.br\/delivery\/product\/linguica-de-lombo-ao-vinho-r16-90-pct\/\"]}]},{\"@type\":\"ImageObject\",\"inLanguage\":\"pt-BR\",\"@id\":\"https:\/\/aogosto.com.br\/delivery\/product\/linguica-de-lombo-ao-vinho-r16-90-pct\/#primaryimage\",\"url\":\"https:\/\/aogosto.com.br\/delivery\/wp-content\/uploads\/2021\/02\/linguica-ao-vinho.jpg\",\"contentUrl\":\"https:\/\/aogosto.com.br\/delivery\/wp-content\/uploads\/2021\/02\/linguica-ao-vinho.jpg\",\"width\":1080,\"height\":1080},{\"@type\":\"BreadcrumbList\",\"@id\":\"https:\/\/aogosto.com.br\/delivery\/product\/linguica-de-lombo-ao-vinho-r16-90-pct\/#breadcrumb\",\"itemListElement\":[{\"@type\":\"ListItem\",\"position\":1,\"name\":\"In\u00edcio\",\"item\":\"https:\/\/aogosto.com.br\/delivery\/\"},{\"@type\":\"ListItem\",\"position\":2,\"name\":\"Shop\",\"item\":\"https:\/\/aogosto.com.br\/delivery\/loja\/\"},{\"@type\":\"ListItem\",\"position\":3,\"name\":\"Lingui\u00e7a de Lombo ao Vinho\"}]},{\"@type\":\"WebSite\",\"@id\":\"https:\/\/aogosto.com.br\/delivery\/#website\",\"url\":\"https:\/\/aogosto.com.br\/delivery\/\",\"name\":\"Ao Gosto Carnes\",\"description\":\"Fa\u00e7a o seu pedido on-line!\",\"potentialAction\":[{\"@type\":\"SearchAction\",\"target\":{\"@type\":\"EntryPoint\",\"urlTemplate\":\"https:\/\/aogosto.com.br\/delivery\/?s={search_term_string}\"},\"query-input\":{\"@type\":\"PropertyValueSpecification\",\"valueRequired\":true,\"valueName\":\"search_term_string\"}}],\"inLanguage\":\"pt-BR\"}]}<\/script>\n<!-- \/ Yoast SEO plugin. -->","yoast_head_json":{"title":"Lingui\u00e7a de Lombo ao Vinho | Ao Gosto Carnes","robots":{"index":"index","follow":"follow","max-snippet":"max-snippet:-1","max-image-preview":"max-image-preview:large","max-video-preview":"max-video-preview:-1"},"canonical":"https:\/\/aogosto.com.br\/delivery\/product\/linguica-de-lombo-ao-vinho-r16-90-pct\/","og_locale":"pt_BR","og_type":"article","og_title":"Lingui\u00e7a de Lombo ao Vinho | Ao Gosto Carnes","og_description":"A lingui\u00e7a de lombo Ao Gosto \u00e9 marinada no vinho por dois dias, dando um sabor inconfund\u00edvel \u00a0de um vinho tinto bem suave. \u00c9 uma das mais famosas de Minas. Vale a pena conferir.  O pacote cont\u00e9m\u00a0 Aproxi: 500 gr","og_url":"https:\/\/aogosto.com.br\/delivery\/product\/linguica-de-lombo-ao-vinho-r16-90-pct\/","og_site_name":"Ao Gosto Carnes","article_publisher":"https:\/\/facebook.com.br\/aogostocarnesnobres","article_modified_time":"2026-04-04T20:29:42+00:00","og_image":[{"width":1080,"height":1080,"url":"https:\/\/aogosto.com.br\/delivery\/wp-content\/uploads\/2021\/02\/linguica-ao-vinho.jpg","type":"image\/jpeg"}],"twitter_card":"summary_large_image","twitter_misc":{"Est. tempo de leitura":"1 minuto"},"schema":{"@context":"https:\/\/schema.org","@graph":[{"@type":"WebPage","@id":"https:\/\/aogosto.com.br\/delivery\/product\/linguica-de-lombo-ao-vinho-r16-90-pct\/","url":"https:\/\/aogosto.com.br\/delivery\/product\/linguica-de-lombo-ao-vinho-r16-90-pct\/","name":"Lingui\u00e7a de Lombo ao Vinho | Ao Gosto Carnes","isPartOf":{"@id":"https:\/\/aogosto.com.br\/delivery\/#website"},"primaryImageOfPage":{"@id":"https:\/\/aogosto.com.br\/delivery\/product\/linguica-de-lombo-ao-vinho-r16-90-pct\/#primaryimage"},"image":{"@id":"https:\/\/aogosto.com.br\/delivery\/product\/linguica-de-lombo-ao-vinho-r16-90-pct\/#primaryimage"},"thumbnailUrl":"https:\/\/aogosto.com.br\/delivery\/wp-content\/uploads\/2021\/02\/linguica-ao-vinho.jpg","datePublished":"2021-02-02T23:48:42+00:00","dateModified":"2026-04-04T20:29:42+00:00","breadcrumb":{"@id":"https:\/\/aogosto.com.br\/delivery\/product\/linguica-de-lombo-ao-vinho-r16-90-pct\/#breadcrumb"},"inLanguage":"pt-BR","potentialAction":[{"@type":"ReadAction","target":["https:\/\/aogosto.com.br\/delivery\/product\/linguica-de-lombo-ao-vinho-r16-90-pct\/"]}]},{"@type":"ImageObject","inLanguage":"pt-BR","@id":"https:\/\/aogosto.com.br\/delivery\/product\/linguica-de-lombo-ao-vinho-r16-90-pct\/#primaryimage","url":"https:\/\/aogosto.com.br\/delivery\/wp-content\/uploads\/2021\/02\/linguica-ao-vinho.jpg","contentUrl":"https:\/\/aogosto.com.br\/delivery\/wp-content\/uploads\/2021\/02\/linguica-ao-vinho.jpg","width":1080,"height":1080},{"@type":"BreadcrumbList","@id":"https:\/\/aogosto.com.br\/delivery\/product\/linguica-de-lombo-ao-vinho-r16-90-pct\/#breadcrumb","itemListElement":[{"@type":"ListItem","position":1,"name":"In\u00edcio","item":"https:\/\/aogosto.com.br\/delivery\/"},{"@type":"ListItem","position":2,"name":"Shop","item":"https:\/\/aogosto.com.br\/delivery\/loja\/"},{"@type":"ListItem","position":3,"name":"Lingui\u00e7a de Lombo ao Vinho"}]},{"@type":"WebSite","@id":"https:\/\/aogosto.com.br\/delivery\/#website","url":"https:\/\/aogosto.com.br\/delivery\/","name":"Ao Gosto Carnes","description":"Fa\u00e7a o seu pedido on-line!","potentialAction":[{"@type":"SearchAction","target":{"@type":"EntryPoint","urlTemplate":"https:\/\/aogosto.com.br\/delivery\/?s={search_term_string}"},"query-input":{"@type":"PropertyValueSpecification","valueRequired":true,"valueName":"search_term_string"}}],"inLanguage":"pt-BR"}]}},"_links":{"self":[{"href":"https:\/\/aogosto.com.br\/delivery\/wp-json\/wp\/v2\/product\/345","targetHints":{"allow":["GET"]}}],"collection":[{"href":"https:\/\/aogosto.com.br\/delivery\/wp-json\/wp\/v2\/product"}],"about":[{"href":"https:\/\/aogosto.com.br\/delivery\/wp-json\/wp\/v2\/types\/product"}],"replies":[{"embeddable":true,"href":"https:\/\/aogosto.com.br\/delivery\/wp-json\/wp\/v2\/comments?post=345"}],"version-history":[{"count":1,"href":"https:\/\/aogosto.com.br\/delivery\/wp-json\/wp\/v2\/product\/345\/revisions"}],"predecessor-version":[{"id":147958,"href":"https:\/\/aogosto.com.br\/delivery\/wp-json\/wp\/v2\/product\/345\/revisions\/147958"}],"wp:featuredmedia":[{"embeddable":true,"href":"https:\/\/aogosto.com.br\/delivery\/wp-json\/wp\/v2\/media\/14758"}],"wp:attachment":[{"href":"https:\/\/aogosto.com.br\/delivery\/wp-json\/wp\/v2\/media?parent=345"}],"wp:term":[{"taxonomy":"product_brand","embeddable":true,"href":"https:\/\/aogosto.com.br\/delivery\/wp-json\/wp\/v2\/product_brand?post=345"},{"taxonomy":"product_cat","embeddable":true,"href":"https:\/\/aogosto.com.br\/delivery\/wp-json\/wp\/v2\/product_cat?post=345"},{"taxonomy":"product_tag","embeddable":true,"href":"https:\/\/aogosto.com.br\/delivery\/wp-json\/wp\/v2\/product_tag?post=345"}],"curies":[{"name":"wp","href":"https:\/\/api.w.org\/{rel}","templated":true}]}}