    {"id":342,"date":"2021-02-02T20:48:40","date_gmt":"2021-02-02T23:48:40","guid":{"rendered":"https:\/\/aogosto.com.br\/delivery\/product\/import-placeholder-for-3327\/"},"modified":"2026-03-18T09:14:13","modified_gmt":"2026-03-18T12:14:13","slug":"torresmo-de-barriga-r-19-90-kg","status":"publish","type":"product","link":"https:\/\/aogosto.com.br\/delivery\/product\/torresmo-de-barriga-r-19-90-kg\/","title":{"rendered":"Torresmo de Barriga"},"content":{"rendered":"","protected":false},"excerpt":{"rendered":"<p>J\u00e1 comeu um verdadeiro torresmo? Pois \u00e9, o verdadeiro vem com a pele, a gordura e a carne. Tirado da barriga do porco, em tiras, j\u00e1 vem temperado com o gostinho caprichoso do tempero caseiro da ro\u00e7a que d\u00e1 \u00e1gua na boca. \u00d3tima proced\u00eancia e higiene. Experimente!<\/p>\n<p>O pacote tem um peso aproximado de <strong>0,<em>500gr.<\/em><\/strong><\/p>\n<p><img fetchpriority=\"high\" decoding=\"async\" class=\"size-full wp-image-73470 aligncenter\" src=\"https:\/\/aogosto.com.br\/delivery\/wp-content\/uploads\/2021\/02\/modo-preparo-torres-400-x-200-px.jpg\" alt=\"\" width=\"400\" height=\"200\" srcset=\"https:\/\/aogosto.com.br\/delivery\/wp-content\/uploads\/2021\/02\/modo-preparo-torres-400-x-200-px.jpg 400w, https:\/\/aogosto.com.br\/delivery\/wp-content\/uploads\/2021\/02\/modo-preparo-torres-400-x-200-px-150x75.jpg 150w\" sizes=\"(max-width: 400px) 100vw, 400px\" \/><\/p>\n","protected":false},"featured_media":41446,"comment_status":"open","ping_status":"closed","template":"","meta":[],"product_brand":[],"product_cat":[74,44,265,250],"product_tag":[],"class_list":{"0":"post-342","1":"product","2":"type-product","3":"status-publish","4":"has-post-thumbnail","6":"product_cat-futebol","7":"product_cat-porco","8":"product_cat-suinos-para-churrasco","9":"product_cat-top-10","11":"first","12":"instock","13":"shipping-taxable","14":"purchasable","15":"product-type-simple"},"yoast_head":"<!-- This site is optimized with the Yoast SEO plugin v27.2 - https:\/\/yoast.com\/product\/yoast-seo-wordpress\/ -->\n<title>Torresmo de Barriga | Ao Gosto Carnes<\/title>\n<meta name=\"robots\" content=\"index, follow, max-snippet:-1, max-image-preview:large, max-video-preview:-1\" \/>\n<link rel=\"canonical\" href=\"https:\/\/aogosto.com.br\/delivery\/product\/torresmo-de-barriga-r-19-90-kg\/\" \/>\n<meta property=\"og:locale\" content=\"pt_BR\" \/>\n<meta property=\"og:type\" content=\"article\" \/>\n<meta property=\"og:title\" content=\"Torresmo de Barriga | Ao Gosto Carnes\" \/>\n<meta property=\"og:description\" content=\"J\u00e1 comeu um verdadeiro torresmo? Pois \u00e9, o verdadeiro vem com a pele, a gordura e a carne. Tirado da barriga do porco, em tiras, j\u00e1 vem temperado com o gostinho caprichoso do tempero caseiro da ro\u00e7a que d\u00e1 \u00e1gua na boca. \u00d3tima proced\u00eancia e higiene. Experimente!  O pacote tem um peso aproximado de 0,500gr.\" \/>\n<meta property=\"og:url\" content=\"https:\/\/aogosto.com.br\/delivery\/product\/torresmo-de-barriga-r-19-90-kg\/\" \/>\n<meta property=\"og:site_name\" content=\"Ao Gosto Carnes\" \/>\n<meta property=\"article:publisher\" content=\"https:\/\/facebook.com.br\/aogostocarnesnobres\" \/>\n<meta property=\"article:modified_time\" content=\"2026-03-18T12:14:13+00:00\" \/>\n<meta property=\"og:image\" content=\"https:\/\/aogosto.com.br\/delivery\/wp-content\/uploads\/2021\/02\/Untitled-design-7.jpg\" \/>\n\t<meta property=\"og:image:width\" content=\"540\" \/>\n\t<meta property=\"og:image:height\" content=\"540\" \/>\n\t<meta property=\"og:image:type\" content=\"image\/jpeg\" \/>\n<meta name=\"twitter:card\" content=\"summary_large_image\" \/>\n<meta name=\"twitter:label1\" content=\"Est. tempo de leitura\" \/>\n\t<meta name=\"twitter:data1\" content=\"1 minuto\" \/>\n<script type=\"application\/ld+json\" class=\"yoast-schema-graph\">{\"@context\":\"https:\/\/schema.org\",\"@graph\":[{\"@type\":\"WebPage\",\"@id\":\"https:\/\/aogosto.com.br\/delivery\/product\/torresmo-de-barriga-r-19-90-kg\/\",\"url\":\"https:\/\/aogosto.com.br\/delivery\/product\/torresmo-de-barriga-r-19-90-kg\/\",\"name\":\"Torresmo de Barriga | Ao Gosto Carnes\",\"isPartOf\":{\"@id\":\"https:\/\/aogosto.com.br\/delivery\/#website\"},\"primaryImageOfPage\":{\"@id\":\"https:\/\/aogosto.com.br\/delivery\/product\/torresmo-de-barriga-r-19-90-kg\/#primaryimage\"},\"image\":{\"@id\":\"https:\/\/aogosto.com.br\/delivery\/product\/torresmo-de-barriga-r-19-90-kg\/#primaryimage\"},\"thumbnailUrl\":\"https:\/\/aogosto.com.br\/delivery\/wp-content\/uploads\/2021\/02\/Untitled-design-7.jpg\",\"datePublished\":\"2021-02-02T23:48:40+00:00\",\"dateModified\":\"2026-03-18T12:14:13+00:00\",\"breadcrumb\":{\"@id\":\"https:\/\/aogosto.com.br\/delivery\/product\/torresmo-de-barriga-r-19-90-kg\/#breadcrumb\"},\"inLanguage\":\"pt-BR\",\"potentialAction\":[{\"@type\":\"ReadAction\",\"target\":[\"https:\/\/aogosto.com.br\/delivery\/product\/torresmo-de-barriga-r-19-90-kg\/\"]}]},{\"@type\":\"ImageObject\",\"inLanguage\":\"pt-BR\",\"@id\":\"https:\/\/aogosto.com.br\/delivery\/product\/torresmo-de-barriga-r-19-90-kg\/#primaryimage\",\"url\":\"https:\/\/aogosto.com.br\/delivery\/wp-content\/uploads\/2021\/02\/Untitled-design-7.jpg\",\"contentUrl\":\"https:\/\/aogosto.com.br\/delivery\/wp-content\/uploads\/2021\/02\/Untitled-design-7.jpg\",\"width\":540,\"height\":540},{\"@type\":\"BreadcrumbList\",\"@id\":\"https:\/\/aogosto.com.br\/delivery\/product\/torresmo-de-barriga-r-19-90-kg\/#breadcrumb\",\"itemListElement\":[{\"@type\":\"ListItem\",\"position\":1,\"name\":\"In\u00edcio\",\"item\":\"https:\/\/aogosto.com.br\/delivery\/\"},{\"@type\":\"ListItem\",\"position\":2,\"name\":\"Shop\",\"item\":\"https:\/\/aogosto.com.br\/delivery\/loja\/\"},{\"@type\":\"ListItem\",\"position\":3,\"name\":\"Torresmo de Barriga\"}]},{\"@type\":\"WebSite\",\"@id\":\"https:\/\/aogosto.com.br\/delivery\/#website\",\"url\":\"https:\/\/aogosto.com.br\/delivery\/\",\"name\":\"Ao Gosto Carnes\",\"description\":\"Fa\u00e7a o seu pedido on-line!\",\"potentialAction\":[{\"@type\":\"SearchAction\",\"target\":{\"@type\":\"EntryPoint\",\"urlTemplate\":\"https:\/\/aogosto.com.br\/delivery\/?s={search_term_string}\"},\"query-input\":{\"@type\":\"PropertyValueSpecification\",\"valueRequired\":true,\"valueName\":\"search_term_string\"}}],\"inLanguage\":\"pt-BR\"}]}<\/script>\n<!-- \/ Yoast SEO plugin. -->","yoast_head_json":{"title":"Torresmo de Barriga | Ao Gosto Carnes","robots":{"index":"index","follow":"follow","max-snippet":"max-snippet:-1","max-image-preview":"max-image-preview:large","max-video-preview":"max-video-preview:-1"},"canonical":"https:\/\/aogosto.com.br\/delivery\/product\/torresmo-de-barriga-r-19-90-kg\/","og_locale":"pt_BR","og_type":"article","og_title":"Torresmo de Barriga | Ao Gosto Carnes","og_description":"J\u00e1 comeu um verdadeiro torresmo? Pois \u00e9, o verdadeiro vem com a pele, a gordura e a carne. Tirado da barriga do porco, em tiras, j\u00e1 vem temperado com o gostinho caprichoso do tempero caseiro da ro\u00e7a que d\u00e1 \u00e1gua na boca. \u00d3tima proced\u00eancia e higiene. Experimente!  O pacote tem um peso aproximado de 0,500gr.","og_url":"https:\/\/aogosto.com.br\/delivery\/product\/torresmo-de-barriga-r-19-90-kg\/","og_site_name":"Ao Gosto Carnes","article_publisher":"https:\/\/facebook.com.br\/aogostocarnesnobres","article_modified_time":"2026-03-18T12:14:13+00:00","og_image":[{"width":540,"height":540,"url":"https:\/\/aogosto.com.br\/delivery\/wp-content\/uploads\/2021\/02\/Untitled-design-7.jpg","type":"image\/jpeg"}],"twitter_card":"summary_large_image","twitter_misc":{"Est. tempo de leitura":"1 minuto"},"schema":{"@context":"https:\/\/schema.org","@graph":[{"@type":"WebPage","@id":"https:\/\/aogosto.com.br\/delivery\/product\/torresmo-de-barriga-r-19-90-kg\/","url":"https:\/\/aogosto.com.br\/delivery\/product\/torresmo-de-barriga-r-19-90-kg\/","name":"Torresmo de Barriga | Ao Gosto Carnes","isPartOf":{"@id":"https:\/\/aogosto.com.br\/delivery\/#website"},"primaryImageOfPage":{"@id":"https:\/\/aogosto.com.br\/delivery\/product\/torresmo-de-barriga-r-19-90-kg\/#primaryimage"},"image":{"@id":"https:\/\/aogosto.com.br\/delivery\/product\/torresmo-de-barriga-r-19-90-kg\/#primaryimage"},"thumbnailUrl":"https:\/\/aogosto.com.br\/delivery\/wp-content\/uploads\/2021\/02\/Untitled-design-7.jpg","datePublished":"2021-02-02T23:48:40+00:00","dateModified":"2026-03-18T12:14:13+00:00","breadcrumb":{"@id":"https:\/\/aogosto.com.br\/delivery\/product\/torresmo-de-barriga-r-19-90-kg\/#breadcrumb"},"inLanguage":"pt-BR","potentialAction":[{"@type":"ReadAction","target":["https:\/\/aogosto.com.br\/delivery\/product\/torresmo-de-barriga-r-19-90-kg\/"]}]},{"@type":"ImageObject","inLanguage":"pt-BR","@id":"https:\/\/aogosto.com.br\/delivery\/product\/torresmo-de-barriga-r-19-90-kg\/#primaryimage","url":"https:\/\/aogosto.com.br\/delivery\/wp-content\/uploads\/2021\/02\/Untitled-design-7.jpg","contentUrl":"https:\/\/aogosto.com.br\/delivery\/wp-content\/uploads\/2021\/02\/Untitled-design-7.jpg","width":540,"height":540},{"@type":"BreadcrumbList","@id":"https:\/\/aogosto.com.br\/delivery\/product\/torresmo-de-barriga-r-19-90-kg\/#breadcrumb","itemListElement":[{"@type":"ListItem","position":1,"name":"In\u00edcio","item":"https:\/\/aogosto.com.br\/delivery\/"},{"@type":"ListItem","position":2,"name":"Shop","item":"https:\/\/aogosto.com.br\/delivery\/loja\/"},{"@type":"ListItem","position":3,"name":"Torresmo de Barriga"}]},{"@type":"WebSite","@id":"https:\/\/aogosto.com.br\/delivery\/#website","url":"https:\/\/aogosto.com.br\/delivery\/","name":"Ao Gosto Carnes","description":"Fa\u00e7a o seu pedido on-line!","potentialAction":[{"@type":"SearchAction","target":{"@type":"EntryPoint","urlTemplate":"https:\/\/aogosto.com.br\/delivery\/?s={search_term_string}"},"query-input":{"@type":"PropertyValueSpecification","valueRequired":true,"valueName":"search_term_string"}}],"inLanguage":"pt-BR"}]}},"_links":{"self":[{"href":"https:\/\/aogosto.com.br\/delivery\/wp-json\/wp\/v2\/product\/342","targetHints":{"allow":["GET"]}}],"collection":[{"href":"https:\/\/aogosto.com.br\/delivery\/wp-json\/wp\/v2\/product"}],"about":[{"href":"https:\/\/aogosto.com.br\/delivery\/wp-json\/wp\/v2\/types\/product"}],"replies":[{"embeddable":true,"href":"https:\/\/aogosto.com.br\/delivery\/wp-json\/wp\/v2\/comments?post=342"}],"version-history":[{"count":1,"href":"https:\/\/aogosto.com.br\/delivery\/wp-json\/wp\/v2\/product\/342\/revisions"}],"predecessor-version":[{"id":143105,"href":"https:\/\/aogosto.com.br\/delivery\/wp-json\/wp\/v2\/product\/342\/revisions\/143105"}],"wp:featuredmedia":[{"embeddable":true,"href":"https:\/\/aogosto.com.br\/delivery\/wp-json\/wp\/v2\/media\/41446"}],"wp:attachment":[{"href":"https:\/\/aogosto.com.br\/delivery\/wp-json\/wp\/v2\/media?parent=342"}],"wp:term":[{"taxonomy":"product_brand","embeddable":true,"href":"https:\/\/aogosto.com.br\/delivery\/wp-json\/wp\/v2\/product_brand?post=342"},{"taxonomy":"product_cat","embeddable":true,"href":"https:\/\/aogosto.com.br\/delivery\/wp-json\/wp\/v2\/product_cat?post=342"},{"taxonomy":"product_tag","embeddable":true,"href":"https:\/\/aogosto.com.br\/delivery\/wp-json\/wp\/v2\/product_tag?post=342"}],"curies":[{"name":"wp","href":"https:\/\/api.w.org\/{rel}","templated":true}]}}