    {"id":20062,"date":"2022-03-25T13:34:23","date_gmt":"2022-03-25T16:34:23","guid":{"rendered":"https:\/\/aogosto.com.br\/delivery\/?post_type=product&#038;p=20062"},"modified":"2025-09-14T09:29:16","modified_gmt":"2025-09-14T12:29:16","slug":"short-rib-wagyu-r-99-90-kg","status":"publish","type":"product","link":"https:\/\/aogosto.com.br\/delivery\/product\/short-rib-wagyu-r-99-90-kg\/","title":{"rendered":"Short Rib Wagyu -Guidara | R$: 129,90 ( pct)"},"content":{"rendered":"","protected":false},"excerpt":{"rendered":"<p><em>O short rib \u00e9 um corte muito saboroso e macio<\/em>, retirado da parte dianteira do miolo do ac\u00e9m com osso da costela. Cada vez mais popular, \u00e9 ideal para grelhar.<\/p>\n<p>Nippo Wagyu vem ao mercado para oferecer a seus clientes produtos que sejam oriundos de animais pelo menos 50% Wagyu, caracter\u00edstica que tamb\u00e9m vai garantir aos seus produtos sabor, aroma e maciez muito diferenciados.<\/p>\n<p>Peso Aprox: <strong><em>0,600 gr<\/em><\/strong><\/p>\n<p>*PRODUTO CONGELADO*<\/p>\n<p>&nbsp;<\/p>\n","protected":false},"featured_media":112125,"comment_status":"closed","ping_status":"closed","template":"","meta":[],"product_brand":[],"product_cat":[249,34,195],"product_tag":[41],"class_list":{"0":"post-20062","1":"product","2":"type-product","3":"status-publish","4":"has-post-thumbnail","6":"product_cat-cortes-do-acem","7":"product_cat-boi","8":"product_cat-wagyu","9":"product_tag-wagyu","11":"first","12":"outofstock","13":"shipping-taxable","14":"purchasable","15":"product-type-simple"},"yoast_head":"<!-- This site is optimized with the Yoast SEO plugin v27.2 - https:\/\/yoast.com\/product\/yoast-seo-wordpress\/ -->\n<title>Short Rib Wagyu -Guidara | R$: 129,90 ( pct) | Ao Gosto Carnes<\/title>\n<meta name=\"robots\" content=\"index, follow, max-snippet:-1, max-image-preview:large, max-video-preview:-1\" \/>\n<link rel=\"canonical\" href=\"https:\/\/aogosto.com.br\/delivery\/product\/short-rib-wagyu-r-99-90-kg\/\" \/>\n<meta property=\"og:locale\" content=\"pt_BR\" \/>\n<meta property=\"og:type\" content=\"article\" \/>\n<meta property=\"og:title\" content=\"Short Rib Wagyu -Guidara | R$: 129,90 ( pct) | Ao Gosto Carnes\" \/>\n<meta property=\"og:description\" content=\"O short rib \u00e9 um corte muito saboroso e macio, retirado da parte dianteira do miolo do ac\u00e9m com osso da costela. Cada vez mais popular, \u00e9 ideal para grelhar.  Nippo Wagyu vem ao mercado para oferecer a seus clientes produtos que sejam oriundos de animais pelo menos 50% Wagyu, caracter\u00edstica que tamb\u00e9m vai garantir aos seus produtos sabor, aroma e maciez muito diferenciados.  Peso Aprox: 0,600 gr  *PRODUTO CONGELADO*  &nbsp;\" \/>\n<meta property=\"og:url\" content=\"https:\/\/aogosto.com.br\/delivery\/product\/short-rib-wagyu-r-99-90-kg\/\" \/>\n<meta property=\"og:site_name\" content=\"Ao Gosto Carnes\" \/>\n<meta property=\"article:publisher\" content=\"https:\/\/facebook.com.br\/aogostocarnesnobres\" \/>\n<meta property=\"article:modified_time\" content=\"2025-09-14T12:29:16+00:00\" \/>\n<meta property=\"og:image\" content=\"https:\/\/aogosto.com.br\/delivery\/wp-content\/uploads\/2022\/03\/Design-sem-nome-2025-04-04T155101.864.jpg\" \/>\n\t<meta property=\"og:image:width\" content=\"1080\" \/>\n\t<meta property=\"og:image:height\" content=\"1080\" \/>\n\t<meta property=\"og:image:type\" content=\"image\/jpeg\" \/>\n<meta name=\"twitter:card\" content=\"summary_large_image\" \/>\n<meta name=\"twitter:label1\" content=\"Est. tempo de leitura\" \/>\n\t<meta name=\"twitter:data1\" content=\"1 minuto\" \/>\n<script type=\"application\/ld+json\" class=\"yoast-schema-graph\">{\"@context\":\"https:\/\/schema.org\",\"@graph\":[{\"@type\":\"WebPage\",\"@id\":\"https:\/\/aogosto.com.br\/delivery\/product\/short-rib-wagyu-r-99-90-kg\/\",\"url\":\"https:\/\/aogosto.com.br\/delivery\/product\/short-rib-wagyu-r-99-90-kg\/\",\"name\":\"Short Rib Wagyu -Guidara | R$: 129,90 ( pct) | Ao Gosto Carnes\",\"isPartOf\":{\"@id\":\"https:\/\/aogosto.com.br\/delivery\/#website\"},\"primaryImageOfPage\":{\"@id\":\"https:\/\/aogosto.com.br\/delivery\/product\/short-rib-wagyu-r-99-90-kg\/#primaryimage\"},\"image\":{\"@id\":\"https:\/\/aogosto.com.br\/delivery\/product\/short-rib-wagyu-r-99-90-kg\/#primaryimage\"},\"thumbnailUrl\":\"https:\/\/aogosto.com.br\/delivery\/wp-content\/uploads\/2022\/03\/Design-sem-nome-2025-04-04T155101.864.jpg\",\"datePublished\":\"2022-03-25T16:34:23+00:00\",\"dateModified\":\"2025-09-14T12:29:16+00:00\",\"breadcrumb\":{\"@id\":\"https:\/\/aogosto.com.br\/delivery\/product\/short-rib-wagyu-r-99-90-kg\/#breadcrumb\"},\"inLanguage\":\"pt-BR\",\"potentialAction\":[{\"@type\":\"ReadAction\",\"target\":[\"https:\/\/aogosto.com.br\/delivery\/product\/short-rib-wagyu-r-99-90-kg\/\"]}]},{\"@type\":\"ImageObject\",\"inLanguage\":\"pt-BR\",\"@id\":\"https:\/\/aogosto.com.br\/delivery\/product\/short-rib-wagyu-r-99-90-kg\/#primaryimage\",\"url\":\"https:\/\/aogosto.com.br\/delivery\/wp-content\/uploads\/2022\/03\/Design-sem-nome-2025-04-04T155101.864.jpg\",\"contentUrl\":\"https:\/\/aogosto.com.br\/delivery\/wp-content\/uploads\/2022\/03\/Design-sem-nome-2025-04-04T155101.864.jpg\",\"width\":1080,\"height\":1080},{\"@type\":\"BreadcrumbList\",\"@id\":\"https:\/\/aogosto.com.br\/delivery\/product\/short-rib-wagyu-r-99-90-kg\/#breadcrumb\",\"itemListElement\":[{\"@type\":\"ListItem\",\"position\":1,\"name\":\"In\u00edcio\",\"item\":\"https:\/\/aogosto.com.br\/delivery\/\"},{\"@type\":\"ListItem\",\"position\":2,\"name\":\"Shop\",\"item\":\"https:\/\/aogosto.com.br\/delivery\/loja\/\"},{\"@type\":\"ListItem\",\"position\":3,\"name\":\"Short Rib Wagyu -Guidara | R$: 129,90 ( pct)\"}]},{\"@type\":\"WebSite\",\"@id\":\"https:\/\/aogosto.com.br\/delivery\/#website\",\"url\":\"https:\/\/aogosto.com.br\/delivery\/\",\"name\":\"Ao Gosto Carnes\",\"description\":\"Fa\u00e7a o seu pedido on-line!\",\"potentialAction\":[{\"@type\":\"SearchAction\",\"target\":{\"@type\":\"EntryPoint\",\"urlTemplate\":\"https:\/\/aogosto.com.br\/delivery\/?s={search_term_string}\"},\"query-input\":{\"@type\":\"PropertyValueSpecification\",\"valueRequired\":true,\"valueName\":\"search_term_string\"}}],\"inLanguage\":\"pt-BR\"}]}<\/script>\n<!-- \/ Yoast SEO plugin. -->","yoast_head_json":{"title":"Short Rib Wagyu -Guidara | R$: 129,90 ( pct) | Ao Gosto Carnes","robots":{"index":"index","follow":"follow","max-snippet":"max-snippet:-1","max-image-preview":"max-image-preview:large","max-video-preview":"max-video-preview:-1"},"canonical":"https:\/\/aogosto.com.br\/delivery\/product\/short-rib-wagyu-r-99-90-kg\/","og_locale":"pt_BR","og_type":"article","og_title":"Short Rib Wagyu -Guidara | R$: 129,90 ( pct) | Ao Gosto Carnes","og_description":"O short rib \u00e9 um corte muito saboroso e macio, retirado da parte dianteira do miolo do ac\u00e9m com osso da costela. Cada vez mais popular, \u00e9 ideal para grelhar.  Nippo Wagyu vem ao mercado para oferecer a seus clientes produtos que sejam oriundos de animais pelo menos 50% Wagyu, caracter\u00edstica que tamb\u00e9m vai garantir aos seus produtos sabor, aroma e maciez muito diferenciados.  Peso Aprox: 0,600 gr  *PRODUTO CONGELADO*  &nbsp;","og_url":"https:\/\/aogosto.com.br\/delivery\/product\/short-rib-wagyu-r-99-90-kg\/","og_site_name":"Ao Gosto Carnes","article_publisher":"https:\/\/facebook.com.br\/aogostocarnesnobres","article_modified_time":"2025-09-14T12:29:16+00:00","og_image":[{"width":1080,"height":1080,"url":"https:\/\/aogosto.com.br\/delivery\/wp-content\/uploads\/2022\/03\/Design-sem-nome-2025-04-04T155101.864.jpg","type":"image\/jpeg"}],"twitter_card":"summary_large_image","twitter_misc":{"Est. tempo de leitura":"1 minuto"},"schema":{"@context":"https:\/\/schema.org","@graph":[{"@type":"WebPage","@id":"https:\/\/aogosto.com.br\/delivery\/product\/short-rib-wagyu-r-99-90-kg\/","url":"https:\/\/aogosto.com.br\/delivery\/product\/short-rib-wagyu-r-99-90-kg\/","name":"Short Rib Wagyu -Guidara | R$: 129,90 ( pct) | Ao Gosto Carnes","isPartOf":{"@id":"https:\/\/aogosto.com.br\/delivery\/#website"},"primaryImageOfPage":{"@id":"https:\/\/aogosto.com.br\/delivery\/product\/short-rib-wagyu-r-99-90-kg\/#primaryimage"},"image":{"@id":"https:\/\/aogosto.com.br\/delivery\/product\/short-rib-wagyu-r-99-90-kg\/#primaryimage"},"thumbnailUrl":"https:\/\/aogosto.com.br\/delivery\/wp-content\/uploads\/2022\/03\/Design-sem-nome-2025-04-04T155101.864.jpg","datePublished":"2022-03-25T16:34:23+00:00","dateModified":"2025-09-14T12:29:16+00:00","breadcrumb":{"@id":"https:\/\/aogosto.com.br\/delivery\/product\/short-rib-wagyu-r-99-90-kg\/#breadcrumb"},"inLanguage":"pt-BR","potentialAction":[{"@type":"ReadAction","target":["https:\/\/aogosto.com.br\/delivery\/product\/short-rib-wagyu-r-99-90-kg\/"]}]},{"@type":"ImageObject","inLanguage":"pt-BR","@id":"https:\/\/aogosto.com.br\/delivery\/product\/short-rib-wagyu-r-99-90-kg\/#primaryimage","url":"https:\/\/aogosto.com.br\/delivery\/wp-content\/uploads\/2022\/03\/Design-sem-nome-2025-04-04T155101.864.jpg","contentUrl":"https:\/\/aogosto.com.br\/delivery\/wp-content\/uploads\/2022\/03\/Design-sem-nome-2025-04-04T155101.864.jpg","width":1080,"height":1080},{"@type":"BreadcrumbList","@id":"https:\/\/aogosto.com.br\/delivery\/product\/short-rib-wagyu-r-99-90-kg\/#breadcrumb","itemListElement":[{"@type":"ListItem","position":1,"name":"In\u00edcio","item":"https:\/\/aogosto.com.br\/delivery\/"},{"@type":"ListItem","position":2,"name":"Shop","item":"https:\/\/aogosto.com.br\/delivery\/loja\/"},{"@type":"ListItem","position":3,"name":"Short Rib Wagyu -Guidara | R$: 129,90 ( pct)"}]},{"@type":"WebSite","@id":"https:\/\/aogosto.com.br\/delivery\/#website","url":"https:\/\/aogosto.com.br\/delivery\/","name":"Ao Gosto Carnes","description":"Fa\u00e7a o seu pedido on-line!","potentialAction":[{"@type":"SearchAction","target":{"@type":"EntryPoint","urlTemplate":"https:\/\/aogosto.com.br\/delivery\/?s={search_term_string}"},"query-input":{"@type":"PropertyValueSpecification","valueRequired":true,"valueName":"search_term_string"}}],"inLanguage":"pt-BR"}]}},"_links":{"self":[{"href":"https:\/\/aogosto.com.br\/delivery\/wp-json\/wp\/v2\/product\/20062","targetHints":{"allow":["GET"]}}],"collection":[{"href":"https:\/\/aogosto.com.br\/delivery\/wp-json\/wp\/v2\/product"}],"about":[{"href":"https:\/\/aogosto.com.br\/delivery\/wp-json\/wp\/v2\/types\/product"}],"replies":[{"embeddable":true,"href":"https:\/\/aogosto.com.br\/delivery\/wp-json\/wp\/v2\/comments?post=20062"}],"version-history":[{"count":0,"href":"https:\/\/aogosto.com.br\/delivery\/wp-json\/wp\/v2\/product\/20062\/revisions"}],"wp:featuredmedia":[{"embeddable":true,"href":"https:\/\/aogosto.com.br\/delivery\/wp-json\/wp\/v2\/media\/112125"}],"wp:attachment":[{"href":"https:\/\/aogosto.com.br\/delivery\/wp-json\/wp\/v2\/media?parent=20062"}],"wp:term":[{"taxonomy":"product_brand","embeddable":true,"href":"https:\/\/aogosto.com.br\/delivery\/wp-json\/wp\/v2\/product_brand?post=20062"},{"taxonomy":"product_cat","embeddable":true,"href":"https:\/\/aogosto.com.br\/delivery\/wp-json\/wp\/v2\/product_cat?post=20062"},{"taxonomy":"product_tag","embeddable":true,"href":"https:\/\/aogosto.com.br\/delivery\/wp-json\/wp\/v2\/product_tag?post=20062"}],"curies":[{"name":"wp","href":"https:\/\/api.w.org\/{rel}","templated":true}]}}