    {"id":1843,"date":"2021-07-21T17:44:50","date_gmt":"2021-07-21T20:44:50","guid":{"rendered":"https:\/\/aogosto.com.br\/delivery\/?post_type=product&#038;p=1843"},"modified":"2026-04-02T10:41:35","modified_gmt":"2026-04-02T13:41:35","slug":"skirt-steak-diafragma-carapreta-r-79-90-kg","status":"publish","type":"product","link":"https:\/\/aogosto.com.br\/delivery\/product\/skirt-steak-diafragma-carapreta-r-79-90-kg\/","title":{"rendered":"Skirt Steak | Carapreta &#8211; R$: 189,90 kg"},"content":{"rendered":"","protected":false},"excerpt":{"rendered":"<p>A principal caracter\u00edstica do <strong>Skirt Steak<\/strong> \u00e9 o seu sabor intenso. Pr\u00f3ximo \u00e0 fraldinha e localizado entre a costela e o bife do vazio, \u00e9 um corte muito utilizado nos Estados Unidos, M\u00e9xico, Argentina, Uruguai e China. Para manter a maciez, n\u00e3o deve ser bem passado e recomenda-se cort\u00e1-lo contra a fibra. Marinar o <strong>skirt steak<\/strong> antes do preparo tamb\u00e9m \u00e9 uma \u00f3tima ideia.<\/p>\n<p>&nbsp;<\/p>\n<p><!-- AOGOSTO_WEIGHT_START --><br \/>\nPeso Aprox. 1,16 kg<\/p>\n<p>*O valor final pode variar conforme o peso exato de cada pe\u00e7a.*<\/p>\n<p>*Imagens meramente ilustrativas.*<br \/>\n<!-- AOGOSTO_WEIGHT_END --><\/p>\n","protected":false},"featured_media":77913,"comment_status":"closed","ping_status":"closed","template":"","meta":[],"product_brand":[],"product_cat":[34,244,248],"product_tag":[479],"class_list":{"0":"post-1843","1":"product","2":"type-product","3":"status-publish","4":"has-post-thumbnail","6":"product_cat-boi","7":"product_cat-cortes-gourmet","8":"product_cat-cortes-magros","9":"product_tag-21-09-2025","11":"first","12":"instock","13":"sold-individually","14":"shipping-taxable","15":"purchasable","16":"product-type-simple"},"yoast_head":"<!-- This site is optimized with the Yoast SEO plugin v27.2 - https:\/\/yoast.com\/product\/yoast-seo-wordpress\/ -->\n<title>Skirt Steak | Carapreta - R$: 189,90 kg | Ao Gosto Carnes<\/title>\n<meta name=\"robots\" content=\"index, follow, max-snippet:-1, max-image-preview:large, max-video-preview:-1\" \/>\n<link rel=\"canonical\" href=\"https:\/\/aogosto.com.br\/delivery\/product\/skirt-steak-diafragma-carapreta-r-79-90-kg\/\" \/>\n<meta property=\"og:locale\" content=\"pt_BR\" \/>\n<meta property=\"og:type\" content=\"article\" \/>\n<meta property=\"og:title\" content=\"Skirt Steak | Carapreta - R$: 189,90 kg | Ao Gosto Carnes\" \/>\n<meta property=\"og:description\" content=\"A principal caracter\u00edstica do Skirt Steak \u00e9 o seu sabor intenso. Pr\u00f3ximo \u00e0 fraldinha e localizado entre a costela e o bife do vazio, \u00e9 um corte muito utilizado nos Estados Unidos, M\u00e9xico, Argentina, Uruguai e China. Para manter a maciez, n\u00e3o deve ser bem passado e recomenda-se cort\u00e1-lo contra a fibra. Marinar o skirt steak antes do preparo tamb\u00e9m \u00e9 uma \u00f3tima ideia.  &nbsp;  Peso Aprox. 1,16 kg *O valor final pode variar conforme o peso exato de cada pe\u00e7a.* *Imagens meramente ilustrativas.*\" \/>\n<meta property=\"og:url\" content=\"https:\/\/aogosto.com.br\/delivery\/product\/skirt-steak-diafragma-carapreta-r-79-90-kg\/\" \/>\n<meta property=\"og:site_name\" content=\"Ao Gosto Carnes\" \/>\n<meta property=\"article:publisher\" content=\"https:\/\/facebook.com.br\/aogostocarnesnobres\" \/>\n<meta property=\"article:modified_time\" content=\"2026-04-02T13:41:35+00:00\" \/>\n<meta property=\"og:image\" content=\"https:\/\/aogosto.com.br\/delivery\/wp-content\/uploads\/2021\/07\/Design-sem-nome-2024-03-09T171612.904.jpg\" \/>\n\t<meta property=\"og:image:width\" content=\"1080\" \/>\n\t<meta property=\"og:image:height\" content=\"1080\" \/>\n\t<meta property=\"og:image:type\" content=\"image\/jpeg\" \/>\n<meta name=\"twitter:card\" content=\"summary_large_image\" \/>\n<meta name=\"twitter:label1\" content=\"Est. tempo de leitura\" \/>\n\t<meta name=\"twitter:data1\" content=\"1 minuto\" \/>\n<script type=\"application\/ld+json\" class=\"yoast-schema-graph\">{\"@context\":\"https:\/\/schema.org\",\"@graph\":[{\"@type\":\"WebPage\",\"@id\":\"https:\/\/aogosto.com.br\/delivery\/product\/skirt-steak-diafragma-carapreta-r-79-90-kg\/\",\"url\":\"https:\/\/aogosto.com.br\/delivery\/product\/skirt-steak-diafragma-carapreta-r-79-90-kg\/\",\"name\":\"Skirt Steak | Carapreta - R$: 189,90 kg | Ao Gosto Carnes\",\"isPartOf\":{\"@id\":\"https:\/\/aogosto.com.br\/delivery\/#website\"},\"primaryImageOfPage\":{\"@id\":\"https:\/\/aogosto.com.br\/delivery\/product\/skirt-steak-diafragma-carapreta-r-79-90-kg\/#primaryimage\"},\"image\":{\"@id\":\"https:\/\/aogosto.com.br\/delivery\/product\/skirt-steak-diafragma-carapreta-r-79-90-kg\/#primaryimage\"},\"thumbnailUrl\":\"https:\/\/aogosto.com.br\/delivery\/wp-content\/uploads\/2021\/07\/Design-sem-nome-2024-03-09T171612.904.jpg\",\"datePublished\":\"2021-07-21T20:44:50+00:00\",\"dateModified\":\"2026-04-02T13:41:35+00:00\",\"breadcrumb\":{\"@id\":\"https:\/\/aogosto.com.br\/delivery\/product\/skirt-steak-diafragma-carapreta-r-79-90-kg\/#breadcrumb\"},\"inLanguage\":\"pt-BR\",\"potentialAction\":[{\"@type\":\"ReadAction\",\"target\":[\"https:\/\/aogosto.com.br\/delivery\/product\/skirt-steak-diafragma-carapreta-r-79-90-kg\/\"]}]},{\"@type\":\"ImageObject\",\"inLanguage\":\"pt-BR\",\"@id\":\"https:\/\/aogosto.com.br\/delivery\/product\/skirt-steak-diafragma-carapreta-r-79-90-kg\/#primaryimage\",\"url\":\"https:\/\/aogosto.com.br\/delivery\/wp-content\/uploads\/2021\/07\/Design-sem-nome-2024-03-09T171612.904.jpg\",\"contentUrl\":\"https:\/\/aogosto.com.br\/delivery\/wp-content\/uploads\/2021\/07\/Design-sem-nome-2024-03-09T171612.904.jpg\",\"width\":1080,\"height\":1080},{\"@type\":\"BreadcrumbList\",\"@id\":\"https:\/\/aogosto.com.br\/delivery\/product\/skirt-steak-diafragma-carapreta-r-79-90-kg\/#breadcrumb\",\"itemListElement\":[{\"@type\":\"ListItem\",\"position\":1,\"name\":\"In\u00edcio\",\"item\":\"https:\/\/aogosto.com.br\/delivery\/\"},{\"@type\":\"ListItem\",\"position\":2,\"name\":\"Shop\",\"item\":\"https:\/\/aogosto.com.br\/delivery\/loja\/\"},{\"@type\":\"ListItem\",\"position\":3,\"name\":\"Skirt Steak | Carapreta &#8211; R$: 189,90 kg\"}]},{\"@type\":\"WebSite\",\"@id\":\"https:\/\/aogosto.com.br\/delivery\/#website\",\"url\":\"https:\/\/aogosto.com.br\/delivery\/\",\"name\":\"Ao Gosto Carnes\",\"description\":\"Fa\u00e7a o seu pedido on-line!\",\"potentialAction\":[{\"@type\":\"SearchAction\",\"target\":{\"@type\":\"EntryPoint\",\"urlTemplate\":\"https:\/\/aogosto.com.br\/delivery\/?s={search_term_string}\"},\"query-input\":{\"@type\":\"PropertyValueSpecification\",\"valueRequired\":true,\"valueName\":\"search_term_string\"}}],\"inLanguage\":\"pt-BR\"}]}<\/script>\n<!-- \/ Yoast SEO plugin. -->","yoast_head_json":{"title":"Skirt Steak | Carapreta - R$: 189,90 kg | Ao Gosto Carnes","robots":{"index":"index","follow":"follow","max-snippet":"max-snippet:-1","max-image-preview":"max-image-preview:large","max-video-preview":"max-video-preview:-1"},"canonical":"https:\/\/aogosto.com.br\/delivery\/product\/skirt-steak-diafragma-carapreta-r-79-90-kg\/","og_locale":"pt_BR","og_type":"article","og_title":"Skirt Steak | Carapreta - R$: 189,90 kg | Ao Gosto Carnes","og_description":"A principal caracter\u00edstica do Skirt Steak \u00e9 o seu sabor intenso. Pr\u00f3ximo \u00e0 fraldinha e localizado entre a costela e o bife do vazio, \u00e9 um corte muito utilizado nos Estados Unidos, M\u00e9xico, Argentina, Uruguai e China. Para manter a maciez, n\u00e3o deve ser bem passado e recomenda-se cort\u00e1-lo contra a fibra. Marinar o skirt steak antes do preparo tamb\u00e9m \u00e9 uma \u00f3tima ideia.  &nbsp;  Peso Aprox. 1,16 kg *O valor final pode variar conforme o peso exato de cada pe\u00e7a.* *Imagens meramente ilustrativas.*","og_url":"https:\/\/aogosto.com.br\/delivery\/product\/skirt-steak-diafragma-carapreta-r-79-90-kg\/","og_site_name":"Ao Gosto Carnes","article_publisher":"https:\/\/facebook.com.br\/aogostocarnesnobres","article_modified_time":"2026-04-02T13:41:35+00:00","og_image":[{"width":1080,"height":1080,"url":"https:\/\/aogosto.com.br\/delivery\/wp-content\/uploads\/2021\/07\/Design-sem-nome-2024-03-09T171612.904.jpg","type":"image\/jpeg"}],"twitter_card":"summary_large_image","twitter_misc":{"Est. tempo de leitura":"1 minuto"},"schema":{"@context":"https:\/\/schema.org","@graph":[{"@type":"WebPage","@id":"https:\/\/aogosto.com.br\/delivery\/product\/skirt-steak-diafragma-carapreta-r-79-90-kg\/","url":"https:\/\/aogosto.com.br\/delivery\/product\/skirt-steak-diafragma-carapreta-r-79-90-kg\/","name":"Skirt Steak | Carapreta - R$: 189,90 kg | Ao Gosto Carnes","isPartOf":{"@id":"https:\/\/aogosto.com.br\/delivery\/#website"},"primaryImageOfPage":{"@id":"https:\/\/aogosto.com.br\/delivery\/product\/skirt-steak-diafragma-carapreta-r-79-90-kg\/#primaryimage"},"image":{"@id":"https:\/\/aogosto.com.br\/delivery\/product\/skirt-steak-diafragma-carapreta-r-79-90-kg\/#primaryimage"},"thumbnailUrl":"https:\/\/aogosto.com.br\/delivery\/wp-content\/uploads\/2021\/07\/Design-sem-nome-2024-03-09T171612.904.jpg","datePublished":"2021-07-21T20:44:50+00:00","dateModified":"2026-04-02T13:41:35+00:00","breadcrumb":{"@id":"https:\/\/aogosto.com.br\/delivery\/product\/skirt-steak-diafragma-carapreta-r-79-90-kg\/#breadcrumb"},"inLanguage":"pt-BR","potentialAction":[{"@type":"ReadAction","target":["https:\/\/aogosto.com.br\/delivery\/product\/skirt-steak-diafragma-carapreta-r-79-90-kg\/"]}]},{"@type":"ImageObject","inLanguage":"pt-BR","@id":"https:\/\/aogosto.com.br\/delivery\/product\/skirt-steak-diafragma-carapreta-r-79-90-kg\/#primaryimage","url":"https:\/\/aogosto.com.br\/delivery\/wp-content\/uploads\/2021\/07\/Design-sem-nome-2024-03-09T171612.904.jpg","contentUrl":"https:\/\/aogosto.com.br\/delivery\/wp-content\/uploads\/2021\/07\/Design-sem-nome-2024-03-09T171612.904.jpg","width":1080,"height":1080},{"@type":"BreadcrumbList","@id":"https:\/\/aogosto.com.br\/delivery\/product\/skirt-steak-diafragma-carapreta-r-79-90-kg\/#breadcrumb","itemListElement":[{"@type":"ListItem","position":1,"name":"In\u00edcio","item":"https:\/\/aogosto.com.br\/delivery\/"},{"@type":"ListItem","position":2,"name":"Shop","item":"https:\/\/aogosto.com.br\/delivery\/loja\/"},{"@type":"ListItem","position":3,"name":"Skirt Steak | Carapreta &#8211; R$: 189,90 kg"}]},{"@type":"WebSite","@id":"https:\/\/aogosto.com.br\/delivery\/#website","url":"https:\/\/aogosto.com.br\/delivery\/","name":"Ao Gosto Carnes","description":"Fa\u00e7a o seu pedido on-line!","potentialAction":[{"@type":"SearchAction","target":{"@type":"EntryPoint","urlTemplate":"https:\/\/aogosto.com.br\/delivery\/?s={search_term_string}"},"query-input":{"@type":"PropertyValueSpecification","valueRequired":true,"valueName":"search_term_string"}}],"inLanguage":"pt-BR"}]}},"_links":{"self":[{"href":"https:\/\/aogosto.com.br\/delivery\/wp-json\/wp\/v2\/product\/1843","targetHints":{"allow":["GET"]}}],"collection":[{"href":"https:\/\/aogosto.com.br\/delivery\/wp-json\/wp\/v2\/product"}],"about":[{"href":"https:\/\/aogosto.com.br\/delivery\/wp-json\/wp\/v2\/types\/product"}],"replies":[{"embeddable":true,"href":"https:\/\/aogosto.com.br\/delivery\/wp-json\/wp\/v2\/comments?post=1843"}],"version-history":[{"count":2,"href":"https:\/\/aogosto.com.br\/delivery\/wp-json\/wp\/v2\/product\/1843\/revisions"}],"predecessor-version":[{"id":150656,"href":"https:\/\/aogosto.com.br\/delivery\/wp-json\/wp\/v2\/product\/1843\/revisions\/150656"}],"wp:featuredmedia":[{"embeddable":true,"href":"https:\/\/aogosto.com.br\/delivery\/wp-json\/wp\/v2\/media\/77913"}],"wp:attachment":[{"href":"https:\/\/aogosto.com.br\/delivery\/wp-json\/wp\/v2\/media?parent=1843"}],"wp:term":[{"taxonomy":"product_brand","embeddable":true,"href":"https:\/\/aogosto.com.br\/delivery\/wp-json\/wp\/v2\/product_brand?post=1843"},{"taxonomy":"product_cat","embeddable":true,"href":"https:\/\/aogosto.com.br\/delivery\/wp-json\/wp\/v2\/product_cat?post=1843"},{"taxonomy":"product_tag","embeddable":true,"href":"https:\/\/aogosto.com.br\/delivery\/wp-json\/wp\/v2\/product_tag?post=1843"}],"curies":[{"name":"wp","href":"https:\/\/api.w.org\/{rel}","templated":true}]}}