    {"id":137242,"date":"2025-12-17T11:16:35","date_gmt":"2025-12-17T14:16:35","guid":{"rendered":"https:\/\/aogosto.com.br\/delivery\/?post_type=product&#038;p=137242"},"modified":"2026-03-17T21:33:52","modified_gmt":"2026-03-18T00:33:52","slug":"kit-super-premium-20-pessoas","status":"publish","type":"product","link":"https:\/\/aogosto.com.br\/delivery\/product\/kit-super-premium-20-pessoas\/","title":{"rendered":"Kit Super Premium | 20 Pessoas"},"content":{"rendered":"","protected":false},"excerpt":{"rendered":"<p>Conhe\u00e7a a linha de <strong>Kit Super Premium<\/strong>, lan\u00e7ameto do Ao Gosto. Os Kits vieram para deixar seu churrasco ainda mais <strong>PREMIUM<\/strong>, cada produto foi pensando para o\u00a0 melhor do seu churrasco.<\/p>\n<p><strong>O Kit Super Premium 20 pessoas cont\u00e9m:<\/strong><\/p>\n<p>2 &#8211; Picanha Black Angus (Aprox: 1,100 gr cada pe\u00e7a)<br \/>\n1 &#8211; Frald\u00e3o Uruguay Angus (Aprox: 0,850 gr)<br \/>\n1 &#8211; Kobe Burguer (Aprox: 0,400 gr)<br \/>\n1 &#8211; Frald\u00e3o\u00a0 Uruguay em Tiras\u00a0 (Aprox: 0,650 gr)<br \/>\n1 &#8211; Tulipa na Cacha\u00e7a e Rapadura (Aprox: 0,500 gr)<br \/>\n1 &#8211; Tulipa ao Vinho (Aprox: 0,500 gr)<br \/>\n1 &#8211; Lingui\u00e7a de Lombo Pura (Aprox: 0,500 gr)<br \/>\n1 &#8211; Lingui\u00e7a de Lombo c\/ Coalho (Aprox: 0,500 gr)<br \/>\n1 &#8211; Torresmo (Aprox: 0,500 gr)<br \/>\n1 &#8211; Cora\u00e7\u00e3o ao Vinho (Aprox: 0,500gr)<br \/>\n1 &#8211; Coxinha na Mostarda e Mel (Aprox: 0,500gr)<br \/>\n2 &#8211; Pacote de P\u00e3o de Alho sabores ( Aprox: 0,300 gr)<\/p>\n<p><strong>IMAGEM MERAMENTE ILUSTRATIVA<\/strong><\/p>\n","protected":false},"featured_media":137515,"comment_status":"open","ping_status":"closed","template":"","meta":[],"product_brand":[],"product_cat":[360,71,523,524,456],"product_tag":[],"class_list":{"0":"post-137242","1":"product","2":"type-product","3":"status-publish","4":"has-post-thumbnail","6":"product_cat-para-20-pessoas","7":"product_cat-kit-churrasco","8":"product_cat-kit-natal","9":"product_cat-kit-super-premium","10":"product_cat-novidade","12":"first","13":"outofstock","14":"shipping-taxable","15":"purchasable","16":"product-type-simple"},"yoast_head":"<!-- This site is optimized with the Yoast SEO plugin v27.2 - https:\/\/yoast.com\/product\/yoast-seo-wordpress\/ -->\n<title>Kit Super Premium | 20 Pessoas | Ao Gosto Carnes<\/title>\n<meta name=\"robots\" content=\"index, follow, max-snippet:-1, max-image-preview:large, max-video-preview:-1\" \/>\n<link rel=\"canonical\" href=\"https:\/\/aogosto.com.br\/delivery\/product\/kit-super-premium-20-pessoas\/\" \/>\n<meta property=\"og:locale\" content=\"pt_BR\" \/>\n<meta property=\"og:type\" content=\"article\" \/>\n<meta property=\"og:title\" content=\"Kit Super Premium | 20 Pessoas | Ao Gosto Carnes\" \/>\n<meta property=\"og:description\" content=\"Conhe\u00e7a a linha de Kit Super Premium, lan\u00e7ameto do Ao Gosto. Os Kits vieram para deixar seu churrasco ainda mais PREMIUM, cada produto foi pensando para o\u00a0 melhor do seu churrasco.  O Kit Super Premium 20 pessoas cont\u00e9m:  2 - Picanha Black Angus (Aprox: 1,100 gr cada pe\u00e7a) 1 - Frald\u00e3o Uruguay Angus (Aprox: 0,850 gr) 1 - Kobe Burguer (Aprox: 0,400 gr) 1 - Frald\u00e3o\u00a0 Uruguay em Tiras\u00a0 (Aprox: 0,650 gr) 1 - Tulipa na Cacha\u00e7a e Rapadura (Aprox: 0,500 gr) 1 - Tulipa ao Vinho (Aprox: 0,500 gr) 1 - Lingui\u00e7a de Lombo Pura (Aprox: 0,500 gr) 1 - Lingui\u00e7a de Lombo c\/ Coalho (Aprox: 0,500 gr) 1 - Torresmo (Aprox: 0,500 gr) 1 - Cora\u00e7\u00e3o ao Vinho (Aprox: 0,500gr) 1 - Coxinha na Mostarda e Mel (Aprox: 0,500gr) 2 - Pacote de P\u00e3o de Alho sabores ( Aprox: 0,300 gr)  IMAGEM MERAMENTE ILUSTRATIVA\" \/>\n<meta property=\"og:url\" content=\"https:\/\/aogosto.com.br\/delivery\/product\/kit-super-premium-20-pessoas\/\" \/>\n<meta property=\"og:site_name\" content=\"Ao Gosto Carnes\" \/>\n<meta property=\"article:publisher\" content=\"https:\/\/facebook.com.br\/aogostocarnesnobres\" \/>\n<meta property=\"article:modified_time\" content=\"2026-03-18T00:33:52+00:00\" \/>\n<meta property=\"og:image\" content=\"https:\/\/aogosto.com.br\/delivery\/wp-content\/uploads\/2025\/12\/kit-20-pre-500.jpg\" \/>\n\t<meta property=\"og:image:width\" content=\"500\" \/>\n\t<meta property=\"og:image:height\" content=\"500\" \/>\n\t<meta property=\"og:image:type\" content=\"image\/jpeg\" \/>\n<meta name=\"twitter:card\" content=\"summary_large_image\" \/>\n<meta name=\"twitter:label1\" content=\"Est. tempo de leitura\" \/>\n\t<meta name=\"twitter:data1\" content=\"1 minuto\" \/>\n<script type=\"application\/ld+json\" class=\"yoast-schema-graph\">{\"@context\":\"https:\/\/schema.org\",\"@graph\":[{\"@type\":\"WebPage\",\"@id\":\"https:\/\/aogosto.com.br\/delivery\/product\/kit-super-premium-20-pessoas\/\",\"url\":\"https:\/\/aogosto.com.br\/delivery\/product\/kit-super-premium-20-pessoas\/\",\"name\":\"Kit Super Premium | 20 Pessoas | Ao Gosto Carnes\",\"isPartOf\":{\"@id\":\"https:\/\/aogosto.com.br\/delivery\/#website\"},\"primaryImageOfPage\":{\"@id\":\"https:\/\/aogosto.com.br\/delivery\/product\/kit-super-premium-20-pessoas\/#primaryimage\"},\"image\":{\"@id\":\"https:\/\/aogosto.com.br\/delivery\/product\/kit-super-premium-20-pessoas\/#primaryimage\"},\"thumbnailUrl\":\"https:\/\/aogosto.com.br\/delivery\/wp-content\/uploads\/2025\/12\/kit-20-pre-500.jpg\",\"datePublished\":\"2025-12-17T14:16:35+00:00\",\"dateModified\":\"2026-03-18T00:33:52+00:00\",\"breadcrumb\":{\"@id\":\"https:\/\/aogosto.com.br\/delivery\/product\/kit-super-premium-20-pessoas\/#breadcrumb\"},\"inLanguage\":\"pt-BR\",\"potentialAction\":[{\"@type\":\"ReadAction\",\"target\":[\"https:\/\/aogosto.com.br\/delivery\/product\/kit-super-premium-20-pessoas\/\"]}]},{\"@type\":\"ImageObject\",\"inLanguage\":\"pt-BR\",\"@id\":\"https:\/\/aogosto.com.br\/delivery\/product\/kit-super-premium-20-pessoas\/#primaryimage\",\"url\":\"https:\/\/aogosto.com.br\/delivery\/wp-content\/uploads\/2025\/12\/kit-20-pre-500.jpg\",\"contentUrl\":\"https:\/\/aogosto.com.br\/delivery\/wp-content\/uploads\/2025\/12\/kit-20-pre-500.jpg\",\"width\":500,\"height\":500},{\"@type\":\"BreadcrumbList\",\"@id\":\"https:\/\/aogosto.com.br\/delivery\/product\/kit-super-premium-20-pessoas\/#breadcrumb\",\"itemListElement\":[{\"@type\":\"ListItem\",\"position\":1,\"name\":\"In\u00edcio\",\"item\":\"https:\/\/aogosto.com.br\/delivery\/\"},{\"@type\":\"ListItem\",\"position\":2,\"name\":\"Shop\",\"item\":\"https:\/\/aogosto.com.br\/delivery\/loja\/\"},{\"@type\":\"ListItem\",\"position\":3,\"name\":\"Kit Super Premium | 20 Pessoas\"}]},{\"@type\":\"WebSite\",\"@id\":\"https:\/\/aogosto.com.br\/delivery\/#website\",\"url\":\"https:\/\/aogosto.com.br\/delivery\/\",\"name\":\"Ao Gosto Carnes\",\"description\":\"Fa\u00e7a o seu pedido on-line!\",\"potentialAction\":[{\"@type\":\"SearchAction\",\"target\":{\"@type\":\"EntryPoint\",\"urlTemplate\":\"https:\/\/aogosto.com.br\/delivery\/?s={search_term_string}\"},\"query-input\":{\"@type\":\"PropertyValueSpecification\",\"valueRequired\":true,\"valueName\":\"search_term_string\"}}],\"inLanguage\":\"pt-BR\"}]}<\/script>\n<!-- \/ Yoast SEO plugin. -->","yoast_head_json":{"title":"Kit Super Premium | 20 Pessoas | Ao Gosto Carnes","robots":{"index":"index","follow":"follow","max-snippet":"max-snippet:-1","max-image-preview":"max-image-preview:large","max-video-preview":"max-video-preview:-1"},"canonical":"https:\/\/aogosto.com.br\/delivery\/product\/kit-super-premium-20-pessoas\/","og_locale":"pt_BR","og_type":"article","og_title":"Kit Super Premium | 20 Pessoas | Ao Gosto Carnes","og_description":"Conhe\u00e7a a linha de Kit Super Premium, lan\u00e7ameto do Ao Gosto. Os Kits vieram para deixar seu churrasco ainda mais PREMIUM, cada produto foi pensando para o\u00a0 melhor do seu churrasco.  O Kit Super Premium 20 pessoas cont\u00e9m:  2 - Picanha Black Angus (Aprox: 1,100 gr cada pe\u00e7a) 1 - Frald\u00e3o Uruguay Angus (Aprox: 0,850 gr) 1 - Kobe Burguer (Aprox: 0,400 gr) 1 - Frald\u00e3o\u00a0 Uruguay em Tiras\u00a0 (Aprox: 0,650 gr) 1 - Tulipa na Cacha\u00e7a e Rapadura (Aprox: 0,500 gr) 1 - Tulipa ao Vinho (Aprox: 0,500 gr) 1 - Lingui\u00e7a de Lombo Pura (Aprox: 0,500 gr) 1 - Lingui\u00e7a de Lombo c\/ Coalho (Aprox: 0,500 gr) 1 - Torresmo (Aprox: 0,500 gr) 1 - Cora\u00e7\u00e3o ao Vinho (Aprox: 0,500gr) 1 - Coxinha na Mostarda e Mel (Aprox: 0,500gr) 2 - Pacote de P\u00e3o de Alho sabores ( Aprox: 0,300 gr)  IMAGEM MERAMENTE ILUSTRATIVA","og_url":"https:\/\/aogosto.com.br\/delivery\/product\/kit-super-premium-20-pessoas\/","og_site_name":"Ao Gosto Carnes","article_publisher":"https:\/\/facebook.com.br\/aogostocarnesnobres","article_modified_time":"2026-03-18T00:33:52+00:00","og_image":[{"width":500,"height":500,"url":"https:\/\/aogosto.com.br\/delivery\/wp-content\/uploads\/2025\/12\/kit-20-pre-500.jpg","type":"image\/jpeg"}],"twitter_card":"summary_large_image","twitter_misc":{"Est. tempo de leitura":"1 minuto"},"schema":{"@context":"https:\/\/schema.org","@graph":[{"@type":"WebPage","@id":"https:\/\/aogosto.com.br\/delivery\/product\/kit-super-premium-20-pessoas\/","url":"https:\/\/aogosto.com.br\/delivery\/product\/kit-super-premium-20-pessoas\/","name":"Kit Super Premium | 20 Pessoas | Ao Gosto Carnes","isPartOf":{"@id":"https:\/\/aogosto.com.br\/delivery\/#website"},"primaryImageOfPage":{"@id":"https:\/\/aogosto.com.br\/delivery\/product\/kit-super-premium-20-pessoas\/#primaryimage"},"image":{"@id":"https:\/\/aogosto.com.br\/delivery\/product\/kit-super-premium-20-pessoas\/#primaryimage"},"thumbnailUrl":"https:\/\/aogosto.com.br\/delivery\/wp-content\/uploads\/2025\/12\/kit-20-pre-500.jpg","datePublished":"2025-12-17T14:16:35+00:00","dateModified":"2026-03-18T00:33:52+00:00","breadcrumb":{"@id":"https:\/\/aogosto.com.br\/delivery\/product\/kit-super-premium-20-pessoas\/#breadcrumb"},"inLanguage":"pt-BR","potentialAction":[{"@type":"ReadAction","target":["https:\/\/aogosto.com.br\/delivery\/product\/kit-super-premium-20-pessoas\/"]}]},{"@type":"ImageObject","inLanguage":"pt-BR","@id":"https:\/\/aogosto.com.br\/delivery\/product\/kit-super-premium-20-pessoas\/#primaryimage","url":"https:\/\/aogosto.com.br\/delivery\/wp-content\/uploads\/2025\/12\/kit-20-pre-500.jpg","contentUrl":"https:\/\/aogosto.com.br\/delivery\/wp-content\/uploads\/2025\/12\/kit-20-pre-500.jpg","width":500,"height":500},{"@type":"BreadcrumbList","@id":"https:\/\/aogosto.com.br\/delivery\/product\/kit-super-premium-20-pessoas\/#breadcrumb","itemListElement":[{"@type":"ListItem","position":1,"name":"In\u00edcio","item":"https:\/\/aogosto.com.br\/delivery\/"},{"@type":"ListItem","position":2,"name":"Shop","item":"https:\/\/aogosto.com.br\/delivery\/loja\/"},{"@type":"ListItem","position":3,"name":"Kit Super Premium | 20 Pessoas"}]},{"@type":"WebSite","@id":"https:\/\/aogosto.com.br\/delivery\/#website","url":"https:\/\/aogosto.com.br\/delivery\/","name":"Ao Gosto Carnes","description":"Fa\u00e7a o seu pedido on-line!","potentialAction":[{"@type":"SearchAction","target":{"@type":"EntryPoint","urlTemplate":"https:\/\/aogosto.com.br\/delivery\/?s={search_term_string}"},"query-input":{"@type":"PropertyValueSpecification","valueRequired":true,"valueName":"search_term_string"}}],"inLanguage":"pt-BR"}]}},"_links":{"self":[{"href":"https:\/\/aogosto.com.br\/delivery\/wp-json\/wp\/v2\/product\/137242","targetHints":{"allow":["GET"]}}],"collection":[{"href":"https:\/\/aogosto.com.br\/delivery\/wp-json\/wp\/v2\/product"}],"about":[{"href":"https:\/\/aogosto.com.br\/delivery\/wp-json\/wp\/v2\/types\/product"}],"replies":[{"embeddable":true,"href":"https:\/\/aogosto.com.br\/delivery\/wp-json\/wp\/v2\/comments?post=137242"}],"version-history":[{"count":6,"href":"https:\/\/aogosto.com.br\/delivery\/wp-json\/wp\/v2\/product\/137242\/revisions"}],"predecessor-version":[{"id":145352,"href":"https:\/\/aogosto.com.br\/delivery\/wp-json\/wp\/v2\/product\/137242\/revisions\/145352"}],"wp:featuredmedia":[{"embeddable":true,"href":"https:\/\/aogosto.com.br\/delivery\/wp-json\/wp\/v2\/media\/137515"}],"wp:attachment":[{"href":"https:\/\/aogosto.com.br\/delivery\/wp-json\/wp\/v2\/media?parent=137242"}],"wp:term":[{"taxonomy":"product_brand","embeddable":true,"href":"https:\/\/aogosto.com.br\/delivery\/wp-json\/wp\/v2\/product_brand?post=137242"},{"taxonomy":"product_cat","embeddable":true,"href":"https:\/\/aogosto.com.br\/delivery\/wp-json\/wp\/v2\/product_cat?post=137242"},{"taxonomy":"product_tag","embeddable":true,"href":"https:\/\/aogosto.com.br\/delivery\/wp-json\/wp\/v2\/product_tag?post=137242"}],"curies":[{"name":"wp","href":"https:\/\/api.w.org\/{rel}","templated":true}]}}