{"id":131991,"date":"2025-11-01T16:23:33","date_gmt":"2025-11-01T19:23:33","guid":{"rendered":"https:\/\/aogosto.com.br\/delivery\/?post_type=product&#038;p=131991"},"modified":"2026-01-28T13:34:54","modified_gmt":"2026-01-28T16:34:54","slug":"batata-pre-frita-ondulada-bem-brasil-r-2590-pct","status":"publish","type":"product","link":"https:\/\/aogosto.com.br\/delivery\/product\/batata-pre-frita-ondulada-bem-brasil-r-2590-pct\/","title":{"rendered":"Batata Pr\u00e9-Frita Ondulada &#8211; Bem Brasil | R$: 25,90 (pct)"},"content":{"rendered":"","protected":false},"excerpt":{"rendered":"<p>Com a Batata Ondulada Bem Brasil, voc\u00ea tem uma op\u00e7\u00e3o deliciosa para acompanhar suas refei\u00e7\u00f5es ou servir como petisco. Essa op\u00e7\u00e3o de batata tem casquinha crocante, corte mais largo e textura perfeita para comer com molhos e condimentos. Qualidade premium na sua mesa e sabor a cada mordida. Aproveite mais essa del\u00edcia.<\/p>\n<p>Peso: 1,05 kg<\/p>\n","protected":false},"featured_media":131992,"comment_status":"open","ping_status":"closed","template":"","meta":[],"product_brand":[],"product_cat":[59,363],"product_tag":[],"class_list":{"0":"post-131991","1":"product","2":"type-product","3":"status-publish","4":"has-post-thumbnail","6":"product_cat-espetinhos","7":"product_cat-paes-de-alho-diversos","9":"first","10":"outofstock","11":"shipping-taxable","12":"purchasable","13":"product-type-simple"},"yoast_head":"<!-- This site is optimized with the Yoast SEO plugin v27.2 - https:\/\/yoast.com\/product\/yoast-seo-wordpress\/ -->\n<title>Batata Pr\u00e9-Frita Ondulada - Bem Brasil | R$: 25,90 (pct) | Ao Gosto Carnes<\/title>\n<meta name=\"robots\" content=\"index, follow, max-snippet:-1, max-image-preview:large, max-video-preview:-1\" \/>\n<link rel=\"canonical\" href=\"https:\/\/aogosto.com.br\/delivery\/product\/batata-pre-frita-ondulada-bem-brasil-r-2590-pct\/\" \/>\n<meta property=\"og:locale\" content=\"pt_BR\" \/>\n<meta property=\"og:type\" content=\"article\" \/>\n<meta property=\"og:title\" content=\"Batata Pr\u00e9-Frita Ondulada - Bem Brasil | R$: 25,90 (pct) | Ao Gosto Carnes\" \/>\n<meta property=\"og:description\" content=\"Com a Batata Ondulada Bem Brasil, voc\u00ea tem uma op\u00e7\u00e3o deliciosa para acompanhar suas refei\u00e7\u00f5es ou servir como petisco. Essa op\u00e7\u00e3o de batata tem casquinha crocante, corte mais largo e textura perfeita para comer com molhos e condimentos. Qualidade premium na sua mesa e sabor a cada mordida. Aproveite mais essa del\u00edcia.  Peso: 1,05 kg\" \/>\n<meta property=\"og:url\" content=\"https:\/\/aogosto.com.br\/delivery\/product\/batata-pre-frita-ondulada-bem-brasil-r-2590-pct\/\" \/>\n<meta property=\"og:site_name\" content=\"Ao Gosto Carnes\" \/>\n<meta property=\"article:publisher\" content=\"https:\/\/facebook.com.br\/aogostocarnesnobres\" \/>\n<meta property=\"article:modified_time\" content=\"2026-01-28T16:34:54+00:00\" \/>\n<meta property=\"og:image\" content=\"https:\/\/aogosto.com.br\/delivery\/wp-content\/uploads\/2025\/11\/Design-sem-nome-2025-11-01T161903.152.jpg\" \/>\n\t<meta property=\"og:image:width\" content=\"1080\" \/>\n\t<meta property=\"og:image:height\" content=\"1350\" \/>\n\t<meta property=\"og:image:type\" content=\"image\/jpeg\" \/>\n<meta name=\"twitter:card\" content=\"summary_large_image\" \/>\n<meta name=\"twitter:label1\" content=\"Est. tempo de leitura\" \/>\n\t<meta name=\"twitter:data1\" content=\"1 minuto\" \/>\n<script type=\"application\/ld+json\" class=\"yoast-schema-graph\">{\"@context\":\"https:\/\/schema.org\",\"@graph\":[{\"@type\":\"WebPage\",\"@id\":\"https:\/\/aogosto.com.br\/delivery\/product\/batata-pre-frita-ondulada-bem-brasil-r-2590-pct\/\",\"url\":\"https:\/\/aogosto.com.br\/delivery\/product\/batata-pre-frita-ondulada-bem-brasil-r-2590-pct\/\",\"name\":\"Batata Pr\u00e9-Frita Ondulada - Bem Brasil | R$: 25,90 (pct) | Ao Gosto Carnes\",\"isPartOf\":{\"@id\":\"https:\/\/aogosto.com.br\/delivery\/#website\"},\"primaryImageOfPage\":{\"@id\":\"https:\/\/aogosto.com.br\/delivery\/product\/batata-pre-frita-ondulada-bem-brasil-r-2590-pct\/#primaryimage\"},\"image\":{\"@id\":\"https:\/\/aogosto.com.br\/delivery\/product\/batata-pre-frita-ondulada-bem-brasil-r-2590-pct\/#primaryimage\"},\"thumbnailUrl\":\"https:\/\/aogosto.com.br\/delivery\/wp-content\/uploads\/2025\/11\/Design-sem-nome-2025-11-01T161903.152.jpg\",\"datePublished\":\"2025-11-01T19:23:33+00:00\",\"dateModified\":\"2026-01-28T16:34:54+00:00\",\"breadcrumb\":{\"@id\":\"https:\/\/aogosto.com.br\/delivery\/product\/batata-pre-frita-ondulada-bem-brasil-r-2590-pct\/#breadcrumb\"},\"inLanguage\":\"pt-BR\",\"potentialAction\":[{\"@type\":\"ReadAction\",\"target\":[\"https:\/\/aogosto.com.br\/delivery\/product\/batata-pre-frita-ondulada-bem-brasil-r-2590-pct\/\"]}]},{\"@type\":\"ImageObject\",\"inLanguage\":\"pt-BR\",\"@id\":\"https:\/\/aogosto.com.br\/delivery\/product\/batata-pre-frita-ondulada-bem-brasil-r-2590-pct\/#primaryimage\",\"url\":\"https:\/\/aogosto.com.br\/delivery\/wp-content\/uploads\/2025\/11\/Design-sem-nome-2025-11-01T161903.152.jpg\",\"contentUrl\":\"https:\/\/aogosto.com.br\/delivery\/wp-content\/uploads\/2025\/11\/Design-sem-nome-2025-11-01T161903.152.jpg\",\"width\":1080,\"height\":1350},{\"@type\":\"BreadcrumbList\",\"@id\":\"https:\/\/aogosto.com.br\/delivery\/product\/batata-pre-frita-ondulada-bem-brasil-r-2590-pct\/#breadcrumb\",\"itemListElement\":[{\"@type\":\"ListItem\",\"position\":1,\"name\":\"In\u00edcio\",\"item\":\"https:\/\/aogosto.com.br\/delivery\/\"},{\"@type\":\"ListItem\",\"position\":2,\"name\":\"Shop\",\"item\":\"https:\/\/aogosto.com.br\/delivery\/loja\/\"},{\"@type\":\"ListItem\",\"position\":3,\"name\":\"Batata Pr\u00e9-Frita Ondulada &#8211; Bem Brasil | R$: 25,90 (pct)\"}]},{\"@type\":\"WebSite\",\"@id\":\"https:\/\/aogosto.com.br\/delivery\/#website\",\"url\":\"https:\/\/aogosto.com.br\/delivery\/\",\"name\":\"Ao Gosto Carnes\",\"description\":\"Fa\u00e7a o seu pedido on-line!\",\"potentialAction\":[{\"@type\":\"SearchAction\",\"target\":{\"@type\":\"EntryPoint\",\"urlTemplate\":\"https:\/\/aogosto.com.br\/delivery\/?s={search_term_string}\"},\"query-input\":{\"@type\":\"PropertyValueSpecification\",\"valueRequired\":true,\"valueName\":\"search_term_string\"}}],\"inLanguage\":\"pt-BR\"}]}<\/script>\n<!-- \/ Yoast SEO plugin. -->","yoast_head_json":{"title":"Batata Pr\u00e9-Frita Ondulada - Bem Brasil | R$: 25,90 (pct) | Ao Gosto Carnes","robots":{"index":"index","follow":"follow","max-snippet":"max-snippet:-1","max-image-preview":"max-image-preview:large","max-video-preview":"max-video-preview:-1"},"canonical":"https:\/\/aogosto.com.br\/delivery\/product\/batata-pre-frita-ondulada-bem-brasil-r-2590-pct\/","og_locale":"pt_BR","og_type":"article","og_title":"Batata Pr\u00e9-Frita Ondulada - Bem Brasil | R$: 25,90 (pct) | Ao Gosto Carnes","og_description":"Com a Batata Ondulada Bem Brasil, voc\u00ea tem uma op\u00e7\u00e3o deliciosa para acompanhar suas refei\u00e7\u00f5es ou servir como petisco. Essa op\u00e7\u00e3o de batata tem casquinha crocante, corte mais largo e textura perfeita para comer com molhos e condimentos. Qualidade premium na sua mesa e sabor a cada mordida. Aproveite mais essa del\u00edcia.  Peso: 1,05 kg","og_url":"https:\/\/aogosto.com.br\/delivery\/product\/batata-pre-frita-ondulada-bem-brasil-r-2590-pct\/","og_site_name":"Ao Gosto Carnes","article_publisher":"https:\/\/facebook.com.br\/aogostocarnesnobres","article_modified_time":"2026-01-28T16:34:54+00:00","og_image":[{"width":1080,"height":1350,"url":"https:\/\/aogosto.com.br\/delivery\/wp-content\/uploads\/2025\/11\/Design-sem-nome-2025-11-01T161903.152.jpg","type":"image\/jpeg"}],"twitter_card":"summary_large_image","twitter_misc":{"Est. tempo de leitura":"1 minuto"},"schema":{"@context":"https:\/\/schema.org","@graph":[{"@type":"WebPage","@id":"https:\/\/aogosto.com.br\/delivery\/product\/batata-pre-frita-ondulada-bem-brasil-r-2590-pct\/","url":"https:\/\/aogosto.com.br\/delivery\/product\/batata-pre-frita-ondulada-bem-brasil-r-2590-pct\/","name":"Batata Pr\u00e9-Frita Ondulada - Bem Brasil | R$: 25,90 (pct) | Ao Gosto Carnes","isPartOf":{"@id":"https:\/\/aogosto.com.br\/delivery\/#website"},"primaryImageOfPage":{"@id":"https:\/\/aogosto.com.br\/delivery\/product\/batata-pre-frita-ondulada-bem-brasil-r-2590-pct\/#primaryimage"},"image":{"@id":"https:\/\/aogosto.com.br\/delivery\/product\/batata-pre-frita-ondulada-bem-brasil-r-2590-pct\/#primaryimage"},"thumbnailUrl":"https:\/\/aogosto.com.br\/delivery\/wp-content\/uploads\/2025\/11\/Design-sem-nome-2025-11-01T161903.152.jpg","datePublished":"2025-11-01T19:23:33+00:00","dateModified":"2026-01-28T16:34:54+00:00","breadcrumb":{"@id":"https:\/\/aogosto.com.br\/delivery\/product\/batata-pre-frita-ondulada-bem-brasil-r-2590-pct\/#breadcrumb"},"inLanguage":"pt-BR","potentialAction":[{"@type":"ReadAction","target":["https:\/\/aogosto.com.br\/delivery\/product\/batata-pre-frita-ondulada-bem-brasil-r-2590-pct\/"]}]},{"@type":"ImageObject","inLanguage":"pt-BR","@id":"https:\/\/aogosto.com.br\/delivery\/product\/batata-pre-frita-ondulada-bem-brasil-r-2590-pct\/#primaryimage","url":"https:\/\/aogosto.com.br\/delivery\/wp-content\/uploads\/2025\/11\/Design-sem-nome-2025-11-01T161903.152.jpg","contentUrl":"https:\/\/aogosto.com.br\/delivery\/wp-content\/uploads\/2025\/11\/Design-sem-nome-2025-11-01T161903.152.jpg","width":1080,"height":1350},{"@type":"BreadcrumbList","@id":"https:\/\/aogosto.com.br\/delivery\/product\/batata-pre-frita-ondulada-bem-brasil-r-2590-pct\/#breadcrumb","itemListElement":[{"@type":"ListItem","position":1,"name":"In\u00edcio","item":"https:\/\/aogosto.com.br\/delivery\/"},{"@type":"ListItem","position":2,"name":"Shop","item":"https:\/\/aogosto.com.br\/delivery\/loja\/"},{"@type":"ListItem","position":3,"name":"Batata Pr\u00e9-Frita Ondulada &#8211; Bem Brasil | R$: 25,90 (pct)"}]},{"@type":"WebSite","@id":"https:\/\/aogosto.com.br\/delivery\/#website","url":"https:\/\/aogosto.com.br\/delivery\/","name":"Ao Gosto Carnes","description":"Fa\u00e7a o seu pedido on-line!","potentialAction":[{"@type":"SearchAction","target":{"@type":"EntryPoint","urlTemplate":"https:\/\/aogosto.com.br\/delivery\/?s={search_term_string}"},"query-input":{"@type":"PropertyValueSpecification","valueRequired":true,"valueName":"search_term_string"}}],"inLanguage":"pt-BR"}]}},"_links":{"self":[{"href":"https:\/\/aogosto.com.br\/delivery\/wp-json\/wp\/v2\/product\/131991","targetHints":{"allow":["GET"]}}],"collection":[{"href":"https:\/\/aogosto.com.br\/delivery\/wp-json\/wp\/v2\/product"}],"about":[{"href":"https:\/\/aogosto.com.br\/delivery\/wp-json\/wp\/v2\/types\/product"}],"replies":[{"embeddable":true,"href":"https:\/\/aogosto.com.br\/delivery\/wp-json\/wp\/v2\/comments?post=131991"}],"version-history":[{"count":1,"href":"https:\/\/aogosto.com.br\/delivery\/wp-json\/wp\/v2\/product\/131991\/revisions"}],"predecessor-version":[{"id":142800,"href":"https:\/\/aogosto.com.br\/delivery\/wp-json\/wp\/v2\/product\/131991\/revisions\/142800"}],"wp:featuredmedia":[{"embeddable":true,"href":"https:\/\/aogosto.com.br\/delivery\/wp-json\/wp\/v2\/media\/131992"}],"wp:attachment":[{"href":"https:\/\/aogosto.com.br\/delivery\/wp-json\/wp\/v2\/media?parent=131991"}],"wp:term":[{"taxonomy":"product_brand","embeddable":true,"href":"https:\/\/aogosto.com.br\/delivery\/wp-json\/wp\/v2\/product_brand?post=131991"},{"taxonomy":"product_cat","embeddable":true,"href":"https:\/\/aogosto.com.br\/delivery\/wp-json\/wp\/v2\/product_cat?post=131991"},{"taxonomy":"product_tag","embeddable":true,"href":"https:\/\/aogosto.com.br\/delivery\/wp-json\/wp\/v2\/product_tag?post=131991"}],"curies":[{"name":"wp","href":"https:\/\/api.w.org\/{rel}","templated":true}]}}