{"id":131689,"date":"2025-10-30T14:46:02","date_gmt":"2025-10-30T17:46:02","guid":{"rendered":"https:\/\/aogosto.com.br\/delivery\/?post_type=product&#038;p=131689"},"modified":"2026-04-05T09:39:48","modified_gmt":"2026-04-05T12:39:48","slug":"bebida-lambe-lambe-r-1090-uni","status":"publish","type":"product","link":"https:\/\/aogosto.com.br\/delivery\/product\/bebida-lambe-lambe-r-1090-uni\/","title":{"rendered":"Bebida Lambe &#8211; Lambe | Tradicional"},"content":{"rendered":"","protected":false},"excerpt":{"rendered":"<p>Bebida alco\u00f3lica mista gaseificada.<\/p>\n<p>A mistura refrescante de tangerina, lim\u00e3o e sal que ganhou os cora\u00e7\u00f5es de BH. Sabor mais vendido da Lambe Lambe.<\/p>\n<p>6% \u00c1lcool<\/p>\n<p>355 ML<\/p>\n<p>*PROIBIDO P\/ MENORES DE 18 ANOS*<\/p>\n<p>&nbsp;<\/p>\n","protected":false},"featured_media":131690,"comment_status":"open","ping_status":"closed","template":"","meta":[],"product_brand":[],"product_cat":[69,376,525],"product_tag":[],"class_list":{"0":"post-131689","1":"product","2":"type-product","3":"status-publish","4":"has-post-thumbnail","6":"product_cat-bebidas","7":"product_cat-destilados","8":"product_cat-kit-carnaval","10":"first","11":"outofstock","12":"shipping-taxable","13":"purchasable","14":"product-type-simple"},"yoast_head":"<!-- This site is optimized with the Yoast SEO plugin v27.2 - https:\/\/yoast.com\/product\/yoast-seo-wordpress\/ -->\n<title>Bebida Lambe - Lambe | Tradicional | Ao Gosto Carnes<\/title>\n<meta name=\"robots\" content=\"index, follow, max-snippet:-1, max-image-preview:large, max-video-preview:-1\" \/>\n<link rel=\"canonical\" href=\"https:\/\/aogosto.com.br\/delivery\/product\/bebida-lambe-lambe-r-1090-uni\/\" \/>\n<meta property=\"og:locale\" content=\"pt_BR\" \/>\n<meta property=\"og:type\" content=\"article\" \/>\n<meta property=\"og:title\" content=\"Bebida Lambe - Lambe | Tradicional | Ao Gosto Carnes\" \/>\n<meta property=\"og:description\" content=\"Bebida alco\u00f3lica mista gaseificada.  A mistura refrescante de tangerina, lim\u00e3o e sal que ganhou os cora\u00e7\u00f5es de BH. Sabor mais vendido da Lambe Lambe.  6% \u00c1lcool  355 ML  *PROIBIDO P\/ MENORES DE 18 ANOS*  &nbsp;\" \/>\n<meta property=\"og:url\" content=\"https:\/\/aogosto.com.br\/delivery\/product\/bebida-lambe-lambe-r-1090-uni\/\" \/>\n<meta property=\"og:site_name\" content=\"Ao Gosto Carnes\" \/>\n<meta property=\"article:publisher\" content=\"https:\/\/facebook.com.br\/aogostocarnesnobres\" \/>\n<meta property=\"article:modified_time\" content=\"2026-04-05T12:39:48+00:00\" \/>\n<meta property=\"og:image\" content=\"https:\/\/aogosto.com.br\/delivery\/wp-content\/uploads\/2025\/10\/Design-sem-nome-2025-10-30T144018.551.jpg\" \/>\n\t<meta property=\"og:image:width\" content=\"1080\" \/>\n\t<meta property=\"og:image:height\" content=\"1350\" \/>\n\t<meta property=\"og:image:type\" content=\"image\/jpeg\" \/>\n<meta name=\"twitter:card\" content=\"summary_large_image\" \/>\n<meta name=\"twitter:label1\" content=\"Est. tempo de leitura\" \/>\n\t<meta name=\"twitter:data1\" content=\"1 minuto\" \/>\n<script type=\"application\/ld+json\" class=\"yoast-schema-graph\">{\"@context\":\"https:\/\/schema.org\",\"@graph\":[{\"@type\":\"WebPage\",\"@id\":\"https:\/\/aogosto.com.br\/delivery\/product\/bebida-lambe-lambe-r-1090-uni\/\",\"url\":\"https:\/\/aogosto.com.br\/delivery\/product\/bebida-lambe-lambe-r-1090-uni\/\",\"name\":\"Bebida Lambe - Lambe | Tradicional | Ao Gosto Carnes\",\"isPartOf\":{\"@id\":\"https:\/\/aogosto.com.br\/delivery\/#website\"},\"primaryImageOfPage\":{\"@id\":\"https:\/\/aogosto.com.br\/delivery\/product\/bebida-lambe-lambe-r-1090-uni\/#primaryimage\"},\"image\":{\"@id\":\"https:\/\/aogosto.com.br\/delivery\/product\/bebida-lambe-lambe-r-1090-uni\/#primaryimage\"},\"thumbnailUrl\":\"https:\/\/aogosto.com.br\/delivery\/wp-content\/uploads\/2025\/10\/Design-sem-nome-2025-10-30T144018.551.jpg\",\"datePublished\":\"2025-10-30T17:46:02+00:00\",\"dateModified\":\"2026-04-05T12:39:48+00:00\",\"breadcrumb\":{\"@id\":\"https:\/\/aogosto.com.br\/delivery\/product\/bebida-lambe-lambe-r-1090-uni\/#breadcrumb\"},\"inLanguage\":\"pt-BR\",\"potentialAction\":[{\"@type\":\"ReadAction\",\"target\":[\"https:\/\/aogosto.com.br\/delivery\/product\/bebida-lambe-lambe-r-1090-uni\/\"]}]},{\"@type\":\"ImageObject\",\"inLanguage\":\"pt-BR\",\"@id\":\"https:\/\/aogosto.com.br\/delivery\/product\/bebida-lambe-lambe-r-1090-uni\/#primaryimage\",\"url\":\"https:\/\/aogosto.com.br\/delivery\/wp-content\/uploads\/2025\/10\/Design-sem-nome-2025-10-30T144018.551.jpg\",\"contentUrl\":\"https:\/\/aogosto.com.br\/delivery\/wp-content\/uploads\/2025\/10\/Design-sem-nome-2025-10-30T144018.551.jpg\",\"width\":1080,\"height\":1350},{\"@type\":\"BreadcrumbList\",\"@id\":\"https:\/\/aogosto.com.br\/delivery\/product\/bebida-lambe-lambe-r-1090-uni\/#breadcrumb\",\"itemListElement\":[{\"@type\":\"ListItem\",\"position\":1,\"name\":\"In\u00edcio\",\"item\":\"https:\/\/aogosto.com.br\/delivery\/\"},{\"@type\":\"ListItem\",\"position\":2,\"name\":\"Shop\",\"item\":\"https:\/\/aogosto.com.br\/delivery\/loja\/\"},{\"@type\":\"ListItem\",\"position\":3,\"name\":\"Bebida Lambe &#8211; Lambe | Tradicional\"}]},{\"@type\":\"WebSite\",\"@id\":\"https:\/\/aogosto.com.br\/delivery\/#website\",\"url\":\"https:\/\/aogosto.com.br\/delivery\/\",\"name\":\"Ao Gosto Carnes\",\"description\":\"Fa\u00e7a o seu pedido on-line!\",\"potentialAction\":[{\"@type\":\"SearchAction\",\"target\":{\"@type\":\"EntryPoint\",\"urlTemplate\":\"https:\/\/aogosto.com.br\/delivery\/?s={search_term_string}\"},\"query-input\":{\"@type\":\"PropertyValueSpecification\",\"valueRequired\":true,\"valueName\":\"search_term_string\"}}],\"inLanguage\":\"pt-BR\"}]}<\/script>\n<!-- \/ Yoast SEO plugin. -->","yoast_head_json":{"title":"Bebida Lambe - Lambe | Tradicional | Ao Gosto Carnes","robots":{"index":"index","follow":"follow","max-snippet":"max-snippet:-1","max-image-preview":"max-image-preview:large","max-video-preview":"max-video-preview:-1"},"canonical":"https:\/\/aogosto.com.br\/delivery\/product\/bebida-lambe-lambe-r-1090-uni\/","og_locale":"pt_BR","og_type":"article","og_title":"Bebida Lambe - Lambe | Tradicional | Ao Gosto Carnes","og_description":"Bebida alco\u00f3lica mista gaseificada.  A mistura refrescante de tangerina, lim\u00e3o e sal que ganhou os cora\u00e7\u00f5es de BH. Sabor mais vendido da Lambe Lambe.  6% \u00c1lcool  355 ML  *PROIBIDO P\/ MENORES DE 18 ANOS*  &nbsp;","og_url":"https:\/\/aogosto.com.br\/delivery\/product\/bebida-lambe-lambe-r-1090-uni\/","og_site_name":"Ao Gosto Carnes","article_publisher":"https:\/\/facebook.com.br\/aogostocarnesnobres","article_modified_time":"2026-04-05T12:39:48+00:00","og_image":[{"width":1080,"height":1350,"url":"https:\/\/aogosto.com.br\/delivery\/wp-content\/uploads\/2025\/10\/Design-sem-nome-2025-10-30T144018.551.jpg","type":"image\/jpeg"}],"twitter_card":"summary_large_image","twitter_misc":{"Est. tempo de leitura":"1 minuto"},"schema":{"@context":"https:\/\/schema.org","@graph":[{"@type":"WebPage","@id":"https:\/\/aogosto.com.br\/delivery\/product\/bebida-lambe-lambe-r-1090-uni\/","url":"https:\/\/aogosto.com.br\/delivery\/product\/bebida-lambe-lambe-r-1090-uni\/","name":"Bebida Lambe - Lambe | Tradicional | Ao Gosto Carnes","isPartOf":{"@id":"https:\/\/aogosto.com.br\/delivery\/#website"},"primaryImageOfPage":{"@id":"https:\/\/aogosto.com.br\/delivery\/product\/bebida-lambe-lambe-r-1090-uni\/#primaryimage"},"image":{"@id":"https:\/\/aogosto.com.br\/delivery\/product\/bebida-lambe-lambe-r-1090-uni\/#primaryimage"},"thumbnailUrl":"https:\/\/aogosto.com.br\/delivery\/wp-content\/uploads\/2025\/10\/Design-sem-nome-2025-10-30T144018.551.jpg","datePublished":"2025-10-30T17:46:02+00:00","dateModified":"2026-04-05T12:39:48+00:00","breadcrumb":{"@id":"https:\/\/aogosto.com.br\/delivery\/product\/bebida-lambe-lambe-r-1090-uni\/#breadcrumb"},"inLanguage":"pt-BR","potentialAction":[{"@type":"ReadAction","target":["https:\/\/aogosto.com.br\/delivery\/product\/bebida-lambe-lambe-r-1090-uni\/"]}]},{"@type":"ImageObject","inLanguage":"pt-BR","@id":"https:\/\/aogosto.com.br\/delivery\/product\/bebida-lambe-lambe-r-1090-uni\/#primaryimage","url":"https:\/\/aogosto.com.br\/delivery\/wp-content\/uploads\/2025\/10\/Design-sem-nome-2025-10-30T144018.551.jpg","contentUrl":"https:\/\/aogosto.com.br\/delivery\/wp-content\/uploads\/2025\/10\/Design-sem-nome-2025-10-30T144018.551.jpg","width":1080,"height":1350},{"@type":"BreadcrumbList","@id":"https:\/\/aogosto.com.br\/delivery\/product\/bebida-lambe-lambe-r-1090-uni\/#breadcrumb","itemListElement":[{"@type":"ListItem","position":1,"name":"In\u00edcio","item":"https:\/\/aogosto.com.br\/delivery\/"},{"@type":"ListItem","position":2,"name":"Shop","item":"https:\/\/aogosto.com.br\/delivery\/loja\/"},{"@type":"ListItem","position":3,"name":"Bebida Lambe &#8211; Lambe | Tradicional"}]},{"@type":"WebSite","@id":"https:\/\/aogosto.com.br\/delivery\/#website","url":"https:\/\/aogosto.com.br\/delivery\/","name":"Ao Gosto Carnes","description":"Fa\u00e7a o seu pedido on-line!","potentialAction":[{"@type":"SearchAction","target":{"@type":"EntryPoint","urlTemplate":"https:\/\/aogosto.com.br\/delivery\/?s={search_term_string}"},"query-input":{"@type":"PropertyValueSpecification","valueRequired":true,"valueName":"search_term_string"}}],"inLanguage":"pt-BR"}]}},"_links":{"self":[{"href":"https:\/\/aogosto.com.br\/delivery\/wp-json\/wp\/v2\/product\/131689","targetHints":{"allow":["GET"]}}],"collection":[{"href":"https:\/\/aogosto.com.br\/delivery\/wp-json\/wp\/v2\/product"}],"about":[{"href":"https:\/\/aogosto.com.br\/delivery\/wp-json\/wp\/v2\/types\/product"}],"replies":[{"embeddable":true,"href":"https:\/\/aogosto.com.br\/delivery\/wp-json\/wp\/v2\/comments?post=131689"}],"version-history":[{"count":2,"href":"https:\/\/aogosto.com.br\/delivery\/wp-json\/wp\/v2\/product\/131689\/revisions"}],"predecessor-version":[{"id":144298,"href":"https:\/\/aogosto.com.br\/delivery\/wp-json\/wp\/v2\/product\/131689\/revisions\/144298"}],"wp:featuredmedia":[{"embeddable":true,"href":"https:\/\/aogosto.com.br\/delivery\/wp-json\/wp\/v2\/media\/131690"}],"wp:attachment":[{"href":"https:\/\/aogosto.com.br\/delivery\/wp-json\/wp\/v2\/media?parent=131689"}],"wp:term":[{"taxonomy":"product_brand","embeddable":true,"href":"https:\/\/aogosto.com.br\/delivery\/wp-json\/wp\/v2\/product_brand?post=131689"},{"taxonomy":"product_cat","embeddable":true,"href":"https:\/\/aogosto.com.br\/delivery\/wp-json\/wp\/v2\/product_cat?post=131689"},{"taxonomy":"product_tag","embeddable":true,"href":"https:\/\/aogosto.com.br\/delivery\/wp-json\/wp\/v2\/product_tag?post=131689"}],"curies":[{"name":"wp","href":"https:\/\/api.w.org\/{rel}","templated":true}]}}