    {"id":13031,"date":"2021-12-29T14:43:04","date_gmt":"2021-12-29T17:43:04","guid":{"rendered":"https:\/\/aogosto.com.br\/delivery\/?post_type=product&#038;p=13031"},"modified":"2025-05-22T11:58:03","modified_gmt":"2025-05-22T14:58:03","slug":"porterhouse-angus-cara-preta-r-129-90-kg","status":"publish","type":"product","link":"https:\/\/aogosto.com.br\/delivery\/product\/porterhouse-angus-cara-preta-r-129-90-kg\/","title":{"rendered":"T-Bone Angus | Cara Preta &#8211; R$ 79,90\/Kg"},"content":{"rendered":"","protected":false},"excerpt":{"rendered":"<div class=\"elementor-element elementor-element-71d5991 elementor-widget elementor-widget-woocommerce-product-short-description\" data-id=\"71d5991\" data-element_type=\"widget\" data-widget_type=\"woocommerce-product-short-description.default\">\n<div class=\"elementor-widget-container\">\n<div class=\"woocommerce-product-details__short-description\">\n<p>O T-bone\u00a0<b>\u00e9 um corte retirado da parte traseira do boi, sendo composto de um osso em formato de T e carne<\/b>. O corte \u00e9 bastante apreciado por amantes da boa gastronomia devido \u00e0 sua composi\u00e7\u00e3o, que \u00e9 parte de contrafil\u00e9 (maior) e parte de fil\u00e9 mignon (menor).<\/p>\n<\/div>\n<p>&nbsp;<\/p>\n<\/div>\n<\/div>\n<p>Peso Aprox.  1 kg<\/p>\n<p>*O valor final pode variar conforme o peso exato de cada pe\u00e7a.*<\/p>\n<p>*Imagens meramente ilustrativas.*<\/p>\n","protected":false},"featured_media":81536,"comment_status":"closed","ping_status":"closed","template":"","meta":[],"product_brand":[],"product_cat":[246,34,244],"product_tag":[232],"class_list":{"0":"post-13031","1":"product","2":"type-product","3":"status-publish","4":"has-post-thumbnail","6":"product_cat-angus","7":"product_cat-boi","8":"product_cat-cortes-gourmet","9":"product_tag-carapreta","11":"first","12":"outofstock","13":"shipping-taxable","14":"purchasable","15":"product-type-simple"},"yoast_head":"<!-- This site is optimized with the Yoast SEO plugin v27.2 - https:\/\/yoast.com\/product\/yoast-seo-wordpress\/ -->\n<title>T-Bone Angus | Cara Preta - R$ 79,90\/Kg | Ao Gosto Carnes<\/title>\n<meta name=\"robots\" content=\"index, follow, max-snippet:-1, max-image-preview:large, max-video-preview:-1\" \/>\n<link rel=\"canonical\" href=\"https:\/\/aogosto.com.br\/delivery\/product\/porterhouse-angus-cara-preta-r-129-90-kg\/\" \/>\n<meta property=\"og:locale\" content=\"pt_BR\" \/>\n<meta property=\"og:type\" content=\"article\" \/>\n<meta property=\"og:title\" content=\"T-Bone Angus | Cara Preta - R$ 79,90\/Kg | Ao Gosto Carnes\" \/>\n<meta property=\"og:description\" content=\"O T-bone\u00a0\u00e9 um corte retirado da parte traseira do boi, sendo composto de um osso em formato de T e carne. O corte \u00e9 bastante apreciado por amantes da boa gastronomia devido \u00e0 sua composi\u00e7\u00e3o, que \u00e9 parte de contrafil\u00e9 (maior) e parte de fil\u00e9 mignon (menor).   &nbsp;   Peso Aprox. 1 kg *O valor final pode variar conforme o peso exato de cada pe\u00e7a.* *Imagens meramente ilustrativas.*\" \/>\n<meta property=\"og:url\" content=\"https:\/\/aogosto.com.br\/delivery\/product\/porterhouse-angus-cara-preta-r-129-90-kg\/\" \/>\n<meta property=\"og:site_name\" content=\"Ao Gosto Carnes\" \/>\n<meta property=\"article:publisher\" content=\"https:\/\/facebook.com.br\/aogostocarnesnobres\" \/>\n<meta property=\"article:modified_time\" content=\"2025-05-22T14:58:03+00:00\" \/>\n<meta property=\"og:image\" content=\"https:\/\/aogosto.com.br\/delivery\/wp-content\/uploads\/2021\/12\/Design-sem-nome-2024-04-17T093221.040.jpg\" \/>\n\t<meta property=\"og:image:width\" content=\"1080\" \/>\n\t<meta property=\"og:image:height\" content=\"1080\" \/>\n\t<meta property=\"og:image:type\" content=\"image\/jpeg\" \/>\n<meta name=\"twitter:card\" content=\"summary_large_image\" \/>\n<meta name=\"twitter:label1\" content=\"Est. tempo de leitura\" \/>\n\t<meta name=\"twitter:data1\" content=\"1 minuto\" \/>\n<script type=\"application\/ld+json\" class=\"yoast-schema-graph\">{\"@context\":\"https:\/\/schema.org\",\"@graph\":[{\"@type\":\"WebPage\",\"@id\":\"https:\/\/aogosto.com.br\/delivery\/product\/porterhouse-angus-cara-preta-r-129-90-kg\/\",\"url\":\"https:\/\/aogosto.com.br\/delivery\/product\/porterhouse-angus-cara-preta-r-129-90-kg\/\",\"name\":\"T-Bone Angus | Cara Preta - R$ 79,90\/Kg | Ao Gosto Carnes\",\"isPartOf\":{\"@id\":\"https:\/\/aogosto.com.br\/delivery\/#website\"},\"primaryImageOfPage\":{\"@id\":\"https:\/\/aogosto.com.br\/delivery\/product\/porterhouse-angus-cara-preta-r-129-90-kg\/#primaryimage\"},\"image\":{\"@id\":\"https:\/\/aogosto.com.br\/delivery\/product\/porterhouse-angus-cara-preta-r-129-90-kg\/#primaryimage\"},\"thumbnailUrl\":\"https:\/\/aogosto.com.br\/delivery\/wp-content\/uploads\/2021\/12\/Design-sem-nome-2024-04-17T093221.040.jpg\",\"datePublished\":\"2021-12-29T17:43:04+00:00\",\"dateModified\":\"2025-05-22T14:58:03+00:00\",\"breadcrumb\":{\"@id\":\"https:\/\/aogosto.com.br\/delivery\/product\/porterhouse-angus-cara-preta-r-129-90-kg\/#breadcrumb\"},\"inLanguage\":\"pt-BR\",\"potentialAction\":[{\"@type\":\"ReadAction\",\"target\":[\"https:\/\/aogosto.com.br\/delivery\/product\/porterhouse-angus-cara-preta-r-129-90-kg\/\"]}]},{\"@type\":\"ImageObject\",\"inLanguage\":\"pt-BR\",\"@id\":\"https:\/\/aogosto.com.br\/delivery\/product\/porterhouse-angus-cara-preta-r-129-90-kg\/#primaryimage\",\"url\":\"https:\/\/aogosto.com.br\/delivery\/wp-content\/uploads\/2021\/12\/Design-sem-nome-2024-04-17T093221.040.jpg\",\"contentUrl\":\"https:\/\/aogosto.com.br\/delivery\/wp-content\/uploads\/2021\/12\/Design-sem-nome-2024-04-17T093221.040.jpg\",\"width\":1080,\"height\":1080},{\"@type\":\"BreadcrumbList\",\"@id\":\"https:\/\/aogosto.com.br\/delivery\/product\/porterhouse-angus-cara-preta-r-129-90-kg\/#breadcrumb\",\"itemListElement\":[{\"@type\":\"ListItem\",\"position\":1,\"name\":\"In\u00edcio\",\"item\":\"https:\/\/aogosto.com.br\/delivery\/\"},{\"@type\":\"ListItem\",\"position\":2,\"name\":\"Shop\",\"item\":\"https:\/\/aogosto.com.br\/delivery\/loja\/\"},{\"@type\":\"ListItem\",\"position\":3,\"name\":\"T-Bone Angus | Cara Preta &#8211; R$ 79,90\/Kg\"}]},{\"@type\":\"WebSite\",\"@id\":\"https:\/\/aogosto.com.br\/delivery\/#website\",\"url\":\"https:\/\/aogosto.com.br\/delivery\/\",\"name\":\"Ao Gosto Carnes\",\"description\":\"Fa\u00e7a o seu pedido on-line!\",\"potentialAction\":[{\"@type\":\"SearchAction\",\"target\":{\"@type\":\"EntryPoint\",\"urlTemplate\":\"https:\/\/aogosto.com.br\/delivery\/?s={search_term_string}\"},\"query-input\":{\"@type\":\"PropertyValueSpecification\",\"valueRequired\":true,\"valueName\":\"search_term_string\"}}],\"inLanguage\":\"pt-BR\"}]}<\/script>\n<!-- \/ Yoast SEO plugin. -->","yoast_head_json":{"title":"T-Bone Angus | Cara Preta - R$ 79,90\/Kg | Ao Gosto Carnes","robots":{"index":"index","follow":"follow","max-snippet":"max-snippet:-1","max-image-preview":"max-image-preview:large","max-video-preview":"max-video-preview:-1"},"canonical":"https:\/\/aogosto.com.br\/delivery\/product\/porterhouse-angus-cara-preta-r-129-90-kg\/","og_locale":"pt_BR","og_type":"article","og_title":"T-Bone Angus | Cara Preta - R$ 79,90\/Kg | Ao Gosto Carnes","og_description":"O T-bone\u00a0\u00e9 um corte retirado da parte traseira do boi, sendo composto de um osso em formato de T e carne. O corte \u00e9 bastante apreciado por amantes da boa gastronomia devido \u00e0 sua composi\u00e7\u00e3o, que \u00e9 parte de contrafil\u00e9 (maior) e parte de fil\u00e9 mignon (menor).   &nbsp;   Peso Aprox. 1 kg *O valor final pode variar conforme o peso exato de cada pe\u00e7a.* *Imagens meramente ilustrativas.*","og_url":"https:\/\/aogosto.com.br\/delivery\/product\/porterhouse-angus-cara-preta-r-129-90-kg\/","og_site_name":"Ao Gosto Carnes","article_publisher":"https:\/\/facebook.com.br\/aogostocarnesnobres","article_modified_time":"2025-05-22T14:58:03+00:00","og_image":[{"width":1080,"height":1080,"url":"https:\/\/aogosto.com.br\/delivery\/wp-content\/uploads\/2021\/12\/Design-sem-nome-2024-04-17T093221.040.jpg","type":"image\/jpeg"}],"twitter_card":"summary_large_image","twitter_misc":{"Est. tempo de leitura":"1 minuto"},"schema":{"@context":"https:\/\/schema.org","@graph":[{"@type":"WebPage","@id":"https:\/\/aogosto.com.br\/delivery\/product\/porterhouse-angus-cara-preta-r-129-90-kg\/","url":"https:\/\/aogosto.com.br\/delivery\/product\/porterhouse-angus-cara-preta-r-129-90-kg\/","name":"T-Bone Angus | Cara Preta - R$ 79,90\/Kg | Ao Gosto Carnes","isPartOf":{"@id":"https:\/\/aogosto.com.br\/delivery\/#website"},"primaryImageOfPage":{"@id":"https:\/\/aogosto.com.br\/delivery\/product\/porterhouse-angus-cara-preta-r-129-90-kg\/#primaryimage"},"image":{"@id":"https:\/\/aogosto.com.br\/delivery\/product\/porterhouse-angus-cara-preta-r-129-90-kg\/#primaryimage"},"thumbnailUrl":"https:\/\/aogosto.com.br\/delivery\/wp-content\/uploads\/2021\/12\/Design-sem-nome-2024-04-17T093221.040.jpg","datePublished":"2021-12-29T17:43:04+00:00","dateModified":"2025-05-22T14:58:03+00:00","breadcrumb":{"@id":"https:\/\/aogosto.com.br\/delivery\/product\/porterhouse-angus-cara-preta-r-129-90-kg\/#breadcrumb"},"inLanguage":"pt-BR","potentialAction":[{"@type":"ReadAction","target":["https:\/\/aogosto.com.br\/delivery\/product\/porterhouse-angus-cara-preta-r-129-90-kg\/"]}]},{"@type":"ImageObject","inLanguage":"pt-BR","@id":"https:\/\/aogosto.com.br\/delivery\/product\/porterhouse-angus-cara-preta-r-129-90-kg\/#primaryimage","url":"https:\/\/aogosto.com.br\/delivery\/wp-content\/uploads\/2021\/12\/Design-sem-nome-2024-04-17T093221.040.jpg","contentUrl":"https:\/\/aogosto.com.br\/delivery\/wp-content\/uploads\/2021\/12\/Design-sem-nome-2024-04-17T093221.040.jpg","width":1080,"height":1080},{"@type":"BreadcrumbList","@id":"https:\/\/aogosto.com.br\/delivery\/product\/porterhouse-angus-cara-preta-r-129-90-kg\/#breadcrumb","itemListElement":[{"@type":"ListItem","position":1,"name":"In\u00edcio","item":"https:\/\/aogosto.com.br\/delivery\/"},{"@type":"ListItem","position":2,"name":"Shop","item":"https:\/\/aogosto.com.br\/delivery\/loja\/"},{"@type":"ListItem","position":3,"name":"T-Bone Angus | Cara Preta &#8211; R$ 79,90\/Kg"}]},{"@type":"WebSite","@id":"https:\/\/aogosto.com.br\/delivery\/#website","url":"https:\/\/aogosto.com.br\/delivery\/","name":"Ao Gosto Carnes","description":"Fa\u00e7a o seu pedido on-line!","potentialAction":[{"@type":"SearchAction","target":{"@type":"EntryPoint","urlTemplate":"https:\/\/aogosto.com.br\/delivery\/?s={search_term_string}"},"query-input":{"@type":"PropertyValueSpecification","valueRequired":true,"valueName":"search_term_string"}}],"inLanguage":"pt-BR"}]}},"_links":{"self":[{"href":"https:\/\/aogosto.com.br\/delivery\/wp-json\/wp\/v2\/product\/13031","targetHints":{"allow":["GET"]}}],"collection":[{"href":"https:\/\/aogosto.com.br\/delivery\/wp-json\/wp\/v2\/product"}],"about":[{"href":"https:\/\/aogosto.com.br\/delivery\/wp-json\/wp\/v2\/types\/product"}],"replies":[{"embeddable":true,"href":"https:\/\/aogosto.com.br\/delivery\/wp-json\/wp\/v2\/comments?post=13031"}],"version-history":[{"count":0,"href":"https:\/\/aogosto.com.br\/delivery\/wp-json\/wp\/v2\/product\/13031\/revisions"}],"wp:featuredmedia":[{"embeddable":true,"href":"https:\/\/aogosto.com.br\/delivery\/wp-json\/wp\/v2\/media\/81536"}],"wp:attachment":[{"href":"https:\/\/aogosto.com.br\/delivery\/wp-json\/wp\/v2\/media?parent=13031"}],"wp:term":[{"taxonomy":"product_brand","embeddable":true,"href":"https:\/\/aogosto.com.br\/delivery\/wp-json\/wp\/v2\/product_brand?post=13031"},{"taxonomy":"product_cat","embeddable":true,"href":"https:\/\/aogosto.com.br\/delivery\/wp-json\/wp\/v2\/product_cat?post=13031"},{"taxonomy":"product_tag","embeddable":true,"href":"https:\/\/aogosto.com.br\/delivery\/wp-json\/wp\/v2\/product_tag?post=13031"}],"curies":[{"name":"wp","href":"https:\/\/api.w.org\/{rel}","templated":true}]}}