{"id":127060,"date":"2025-09-08T18:54:13","date_gmt":"2025-09-08T21:54:13","guid":{"rendered":"https:\/\/aogosto.com.br\/delivery\/?post_type=product&#038;p=127060"},"modified":"2026-04-09T15:24:30","modified_gmt":"2026-04-09T18:24:30","slug":"maminha-wagyu-kobeef-guidara-r-30990-kg","status":"publish","type":"product","link":"https:\/\/aogosto.com.br\/delivery\/product\/maminha-wagyu-kobeef-guidara-r-30990-kg\/","title":{"rendered":"Maminha Wagyu Kobeef &#8211; Guidara | R$: 309,90 kg"},"content":{"rendered":"","protected":false},"excerpt":{"rendered":"<p>Wagyu Kobeef \u00e9 uma marca que trabalha \u00fanica e exclusivamente com animais\u00a0<strong>100% Wagyu Puro<\/strong>, certificados pela ABCBRW (Associa\u00e7\u00e3o Brasileira dos Criadores de Bovinos das Ra\u00e7as Wagyu), ra\u00e7a que se diferencia das demais por ter um\u00a0<strong>alto grau de gordura HDL entremeadas nas fibras musculares, o famoso \u201cmarmoreio\u201d<\/strong>, que propicia sucul\u00eancia, maciez, aroma e sabores inigual\u00e1veis. Com uma sele\u00e7\u00e3o bastante rigorosa desses animais &#8211; cujo padr\u00e3o \u00e9 respeitado \u00e0 risca &#8211; a produ\u00e7\u00e3o \u00e9 limitada e exclusiva.<\/p>\n<p><!-- AOGOSTO_WEIGHT_START --><br \/>\nPeso Aprox. 1,18 kg<\/p>\n<p>*O valor final pode variar conforme o peso exato de cada pe\u00e7a.*<\/p>\n<p>*Imagens meramente ilustrativas.*<br \/>\n<!-- AOGOSTO_WEIGHT_END --><\/p>\n","protected":false},"featured_media":127061,"comment_status":"open","ping_status":"closed","template":"","meta":[],"product_brand":[],"product_cat":[34,247,195],"product_tag":[],"class_list":{"0":"post-127060","1":"product","2":"type-product","3":"status-publish","4":"has-post-thumbnail","6":"product_cat-boi","7":"product_cat-maminha","8":"product_cat-wagyu","10":"first","11":"outofstock","12":"sold-individually","13":"shipping-taxable","14":"purchasable","15":"product-type-simple"},"yoast_head":"<!-- This site is optimized with the Yoast SEO plugin v27.2 - https:\/\/yoast.com\/product\/yoast-seo-wordpress\/ -->\n<title>Maminha Wagyu Kobeef - Guidara | R$: 309,90 kg | Ao Gosto Carnes<\/title>\n<meta name=\"robots\" content=\"index, follow, max-snippet:-1, max-image-preview:large, max-video-preview:-1\" \/>\n<link rel=\"canonical\" href=\"https:\/\/aogosto.com.br\/delivery\/product\/maminha-wagyu-kobeef-guidara-r-30990-kg\/\" \/>\n<meta property=\"og:locale\" content=\"pt_BR\" \/>\n<meta property=\"og:type\" content=\"article\" \/>\n<meta property=\"og:title\" content=\"Maminha Wagyu Kobeef - Guidara | R$: 309,90 kg | Ao Gosto Carnes\" \/>\n<meta property=\"og:description\" content=\"Wagyu Kobeef \u00e9 uma marca que trabalha \u00fanica e exclusivamente com animais\u00a0100% Wagyu Puro, certificados pela ABCBRW (Associa\u00e7\u00e3o Brasileira dos Criadores de Bovinos das Ra\u00e7as Wagyu), ra\u00e7a que se diferencia das demais por ter um\u00a0alto grau de gordura HDL entremeadas nas fibras musculares, o famoso \u201cmarmoreio\u201d, que propicia sucul\u00eancia, maciez, aroma e sabores inigual\u00e1veis. Com uma sele\u00e7\u00e3o bastante rigorosa desses animais - cujo padr\u00e3o \u00e9 respeitado \u00e0 risca - a produ\u00e7\u00e3o \u00e9 limitada e exclusiva.  Peso Aprox. 1,18 kg *O valor final pode variar conforme o peso exato de cada pe\u00e7a.* *Imagens meramente ilustrativas.*\" \/>\n<meta property=\"og:url\" content=\"https:\/\/aogosto.com.br\/delivery\/product\/maminha-wagyu-kobeef-guidara-r-30990-kg\/\" \/>\n<meta property=\"og:site_name\" content=\"Ao Gosto Carnes\" \/>\n<meta property=\"article:publisher\" content=\"https:\/\/facebook.com.br\/aogostocarnesnobres\" \/>\n<meta property=\"article:modified_time\" content=\"2026-04-09T18:24:30+00:00\" \/>\n<meta property=\"og:image\" content=\"https:\/\/aogosto.com.br\/delivery\/wp-content\/uploads\/2025\/09\/Design-sem-nome-2025-09-08T184815.037.jpg\" \/>\n\t<meta property=\"og:image:width\" content=\"1080\" \/>\n\t<meta property=\"og:image:height\" content=\"1080\" \/>\n\t<meta property=\"og:image:type\" content=\"image\/jpeg\" \/>\n<meta name=\"twitter:card\" content=\"summary_large_image\" \/>\n<meta name=\"twitter:label1\" content=\"Est. tempo de leitura\" \/>\n\t<meta name=\"twitter:data1\" content=\"1 minuto\" \/>\n<script type=\"application\/ld+json\" class=\"yoast-schema-graph\">{\"@context\":\"https:\/\/schema.org\",\"@graph\":[{\"@type\":\"WebPage\",\"@id\":\"https:\/\/aogosto.com.br\/delivery\/product\/maminha-wagyu-kobeef-guidara-r-30990-kg\/\",\"url\":\"https:\/\/aogosto.com.br\/delivery\/product\/maminha-wagyu-kobeef-guidara-r-30990-kg\/\",\"name\":\"Maminha Wagyu Kobeef - Guidara | R$: 309,90 kg | Ao Gosto Carnes\",\"isPartOf\":{\"@id\":\"https:\/\/aogosto.com.br\/delivery\/#website\"},\"primaryImageOfPage\":{\"@id\":\"https:\/\/aogosto.com.br\/delivery\/product\/maminha-wagyu-kobeef-guidara-r-30990-kg\/#primaryimage\"},\"image\":{\"@id\":\"https:\/\/aogosto.com.br\/delivery\/product\/maminha-wagyu-kobeef-guidara-r-30990-kg\/#primaryimage\"},\"thumbnailUrl\":\"https:\/\/aogosto.com.br\/delivery\/wp-content\/uploads\/2025\/09\/Design-sem-nome-2025-09-08T184815.037.jpg\",\"datePublished\":\"2025-09-08T21:54:13+00:00\",\"dateModified\":\"2026-04-09T18:24:30+00:00\",\"breadcrumb\":{\"@id\":\"https:\/\/aogosto.com.br\/delivery\/product\/maminha-wagyu-kobeef-guidara-r-30990-kg\/#breadcrumb\"},\"inLanguage\":\"pt-BR\",\"potentialAction\":[{\"@type\":\"ReadAction\",\"target\":[\"https:\/\/aogosto.com.br\/delivery\/product\/maminha-wagyu-kobeef-guidara-r-30990-kg\/\"]}]},{\"@type\":\"ImageObject\",\"inLanguage\":\"pt-BR\",\"@id\":\"https:\/\/aogosto.com.br\/delivery\/product\/maminha-wagyu-kobeef-guidara-r-30990-kg\/#primaryimage\",\"url\":\"https:\/\/aogosto.com.br\/delivery\/wp-content\/uploads\/2025\/09\/Design-sem-nome-2025-09-08T184815.037.jpg\",\"contentUrl\":\"https:\/\/aogosto.com.br\/delivery\/wp-content\/uploads\/2025\/09\/Design-sem-nome-2025-09-08T184815.037.jpg\",\"width\":1080,\"height\":1080},{\"@type\":\"BreadcrumbList\",\"@id\":\"https:\/\/aogosto.com.br\/delivery\/product\/maminha-wagyu-kobeef-guidara-r-30990-kg\/#breadcrumb\",\"itemListElement\":[{\"@type\":\"ListItem\",\"position\":1,\"name\":\"In\u00edcio\",\"item\":\"https:\/\/aogosto.com.br\/delivery\/\"},{\"@type\":\"ListItem\",\"position\":2,\"name\":\"Shop\",\"item\":\"https:\/\/aogosto.com.br\/delivery\/loja\/\"},{\"@type\":\"ListItem\",\"position\":3,\"name\":\"Maminha Wagyu Kobeef &#8211; Guidara | R$: 309,90 kg\"}]},{\"@type\":\"WebSite\",\"@id\":\"https:\/\/aogosto.com.br\/delivery\/#website\",\"url\":\"https:\/\/aogosto.com.br\/delivery\/\",\"name\":\"Ao Gosto Carnes\",\"description\":\"Fa\u00e7a o seu pedido on-line!\",\"potentialAction\":[{\"@type\":\"SearchAction\",\"target\":{\"@type\":\"EntryPoint\",\"urlTemplate\":\"https:\/\/aogosto.com.br\/delivery\/?s={search_term_string}\"},\"query-input\":{\"@type\":\"PropertyValueSpecification\",\"valueRequired\":true,\"valueName\":\"search_term_string\"}}],\"inLanguage\":\"pt-BR\"}]}<\/script>\n<!-- \/ Yoast SEO plugin. -->","yoast_head_json":{"title":"Maminha Wagyu Kobeef - Guidara | R$: 309,90 kg | Ao Gosto Carnes","robots":{"index":"index","follow":"follow","max-snippet":"max-snippet:-1","max-image-preview":"max-image-preview:large","max-video-preview":"max-video-preview:-1"},"canonical":"https:\/\/aogosto.com.br\/delivery\/product\/maminha-wagyu-kobeef-guidara-r-30990-kg\/","og_locale":"pt_BR","og_type":"article","og_title":"Maminha Wagyu Kobeef - Guidara | R$: 309,90 kg | Ao Gosto Carnes","og_description":"Wagyu Kobeef \u00e9 uma marca que trabalha \u00fanica e exclusivamente com animais\u00a0100% Wagyu Puro, certificados pela ABCBRW (Associa\u00e7\u00e3o Brasileira dos Criadores de Bovinos das Ra\u00e7as Wagyu), ra\u00e7a que se diferencia das demais por ter um\u00a0alto grau de gordura HDL entremeadas nas fibras musculares, o famoso \u201cmarmoreio\u201d, que propicia sucul\u00eancia, maciez, aroma e sabores inigual\u00e1veis. Com uma sele\u00e7\u00e3o bastante rigorosa desses animais - cujo padr\u00e3o \u00e9 respeitado \u00e0 risca - a produ\u00e7\u00e3o \u00e9 limitada e exclusiva.  Peso Aprox. 1,18 kg *O valor final pode variar conforme o peso exato de cada pe\u00e7a.* *Imagens meramente ilustrativas.*","og_url":"https:\/\/aogosto.com.br\/delivery\/product\/maminha-wagyu-kobeef-guidara-r-30990-kg\/","og_site_name":"Ao Gosto Carnes","article_publisher":"https:\/\/facebook.com.br\/aogostocarnesnobres","article_modified_time":"2026-04-09T18:24:30+00:00","og_image":[{"width":1080,"height":1080,"url":"https:\/\/aogosto.com.br\/delivery\/wp-content\/uploads\/2025\/09\/Design-sem-nome-2025-09-08T184815.037.jpg","type":"image\/jpeg"}],"twitter_card":"summary_large_image","twitter_misc":{"Est. tempo de leitura":"1 minuto"},"schema":{"@context":"https:\/\/schema.org","@graph":[{"@type":"WebPage","@id":"https:\/\/aogosto.com.br\/delivery\/product\/maminha-wagyu-kobeef-guidara-r-30990-kg\/","url":"https:\/\/aogosto.com.br\/delivery\/product\/maminha-wagyu-kobeef-guidara-r-30990-kg\/","name":"Maminha Wagyu Kobeef - Guidara | R$: 309,90 kg | Ao Gosto Carnes","isPartOf":{"@id":"https:\/\/aogosto.com.br\/delivery\/#website"},"primaryImageOfPage":{"@id":"https:\/\/aogosto.com.br\/delivery\/product\/maminha-wagyu-kobeef-guidara-r-30990-kg\/#primaryimage"},"image":{"@id":"https:\/\/aogosto.com.br\/delivery\/product\/maminha-wagyu-kobeef-guidara-r-30990-kg\/#primaryimage"},"thumbnailUrl":"https:\/\/aogosto.com.br\/delivery\/wp-content\/uploads\/2025\/09\/Design-sem-nome-2025-09-08T184815.037.jpg","datePublished":"2025-09-08T21:54:13+00:00","dateModified":"2026-04-09T18:24:30+00:00","breadcrumb":{"@id":"https:\/\/aogosto.com.br\/delivery\/product\/maminha-wagyu-kobeef-guidara-r-30990-kg\/#breadcrumb"},"inLanguage":"pt-BR","potentialAction":[{"@type":"ReadAction","target":["https:\/\/aogosto.com.br\/delivery\/product\/maminha-wagyu-kobeef-guidara-r-30990-kg\/"]}]},{"@type":"ImageObject","inLanguage":"pt-BR","@id":"https:\/\/aogosto.com.br\/delivery\/product\/maminha-wagyu-kobeef-guidara-r-30990-kg\/#primaryimage","url":"https:\/\/aogosto.com.br\/delivery\/wp-content\/uploads\/2025\/09\/Design-sem-nome-2025-09-08T184815.037.jpg","contentUrl":"https:\/\/aogosto.com.br\/delivery\/wp-content\/uploads\/2025\/09\/Design-sem-nome-2025-09-08T184815.037.jpg","width":1080,"height":1080},{"@type":"BreadcrumbList","@id":"https:\/\/aogosto.com.br\/delivery\/product\/maminha-wagyu-kobeef-guidara-r-30990-kg\/#breadcrumb","itemListElement":[{"@type":"ListItem","position":1,"name":"In\u00edcio","item":"https:\/\/aogosto.com.br\/delivery\/"},{"@type":"ListItem","position":2,"name":"Shop","item":"https:\/\/aogosto.com.br\/delivery\/loja\/"},{"@type":"ListItem","position":3,"name":"Maminha Wagyu Kobeef &#8211; Guidara | R$: 309,90 kg"}]},{"@type":"WebSite","@id":"https:\/\/aogosto.com.br\/delivery\/#website","url":"https:\/\/aogosto.com.br\/delivery\/","name":"Ao Gosto Carnes","description":"Fa\u00e7a o seu pedido on-line!","potentialAction":[{"@type":"SearchAction","target":{"@type":"EntryPoint","urlTemplate":"https:\/\/aogosto.com.br\/delivery\/?s={search_term_string}"},"query-input":{"@type":"PropertyValueSpecification","valueRequired":true,"valueName":"search_term_string"}}],"inLanguage":"pt-BR"}]}},"_links":{"self":[{"href":"https:\/\/aogosto.com.br\/delivery\/wp-json\/wp\/v2\/product\/127060","targetHints":{"allow":["GET"]}}],"collection":[{"href":"https:\/\/aogosto.com.br\/delivery\/wp-json\/wp\/v2\/product"}],"about":[{"href":"https:\/\/aogosto.com.br\/delivery\/wp-json\/wp\/v2\/types\/product"}],"replies":[{"embeddable":true,"href":"https:\/\/aogosto.com.br\/delivery\/wp-json\/wp\/v2\/comments?post=127060"}],"version-history":[{"count":1,"href":"https:\/\/aogosto.com.br\/delivery\/wp-json\/wp\/v2\/product\/127060\/revisions"}],"predecessor-version":[{"id":142830,"href":"https:\/\/aogosto.com.br\/delivery\/wp-json\/wp\/v2\/product\/127060\/revisions\/142830"}],"wp:featuredmedia":[{"embeddable":true,"href":"https:\/\/aogosto.com.br\/delivery\/wp-json\/wp\/v2\/media\/127061"}],"wp:attachment":[{"href":"https:\/\/aogosto.com.br\/delivery\/wp-json\/wp\/v2\/media?parent=127060"}],"wp:term":[{"taxonomy":"product_brand","embeddable":true,"href":"https:\/\/aogosto.com.br\/delivery\/wp-json\/wp\/v2\/product_brand?post=127060"},{"taxonomy":"product_cat","embeddable":true,"href":"https:\/\/aogosto.com.br\/delivery\/wp-json\/wp\/v2\/product_cat?post=127060"},{"taxonomy":"product_tag","embeddable":true,"href":"https:\/\/aogosto.com.br\/delivery\/wp-json\/wp\/v2\/product_tag?post=127060"}],"curies":[{"name":"wp","href":"https:\/\/api.w.org\/{rel}","templated":true}]}}