    {"id":121008,"date":"2025-07-02T09:49:02","date_gmt":"2025-07-02T12:49:02","guid":{"rendered":"https:\/\/aogosto.com.br\/delivery\/?post_type=product&#038;p=121008"},"modified":"2026-01-28T16:50:00","modified_gmt":"2026-01-28T19:50:00","slug":"peito-bovino-patrao-do-churrasco-r-3990-kg","status":"publish","type":"product","link":"https:\/\/aogosto.com.br\/delivery\/product\/peito-bovino-patrao-do-churrasco-r-3990-kg\/","title":{"rendered":"Peito Bovino &#8211; Patr\u00e3o do Churrasco | R$: 39,90 kg"},"content":{"rendered":"","protected":false},"excerpt":{"rendered":"<p><span data-huuid=\"13600045387529297505\">O peito bovino, tamb\u00e9m conhecido como brisket em alguns lugares,\u00a0<mark class=\"QVRyCf\">\u00e9 um corte de carne retirado da parte dianteira do boi<\/mark>.\u00a0<\/span><span data-huuid=\"13600045387529295278\">\u00c9 um corte mais r\u00edgido devido \u00e0 sua composi\u00e7\u00e3o com muitos tecidos, col\u00e1geno e gordura, mas quando preparado corretamente, pode ser extremamente saboroso e macio.\u00a0<\/span><span data-huuid=\"13600045387529297147\">\u00c9 popular em churrascos, especialmente o americano, e em sandu\u00edches artesanais.<span class=\"pjBG2e\" data-cid=\"258a8be9-9694-482f-8992-1cabadac87f7\"><span class=\"UV3uM\">\u00a0<\/span><\/span><\/span><\/p>\n<p><!-- AOGOSTO_WEIGHT_START --><br \/>\nPeso Aprox. 1,8 kg<\/p>\n<p>*O valor final pode variar conforme o peso exato de cada pe\u00e7a.*<\/p>\n<p>*Imagens meramente ilustrativas.*<br \/>\n<!-- AOGOSTO_WEIGHT_END --><\/p>\n","protected":false},"featured_media":121009,"comment_status":"open","ping_status":"closed","template":"","meta":[],"product_brand":[],"product_cat":[34],"product_tag":[],"class_list":{"0":"post-121008","1":"product","2":"type-product","3":"status-publish","4":"has-post-thumbnail","6":"product_cat-boi","8":"first","9":"outofstock","10":"shipping-taxable","11":"purchasable","12":"product-type-simple"},"yoast_head":"<!-- This site is optimized with the Yoast SEO plugin v27.2 - https:\/\/yoast.com\/product\/yoast-seo-wordpress\/ -->\n<title>Peito Bovino - Patr\u00e3o do Churrasco | R$: 39,90 kg | Ao Gosto Carnes<\/title>\n<meta name=\"robots\" content=\"index, follow, max-snippet:-1, max-image-preview:large, max-video-preview:-1\" \/>\n<link rel=\"canonical\" href=\"https:\/\/aogosto.com.br\/delivery\/product\/peito-bovino-patrao-do-churrasco-r-3990-kg\/\" \/>\n<meta property=\"og:locale\" content=\"pt_BR\" \/>\n<meta property=\"og:type\" content=\"article\" \/>\n<meta property=\"og:title\" content=\"Peito Bovino - Patr\u00e3o do Churrasco | R$: 39,90 kg | Ao Gosto Carnes\" \/>\n<meta property=\"og:description\" content=\"O peito bovino, tamb\u00e9m conhecido como brisket em alguns lugares,\u00a0\u00e9 um corte de carne retirado da parte dianteira do boi.\u00a0\u00c9 um corte mais r\u00edgido devido \u00e0 sua composi\u00e7\u00e3o com muitos tecidos, col\u00e1geno e gordura, mas quando preparado corretamente, pode ser extremamente saboroso e macio.\u00a0\u00c9 popular em churrascos, especialmente o americano, e em sandu\u00edches artesanais.\u00a0  Peso Aprox. 1,8 kg *O valor final pode variar conforme o peso exato de cada pe\u00e7a.* *Imagens meramente ilustrativas.*\" \/>\n<meta property=\"og:url\" content=\"https:\/\/aogosto.com.br\/delivery\/product\/peito-bovino-patrao-do-churrasco-r-3990-kg\/\" \/>\n<meta property=\"og:site_name\" content=\"Ao Gosto Carnes\" \/>\n<meta property=\"article:publisher\" content=\"https:\/\/facebook.com.br\/aogostocarnesnobres\" \/>\n<meta property=\"article:modified_time\" content=\"2026-01-28T19:50:00+00:00\" \/>\n<meta property=\"og:image\" content=\"https:\/\/aogosto.com.br\/delivery\/wp-content\/uploads\/2025\/07\/Design-sem-nome-2025-07-02T094305.772.jpg\" \/>\n\t<meta property=\"og:image:width\" content=\"1080\" \/>\n\t<meta property=\"og:image:height\" content=\"1080\" \/>\n\t<meta property=\"og:image:type\" content=\"image\/jpeg\" \/>\n<meta name=\"twitter:card\" content=\"summary_large_image\" \/>\n<meta name=\"twitter:label1\" content=\"Est. tempo de leitura\" \/>\n\t<meta name=\"twitter:data1\" content=\"1 minuto\" \/>\n<script type=\"application\/ld+json\" class=\"yoast-schema-graph\">{\"@context\":\"https:\/\/schema.org\",\"@graph\":[{\"@type\":\"WebPage\",\"@id\":\"https:\/\/aogosto.com.br\/delivery\/product\/peito-bovino-patrao-do-churrasco-r-3990-kg\/\",\"url\":\"https:\/\/aogosto.com.br\/delivery\/product\/peito-bovino-patrao-do-churrasco-r-3990-kg\/\",\"name\":\"Peito Bovino - Patr\u00e3o do Churrasco | R$: 39,90 kg | Ao Gosto Carnes\",\"isPartOf\":{\"@id\":\"https:\/\/aogosto.com.br\/delivery\/#website\"},\"primaryImageOfPage\":{\"@id\":\"https:\/\/aogosto.com.br\/delivery\/product\/peito-bovino-patrao-do-churrasco-r-3990-kg\/#primaryimage\"},\"image\":{\"@id\":\"https:\/\/aogosto.com.br\/delivery\/product\/peito-bovino-patrao-do-churrasco-r-3990-kg\/#primaryimage\"},\"thumbnailUrl\":\"https:\/\/aogosto.com.br\/delivery\/wp-content\/uploads\/2025\/07\/Design-sem-nome-2025-07-02T094305.772.jpg\",\"datePublished\":\"2025-07-02T12:49:02+00:00\",\"dateModified\":\"2026-01-28T19:50:00+00:00\",\"breadcrumb\":{\"@id\":\"https:\/\/aogosto.com.br\/delivery\/product\/peito-bovino-patrao-do-churrasco-r-3990-kg\/#breadcrumb\"},\"inLanguage\":\"pt-BR\",\"potentialAction\":[{\"@type\":\"ReadAction\",\"target\":[\"https:\/\/aogosto.com.br\/delivery\/product\/peito-bovino-patrao-do-churrasco-r-3990-kg\/\"]}]},{\"@type\":\"ImageObject\",\"inLanguage\":\"pt-BR\",\"@id\":\"https:\/\/aogosto.com.br\/delivery\/product\/peito-bovino-patrao-do-churrasco-r-3990-kg\/#primaryimage\",\"url\":\"https:\/\/aogosto.com.br\/delivery\/wp-content\/uploads\/2025\/07\/Design-sem-nome-2025-07-02T094305.772.jpg\",\"contentUrl\":\"https:\/\/aogosto.com.br\/delivery\/wp-content\/uploads\/2025\/07\/Design-sem-nome-2025-07-02T094305.772.jpg\",\"width\":1080,\"height\":1080},{\"@type\":\"BreadcrumbList\",\"@id\":\"https:\/\/aogosto.com.br\/delivery\/product\/peito-bovino-patrao-do-churrasco-r-3990-kg\/#breadcrumb\",\"itemListElement\":[{\"@type\":\"ListItem\",\"position\":1,\"name\":\"In\u00edcio\",\"item\":\"https:\/\/aogosto.com.br\/delivery\/\"},{\"@type\":\"ListItem\",\"position\":2,\"name\":\"Shop\",\"item\":\"https:\/\/aogosto.com.br\/delivery\/loja\/\"},{\"@type\":\"ListItem\",\"position\":3,\"name\":\"Peito Bovino &#8211; Patr\u00e3o do Churrasco | R$: 39,90 kg\"}]},{\"@type\":\"WebSite\",\"@id\":\"https:\/\/aogosto.com.br\/delivery\/#website\",\"url\":\"https:\/\/aogosto.com.br\/delivery\/\",\"name\":\"Ao Gosto Carnes\",\"description\":\"Fa\u00e7a o seu pedido on-line!\",\"potentialAction\":[{\"@type\":\"SearchAction\",\"target\":{\"@type\":\"EntryPoint\",\"urlTemplate\":\"https:\/\/aogosto.com.br\/delivery\/?s={search_term_string}\"},\"query-input\":{\"@type\":\"PropertyValueSpecification\",\"valueRequired\":true,\"valueName\":\"search_term_string\"}}],\"inLanguage\":\"pt-BR\"}]}<\/script>\n<!-- \/ Yoast SEO plugin. -->","yoast_head_json":{"title":"Peito Bovino - Patr\u00e3o do Churrasco | R$: 39,90 kg | Ao Gosto Carnes","robots":{"index":"index","follow":"follow","max-snippet":"max-snippet:-1","max-image-preview":"max-image-preview:large","max-video-preview":"max-video-preview:-1"},"canonical":"https:\/\/aogosto.com.br\/delivery\/product\/peito-bovino-patrao-do-churrasco-r-3990-kg\/","og_locale":"pt_BR","og_type":"article","og_title":"Peito Bovino - Patr\u00e3o do Churrasco | R$: 39,90 kg | Ao Gosto Carnes","og_description":"O peito bovino, tamb\u00e9m conhecido como brisket em alguns lugares,\u00a0\u00e9 um corte de carne retirado da parte dianteira do boi.\u00a0\u00c9 um corte mais r\u00edgido devido \u00e0 sua composi\u00e7\u00e3o com muitos tecidos, col\u00e1geno e gordura, mas quando preparado corretamente, pode ser extremamente saboroso e macio.\u00a0\u00c9 popular em churrascos, especialmente o americano, e em sandu\u00edches artesanais.\u00a0  Peso Aprox. 1,8 kg *O valor final pode variar conforme o peso exato de cada pe\u00e7a.* *Imagens meramente ilustrativas.*","og_url":"https:\/\/aogosto.com.br\/delivery\/product\/peito-bovino-patrao-do-churrasco-r-3990-kg\/","og_site_name":"Ao Gosto Carnes","article_publisher":"https:\/\/facebook.com.br\/aogostocarnesnobres","article_modified_time":"2026-01-28T19:50:00+00:00","og_image":[{"width":1080,"height":1080,"url":"https:\/\/aogosto.com.br\/delivery\/wp-content\/uploads\/2025\/07\/Design-sem-nome-2025-07-02T094305.772.jpg","type":"image\/jpeg"}],"twitter_card":"summary_large_image","twitter_misc":{"Est. tempo de leitura":"1 minuto"},"schema":{"@context":"https:\/\/schema.org","@graph":[{"@type":"WebPage","@id":"https:\/\/aogosto.com.br\/delivery\/product\/peito-bovino-patrao-do-churrasco-r-3990-kg\/","url":"https:\/\/aogosto.com.br\/delivery\/product\/peito-bovino-patrao-do-churrasco-r-3990-kg\/","name":"Peito Bovino - Patr\u00e3o do Churrasco | R$: 39,90 kg | Ao Gosto Carnes","isPartOf":{"@id":"https:\/\/aogosto.com.br\/delivery\/#website"},"primaryImageOfPage":{"@id":"https:\/\/aogosto.com.br\/delivery\/product\/peito-bovino-patrao-do-churrasco-r-3990-kg\/#primaryimage"},"image":{"@id":"https:\/\/aogosto.com.br\/delivery\/product\/peito-bovino-patrao-do-churrasco-r-3990-kg\/#primaryimage"},"thumbnailUrl":"https:\/\/aogosto.com.br\/delivery\/wp-content\/uploads\/2025\/07\/Design-sem-nome-2025-07-02T094305.772.jpg","datePublished":"2025-07-02T12:49:02+00:00","dateModified":"2026-01-28T19:50:00+00:00","breadcrumb":{"@id":"https:\/\/aogosto.com.br\/delivery\/product\/peito-bovino-patrao-do-churrasco-r-3990-kg\/#breadcrumb"},"inLanguage":"pt-BR","potentialAction":[{"@type":"ReadAction","target":["https:\/\/aogosto.com.br\/delivery\/product\/peito-bovino-patrao-do-churrasco-r-3990-kg\/"]}]},{"@type":"ImageObject","inLanguage":"pt-BR","@id":"https:\/\/aogosto.com.br\/delivery\/product\/peito-bovino-patrao-do-churrasco-r-3990-kg\/#primaryimage","url":"https:\/\/aogosto.com.br\/delivery\/wp-content\/uploads\/2025\/07\/Design-sem-nome-2025-07-02T094305.772.jpg","contentUrl":"https:\/\/aogosto.com.br\/delivery\/wp-content\/uploads\/2025\/07\/Design-sem-nome-2025-07-02T094305.772.jpg","width":1080,"height":1080},{"@type":"BreadcrumbList","@id":"https:\/\/aogosto.com.br\/delivery\/product\/peito-bovino-patrao-do-churrasco-r-3990-kg\/#breadcrumb","itemListElement":[{"@type":"ListItem","position":1,"name":"In\u00edcio","item":"https:\/\/aogosto.com.br\/delivery\/"},{"@type":"ListItem","position":2,"name":"Shop","item":"https:\/\/aogosto.com.br\/delivery\/loja\/"},{"@type":"ListItem","position":3,"name":"Peito Bovino &#8211; Patr\u00e3o do Churrasco | R$: 39,90 kg"}]},{"@type":"WebSite","@id":"https:\/\/aogosto.com.br\/delivery\/#website","url":"https:\/\/aogosto.com.br\/delivery\/","name":"Ao Gosto Carnes","description":"Fa\u00e7a o seu pedido on-line!","potentialAction":[{"@type":"SearchAction","target":{"@type":"EntryPoint","urlTemplate":"https:\/\/aogosto.com.br\/delivery\/?s={search_term_string}"},"query-input":{"@type":"PropertyValueSpecification","valueRequired":true,"valueName":"search_term_string"}}],"inLanguage":"pt-BR"}]}},"_links":{"self":[{"href":"https:\/\/aogosto.com.br\/delivery\/wp-json\/wp\/v2\/product\/121008","targetHints":{"allow":["GET"]}}],"collection":[{"href":"https:\/\/aogosto.com.br\/delivery\/wp-json\/wp\/v2\/product"}],"about":[{"href":"https:\/\/aogosto.com.br\/delivery\/wp-json\/wp\/v2\/types\/product"}],"replies":[{"embeddable":true,"href":"https:\/\/aogosto.com.br\/delivery\/wp-json\/wp\/v2\/comments?post=121008"}],"version-history":[{"count":2,"href":"https:\/\/aogosto.com.br\/delivery\/wp-json\/wp\/v2\/product\/121008\/revisions"}],"predecessor-version":[{"id":142868,"href":"https:\/\/aogosto.com.br\/delivery\/wp-json\/wp\/v2\/product\/121008\/revisions\/142868"}],"wp:featuredmedia":[{"embeddable":true,"href":"https:\/\/aogosto.com.br\/delivery\/wp-json\/wp\/v2\/media\/121009"}],"wp:attachment":[{"href":"https:\/\/aogosto.com.br\/delivery\/wp-json\/wp\/v2\/media?parent=121008"}],"wp:term":[{"taxonomy":"product_brand","embeddable":true,"href":"https:\/\/aogosto.com.br\/delivery\/wp-json\/wp\/v2\/product_brand?post=121008"},{"taxonomy":"product_cat","embeddable":true,"href":"https:\/\/aogosto.com.br\/delivery\/wp-json\/wp\/v2\/product_cat?post=121008"},{"taxonomy":"product_tag","embeddable":true,"href":"https:\/\/aogosto.com.br\/delivery\/wp-json\/wp\/v2\/product_tag?post=121008"}],"curies":[{"name":"wp","href":"https:\/\/api.w.org\/{rel}","templated":true}]}}