    {"id":119452,"date":"2025-06-11T16:56:34","date_gmt":"2025-06-11T19:56:34","guid":{"rendered":"https:\/\/aogosto.com.br\/delivery\/?post_type=product&#038;p=119452"},"modified":"2026-03-30T15:26:39","modified_gmt":"2026-03-30T18:26:39","slug":"sal-p-pipoca-sabor-picanha-cantagallo-r-1590-un","status":"publish","type":"product","link":"https:\/\/aogosto.com.br\/delivery\/product\/sal-p-pipoca-sabor-picanha-cantagallo-r-1590-un\/","title":{"rendered":"Sal p\/ Pipoca &#8211; Sabor Picanha | Cantagallo &#8211; R$: 15,90 (un)"},"content":{"rendered":"","protected":false},"excerpt":{"rendered":"<p>Pipoca sem sal, nunca mais. Trouxemos o sabor aut\u00eantico da rainha do churrasco brasileiro para real\u00e7ar a sua pipoca.<\/p>\n<p>Com um sabor viciante, este sal vai transformar sua experi\u00eancia de cinema em casa. Reuna sua fam\u00edlia e amigos e fa\u00e7a um balde bem cheio para n\u00e3o perder o melhor deste sabor.<\/p>\n<p>Voc\u00ea pode utilizar este sal para real\u00e7ar o sabor tanto da pipoca tradicional quanto tamb\u00e9m de micro-ondas. Tamb\u00e9m vale a pena experimentar em preparos de empanados, batatas fritas e saladas.<\/p>\n<p>Peso:<em><strong> 90 gr<\/strong><\/em><\/p>\n","protected":false},"featured_media":119453,"comment_status":"open","ping_status":"closed","template":"","meta":[],"product_brand":[],"product_cat":[68],"product_tag":[],"class_list":{"0":"post-119452","1":"product","2":"type-product","3":"status-publish","4":"has-post-thumbnail","6":"product_cat-temperos","8":"first","9":"instock","10":"shipping-taxable","11":"purchasable","12":"product-type-simple"},"yoast_head":"<!-- This site is optimized with the Yoast SEO plugin v27.2 - https:\/\/yoast.com\/product\/yoast-seo-wordpress\/ -->\n<title>Sal p\/ Pipoca - Sabor Picanha | Cantagallo - R$: 15,90 (un) | Ao Gosto Carnes<\/title>\n<meta name=\"robots\" content=\"index, follow, max-snippet:-1, max-image-preview:large, max-video-preview:-1\" \/>\n<link rel=\"canonical\" href=\"https:\/\/aogosto.com.br\/delivery\/product\/sal-p-pipoca-sabor-picanha-cantagallo-r-1590-un\/\" \/>\n<meta property=\"og:locale\" content=\"pt_BR\" \/>\n<meta property=\"og:type\" content=\"article\" \/>\n<meta property=\"og:title\" content=\"Sal p\/ Pipoca - Sabor Picanha | Cantagallo - R$: 15,90 (un) | Ao Gosto Carnes\" \/>\n<meta property=\"og:description\" content=\"Pipoca sem sal, nunca mais. Trouxemos o sabor aut\u00eantico da rainha do churrasco brasileiro para real\u00e7ar a sua pipoca.  Com um sabor viciante, este sal vai transformar sua experi\u00eancia de cinema em casa. Reuna sua fam\u00edlia e amigos e fa\u00e7a um balde bem cheio para n\u00e3o perder o melhor deste sabor.  Voc\u00ea pode utilizar este sal para real\u00e7ar o sabor tanto da pipoca tradicional quanto tamb\u00e9m de micro-ondas. Tamb\u00e9m vale a pena experimentar em preparos de empanados, batatas fritas e saladas.  Peso: 90 gr\" \/>\n<meta property=\"og:url\" content=\"https:\/\/aogosto.com.br\/delivery\/product\/sal-p-pipoca-sabor-picanha-cantagallo-r-1590-un\/\" \/>\n<meta property=\"og:site_name\" content=\"Ao Gosto Carnes\" \/>\n<meta property=\"article:publisher\" content=\"https:\/\/facebook.com.br\/aogostocarnesnobres\" \/>\n<meta property=\"article:modified_time\" content=\"2026-03-30T18:26:39+00:00\" \/>\n<meta property=\"og:image\" content=\"https:\/\/aogosto.com.br\/delivery\/wp-content\/uploads\/2025\/06\/Design-sem-nome-2025-06-11T165257.595.jpg\" \/>\n\t<meta property=\"og:image:width\" content=\"1080\" \/>\n\t<meta property=\"og:image:height\" content=\"1080\" \/>\n\t<meta property=\"og:image:type\" content=\"image\/jpeg\" \/>\n<meta name=\"twitter:card\" content=\"summary_large_image\" \/>\n<meta name=\"twitter:label1\" content=\"Est. tempo de leitura\" \/>\n\t<meta name=\"twitter:data1\" content=\"1 minuto\" \/>\n<script type=\"application\/ld+json\" class=\"yoast-schema-graph\">{\"@context\":\"https:\/\/schema.org\",\"@graph\":[{\"@type\":\"WebPage\",\"@id\":\"https:\/\/aogosto.com.br\/delivery\/product\/sal-p-pipoca-sabor-picanha-cantagallo-r-1590-un\/\",\"url\":\"https:\/\/aogosto.com.br\/delivery\/product\/sal-p-pipoca-sabor-picanha-cantagallo-r-1590-un\/\",\"name\":\"Sal p\/ Pipoca - Sabor Picanha | Cantagallo - R$: 15,90 (un) | Ao Gosto Carnes\",\"isPartOf\":{\"@id\":\"https:\/\/aogosto.com.br\/delivery\/#website\"},\"primaryImageOfPage\":{\"@id\":\"https:\/\/aogosto.com.br\/delivery\/product\/sal-p-pipoca-sabor-picanha-cantagallo-r-1590-un\/#primaryimage\"},\"image\":{\"@id\":\"https:\/\/aogosto.com.br\/delivery\/product\/sal-p-pipoca-sabor-picanha-cantagallo-r-1590-un\/#primaryimage\"},\"thumbnailUrl\":\"https:\/\/aogosto.com.br\/delivery\/wp-content\/uploads\/2025\/06\/Design-sem-nome-2025-06-11T165257.595.jpg\",\"datePublished\":\"2025-06-11T19:56:34+00:00\",\"dateModified\":\"2026-03-30T18:26:39+00:00\",\"breadcrumb\":{\"@id\":\"https:\/\/aogosto.com.br\/delivery\/product\/sal-p-pipoca-sabor-picanha-cantagallo-r-1590-un\/#breadcrumb\"},\"inLanguage\":\"pt-BR\",\"potentialAction\":[{\"@type\":\"ReadAction\",\"target\":[\"https:\/\/aogosto.com.br\/delivery\/product\/sal-p-pipoca-sabor-picanha-cantagallo-r-1590-un\/\"]}]},{\"@type\":\"ImageObject\",\"inLanguage\":\"pt-BR\",\"@id\":\"https:\/\/aogosto.com.br\/delivery\/product\/sal-p-pipoca-sabor-picanha-cantagallo-r-1590-un\/#primaryimage\",\"url\":\"https:\/\/aogosto.com.br\/delivery\/wp-content\/uploads\/2025\/06\/Design-sem-nome-2025-06-11T165257.595.jpg\",\"contentUrl\":\"https:\/\/aogosto.com.br\/delivery\/wp-content\/uploads\/2025\/06\/Design-sem-nome-2025-06-11T165257.595.jpg\",\"width\":1080,\"height\":1080},{\"@type\":\"BreadcrumbList\",\"@id\":\"https:\/\/aogosto.com.br\/delivery\/product\/sal-p-pipoca-sabor-picanha-cantagallo-r-1590-un\/#breadcrumb\",\"itemListElement\":[{\"@type\":\"ListItem\",\"position\":1,\"name\":\"In\u00edcio\",\"item\":\"https:\/\/aogosto.com.br\/delivery\/\"},{\"@type\":\"ListItem\",\"position\":2,\"name\":\"Shop\",\"item\":\"https:\/\/aogosto.com.br\/delivery\/loja\/\"},{\"@type\":\"ListItem\",\"position\":3,\"name\":\"Sal p\/ Pipoca &#8211; Sabor Picanha | Cantagallo &#8211; R$: 15,90 (un)\"}]},{\"@type\":\"WebSite\",\"@id\":\"https:\/\/aogosto.com.br\/delivery\/#website\",\"url\":\"https:\/\/aogosto.com.br\/delivery\/\",\"name\":\"Ao Gosto Carnes\",\"description\":\"Fa\u00e7a o seu pedido on-line!\",\"potentialAction\":[{\"@type\":\"SearchAction\",\"target\":{\"@type\":\"EntryPoint\",\"urlTemplate\":\"https:\/\/aogosto.com.br\/delivery\/?s={search_term_string}\"},\"query-input\":{\"@type\":\"PropertyValueSpecification\",\"valueRequired\":true,\"valueName\":\"search_term_string\"}}],\"inLanguage\":\"pt-BR\"}]}<\/script>\n<!-- \/ Yoast SEO plugin. -->","yoast_head_json":{"title":"Sal p\/ Pipoca - Sabor Picanha | Cantagallo - R$: 15,90 (un) | Ao Gosto Carnes","robots":{"index":"index","follow":"follow","max-snippet":"max-snippet:-1","max-image-preview":"max-image-preview:large","max-video-preview":"max-video-preview:-1"},"canonical":"https:\/\/aogosto.com.br\/delivery\/product\/sal-p-pipoca-sabor-picanha-cantagallo-r-1590-un\/","og_locale":"pt_BR","og_type":"article","og_title":"Sal p\/ Pipoca - Sabor Picanha | Cantagallo - R$: 15,90 (un) | Ao Gosto Carnes","og_description":"Pipoca sem sal, nunca mais. Trouxemos o sabor aut\u00eantico da rainha do churrasco brasileiro para real\u00e7ar a sua pipoca.  Com um sabor viciante, este sal vai transformar sua experi\u00eancia de cinema em casa. Reuna sua fam\u00edlia e amigos e fa\u00e7a um balde bem cheio para n\u00e3o perder o melhor deste sabor.  Voc\u00ea pode utilizar este sal para real\u00e7ar o sabor tanto da pipoca tradicional quanto tamb\u00e9m de micro-ondas. Tamb\u00e9m vale a pena experimentar em preparos de empanados, batatas fritas e saladas.  Peso: 90 gr","og_url":"https:\/\/aogosto.com.br\/delivery\/product\/sal-p-pipoca-sabor-picanha-cantagallo-r-1590-un\/","og_site_name":"Ao Gosto Carnes","article_publisher":"https:\/\/facebook.com.br\/aogostocarnesnobres","article_modified_time":"2026-03-30T18:26:39+00:00","og_image":[{"width":1080,"height":1080,"url":"https:\/\/aogosto.com.br\/delivery\/wp-content\/uploads\/2025\/06\/Design-sem-nome-2025-06-11T165257.595.jpg","type":"image\/jpeg"}],"twitter_card":"summary_large_image","twitter_misc":{"Est. tempo de leitura":"1 minuto"},"schema":{"@context":"https:\/\/schema.org","@graph":[{"@type":"WebPage","@id":"https:\/\/aogosto.com.br\/delivery\/product\/sal-p-pipoca-sabor-picanha-cantagallo-r-1590-un\/","url":"https:\/\/aogosto.com.br\/delivery\/product\/sal-p-pipoca-sabor-picanha-cantagallo-r-1590-un\/","name":"Sal p\/ Pipoca - Sabor Picanha | Cantagallo - R$: 15,90 (un) | Ao Gosto Carnes","isPartOf":{"@id":"https:\/\/aogosto.com.br\/delivery\/#website"},"primaryImageOfPage":{"@id":"https:\/\/aogosto.com.br\/delivery\/product\/sal-p-pipoca-sabor-picanha-cantagallo-r-1590-un\/#primaryimage"},"image":{"@id":"https:\/\/aogosto.com.br\/delivery\/product\/sal-p-pipoca-sabor-picanha-cantagallo-r-1590-un\/#primaryimage"},"thumbnailUrl":"https:\/\/aogosto.com.br\/delivery\/wp-content\/uploads\/2025\/06\/Design-sem-nome-2025-06-11T165257.595.jpg","datePublished":"2025-06-11T19:56:34+00:00","dateModified":"2026-03-30T18:26:39+00:00","breadcrumb":{"@id":"https:\/\/aogosto.com.br\/delivery\/product\/sal-p-pipoca-sabor-picanha-cantagallo-r-1590-un\/#breadcrumb"},"inLanguage":"pt-BR","potentialAction":[{"@type":"ReadAction","target":["https:\/\/aogosto.com.br\/delivery\/product\/sal-p-pipoca-sabor-picanha-cantagallo-r-1590-un\/"]}]},{"@type":"ImageObject","inLanguage":"pt-BR","@id":"https:\/\/aogosto.com.br\/delivery\/product\/sal-p-pipoca-sabor-picanha-cantagallo-r-1590-un\/#primaryimage","url":"https:\/\/aogosto.com.br\/delivery\/wp-content\/uploads\/2025\/06\/Design-sem-nome-2025-06-11T165257.595.jpg","contentUrl":"https:\/\/aogosto.com.br\/delivery\/wp-content\/uploads\/2025\/06\/Design-sem-nome-2025-06-11T165257.595.jpg","width":1080,"height":1080},{"@type":"BreadcrumbList","@id":"https:\/\/aogosto.com.br\/delivery\/product\/sal-p-pipoca-sabor-picanha-cantagallo-r-1590-un\/#breadcrumb","itemListElement":[{"@type":"ListItem","position":1,"name":"In\u00edcio","item":"https:\/\/aogosto.com.br\/delivery\/"},{"@type":"ListItem","position":2,"name":"Shop","item":"https:\/\/aogosto.com.br\/delivery\/loja\/"},{"@type":"ListItem","position":3,"name":"Sal p\/ Pipoca &#8211; Sabor Picanha | Cantagallo &#8211; R$: 15,90 (un)"}]},{"@type":"WebSite","@id":"https:\/\/aogosto.com.br\/delivery\/#website","url":"https:\/\/aogosto.com.br\/delivery\/","name":"Ao Gosto Carnes","description":"Fa\u00e7a o seu pedido on-line!","potentialAction":[{"@type":"SearchAction","target":{"@type":"EntryPoint","urlTemplate":"https:\/\/aogosto.com.br\/delivery\/?s={search_term_string}"},"query-input":{"@type":"PropertyValueSpecification","valueRequired":true,"valueName":"search_term_string"}}],"inLanguage":"pt-BR"}]}},"_links":{"self":[{"href":"https:\/\/aogosto.com.br\/delivery\/wp-json\/wp\/v2\/product\/119452","targetHints":{"allow":["GET"]}}],"collection":[{"href":"https:\/\/aogosto.com.br\/delivery\/wp-json\/wp\/v2\/product"}],"about":[{"href":"https:\/\/aogosto.com.br\/delivery\/wp-json\/wp\/v2\/types\/product"}],"replies":[{"embeddable":true,"href":"https:\/\/aogosto.com.br\/delivery\/wp-json\/wp\/v2\/comments?post=119452"}],"version-history":[{"count":2,"href":"https:\/\/aogosto.com.br\/delivery\/wp-json\/wp\/v2\/product\/119452\/revisions"}],"predecessor-version":[{"id":150319,"href":"https:\/\/aogosto.com.br\/delivery\/wp-json\/wp\/v2\/product\/119452\/revisions\/150319"}],"wp:featuredmedia":[{"embeddable":true,"href":"https:\/\/aogosto.com.br\/delivery\/wp-json\/wp\/v2\/media\/119453"}],"wp:attachment":[{"href":"https:\/\/aogosto.com.br\/delivery\/wp-json\/wp\/v2\/media?parent=119452"}],"wp:term":[{"taxonomy":"product_brand","embeddable":true,"href":"https:\/\/aogosto.com.br\/delivery\/wp-json\/wp\/v2\/product_brand?post=119452"},{"taxonomy":"product_cat","embeddable":true,"href":"https:\/\/aogosto.com.br\/delivery\/wp-json\/wp\/v2\/product_cat?post=119452"},{"taxonomy":"product_tag","embeddable":true,"href":"https:\/\/aogosto.com.br\/delivery\/wp-json\/wp\/v2\/product_tag?post=119452"}],"curies":[{"name":"wp","href":"https:\/\/api.w.org\/{rel}","templated":true}]}}