    {"id":119000,"date":"2025-06-06T12:05:56","date_gmt":"2025-06-06T15:05:56","guid":{"rendered":"https:\/\/aogosto.com.br\/delivery\/?post_type=product&#038;p=119000"},"modified":"2026-01-28T16:54:20","modified_gmt":"2026-01-28T19:54:20","slug":"file-mignon-dia-dia-ouro-vermelho-r-6990-kg","status":"publish","type":"product","link":"https:\/\/aogosto.com.br\/delivery\/product\/file-mignon-dia-dia-ouro-vermelho-r-6990-kg\/","title":{"rendered":"Fil\u00e9 Mignon Dia Dia &#8211; Ouro Vermelho | R$: 79,90 kg"},"content":{"rendered":"","protected":false},"excerpt":{"rendered":"<p>O Fil\u00e9 Mignon \u00e9 um dos cortes mais macios da carne bovina, muito suculento e com um dos menores teores de gordura, ideal para utilizar em assados, refogados e estrogonofes.<\/p>\n<p>Fil\u00e9 Mignon Dia a Dia \u2013 sem Cord\u00e3o.. com Espelho<\/p>\n<p><!-- AOGOSTO_WEIGHT_START --><br \/>\nPeso Aprox. 1,4 kg<\/p>\n<p>*O valor final pode variar conforme o peso exato de cada pe\u00e7a.*<\/p>\n<p>*Imagens meramente ilustrativas.*<br \/>\n<!-- AOGOSTO_WEIGHT_END --><\/p>\n","protected":false},"featured_media":119002,"comment_status":"open","ping_status":"closed","template":"","meta":[],"product_brand":[],"product_cat":[34,342],"product_tag":[],"class_list":{"0":"post-119000","1":"product","2":"type-product","3":"status-publish","4":"has-post-thumbnail","6":"product_cat-boi","7":"product_cat-dia-a-dia","9":"first","10":"outofstock","11":"shipping-taxable","12":"purchasable","13":"product-type-simple"},"yoast_head":"<!-- This site is optimized with the Yoast SEO plugin v27.2 - https:\/\/yoast.com\/product\/yoast-seo-wordpress\/ -->\n<title>Fil\u00e9 Mignon Dia Dia - Ouro Vermelho | R$: 79,90 kg | Ao Gosto Carnes<\/title>\n<meta name=\"robots\" content=\"index, follow, max-snippet:-1, max-image-preview:large, max-video-preview:-1\" \/>\n<link rel=\"canonical\" href=\"https:\/\/aogosto.com.br\/delivery\/product\/file-mignon-dia-dia-ouro-vermelho-r-6990-kg\/\" \/>\n<meta property=\"og:locale\" content=\"pt_BR\" \/>\n<meta property=\"og:type\" content=\"article\" \/>\n<meta property=\"og:title\" content=\"Fil\u00e9 Mignon Dia Dia - Ouro Vermelho | R$: 79,90 kg | Ao Gosto Carnes\" \/>\n<meta property=\"og:description\" content=\"O Fil\u00e9 Mignon \u00e9 um dos cortes mais macios da carne bovina, muito suculento e com um dos menores teores de gordura, ideal para utilizar em assados, refogados e estrogonofes.  Fil\u00e9 Mignon Dia a Dia \u2013 sem Cord\u00e3o.. com Espelho  Peso Aprox. 1,4 kg *O valor final pode variar conforme o peso exato de cada pe\u00e7a.* *Imagens meramente ilustrativas.*\" \/>\n<meta property=\"og:url\" content=\"https:\/\/aogosto.com.br\/delivery\/product\/file-mignon-dia-dia-ouro-vermelho-r-6990-kg\/\" \/>\n<meta property=\"og:site_name\" content=\"Ao Gosto Carnes\" \/>\n<meta property=\"article:publisher\" content=\"https:\/\/facebook.com.br\/aogostocarnesnobres\" \/>\n<meta property=\"article:modified_time\" content=\"2026-01-28T19:54:20+00:00\" \/>\n<meta property=\"og:image\" content=\"https:\/\/aogosto.com.br\/delivery\/wp-content\/uploads\/2025\/06\/Design-sem-nome-2025-06-06T115756.455.jpg\" \/>\n\t<meta property=\"og:image:width\" content=\"1080\" \/>\n\t<meta property=\"og:image:height\" content=\"1080\" \/>\n\t<meta property=\"og:image:type\" content=\"image\/jpeg\" \/>\n<meta name=\"twitter:card\" content=\"summary_large_image\" \/>\n<meta name=\"twitter:label1\" content=\"Est. tempo de leitura\" \/>\n\t<meta name=\"twitter:data1\" content=\"1 minuto\" \/>\n<script type=\"application\/ld+json\" class=\"yoast-schema-graph\">{\"@context\":\"https:\/\/schema.org\",\"@graph\":[{\"@type\":\"WebPage\",\"@id\":\"https:\/\/aogosto.com.br\/delivery\/product\/file-mignon-dia-dia-ouro-vermelho-r-6990-kg\/\",\"url\":\"https:\/\/aogosto.com.br\/delivery\/product\/file-mignon-dia-dia-ouro-vermelho-r-6990-kg\/\",\"name\":\"Fil\u00e9 Mignon Dia Dia - Ouro Vermelho | R$: 79,90 kg | Ao Gosto Carnes\",\"isPartOf\":{\"@id\":\"https:\/\/aogosto.com.br\/delivery\/#website\"},\"primaryImageOfPage\":{\"@id\":\"https:\/\/aogosto.com.br\/delivery\/product\/file-mignon-dia-dia-ouro-vermelho-r-6990-kg\/#primaryimage\"},\"image\":{\"@id\":\"https:\/\/aogosto.com.br\/delivery\/product\/file-mignon-dia-dia-ouro-vermelho-r-6990-kg\/#primaryimage\"},\"thumbnailUrl\":\"https:\/\/aogosto.com.br\/delivery\/wp-content\/uploads\/2025\/06\/Design-sem-nome-2025-06-06T115756.455.jpg\",\"datePublished\":\"2025-06-06T15:05:56+00:00\",\"dateModified\":\"2026-01-28T19:54:20+00:00\",\"breadcrumb\":{\"@id\":\"https:\/\/aogosto.com.br\/delivery\/product\/file-mignon-dia-dia-ouro-vermelho-r-6990-kg\/#breadcrumb\"},\"inLanguage\":\"pt-BR\",\"potentialAction\":[{\"@type\":\"ReadAction\",\"target\":[\"https:\/\/aogosto.com.br\/delivery\/product\/file-mignon-dia-dia-ouro-vermelho-r-6990-kg\/\"]}]},{\"@type\":\"ImageObject\",\"inLanguage\":\"pt-BR\",\"@id\":\"https:\/\/aogosto.com.br\/delivery\/product\/file-mignon-dia-dia-ouro-vermelho-r-6990-kg\/#primaryimage\",\"url\":\"https:\/\/aogosto.com.br\/delivery\/wp-content\/uploads\/2025\/06\/Design-sem-nome-2025-06-06T115756.455.jpg\",\"contentUrl\":\"https:\/\/aogosto.com.br\/delivery\/wp-content\/uploads\/2025\/06\/Design-sem-nome-2025-06-06T115756.455.jpg\",\"width\":1080,\"height\":1080},{\"@type\":\"BreadcrumbList\",\"@id\":\"https:\/\/aogosto.com.br\/delivery\/product\/file-mignon-dia-dia-ouro-vermelho-r-6990-kg\/#breadcrumb\",\"itemListElement\":[{\"@type\":\"ListItem\",\"position\":1,\"name\":\"In\u00edcio\",\"item\":\"https:\/\/aogosto.com.br\/delivery\/\"},{\"@type\":\"ListItem\",\"position\":2,\"name\":\"Shop\",\"item\":\"https:\/\/aogosto.com.br\/delivery\/loja\/\"},{\"@type\":\"ListItem\",\"position\":3,\"name\":\"Fil\u00e9 Mignon Dia Dia &#8211; Ouro Vermelho | R$: 79,90 kg\"}]},{\"@type\":\"WebSite\",\"@id\":\"https:\/\/aogosto.com.br\/delivery\/#website\",\"url\":\"https:\/\/aogosto.com.br\/delivery\/\",\"name\":\"Ao Gosto Carnes\",\"description\":\"Fa\u00e7a o seu pedido on-line!\",\"potentialAction\":[{\"@type\":\"SearchAction\",\"target\":{\"@type\":\"EntryPoint\",\"urlTemplate\":\"https:\/\/aogosto.com.br\/delivery\/?s={search_term_string}\"},\"query-input\":{\"@type\":\"PropertyValueSpecification\",\"valueRequired\":true,\"valueName\":\"search_term_string\"}}],\"inLanguage\":\"pt-BR\"}]}<\/script>\n<!-- \/ Yoast SEO plugin. -->","yoast_head_json":{"title":"Fil\u00e9 Mignon Dia Dia - Ouro Vermelho | R$: 79,90 kg | Ao Gosto Carnes","robots":{"index":"index","follow":"follow","max-snippet":"max-snippet:-1","max-image-preview":"max-image-preview:large","max-video-preview":"max-video-preview:-1"},"canonical":"https:\/\/aogosto.com.br\/delivery\/product\/file-mignon-dia-dia-ouro-vermelho-r-6990-kg\/","og_locale":"pt_BR","og_type":"article","og_title":"Fil\u00e9 Mignon Dia Dia - Ouro Vermelho | R$: 79,90 kg | Ao Gosto Carnes","og_description":"O Fil\u00e9 Mignon \u00e9 um dos cortes mais macios da carne bovina, muito suculento e com um dos menores teores de gordura, ideal para utilizar em assados, refogados e estrogonofes.  Fil\u00e9 Mignon Dia a Dia \u2013 sem Cord\u00e3o.. com Espelho  Peso Aprox. 1,4 kg *O valor final pode variar conforme o peso exato de cada pe\u00e7a.* *Imagens meramente ilustrativas.*","og_url":"https:\/\/aogosto.com.br\/delivery\/product\/file-mignon-dia-dia-ouro-vermelho-r-6990-kg\/","og_site_name":"Ao Gosto Carnes","article_publisher":"https:\/\/facebook.com.br\/aogostocarnesnobres","article_modified_time":"2026-01-28T19:54:20+00:00","og_image":[{"width":1080,"height":1080,"url":"https:\/\/aogosto.com.br\/delivery\/wp-content\/uploads\/2025\/06\/Design-sem-nome-2025-06-06T115756.455.jpg","type":"image\/jpeg"}],"twitter_card":"summary_large_image","twitter_misc":{"Est. tempo de leitura":"1 minuto"},"schema":{"@context":"https:\/\/schema.org","@graph":[{"@type":"WebPage","@id":"https:\/\/aogosto.com.br\/delivery\/product\/file-mignon-dia-dia-ouro-vermelho-r-6990-kg\/","url":"https:\/\/aogosto.com.br\/delivery\/product\/file-mignon-dia-dia-ouro-vermelho-r-6990-kg\/","name":"Fil\u00e9 Mignon Dia Dia - Ouro Vermelho | R$: 79,90 kg | Ao Gosto Carnes","isPartOf":{"@id":"https:\/\/aogosto.com.br\/delivery\/#website"},"primaryImageOfPage":{"@id":"https:\/\/aogosto.com.br\/delivery\/product\/file-mignon-dia-dia-ouro-vermelho-r-6990-kg\/#primaryimage"},"image":{"@id":"https:\/\/aogosto.com.br\/delivery\/product\/file-mignon-dia-dia-ouro-vermelho-r-6990-kg\/#primaryimage"},"thumbnailUrl":"https:\/\/aogosto.com.br\/delivery\/wp-content\/uploads\/2025\/06\/Design-sem-nome-2025-06-06T115756.455.jpg","datePublished":"2025-06-06T15:05:56+00:00","dateModified":"2026-01-28T19:54:20+00:00","breadcrumb":{"@id":"https:\/\/aogosto.com.br\/delivery\/product\/file-mignon-dia-dia-ouro-vermelho-r-6990-kg\/#breadcrumb"},"inLanguage":"pt-BR","potentialAction":[{"@type":"ReadAction","target":["https:\/\/aogosto.com.br\/delivery\/product\/file-mignon-dia-dia-ouro-vermelho-r-6990-kg\/"]}]},{"@type":"ImageObject","inLanguage":"pt-BR","@id":"https:\/\/aogosto.com.br\/delivery\/product\/file-mignon-dia-dia-ouro-vermelho-r-6990-kg\/#primaryimage","url":"https:\/\/aogosto.com.br\/delivery\/wp-content\/uploads\/2025\/06\/Design-sem-nome-2025-06-06T115756.455.jpg","contentUrl":"https:\/\/aogosto.com.br\/delivery\/wp-content\/uploads\/2025\/06\/Design-sem-nome-2025-06-06T115756.455.jpg","width":1080,"height":1080},{"@type":"BreadcrumbList","@id":"https:\/\/aogosto.com.br\/delivery\/product\/file-mignon-dia-dia-ouro-vermelho-r-6990-kg\/#breadcrumb","itemListElement":[{"@type":"ListItem","position":1,"name":"In\u00edcio","item":"https:\/\/aogosto.com.br\/delivery\/"},{"@type":"ListItem","position":2,"name":"Shop","item":"https:\/\/aogosto.com.br\/delivery\/loja\/"},{"@type":"ListItem","position":3,"name":"Fil\u00e9 Mignon Dia Dia &#8211; Ouro Vermelho | R$: 79,90 kg"}]},{"@type":"WebSite","@id":"https:\/\/aogosto.com.br\/delivery\/#website","url":"https:\/\/aogosto.com.br\/delivery\/","name":"Ao Gosto Carnes","description":"Fa\u00e7a o seu pedido on-line!","potentialAction":[{"@type":"SearchAction","target":{"@type":"EntryPoint","urlTemplate":"https:\/\/aogosto.com.br\/delivery\/?s={search_term_string}"},"query-input":{"@type":"PropertyValueSpecification","valueRequired":true,"valueName":"search_term_string"}}],"inLanguage":"pt-BR"}]}},"_links":{"self":[{"href":"https:\/\/aogosto.com.br\/delivery\/wp-json\/wp\/v2\/product\/119000","targetHints":{"allow":["GET"]}}],"collection":[{"href":"https:\/\/aogosto.com.br\/delivery\/wp-json\/wp\/v2\/product"}],"about":[{"href":"https:\/\/aogosto.com.br\/delivery\/wp-json\/wp\/v2\/types\/product"}],"replies":[{"embeddable":true,"href":"https:\/\/aogosto.com.br\/delivery\/wp-json\/wp\/v2\/comments?post=119000"}],"version-history":[{"count":1,"href":"https:\/\/aogosto.com.br\/delivery\/wp-json\/wp\/v2\/product\/119000\/revisions"}],"predecessor-version":[{"id":142874,"href":"https:\/\/aogosto.com.br\/delivery\/wp-json\/wp\/v2\/product\/119000\/revisions\/142874"}],"wp:featuredmedia":[{"embeddable":true,"href":"https:\/\/aogosto.com.br\/delivery\/wp-json\/wp\/v2\/media\/119002"}],"wp:attachment":[{"href":"https:\/\/aogosto.com.br\/delivery\/wp-json\/wp\/v2\/media?parent=119000"}],"wp:term":[{"taxonomy":"product_brand","embeddable":true,"href":"https:\/\/aogosto.com.br\/delivery\/wp-json\/wp\/v2\/product_brand?post=119000"},{"taxonomy":"product_cat","embeddable":true,"href":"https:\/\/aogosto.com.br\/delivery\/wp-json\/wp\/v2\/product_cat?post=119000"},{"taxonomy":"product_tag","embeddable":true,"href":"https:\/\/aogosto.com.br\/delivery\/wp-json\/wp\/v2\/product_tag?post=119000"}],"curies":[{"name":"wp","href":"https:\/\/api.w.org\/{rel}","templated":true}]}}