    {"id":114114,"date":"2025-04-24T15:41:53","date_gmt":"2025-04-24T18:41:53","guid":{"rendered":"https:\/\/aogosto.com.br\/delivery\/?post_type=product&#038;p=114114"},"modified":"2025-06-05T19:59:01","modified_gmt":"2025-06-05T22:59:01","slug":"tempero-especial-p-batata-frita-picante-cantagallo","status":"publish","type":"product","link":"https:\/\/aogosto.com.br\/delivery\/product\/tempero-especial-p-batata-frita-picante-cantagallo\/","title":{"rendered":"Tempero Especial p\/ Batata Frita (Picante) &#8211; Cantagallo"},"content":{"rendered":"","protected":false},"excerpt":{"rendered":"<p>Cansado de batatas fritas sem gra\u00e7a? Prepare-se para uma explos\u00e3o de sabor!<\/p>\n<p>Apresentamos o tempero de batata<strong> picante<\/strong>, cuidadosamente elaborado para proporcionar o equil\u00edbrio perfeito entre uma batata frita perfeita e um tempero irresist\u00edvel. Com nossa f\u00f3rmula especialmente desenvolvida para a Air Fryer, cada mordida ser\u00e1 uma experi\u00eancia \u00fanica e deliciosa.<\/p>\n<p>O toque picante do nosso tempero n\u00e3o apenas real\u00e7a o sabor da batata, mas tamb\u00e9m eleva a temperatura, transformando a maneira como voc\u00ea vai saborear suas batatas fritas.<\/p>\n<p>N\u00e3o perca mais tempo! Experimente agora mesmo e eleve suas batatas fritas a um n\u00edvel deliciosamente <strong>picante!<\/strong><\/p>\n<p>&nbsp;<\/p>\n<p>Peso:<strong> 100 gr<\/strong><\/p>\n","protected":false},"featured_media":114115,"comment_status":"open","ping_status":"closed","template":"","meta":[],"product_brand":[],"product_cat":[62,68],"product_tag":[],"class_list":{"0":"post-114114","1":"product","2":"type-product","3":"status-publish","4":"has-post-thumbnail","6":"product_cat-outros","7":"product_cat-temperos","9":"first","10":"outofstock","11":"shipping-taxable","12":"purchasable","13":"product-type-simple"},"yoast_head":"<!-- This site is optimized with the Yoast SEO plugin v27.2 - https:\/\/yoast.com\/product\/yoast-seo-wordpress\/ -->\n<title>Tempero Especial p\/ Batata Frita (Picante) - Cantagallo | Ao Gosto Carnes<\/title>\n<meta name=\"robots\" content=\"index, follow, max-snippet:-1, max-image-preview:large, max-video-preview:-1\" \/>\n<link rel=\"canonical\" href=\"https:\/\/aogosto.com.br\/delivery\/product\/tempero-especial-p-batata-frita-picante-cantagallo\/\" \/>\n<meta property=\"og:locale\" content=\"pt_BR\" \/>\n<meta property=\"og:type\" content=\"article\" \/>\n<meta property=\"og:title\" content=\"Tempero Especial p\/ Batata Frita (Picante) - Cantagallo | Ao Gosto Carnes\" \/>\n<meta property=\"og:description\" content=\"Cansado de batatas fritas sem gra\u00e7a? Prepare-se para uma explos\u00e3o de sabor!  Apresentamos o tempero de batata picante, cuidadosamente elaborado para proporcionar o equil\u00edbrio perfeito entre uma batata frita perfeita e um tempero irresist\u00edvel. Com nossa f\u00f3rmula especialmente desenvolvida para a Air Fryer, cada mordida ser\u00e1 uma experi\u00eancia \u00fanica e deliciosa.  O toque picante do nosso tempero n\u00e3o apenas real\u00e7a o sabor da batata, mas tamb\u00e9m eleva a temperatura, transformando a maneira como voc\u00ea vai saborear suas batatas fritas.  N\u00e3o perca mais tempo! Experimente agora mesmo e eleve suas batatas fritas a um n\u00edvel deliciosamente picante!  &nbsp;  Peso: 100 gr\" \/>\n<meta property=\"og:url\" content=\"https:\/\/aogosto.com.br\/delivery\/product\/tempero-especial-p-batata-frita-picante-cantagallo\/\" \/>\n<meta property=\"og:site_name\" content=\"Ao Gosto Carnes\" \/>\n<meta property=\"article:publisher\" content=\"https:\/\/facebook.com.br\/aogostocarnesnobres\" \/>\n<meta property=\"article:modified_time\" content=\"2025-06-05T22:59:01+00:00\" \/>\n<meta property=\"og:image\" content=\"https:\/\/aogosto.com.br\/delivery\/wp-content\/uploads\/2025\/04\/Design-sem-nome-2025-04-24T153923.676.jpg\" \/>\n\t<meta property=\"og:image:width\" content=\"1080\" \/>\n\t<meta property=\"og:image:height\" content=\"1080\" \/>\n\t<meta property=\"og:image:type\" content=\"image\/jpeg\" \/>\n<meta name=\"twitter:card\" content=\"summary_large_image\" \/>\n<meta name=\"twitter:label1\" content=\"Est. tempo de leitura\" \/>\n\t<meta name=\"twitter:data1\" content=\"1 minuto\" \/>\n<script type=\"application\/ld+json\" class=\"yoast-schema-graph\">{\"@context\":\"https:\/\/schema.org\",\"@graph\":[{\"@type\":\"WebPage\",\"@id\":\"https:\/\/aogosto.com.br\/delivery\/product\/tempero-especial-p-batata-frita-picante-cantagallo\/\",\"url\":\"https:\/\/aogosto.com.br\/delivery\/product\/tempero-especial-p-batata-frita-picante-cantagallo\/\",\"name\":\"Tempero Especial p\/ Batata Frita (Picante) - Cantagallo | Ao Gosto Carnes\",\"isPartOf\":{\"@id\":\"https:\/\/aogosto.com.br\/delivery\/#website\"},\"primaryImageOfPage\":{\"@id\":\"https:\/\/aogosto.com.br\/delivery\/product\/tempero-especial-p-batata-frita-picante-cantagallo\/#primaryimage\"},\"image\":{\"@id\":\"https:\/\/aogosto.com.br\/delivery\/product\/tempero-especial-p-batata-frita-picante-cantagallo\/#primaryimage\"},\"thumbnailUrl\":\"https:\/\/aogosto.com.br\/delivery\/wp-content\/uploads\/2025\/04\/Design-sem-nome-2025-04-24T153923.676.jpg\",\"datePublished\":\"2025-04-24T18:41:53+00:00\",\"dateModified\":\"2025-06-05T22:59:01+00:00\",\"breadcrumb\":{\"@id\":\"https:\/\/aogosto.com.br\/delivery\/product\/tempero-especial-p-batata-frita-picante-cantagallo\/#breadcrumb\"},\"inLanguage\":\"pt-BR\",\"potentialAction\":[{\"@type\":\"ReadAction\",\"target\":[\"https:\/\/aogosto.com.br\/delivery\/product\/tempero-especial-p-batata-frita-picante-cantagallo\/\"]}]},{\"@type\":\"ImageObject\",\"inLanguage\":\"pt-BR\",\"@id\":\"https:\/\/aogosto.com.br\/delivery\/product\/tempero-especial-p-batata-frita-picante-cantagallo\/#primaryimage\",\"url\":\"https:\/\/aogosto.com.br\/delivery\/wp-content\/uploads\/2025\/04\/Design-sem-nome-2025-04-24T153923.676.jpg\",\"contentUrl\":\"https:\/\/aogosto.com.br\/delivery\/wp-content\/uploads\/2025\/04\/Design-sem-nome-2025-04-24T153923.676.jpg\",\"width\":1080,\"height\":1080},{\"@type\":\"BreadcrumbList\",\"@id\":\"https:\/\/aogosto.com.br\/delivery\/product\/tempero-especial-p-batata-frita-picante-cantagallo\/#breadcrumb\",\"itemListElement\":[{\"@type\":\"ListItem\",\"position\":1,\"name\":\"In\u00edcio\",\"item\":\"https:\/\/aogosto.com.br\/delivery\/\"},{\"@type\":\"ListItem\",\"position\":2,\"name\":\"Shop\",\"item\":\"https:\/\/aogosto.com.br\/delivery\/loja\/\"},{\"@type\":\"ListItem\",\"position\":3,\"name\":\"Tempero Especial p\/ Batata Frita (Picante) &#8211; Cantagallo\"}]},{\"@type\":\"WebSite\",\"@id\":\"https:\/\/aogosto.com.br\/delivery\/#website\",\"url\":\"https:\/\/aogosto.com.br\/delivery\/\",\"name\":\"Ao Gosto Carnes\",\"description\":\"Fa\u00e7a o seu pedido on-line!\",\"potentialAction\":[{\"@type\":\"SearchAction\",\"target\":{\"@type\":\"EntryPoint\",\"urlTemplate\":\"https:\/\/aogosto.com.br\/delivery\/?s={search_term_string}\"},\"query-input\":{\"@type\":\"PropertyValueSpecification\",\"valueRequired\":true,\"valueName\":\"search_term_string\"}}],\"inLanguage\":\"pt-BR\"}]}<\/script>\n<!-- \/ Yoast SEO plugin. -->","yoast_head_json":{"title":"Tempero Especial p\/ Batata Frita (Picante) - Cantagallo | Ao Gosto Carnes","robots":{"index":"index","follow":"follow","max-snippet":"max-snippet:-1","max-image-preview":"max-image-preview:large","max-video-preview":"max-video-preview:-1"},"canonical":"https:\/\/aogosto.com.br\/delivery\/product\/tempero-especial-p-batata-frita-picante-cantagallo\/","og_locale":"pt_BR","og_type":"article","og_title":"Tempero Especial p\/ Batata Frita (Picante) - Cantagallo | Ao Gosto Carnes","og_description":"Cansado de batatas fritas sem gra\u00e7a? Prepare-se para uma explos\u00e3o de sabor!  Apresentamos o tempero de batata picante, cuidadosamente elaborado para proporcionar o equil\u00edbrio perfeito entre uma batata frita perfeita e um tempero irresist\u00edvel. Com nossa f\u00f3rmula especialmente desenvolvida para a Air Fryer, cada mordida ser\u00e1 uma experi\u00eancia \u00fanica e deliciosa.  O toque picante do nosso tempero n\u00e3o apenas real\u00e7a o sabor da batata, mas tamb\u00e9m eleva a temperatura, transformando a maneira como voc\u00ea vai saborear suas batatas fritas.  N\u00e3o perca mais tempo! Experimente agora mesmo e eleve suas batatas fritas a um n\u00edvel deliciosamente picante!  &nbsp;  Peso: 100 gr","og_url":"https:\/\/aogosto.com.br\/delivery\/product\/tempero-especial-p-batata-frita-picante-cantagallo\/","og_site_name":"Ao Gosto Carnes","article_publisher":"https:\/\/facebook.com.br\/aogostocarnesnobres","article_modified_time":"2025-06-05T22:59:01+00:00","og_image":[{"width":1080,"height":1080,"url":"https:\/\/aogosto.com.br\/delivery\/wp-content\/uploads\/2025\/04\/Design-sem-nome-2025-04-24T153923.676.jpg","type":"image\/jpeg"}],"twitter_card":"summary_large_image","twitter_misc":{"Est. tempo de leitura":"1 minuto"},"schema":{"@context":"https:\/\/schema.org","@graph":[{"@type":"WebPage","@id":"https:\/\/aogosto.com.br\/delivery\/product\/tempero-especial-p-batata-frita-picante-cantagallo\/","url":"https:\/\/aogosto.com.br\/delivery\/product\/tempero-especial-p-batata-frita-picante-cantagallo\/","name":"Tempero Especial p\/ Batata Frita (Picante) - Cantagallo | Ao Gosto Carnes","isPartOf":{"@id":"https:\/\/aogosto.com.br\/delivery\/#website"},"primaryImageOfPage":{"@id":"https:\/\/aogosto.com.br\/delivery\/product\/tempero-especial-p-batata-frita-picante-cantagallo\/#primaryimage"},"image":{"@id":"https:\/\/aogosto.com.br\/delivery\/product\/tempero-especial-p-batata-frita-picante-cantagallo\/#primaryimage"},"thumbnailUrl":"https:\/\/aogosto.com.br\/delivery\/wp-content\/uploads\/2025\/04\/Design-sem-nome-2025-04-24T153923.676.jpg","datePublished":"2025-04-24T18:41:53+00:00","dateModified":"2025-06-05T22:59:01+00:00","breadcrumb":{"@id":"https:\/\/aogosto.com.br\/delivery\/product\/tempero-especial-p-batata-frita-picante-cantagallo\/#breadcrumb"},"inLanguage":"pt-BR","potentialAction":[{"@type":"ReadAction","target":["https:\/\/aogosto.com.br\/delivery\/product\/tempero-especial-p-batata-frita-picante-cantagallo\/"]}]},{"@type":"ImageObject","inLanguage":"pt-BR","@id":"https:\/\/aogosto.com.br\/delivery\/product\/tempero-especial-p-batata-frita-picante-cantagallo\/#primaryimage","url":"https:\/\/aogosto.com.br\/delivery\/wp-content\/uploads\/2025\/04\/Design-sem-nome-2025-04-24T153923.676.jpg","contentUrl":"https:\/\/aogosto.com.br\/delivery\/wp-content\/uploads\/2025\/04\/Design-sem-nome-2025-04-24T153923.676.jpg","width":1080,"height":1080},{"@type":"BreadcrumbList","@id":"https:\/\/aogosto.com.br\/delivery\/product\/tempero-especial-p-batata-frita-picante-cantagallo\/#breadcrumb","itemListElement":[{"@type":"ListItem","position":1,"name":"In\u00edcio","item":"https:\/\/aogosto.com.br\/delivery\/"},{"@type":"ListItem","position":2,"name":"Shop","item":"https:\/\/aogosto.com.br\/delivery\/loja\/"},{"@type":"ListItem","position":3,"name":"Tempero Especial p\/ Batata Frita (Picante) &#8211; Cantagallo"}]},{"@type":"WebSite","@id":"https:\/\/aogosto.com.br\/delivery\/#website","url":"https:\/\/aogosto.com.br\/delivery\/","name":"Ao Gosto Carnes","description":"Fa\u00e7a o seu pedido on-line!","potentialAction":[{"@type":"SearchAction","target":{"@type":"EntryPoint","urlTemplate":"https:\/\/aogosto.com.br\/delivery\/?s={search_term_string}"},"query-input":{"@type":"PropertyValueSpecification","valueRequired":true,"valueName":"search_term_string"}}],"inLanguage":"pt-BR"}]}},"_links":{"self":[{"href":"https:\/\/aogosto.com.br\/delivery\/wp-json\/wp\/v2\/product\/114114","targetHints":{"allow":["GET"]}}],"collection":[{"href":"https:\/\/aogosto.com.br\/delivery\/wp-json\/wp\/v2\/product"}],"about":[{"href":"https:\/\/aogosto.com.br\/delivery\/wp-json\/wp\/v2\/types\/product"}],"replies":[{"embeddable":true,"href":"https:\/\/aogosto.com.br\/delivery\/wp-json\/wp\/v2\/comments?post=114114"}],"version-history":[{"count":0,"href":"https:\/\/aogosto.com.br\/delivery\/wp-json\/wp\/v2\/product\/114114\/revisions"}],"wp:featuredmedia":[{"embeddable":true,"href":"https:\/\/aogosto.com.br\/delivery\/wp-json\/wp\/v2\/media\/114115"}],"wp:attachment":[{"href":"https:\/\/aogosto.com.br\/delivery\/wp-json\/wp\/v2\/media?parent=114114"}],"wp:term":[{"taxonomy":"product_brand","embeddable":true,"href":"https:\/\/aogosto.com.br\/delivery\/wp-json\/wp\/v2\/product_brand?post=114114"},{"taxonomy":"product_cat","embeddable":true,"href":"https:\/\/aogosto.com.br\/delivery\/wp-json\/wp\/v2\/product_cat?post=114114"},{"taxonomy":"product_tag","embeddable":true,"href":"https:\/\/aogosto.com.br\/delivery\/wp-json\/wp\/v2\/product_tag?post=114114"}],"curies":[{"name":"wp","href":"https:\/\/api.w.org\/{rel}","templated":true}]}}