{"id":114101,"date":"2025-04-24T14:54:35","date_gmt":"2025-04-24T17:54:35","guid":{"rendered":"https:\/\/aogosto.com.br\/delivery\/?post_type=product&#038;p=114101"},"modified":"2026-03-30T15:32:58","modified_gmt":"2026-03-30T18:32:58","slug":"molho-barbecue-junior-r-1790-un","status":"publish","type":"product","link":"https:\/\/aogosto.com.br\/delivery\/product\/molho-barbecue-junior-r-1790-un\/","title":{"rendered":"Molho Barbecue &#8211; Junior | R$: 17,90 (un)"},"content":{"rendered":"","protected":false},"excerpt":{"rendered":"<h5>O Delicioso sabor com toque defumado que \u00e9 indispens\u00e1vel hoje em dia para lanches, assados, cortes de carnes e em receitas especiais.<\/h5>\n<h5>Com seu caracter\u00edstico sabor agridoce, o molho barbecue Junior \u00e9 feito a partir de uma receita tradicional e rica em especiarias e condimentos arom\u00e1ticos.<\/h5>\n<p>Peso:\u00a0 380 gr<\/p>\n","protected":false},"featured_media":114102,"comment_status":"open","ping_status":"closed","template":"","meta":[],"product_brand":[],"product_cat":[186],"product_tag":[],"class_list":{"0":"post-114101","1":"product","2":"type-product","3":"status-publish","4":"has-post-thumbnail","6":"product_cat-molhos-2","8":"first","9":"instock","10":"shipping-taxable","11":"purchasable","12":"product-type-simple"},"yoast_head":"<!-- This site is optimized with the Yoast SEO plugin v27.2 - https:\/\/yoast.com\/product\/yoast-seo-wordpress\/ -->\n<title>Molho Barbecue - Junior | R$: 17,90 (un) | Ao Gosto Carnes<\/title>\n<meta name=\"robots\" content=\"index, follow, max-snippet:-1, max-image-preview:large, max-video-preview:-1\" \/>\n<link rel=\"canonical\" href=\"https:\/\/aogosto.com.br\/delivery\/product\/molho-barbecue-junior-r-1790-un\/\" \/>\n<meta property=\"og:locale\" content=\"pt_BR\" \/>\n<meta property=\"og:type\" content=\"article\" \/>\n<meta property=\"og:title\" content=\"Molho Barbecue - Junior | R$: 17,90 (un) | Ao Gosto Carnes\" \/>\n<meta property=\"og:description\" content=\"O Delicioso sabor com toque defumado que \u00e9 indispens\u00e1vel hoje em dia para lanches, assados, cortes de carnes e em receitas especiais. Com seu caracter\u00edstico sabor agridoce, o molho barbecue Junior \u00e9 feito a partir de uma receita tradicional e rica em especiarias e condimentos arom\u00e1ticos. Peso:\u00a0 380 gr\" \/>\n<meta property=\"og:url\" content=\"https:\/\/aogosto.com.br\/delivery\/product\/molho-barbecue-junior-r-1790-un\/\" \/>\n<meta property=\"og:site_name\" content=\"Ao Gosto Carnes\" \/>\n<meta property=\"article:publisher\" content=\"https:\/\/facebook.com.br\/aogostocarnesnobres\" \/>\n<meta property=\"article:modified_time\" content=\"2026-03-30T18:32:58+00:00\" \/>\n<meta property=\"og:image\" content=\"https:\/\/aogosto.com.br\/delivery\/wp-content\/uploads\/2025\/04\/Design-sem-nome-2025-04-24T145234.202.jpg\" \/>\n\t<meta property=\"og:image:width\" content=\"1080\" \/>\n\t<meta property=\"og:image:height\" content=\"1080\" \/>\n\t<meta property=\"og:image:type\" content=\"image\/jpeg\" \/>\n<meta name=\"twitter:card\" content=\"summary_large_image\" \/>\n<meta name=\"twitter:label1\" content=\"Est. tempo de leitura\" \/>\n\t<meta name=\"twitter:data1\" content=\"1 minuto\" \/>\n<script type=\"application\/ld+json\" class=\"yoast-schema-graph\">{\"@context\":\"https:\/\/schema.org\",\"@graph\":[{\"@type\":\"WebPage\",\"@id\":\"https:\/\/aogosto.com.br\/delivery\/product\/molho-barbecue-junior-r-1790-un\/\",\"url\":\"https:\/\/aogosto.com.br\/delivery\/product\/molho-barbecue-junior-r-1790-un\/\",\"name\":\"Molho Barbecue - Junior | R$: 17,90 (un) | Ao Gosto Carnes\",\"isPartOf\":{\"@id\":\"https:\/\/aogosto.com.br\/delivery\/#website\"},\"primaryImageOfPage\":{\"@id\":\"https:\/\/aogosto.com.br\/delivery\/product\/molho-barbecue-junior-r-1790-un\/#primaryimage\"},\"image\":{\"@id\":\"https:\/\/aogosto.com.br\/delivery\/product\/molho-barbecue-junior-r-1790-un\/#primaryimage\"},\"thumbnailUrl\":\"https:\/\/aogosto.com.br\/delivery\/wp-content\/uploads\/2025\/04\/Design-sem-nome-2025-04-24T145234.202.jpg\",\"datePublished\":\"2025-04-24T17:54:35+00:00\",\"dateModified\":\"2026-03-30T18:32:58+00:00\",\"breadcrumb\":{\"@id\":\"https:\/\/aogosto.com.br\/delivery\/product\/molho-barbecue-junior-r-1790-un\/#breadcrumb\"},\"inLanguage\":\"pt-BR\",\"potentialAction\":[{\"@type\":\"ReadAction\",\"target\":[\"https:\/\/aogosto.com.br\/delivery\/product\/molho-barbecue-junior-r-1790-un\/\"]}]},{\"@type\":\"ImageObject\",\"inLanguage\":\"pt-BR\",\"@id\":\"https:\/\/aogosto.com.br\/delivery\/product\/molho-barbecue-junior-r-1790-un\/#primaryimage\",\"url\":\"https:\/\/aogosto.com.br\/delivery\/wp-content\/uploads\/2025\/04\/Design-sem-nome-2025-04-24T145234.202.jpg\",\"contentUrl\":\"https:\/\/aogosto.com.br\/delivery\/wp-content\/uploads\/2025\/04\/Design-sem-nome-2025-04-24T145234.202.jpg\",\"width\":1080,\"height\":1080},{\"@type\":\"BreadcrumbList\",\"@id\":\"https:\/\/aogosto.com.br\/delivery\/product\/molho-barbecue-junior-r-1790-un\/#breadcrumb\",\"itemListElement\":[{\"@type\":\"ListItem\",\"position\":1,\"name\":\"In\u00edcio\",\"item\":\"https:\/\/aogosto.com.br\/delivery\/\"},{\"@type\":\"ListItem\",\"position\":2,\"name\":\"Shop\",\"item\":\"https:\/\/aogosto.com.br\/delivery\/loja\/\"},{\"@type\":\"ListItem\",\"position\":3,\"name\":\"Molho Barbecue &#8211; Junior | R$: 17,90 (un)\"}]},{\"@type\":\"WebSite\",\"@id\":\"https:\/\/aogosto.com.br\/delivery\/#website\",\"url\":\"https:\/\/aogosto.com.br\/delivery\/\",\"name\":\"Ao Gosto Carnes\",\"description\":\"Fa\u00e7a o seu pedido on-line!\",\"potentialAction\":[{\"@type\":\"SearchAction\",\"target\":{\"@type\":\"EntryPoint\",\"urlTemplate\":\"https:\/\/aogosto.com.br\/delivery\/?s={search_term_string}\"},\"query-input\":{\"@type\":\"PropertyValueSpecification\",\"valueRequired\":true,\"valueName\":\"search_term_string\"}}],\"inLanguage\":\"pt-BR\"}]}<\/script>\n<!-- \/ Yoast SEO plugin. -->","yoast_head_json":{"title":"Molho Barbecue - Junior | R$: 17,90 (un) | Ao Gosto Carnes","robots":{"index":"index","follow":"follow","max-snippet":"max-snippet:-1","max-image-preview":"max-image-preview:large","max-video-preview":"max-video-preview:-1"},"canonical":"https:\/\/aogosto.com.br\/delivery\/product\/molho-barbecue-junior-r-1790-un\/","og_locale":"pt_BR","og_type":"article","og_title":"Molho Barbecue - Junior | R$: 17,90 (un) | Ao Gosto Carnes","og_description":"O Delicioso sabor com toque defumado que \u00e9 indispens\u00e1vel hoje em dia para lanches, assados, cortes de carnes e em receitas especiais. Com seu caracter\u00edstico sabor agridoce, o molho barbecue Junior \u00e9 feito a partir de uma receita tradicional e rica em especiarias e condimentos arom\u00e1ticos. Peso:\u00a0 380 gr","og_url":"https:\/\/aogosto.com.br\/delivery\/product\/molho-barbecue-junior-r-1790-un\/","og_site_name":"Ao Gosto Carnes","article_publisher":"https:\/\/facebook.com.br\/aogostocarnesnobres","article_modified_time":"2026-03-30T18:32:58+00:00","og_image":[{"width":1080,"height":1080,"url":"https:\/\/aogosto.com.br\/delivery\/wp-content\/uploads\/2025\/04\/Design-sem-nome-2025-04-24T145234.202.jpg","type":"image\/jpeg"}],"twitter_card":"summary_large_image","twitter_misc":{"Est. tempo de leitura":"1 minuto"},"schema":{"@context":"https:\/\/schema.org","@graph":[{"@type":"WebPage","@id":"https:\/\/aogosto.com.br\/delivery\/product\/molho-barbecue-junior-r-1790-un\/","url":"https:\/\/aogosto.com.br\/delivery\/product\/molho-barbecue-junior-r-1790-un\/","name":"Molho Barbecue - Junior | R$: 17,90 (un) | Ao Gosto Carnes","isPartOf":{"@id":"https:\/\/aogosto.com.br\/delivery\/#website"},"primaryImageOfPage":{"@id":"https:\/\/aogosto.com.br\/delivery\/product\/molho-barbecue-junior-r-1790-un\/#primaryimage"},"image":{"@id":"https:\/\/aogosto.com.br\/delivery\/product\/molho-barbecue-junior-r-1790-un\/#primaryimage"},"thumbnailUrl":"https:\/\/aogosto.com.br\/delivery\/wp-content\/uploads\/2025\/04\/Design-sem-nome-2025-04-24T145234.202.jpg","datePublished":"2025-04-24T17:54:35+00:00","dateModified":"2026-03-30T18:32:58+00:00","breadcrumb":{"@id":"https:\/\/aogosto.com.br\/delivery\/product\/molho-barbecue-junior-r-1790-un\/#breadcrumb"},"inLanguage":"pt-BR","potentialAction":[{"@type":"ReadAction","target":["https:\/\/aogosto.com.br\/delivery\/product\/molho-barbecue-junior-r-1790-un\/"]}]},{"@type":"ImageObject","inLanguage":"pt-BR","@id":"https:\/\/aogosto.com.br\/delivery\/product\/molho-barbecue-junior-r-1790-un\/#primaryimage","url":"https:\/\/aogosto.com.br\/delivery\/wp-content\/uploads\/2025\/04\/Design-sem-nome-2025-04-24T145234.202.jpg","contentUrl":"https:\/\/aogosto.com.br\/delivery\/wp-content\/uploads\/2025\/04\/Design-sem-nome-2025-04-24T145234.202.jpg","width":1080,"height":1080},{"@type":"BreadcrumbList","@id":"https:\/\/aogosto.com.br\/delivery\/product\/molho-barbecue-junior-r-1790-un\/#breadcrumb","itemListElement":[{"@type":"ListItem","position":1,"name":"In\u00edcio","item":"https:\/\/aogosto.com.br\/delivery\/"},{"@type":"ListItem","position":2,"name":"Shop","item":"https:\/\/aogosto.com.br\/delivery\/loja\/"},{"@type":"ListItem","position":3,"name":"Molho Barbecue &#8211; Junior | R$: 17,90 (un)"}]},{"@type":"WebSite","@id":"https:\/\/aogosto.com.br\/delivery\/#website","url":"https:\/\/aogosto.com.br\/delivery\/","name":"Ao Gosto Carnes","description":"Fa\u00e7a o seu pedido on-line!","potentialAction":[{"@type":"SearchAction","target":{"@type":"EntryPoint","urlTemplate":"https:\/\/aogosto.com.br\/delivery\/?s={search_term_string}"},"query-input":{"@type":"PropertyValueSpecification","valueRequired":true,"valueName":"search_term_string"}}],"inLanguage":"pt-BR"}]}},"_links":{"self":[{"href":"https:\/\/aogosto.com.br\/delivery\/wp-json\/wp\/v2\/product\/114101","targetHints":{"allow":["GET"]}}],"collection":[{"href":"https:\/\/aogosto.com.br\/delivery\/wp-json\/wp\/v2\/product"}],"about":[{"href":"https:\/\/aogosto.com.br\/delivery\/wp-json\/wp\/v2\/types\/product"}],"replies":[{"embeddable":true,"href":"https:\/\/aogosto.com.br\/delivery\/wp-json\/wp\/v2\/comments?post=114101"}],"version-history":[{"count":1,"href":"https:\/\/aogosto.com.br\/delivery\/wp-json\/wp\/v2\/product\/114101\/revisions"}],"predecessor-version":[{"id":147848,"href":"https:\/\/aogosto.com.br\/delivery\/wp-json\/wp\/v2\/product\/114101\/revisions\/147848"}],"wp:featuredmedia":[{"embeddable":true,"href":"https:\/\/aogosto.com.br\/delivery\/wp-json\/wp\/v2\/media\/114102"}],"wp:attachment":[{"href":"https:\/\/aogosto.com.br\/delivery\/wp-json\/wp\/v2\/media?parent=114101"}],"wp:term":[{"taxonomy":"product_brand","embeddable":true,"href":"https:\/\/aogosto.com.br\/delivery\/wp-json\/wp\/v2\/product_brand?post=114101"},{"taxonomy":"product_cat","embeddable":true,"href":"https:\/\/aogosto.com.br\/delivery\/wp-json\/wp\/v2\/product_cat?post=114101"},{"taxonomy":"product_tag","embeddable":true,"href":"https:\/\/aogosto.com.br\/delivery\/wp-json\/wp\/v2\/product_tag?post=114101"}],"curies":[{"name":"wp","href":"https:\/\/api.w.org\/{rel}","templated":true}]}}