    {"id":111942,"date":"2025-04-01T19:14:58","date_gmt":"2025-04-01T22:14:58","guid":{"rendered":"https:\/\/aogosto.com.br\/delivery\/?post_type=product&#038;p=111942"},"modified":"2026-01-17T12:00:48","modified_gmt":"2026-01-17T15:00:48","slug":"picanha-de-cordeiro-guidara-r-8990-pct-congelado","status":"publish","type":"product","link":"https:\/\/aogosto.com.br\/delivery\/product\/picanha-de-cordeiro-guidara-r-8990-pct-congelado\/","title":{"rendered":"Picanha de Cordeiro &#8211; Guidara | R$: 89,90 ( pct- congelado)"},"content":{"rendered":"","protected":false},"excerpt":{"rendered":"<div class=\"WaaZC\">\n<div class=\"rPeykc\" data-hveid=\"CCcQAQ\" data-ved=\"2ahUKEwjblYjb7beMAxVDI7kGHZXVC68Qo_EKegQIJxAB\">\n<p><span data-huuid=\"7742774538596904325\">A picanha de cordeiro\u00a0<mark class=\"QVRyCf\">\u00e9 um corte de carne nobre, suculenta e macia, proveniente da parte traseira do animal<\/mark>.\u00a0<\/span><span data-huuid=\"7742774538596901212\">\u00c9 um corte sem osso, retirado do pernil, e tem uma capa de gordura que a torna saborosa.<span class=\"pjBG2e\" data-cid=\"1df97057-a144-4c51-a01d-11753d9f1e03\"><span class=\"UV3uM\">\u00a0<\/span><\/span><\/span><\/p>\n<div class=\"NPrrbc\" data-cid=\"1df97057-a144-4c51-a01d-11753d9f1e03\" data-uuids=\"7742774538596904325,7742774538596901212\">\n<div class=\"BMebGe btku5b fCrZyc LwdV0e FR7ZSc OJeuxf\" tabindex=\"0\" role=\"button\" aria-label=\"Mostrar links relacionados\" data-hveid=\"CCYQAQ\" data-ved=\"2ahUKEwjblYjb7beMAxVDI7kGHZXVC68Q3fYKegQIJhAB\">\n<div class=\"niO4u\">\n<div class=\"kHtcsd\"><\/div>\n<\/div>\n<\/div>\n<\/div>\n<\/div>\n<\/div>\n<div class=\"WaaZC\">\n<div class=\"rPeykc\" data-hveid=\"CB8QAQ\" data-ved=\"2ahUKEwjblYjb7beMAxVDI7kGHZXVC68Qo_EKegQIHxAB\"><span data-huuid=\"7742774538596903178\">Caracter\u00edsticas\u00a0<\/span><span data-huuid=\"4184909857204765374\">Textura delicada e marmoriza\u00e7\u00e3o suave, Leve toque de do\u00e7ura, Maciez inigual\u00e1vel.<\/span><\/div>\n<\/div>\n<div data-hveid=\"CB8QAQ\" data-ved=\"2ahUKEwjblYjb7beMAxVDI7kGHZXVC68Qo_EKegQIHxAB\"><\/div>\n<div data-hveid=\"CB8QAQ\" data-ved=\"2ahUKEwjblYjb7beMAxVDI7kGHZXVC68Qo_EKegQIHxAB\">Peso Aprox: <em><strong>0,650 gr<\/strong><\/em><\/div>\n<div data-hveid=\"CB8QAQ\" data-ved=\"2ahUKEwjblYjb7beMAxVDI7kGHZXVC68Qo_EKegQIHxAB\"><\/div>\n<div data-hveid=\"CB8QAQ\" data-ved=\"2ahUKEwjblYjb7beMAxVDI7kGHZXVC68Qo_EKegQIHxAB\">*PRODUTO CONGELADO*<\/div>\n","protected":false},"featured_media":111943,"comment_status":"open","ping_status":"closed","template":"","meta":[],"product_brand":[],"product_cat":[55],"product_tag":[],"class_list":{"0":"post-111942","1":"product","2":"type-product","3":"status-publish","4":"has-post-thumbnail","6":"product_cat-exotico","8":"first","9":"outofstock","10":"sold-individually","11":"shipping-taxable","12":"purchasable","13":"product-type-simple"},"yoast_head":"<!-- This site is optimized with the Yoast SEO plugin v27.2 - https:\/\/yoast.com\/product\/yoast-seo-wordpress\/ -->\n<title>Picanha de Cordeiro - Guidara | R$: 89,90 ( pct- congelado) | Ao Gosto Carnes<\/title>\n<meta name=\"robots\" content=\"index, follow, max-snippet:-1, max-image-preview:large, max-video-preview:-1\" \/>\n<link rel=\"canonical\" href=\"https:\/\/aogosto.com.br\/delivery\/product\/picanha-de-cordeiro-guidara-r-8990-pct-congelado\/\" \/>\n<meta property=\"og:locale\" content=\"pt_BR\" \/>\n<meta property=\"og:type\" content=\"article\" \/>\n<meta property=\"og:title\" content=\"Picanha de Cordeiro - Guidara | R$: 89,90 ( pct- congelado) | Ao Gosto Carnes\" \/>\n<meta property=\"og:description\" content=\"A picanha de cordeiro\u00a0\u00e9 um corte de carne nobre, suculenta e macia, proveniente da parte traseira do animal.\u00a0\u00c9 um corte sem osso, retirado do pernil, e tem uma capa de gordura que a torna saborosa.\u00a0           Caracter\u00edsticas\u00a0Textura delicada e marmoriza\u00e7\u00e3o suave, Leve toque de do\u00e7ura, Maciez inigual\u00e1vel.   Peso Aprox: 0,650 gr  *PRODUTO CONGELADO*\" \/>\n<meta property=\"og:url\" content=\"https:\/\/aogosto.com.br\/delivery\/product\/picanha-de-cordeiro-guidara-r-8990-pct-congelado\/\" \/>\n<meta property=\"og:site_name\" content=\"Ao Gosto Carnes\" \/>\n<meta property=\"article:publisher\" content=\"https:\/\/facebook.com.br\/aogostocarnesnobres\" \/>\n<meta property=\"article:modified_time\" content=\"2026-01-17T15:00:48+00:00\" \/>\n<meta property=\"og:image\" content=\"https:\/\/aogosto.com.br\/delivery\/wp-content\/uploads\/2025\/04\/Design-sem-nome-2025-04-01T191036.793.jpg\" \/>\n\t<meta property=\"og:image:width\" content=\"1080\" \/>\n\t<meta property=\"og:image:height\" content=\"1080\" \/>\n\t<meta property=\"og:image:type\" content=\"image\/jpeg\" \/>\n<meta name=\"twitter:card\" content=\"summary_large_image\" \/>\n<meta name=\"twitter:label1\" content=\"Est. tempo de leitura\" \/>\n\t<meta name=\"twitter:data1\" content=\"1 minuto\" \/>\n<script type=\"application\/ld+json\" class=\"yoast-schema-graph\">{\"@context\":\"https:\/\/schema.org\",\"@graph\":[{\"@type\":\"WebPage\",\"@id\":\"https:\/\/aogosto.com.br\/delivery\/product\/picanha-de-cordeiro-guidara-r-8990-pct-congelado\/\",\"url\":\"https:\/\/aogosto.com.br\/delivery\/product\/picanha-de-cordeiro-guidara-r-8990-pct-congelado\/\",\"name\":\"Picanha de Cordeiro - Guidara | R$: 89,90 ( pct- congelado) | Ao Gosto Carnes\",\"isPartOf\":{\"@id\":\"https:\/\/aogosto.com.br\/delivery\/#website\"},\"primaryImageOfPage\":{\"@id\":\"https:\/\/aogosto.com.br\/delivery\/product\/picanha-de-cordeiro-guidara-r-8990-pct-congelado\/#primaryimage\"},\"image\":{\"@id\":\"https:\/\/aogosto.com.br\/delivery\/product\/picanha-de-cordeiro-guidara-r-8990-pct-congelado\/#primaryimage\"},\"thumbnailUrl\":\"https:\/\/aogosto.com.br\/delivery\/wp-content\/uploads\/2025\/04\/Design-sem-nome-2025-04-01T191036.793.jpg\",\"datePublished\":\"2025-04-01T22:14:58+00:00\",\"dateModified\":\"2026-01-17T15:00:48+00:00\",\"breadcrumb\":{\"@id\":\"https:\/\/aogosto.com.br\/delivery\/product\/picanha-de-cordeiro-guidara-r-8990-pct-congelado\/#breadcrumb\"},\"inLanguage\":\"pt-BR\",\"potentialAction\":[{\"@type\":\"ReadAction\",\"target\":[\"https:\/\/aogosto.com.br\/delivery\/product\/picanha-de-cordeiro-guidara-r-8990-pct-congelado\/\"]}]},{\"@type\":\"ImageObject\",\"inLanguage\":\"pt-BR\",\"@id\":\"https:\/\/aogosto.com.br\/delivery\/product\/picanha-de-cordeiro-guidara-r-8990-pct-congelado\/#primaryimage\",\"url\":\"https:\/\/aogosto.com.br\/delivery\/wp-content\/uploads\/2025\/04\/Design-sem-nome-2025-04-01T191036.793.jpg\",\"contentUrl\":\"https:\/\/aogosto.com.br\/delivery\/wp-content\/uploads\/2025\/04\/Design-sem-nome-2025-04-01T191036.793.jpg\",\"width\":1080,\"height\":1080},{\"@type\":\"BreadcrumbList\",\"@id\":\"https:\/\/aogosto.com.br\/delivery\/product\/picanha-de-cordeiro-guidara-r-8990-pct-congelado\/#breadcrumb\",\"itemListElement\":[{\"@type\":\"ListItem\",\"position\":1,\"name\":\"In\u00edcio\",\"item\":\"https:\/\/aogosto.com.br\/delivery\/\"},{\"@type\":\"ListItem\",\"position\":2,\"name\":\"Shop\",\"item\":\"https:\/\/aogosto.com.br\/delivery\/loja\/\"},{\"@type\":\"ListItem\",\"position\":3,\"name\":\"Picanha de Cordeiro &#8211; Guidara | R$: 89,90 ( pct- congelado)\"}]},{\"@type\":\"WebSite\",\"@id\":\"https:\/\/aogosto.com.br\/delivery\/#website\",\"url\":\"https:\/\/aogosto.com.br\/delivery\/\",\"name\":\"Ao Gosto Carnes\",\"description\":\"Fa\u00e7a o seu pedido on-line!\",\"potentialAction\":[{\"@type\":\"SearchAction\",\"target\":{\"@type\":\"EntryPoint\",\"urlTemplate\":\"https:\/\/aogosto.com.br\/delivery\/?s={search_term_string}\"},\"query-input\":{\"@type\":\"PropertyValueSpecification\",\"valueRequired\":true,\"valueName\":\"search_term_string\"}}],\"inLanguage\":\"pt-BR\"}]}<\/script>\n<!-- \/ Yoast SEO plugin. -->","yoast_head_json":{"title":"Picanha de Cordeiro - Guidara | R$: 89,90 ( pct- congelado) | Ao Gosto Carnes","robots":{"index":"index","follow":"follow","max-snippet":"max-snippet:-1","max-image-preview":"max-image-preview:large","max-video-preview":"max-video-preview:-1"},"canonical":"https:\/\/aogosto.com.br\/delivery\/product\/picanha-de-cordeiro-guidara-r-8990-pct-congelado\/","og_locale":"pt_BR","og_type":"article","og_title":"Picanha de Cordeiro - Guidara | R$: 89,90 ( pct- congelado) | Ao Gosto Carnes","og_description":"A picanha de cordeiro\u00a0\u00e9 um corte de carne nobre, suculenta e macia, proveniente da parte traseira do animal.\u00a0\u00c9 um corte sem osso, retirado do pernil, e tem uma capa de gordura que a torna saborosa.\u00a0           Caracter\u00edsticas\u00a0Textura delicada e marmoriza\u00e7\u00e3o suave, Leve toque de do\u00e7ura, Maciez inigual\u00e1vel.   Peso Aprox: 0,650 gr  *PRODUTO CONGELADO*","og_url":"https:\/\/aogosto.com.br\/delivery\/product\/picanha-de-cordeiro-guidara-r-8990-pct-congelado\/","og_site_name":"Ao Gosto Carnes","article_publisher":"https:\/\/facebook.com.br\/aogostocarnesnobres","article_modified_time":"2026-01-17T15:00:48+00:00","og_image":[{"width":1080,"height":1080,"url":"https:\/\/aogosto.com.br\/delivery\/wp-content\/uploads\/2025\/04\/Design-sem-nome-2025-04-01T191036.793.jpg","type":"image\/jpeg"}],"twitter_card":"summary_large_image","twitter_misc":{"Est. tempo de leitura":"1 minuto"},"schema":{"@context":"https:\/\/schema.org","@graph":[{"@type":"WebPage","@id":"https:\/\/aogosto.com.br\/delivery\/product\/picanha-de-cordeiro-guidara-r-8990-pct-congelado\/","url":"https:\/\/aogosto.com.br\/delivery\/product\/picanha-de-cordeiro-guidara-r-8990-pct-congelado\/","name":"Picanha de Cordeiro - Guidara | R$: 89,90 ( pct- congelado) | Ao Gosto Carnes","isPartOf":{"@id":"https:\/\/aogosto.com.br\/delivery\/#website"},"primaryImageOfPage":{"@id":"https:\/\/aogosto.com.br\/delivery\/product\/picanha-de-cordeiro-guidara-r-8990-pct-congelado\/#primaryimage"},"image":{"@id":"https:\/\/aogosto.com.br\/delivery\/product\/picanha-de-cordeiro-guidara-r-8990-pct-congelado\/#primaryimage"},"thumbnailUrl":"https:\/\/aogosto.com.br\/delivery\/wp-content\/uploads\/2025\/04\/Design-sem-nome-2025-04-01T191036.793.jpg","datePublished":"2025-04-01T22:14:58+00:00","dateModified":"2026-01-17T15:00:48+00:00","breadcrumb":{"@id":"https:\/\/aogosto.com.br\/delivery\/product\/picanha-de-cordeiro-guidara-r-8990-pct-congelado\/#breadcrumb"},"inLanguage":"pt-BR","potentialAction":[{"@type":"ReadAction","target":["https:\/\/aogosto.com.br\/delivery\/product\/picanha-de-cordeiro-guidara-r-8990-pct-congelado\/"]}]},{"@type":"ImageObject","inLanguage":"pt-BR","@id":"https:\/\/aogosto.com.br\/delivery\/product\/picanha-de-cordeiro-guidara-r-8990-pct-congelado\/#primaryimage","url":"https:\/\/aogosto.com.br\/delivery\/wp-content\/uploads\/2025\/04\/Design-sem-nome-2025-04-01T191036.793.jpg","contentUrl":"https:\/\/aogosto.com.br\/delivery\/wp-content\/uploads\/2025\/04\/Design-sem-nome-2025-04-01T191036.793.jpg","width":1080,"height":1080},{"@type":"BreadcrumbList","@id":"https:\/\/aogosto.com.br\/delivery\/product\/picanha-de-cordeiro-guidara-r-8990-pct-congelado\/#breadcrumb","itemListElement":[{"@type":"ListItem","position":1,"name":"In\u00edcio","item":"https:\/\/aogosto.com.br\/delivery\/"},{"@type":"ListItem","position":2,"name":"Shop","item":"https:\/\/aogosto.com.br\/delivery\/loja\/"},{"@type":"ListItem","position":3,"name":"Picanha de Cordeiro &#8211; Guidara | R$: 89,90 ( pct- congelado)"}]},{"@type":"WebSite","@id":"https:\/\/aogosto.com.br\/delivery\/#website","url":"https:\/\/aogosto.com.br\/delivery\/","name":"Ao Gosto Carnes","description":"Fa\u00e7a o seu pedido on-line!","potentialAction":[{"@type":"SearchAction","target":{"@type":"EntryPoint","urlTemplate":"https:\/\/aogosto.com.br\/delivery\/?s={search_term_string}"},"query-input":{"@type":"PropertyValueSpecification","valueRequired":true,"valueName":"search_term_string"}}],"inLanguage":"pt-BR"}]}},"_links":{"self":[{"href":"https:\/\/aogosto.com.br\/delivery\/wp-json\/wp\/v2\/product\/111942","targetHints":{"allow":["GET"]}}],"collection":[{"href":"https:\/\/aogosto.com.br\/delivery\/wp-json\/wp\/v2\/product"}],"about":[{"href":"https:\/\/aogosto.com.br\/delivery\/wp-json\/wp\/v2\/types\/product"}],"replies":[{"embeddable":true,"href":"https:\/\/aogosto.com.br\/delivery\/wp-json\/wp\/v2\/comments?post=111942"}],"version-history":[{"count":0,"href":"https:\/\/aogosto.com.br\/delivery\/wp-json\/wp\/v2\/product\/111942\/revisions"}],"wp:featuredmedia":[{"embeddable":true,"href":"https:\/\/aogosto.com.br\/delivery\/wp-json\/wp\/v2\/media\/111943"}],"wp:attachment":[{"href":"https:\/\/aogosto.com.br\/delivery\/wp-json\/wp\/v2\/media?parent=111942"}],"wp:term":[{"taxonomy":"product_brand","embeddable":true,"href":"https:\/\/aogosto.com.br\/delivery\/wp-json\/wp\/v2\/product_brand?post=111942"},{"taxonomy":"product_cat","embeddable":true,"href":"https:\/\/aogosto.com.br\/delivery\/wp-json\/wp\/v2\/product_cat?post=111942"},{"taxonomy":"product_tag","embeddable":true,"href":"https:\/\/aogosto.com.br\/delivery\/wp-json\/wp\/v2\/product_tag?post=111942"}],"curies":[{"name":"wp","href":"https:\/\/api.w.org\/{rel}","templated":true}]}}