    {"id":111344,"date":"2025-03-25T12:42:21","date_gmt":"2025-03-25T15:42:21","guid":{"rendered":"https:\/\/aogosto.com.br\/delivery\/?post_type=product&#038;p=111344"},"modified":"2026-04-09T14:51:08","modified_gmt":"2026-04-09T17:51:08","slug":"picanha-steak-wagyu-guidara-r-5990-pct-congelado","status":"publish","type":"product","link":"https:\/\/aogosto.com.br\/delivery\/product\/picanha-steak-wagyu-guidara-r-5990-pct-congelado\/","title":{"rendered":"Picanha Steak Wagyu &#8211; Guidara | R$:129,90 (pct-congelado)"},"content":{"rendered":"","protected":false},"excerpt":{"rendered":"<p>Recorte de Picanha ( Picanha Steak)<\/p>\n<p><span data-huuid=\"12538470479227326417\">A Picanha Steak Nippo Guidara\u00a0<mark class=\"QVRyCf\">\u00e9 um corte de carne bovina da linha Nippo Guidara, que \u00e9 feita de animais com pelo menos 50% de gen\u00e9tica Wagyu<\/mark>.\u00a0<\/span><span data-huuid=\"12538470479227326022\">A carne Wagyu \u00e9 considerada uma das mais nobres do mundo.<span class=\"pjBG2e\" data-cid=\"b360bdaf-43b1-4d1f-b8e5-130b9ca07178\"><span class=\"UV3uM\">\u00a0<\/span><\/span><\/span><\/p>\n","protected":false},"featured_media":146739,"comment_status":"open","ping_status":"closed","template":"","meta":[],"product_brand":[],"product_cat":[33,195],"product_tag":[],"class_list":{"0":"post-111344","1":"product","2":"type-product","3":"status-publish","4":"has-post-thumbnail","6":"product_cat-picanha","7":"product_cat-wagyu","9":"first","10":"instock","11":"shipping-taxable","12":"purchasable","13":"product-type-simple"},"yoast_head":"<!-- This site is optimized with the Yoast SEO plugin v27.2 - https:\/\/yoast.com\/product\/yoast-seo-wordpress\/ -->\n<title>Picanha Steak Wagyu - Guidara | R$:129,90 (pct-congelado) | Ao Gosto Carnes<\/title>\n<meta name=\"robots\" content=\"index, follow, max-snippet:-1, max-image-preview:large, max-video-preview:-1\" \/>\n<link rel=\"canonical\" href=\"https:\/\/aogosto.com.br\/delivery\/product\/picanha-steak-wagyu-guidara-r-5990-pct-congelado\/\" \/>\n<meta property=\"og:locale\" content=\"pt_BR\" \/>\n<meta property=\"og:type\" content=\"article\" \/>\n<meta property=\"og:title\" content=\"Picanha Steak Wagyu - Guidara | R$:129,90 (pct-congelado) | Ao Gosto Carnes\" \/>\n<meta property=\"og:description\" content=\"Recorte de Picanha ( Picanha Steak)  A Picanha Steak Nippo Guidara\u00a0\u00e9 um corte de carne bovina da linha Nippo Guidara, que \u00e9 feita de animais com pelo menos 50% de gen\u00e9tica Wagyu.\u00a0A carne Wagyu \u00e9 considerada uma das mais nobres do mundo.\u00a0\" \/>\n<meta property=\"og:url\" content=\"https:\/\/aogosto.com.br\/delivery\/product\/picanha-steak-wagyu-guidara-r-5990-pct-congelado\/\" \/>\n<meta property=\"og:site_name\" content=\"Ao Gosto Carnes\" \/>\n<meta property=\"article:publisher\" content=\"https:\/\/facebook.com.br\/aogostocarnesnobres\" \/>\n<meta property=\"article:modified_time\" content=\"2026-04-09T17:51:08+00:00\" \/>\n<meta property=\"og:image\" content=\"https:\/\/aogosto.com.br\/delivery\/wp-content\/uploads\/2025\/03\/Picanha-Steak-Wagyu-Guidara-1.webp\" \/>\n\t<meta property=\"og:image:width\" content=\"500\" \/>\n\t<meta property=\"og:image:height\" content=\"500\" \/>\n\t<meta property=\"og:image:type\" content=\"image\/webp\" \/>\n<meta name=\"twitter:card\" content=\"summary_large_image\" \/>\n<meta name=\"twitter:label1\" content=\"Est. tempo de leitura\" \/>\n\t<meta name=\"twitter:data1\" content=\"1 minuto\" \/>\n<script type=\"application\/ld+json\" class=\"yoast-schema-graph\">{\"@context\":\"https:\/\/schema.org\",\"@graph\":[{\"@type\":\"WebPage\",\"@id\":\"https:\/\/aogosto.com.br\/delivery\/product\/picanha-steak-wagyu-guidara-r-5990-pct-congelado\/\",\"url\":\"https:\/\/aogosto.com.br\/delivery\/product\/picanha-steak-wagyu-guidara-r-5990-pct-congelado\/\",\"name\":\"Picanha Steak Wagyu - Guidara | R$:129,90 (pct-congelado) | Ao Gosto Carnes\",\"isPartOf\":{\"@id\":\"https:\/\/aogosto.com.br\/delivery\/#website\"},\"primaryImageOfPage\":{\"@id\":\"https:\/\/aogosto.com.br\/delivery\/product\/picanha-steak-wagyu-guidara-r-5990-pct-congelado\/#primaryimage\"},\"image\":{\"@id\":\"https:\/\/aogosto.com.br\/delivery\/product\/picanha-steak-wagyu-guidara-r-5990-pct-congelado\/#primaryimage\"},\"thumbnailUrl\":\"https:\/\/aogosto.com.br\/delivery\/wp-content\/uploads\/2025\/03\/Picanha-Steak-Wagyu-Guidara-1.webp\",\"datePublished\":\"2025-03-25T15:42:21+00:00\",\"dateModified\":\"2026-04-09T17:51:08+00:00\",\"breadcrumb\":{\"@id\":\"https:\/\/aogosto.com.br\/delivery\/product\/picanha-steak-wagyu-guidara-r-5990-pct-congelado\/#breadcrumb\"},\"inLanguage\":\"pt-BR\",\"potentialAction\":[{\"@type\":\"ReadAction\",\"target\":[\"https:\/\/aogosto.com.br\/delivery\/product\/picanha-steak-wagyu-guidara-r-5990-pct-congelado\/\"]}]},{\"@type\":\"ImageObject\",\"inLanguage\":\"pt-BR\",\"@id\":\"https:\/\/aogosto.com.br\/delivery\/product\/picanha-steak-wagyu-guidara-r-5990-pct-congelado\/#primaryimage\",\"url\":\"https:\/\/aogosto.com.br\/delivery\/wp-content\/uploads\/2025\/03\/Picanha-Steak-Wagyu-Guidara-1.webp\",\"contentUrl\":\"https:\/\/aogosto.com.br\/delivery\/wp-content\/uploads\/2025\/03\/Picanha-Steak-Wagyu-Guidara-1.webp\",\"width\":500,\"height\":500},{\"@type\":\"BreadcrumbList\",\"@id\":\"https:\/\/aogosto.com.br\/delivery\/product\/picanha-steak-wagyu-guidara-r-5990-pct-congelado\/#breadcrumb\",\"itemListElement\":[{\"@type\":\"ListItem\",\"position\":1,\"name\":\"In\u00edcio\",\"item\":\"https:\/\/aogosto.com.br\/delivery\/\"},{\"@type\":\"ListItem\",\"position\":2,\"name\":\"Shop\",\"item\":\"https:\/\/aogosto.com.br\/delivery\/loja\/\"},{\"@type\":\"ListItem\",\"position\":3,\"name\":\"Picanha Steak Wagyu &#8211; Guidara | R$:129,90 (pct-congelado)\"}]},{\"@type\":\"WebSite\",\"@id\":\"https:\/\/aogosto.com.br\/delivery\/#website\",\"url\":\"https:\/\/aogosto.com.br\/delivery\/\",\"name\":\"Ao Gosto Carnes\",\"description\":\"Fa\u00e7a o seu pedido on-line!\",\"potentialAction\":[{\"@type\":\"SearchAction\",\"target\":{\"@type\":\"EntryPoint\",\"urlTemplate\":\"https:\/\/aogosto.com.br\/delivery\/?s={search_term_string}\"},\"query-input\":{\"@type\":\"PropertyValueSpecification\",\"valueRequired\":true,\"valueName\":\"search_term_string\"}}],\"inLanguage\":\"pt-BR\"}]}<\/script>\n<!-- \/ Yoast SEO plugin. -->","yoast_head_json":{"title":"Picanha Steak Wagyu - Guidara | R$:129,90 (pct-congelado) | Ao Gosto Carnes","robots":{"index":"index","follow":"follow","max-snippet":"max-snippet:-1","max-image-preview":"max-image-preview:large","max-video-preview":"max-video-preview:-1"},"canonical":"https:\/\/aogosto.com.br\/delivery\/product\/picanha-steak-wagyu-guidara-r-5990-pct-congelado\/","og_locale":"pt_BR","og_type":"article","og_title":"Picanha Steak Wagyu - Guidara | R$:129,90 (pct-congelado) | Ao Gosto Carnes","og_description":"Recorte de Picanha ( Picanha Steak)  A Picanha Steak Nippo Guidara\u00a0\u00e9 um corte de carne bovina da linha Nippo Guidara, que \u00e9 feita de animais com pelo menos 50% de gen\u00e9tica Wagyu.\u00a0A carne Wagyu \u00e9 considerada uma das mais nobres do mundo.\u00a0","og_url":"https:\/\/aogosto.com.br\/delivery\/product\/picanha-steak-wagyu-guidara-r-5990-pct-congelado\/","og_site_name":"Ao Gosto Carnes","article_publisher":"https:\/\/facebook.com.br\/aogostocarnesnobres","article_modified_time":"2026-04-09T17:51:08+00:00","og_image":[{"width":500,"height":500,"url":"https:\/\/aogosto.com.br\/delivery\/wp-content\/uploads\/2025\/03\/Picanha-Steak-Wagyu-Guidara-1.webp","type":"image\/webp"}],"twitter_card":"summary_large_image","twitter_misc":{"Est. tempo de leitura":"1 minuto"},"schema":{"@context":"https:\/\/schema.org","@graph":[{"@type":"WebPage","@id":"https:\/\/aogosto.com.br\/delivery\/product\/picanha-steak-wagyu-guidara-r-5990-pct-congelado\/","url":"https:\/\/aogosto.com.br\/delivery\/product\/picanha-steak-wagyu-guidara-r-5990-pct-congelado\/","name":"Picanha Steak Wagyu - Guidara | R$:129,90 (pct-congelado) | Ao Gosto Carnes","isPartOf":{"@id":"https:\/\/aogosto.com.br\/delivery\/#website"},"primaryImageOfPage":{"@id":"https:\/\/aogosto.com.br\/delivery\/product\/picanha-steak-wagyu-guidara-r-5990-pct-congelado\/#primaryimage"},"image":{"@id":"https:\/\/aogosto.com.br\/delivery\/product\/picanha-steak-wagyu-guidara-r-5990-pct-congelado\/#primaryimage"},"thumbnailUrl":"https:\/\/aogosto.com.br\/delivery\/wp-content\/uploads\/2025\/03\/Picanha-Steak-Wagyu-Guidara-1.webp","datePublished":"2025-03-25T15:42:21+00:00","dateModified":"2026-04-09T17:51:08+00:00","breadcrumb":{"@id":"https:\/\/aogosto.com.br\/delivery\/product\/picanha-steak-wagyu-guidara-r-5990-pct-congelado\/#breadcrumb"},"inLanguage":"pt-BR","potentialAction":[{"@type":"ReadAction","target":["https:\/\/aogosto.com.br\/delivery\/product\/picanha-steak-wagyu-guidara-r-5990-pct-congelado\/"]}]},{"@type":"ImageObject","inLanguage":"pt-BR","@id":"https:\/\/aogosto.com.br\/delivery\/product\/picanha-steak-wagyu-guidara-r-5990-pct-congelado\/#primaryimage","url":"https:\/\/aogosto.com.br\/delivery\/wp-content\/uploads\/2025\/03\/Picanha-Steak-Wagyu-Guidara-1.webp","contentUrl":"https:\/\/aogosto.com.br\/delivery\/wp-content\/uploads\/2025\/03\/Picanha-Steak-Wagyu-Guidara-1.webp","width":500,"height":500},{"@type":"BreadcrumbList","@id":"https:\/\/aogosto.com.br\/delivery\/product\/picanha-steak-wagyu-guidara-r-5990-pct-congelado\/#breadcrumb","itemListElement":[{"@type":"ListItem","position":1,"name":"In\u00edcio","item":"https:\/\/aogosto.com.br\/delivery\/"},{"@type":"ListItem","position":2,"name":"Shop","item":"https:\/\/aogosto.com.br\/delivery\/loja\/"},{"@type":"ListItem","position":3,"name":"Picanha Steak Wagyu &#8211; Guidara | R$:129,90 (pct-congelado)"}]},{"@type":"WebSite","@id":"https:\/\/aogosto.com.br\/delivery\/#website","url":"https:\/\/aogosto.com.br\/delivery\/","name":"Ao Gosto Carnes","description":"Fa\u00e7a o seu pedido on-line!","potentialAction":[{"@type":"SearchAction","target":{"@type":"EntryPoint","urlTemplate":"https:\/\/aogosto.com.br\/delivery\/?s={search_term_string}"},"query-input":{"@type":"PropertyValueSpecification","valueRequired":true,"valueName":"search_term_string"}}],"inLanguage":"pt-BR"}]}},"_links":{"self":[{"href":"https:\/\/aogosto.com.br\/delivery\/wp-json\/wp\/v2\/product\/111344","targetHints":{"allow":["GET"]}}],"collection":[{"href":"https:\/\/aogosto.com.br\/delivery\/wp-json\/wp\/v2\/product"}],"about":[{"href":"https:\/\/aogosto.com.br\/delivery\/wp-json\/wp\/v2\/types\/product"}],"replies":[{"embeddable":true,"href":"https:\/\/aogosto.com.br\/delivery\/wp-json\/wp\/v2\/comments?post=111344"}],"version-history":[{"count":1,"href":"https:\/\/aogosto.com.br\/delivery\/wp-json\/wp\/v2\/product\/111344\/revisions"}],"predecessor-version":[{"id":146736,"href":"https:\/\/aogosto.com.br\/delivery\/wp-json\/wp\/v2\/product\/111344\/revisions\/146736"}],"wp:featuredmedia":[{"embeddable":true,"href":"https:\/\/aogosto.com.br\/delivery\/wp-json\/wp\/v2\/media\/146739"}],"wp:attachment":[{"href":"https:\/\/aogosto.com.br\/delivery\/wp-json\/wp\/v2\/media?parent=111344"}],"wp:term":[{"taxonomy":"product_brand","embeddable":true,"href":"https:\/\/aogosto.com.br\/delivery\/wp-json\/wp\/v2\/product_brand?post=111344"},{"taxonomy":"product_cat","embeddable":true,"href":"https:\/\/aogosto.com.br\/delivery\/wp-json\/wp\/v2\/product_cat?post=111344"},{"taxonomy":"product_tag","embeddable":true,"href":"https:\/\/aogosto.com.br\/delivery\/wp-json\/wp\/v2\/product_tag?post=111344"}],"curies":[{"name":"wp","href":"https:\/\/api.w.org\/{rel}","templated":true}]}}