{"id":111273,"date":"2025-03-24T16:50:05","date_gmt":"2025-03-24T19:50:05","guid":{"rendered":"https:\/\/aogosto.com.br\/delivery\/?post_type=product&#038;p=111273"},"modified":"2025-12-06T10:41:27","modified_gmt":"2025-12-06T13:41:27","slug":"peito-bovino-brisket-taurus-guidara-r-5990-kg-congelado","status":"publish","type":"product","link":"https:\/\/aogosto.com.br\/delivery\/product\/peito-bovino-brisket-taurus-guidara-r-5990-kg-congelado\/","title":{"rendered":"Peito Bovino (Brisket) Taurus &#8211; Guidara | R$: 59,90 kg"},"content":{"rendered":"","protected":false},"excerpt":{"rendered":"<div class=\"WaaZC\">\n<div class=\"RJPOee EIJn2\">\n<div class=\"rPeykc\" data-hveid=\"CAQQAQ\" data-ved=\"2ahUKEwiBr6-RvqOMAxXTLrkGHZpjEccQo_EKegQIBBAB\">\n<p><span data-huuid=\"13963935372561597521\">O Brisket Steak da linha Taurus Guidara\u00a0<mark class=\"QVRyCf\">\u00e9 um corte de peito bovino que promete sabor intenso e sucul\u00eancia<\/mark>.\u00a0<\/span><span data-huuid=\"13963935372561599202\">\u00c9 ideal para churrascos.<span class=\"pjBG2e\" data-cid=\"8a3fbf2d-6cf3-4b92-8a54-a258576dc281\"><span class=\"UV3uM\">\u00a0<\/span><\/span><\/span><\/p>\n<div class=\"NPrrbc\" data-cid=\"8a3fbf2d-6cf3-4b92-8a54-a258576dc281\" data-uuids=\"13963935372561597521,13963935372561599202\">\n<div class=\"BMebGe btku5b fCrZyc LwdV0e FR7ZSc OJeuxf\" tabindex=\"0\" role=\"button\" aria-label=\"Mostrar links relacionados\" data-hveid=\"CAcQAQ\" data-ved=\"2ahUKEwiBr6-RvqOMAxXTLrkGHZpjEccQ3fYKegQIBxAB\">\n<div class=\"niO4u\">\n<div class=\"kHtcsd\"><\/div>\n<\/div>\n<\/div>\n<\/div>\n<\/div>\n<\/div>\n<\/div>\n<div class=\"WaaZC\">\n<div class=\"RJPOee EIJn2\">\n<div class=\"rPeykc\" data-hveid=\"CAUQAQ\" data-ved=\"2ahUKEwiBr6-RvqOMAxXTLrkGHZpjEccQo_EKegQIBRAB\"><span class=\"oXzekf\" data-huuid=\"13963935372561598468\">Caracter\u00edsticas\u00a0<\/span><span class=\"oXzekf\" data-huuid=\"3361387142735417487\">Corte do peito bovino, Padr\u00e3o perfeito, Sabor intenso, Sucul\u00eancia inigual\u00e1vel.<span class=\"pjBG2e\" data-cid=\"4e13d12f-0429-4c96-8996-8c4dd5293d94\"><span class=\"UV3uM\">\u00a0<\/span><\/span><\/span><\/div>\n<div data-hveid=\"CAUQAQ\" data-ved=\"2ahUKEwiBr6-RvqOMAxXTLrkGHZpjEccQo_EKegQIBRAB\">\n<ul data-hveid=\"CC0QAQ\" data-ved=\"2ahUKEwiBr6-RvqOMAxXTLrkGHZpjEccQm_YKegQILRAB\">\n<li><span data-huuid=\"13963935372561596738\"><span data-huuid=\"13963935372561596738\">A linha Taurus leva este nome\u00a0 pois nela \u00e9 trabalhado produtos de ra\u00e7as da esp\u00e9cie Bos Taurus como Wagyu, Angus, Hereford, Santa Gertrudis<\/span><\/span><\/li>\n<\/ul>\n<\/div>\n<\/div>\n<\/div>\n<p>&nbsp;Peso Aprox. 1 kg<\/p>\n<p>*O valor final pode variar conforme o peso exato de cada pe\u00e7a.*<\/p>\n<p>*Imagens meramente ilustrativas.*<\/p>\n","protected":false},"featured_media":111274,"comment_status":"open","ping_status":"closed","template":"","meta":[],"product_brand":[],"product_cat":[34],"product_tag":[],"class_list":{"0":"post-111273","1":"product","2":"type-product","3":"status-publish","4":"has-post-thumbnail","6":"product_cat-boi","8":"first","9":"outofstock","10":"shipping-taxable","11":"purchasable","12":"product-type-simple"},"yoast_head":"<!-- This site is optimized with the Yoast SEO plugin v27.2 - https:\/\/yoast.com\/product\/yoast-seo-wordpress\/ -->\n<title>Peito Bovino (Brisket) Taurus - Guidara | R$: 59,90 kg | Ao Gosto Carnes<\/title>\n<meta name=\"robots\" content=\"index, follow, max-snippet:-1, max-image-preview:large, max-video-preview:-1\" \/>\n<link rel=\"canonical\" href=\"https:\/\/aogosto.com.br\/delivery\/product\/peito-bovino-brisket-taurus-guidara-r-5990-kg-congelado\/\" \/>\n<meta property=\"og:locale\" content=\"pt_BR\" \/>\n<meta property=\"og:type\" content=\"article\" \/>\n<meta property=\"og:title\" content=\"Peito Bovino (Brisket) Taurus - Guidara | R$: 59,90 kg | Ao Gosto Carnes\" \/>\n<meta property=\"og:description\" content=\"O Brisket Steak da linha Taurus Guidara\u00a0\u00e9 um corte de peito bovino que promete sabor intenso e sucul\u00eancia.\u00a0\u00c9 ideal para churrascos.\u00a0             Caracter\u00edsticas\u00a0Corte do peito bovino, Padr\u00e3o perfeito, Sabor intenso, Sucul\u00eancia inigual\u00e1vel.\u00a0    A linha Taurus leva este nome\u00a0 pois nela \u00e9 trabalhado produtos de ra\u00e7as da esp\u00e9cie Bos Taurus como Wagyu, Angus, Hereford, Santa Gertrudis     &nbsp;Peso Aprox. 1 kg *O valor final pode variar conforme o peso exato de cada pe\u00e7a.* *Imagens meramente ilustrativas.*\" \/>\n<meta property=\"og:url\" content=\"https:\/\/aogosto.com.br\/delivery\/product\/peito-bovino-brisket-taurus-guidara-r-5990-kg-congelado\/\" \/>\n<meta property=\"og:site_name\" content=\"Ao Gosto Carnes\" \/>\n<meta property=\"article:publisher\" content=\"https:\/\/facebook.com.br\/aogostocarnesnobres\" \/>\n<meta property=\"article:modified_time\" content=\"2025-12-06T13:41:27+00:00\" \/>\n<meta property=\"og:image\" content=\"https:\/\/aogosto.com.br\/delivery\/wp-content\/uploads\/2025\/03\/Design-sem-nome-2025-03-24T164356.138.jpg\" \/>\n\t<meta property=\"og:image:width\" content=\"1080\" \/>\n\t<meta property=\"og:image:height\" content=\"1080\" \/>\n\t<meta property=\"og:image:type\" content=\"image\/jpeg\" \/>\n<meta name=\"twitter:card\" content=\"summary_large_image\" \/>\n<meta name=\"twitter:label1\" content=\"Est. tempo de leitura\" \/>\n\t<meta name=\"twitter:data1\" content=\"1 minuto\" \/>\n<script type=\"application\/ld+json\" class=\"yoast-schema-graph\">{\"@context\":\"https:\/\/schema.org\",\"@graph\":[{\"@type\":\"WebPage\",\"@id\":\"https:\/\/aogosto.com.br\/delivery\/product\/peito-bovino-brisket-taurus-guidara-r-5990-kg-congelado\/\",\"url\":\"https:\/\/aogosto.com.br\/delivery\/product\/peito-bovino-brisket-taurus-guidara-r-5990-kg-congelado\/\",\"name\":\"Peito Bovino (Brisket) Taurus - Guidara | R$: 59,90 kg | Ao Gosto Carnes\",\"isPartOf\":{\"@id\":\"https:\/\/aogosto.com.br\/delivery\/#website\"},\"primaryImageOfPage\":{\"@id\":\"https:\/\/aogosto.com.br\/delivery\/product\/peito-bovino-brisket-taurus-guidara-r-5990-kg-congelado\/#primaryimage\"},\"image\":{\"@id\":\"https:\/\/aogosto.com.br\/delivery\/product\/peito-bovino-brisket-taurus-guidara-r-5990-kg-congelado\/#primaryimage\"},\"thumbnailUrl\":\"https:\/\/aogosto.com.br\/delivery\/wp-content\/uploads\/2025\/03\/Design-sem-nome-2025-03-24T164356.138.jpg\",\"datePublished\":\"2025-03-24T19:50:05+00:00\",\"dateModified\":\"2025-12-06T13:41:27+00:00\",\"breadcrumb\":{\"@id\":\"https:\/\/aogosto.com.br\/delivery\/product\/peito-bovino-brisket-taurus-guidara-r-5990-kg-congelado\/#breadcrumb\"},\"inLanguage\":\"pt-BR\",\"potentialAction\":[{\"@type\":\"ReadAction\",\"target\":[\"https:\/\/aogosto.com.br\/delivery\/product\/peito-bovino-brisket-taurus-guidara-r-5990-kg-congelado\/\"]}]},{\"@type\":\"ImageObject\",\"inLanguage\":\"pt-BR\",\"@id\":\"https:\/\/aogosto.com.br\/delivery\/product\/peito-bovino-brisket-taurus-guidara-r-5990-kg-congelado\/#primaryimage\",\"url\":\"https:\/\/aogosto.com.br\/delivery\/wp-content\/uploads\/2025\/03\/Design-sem-nome-2025-03-24T164356.138.jpg\",\"contentUrl\":\"https:\/\/aogosto.com.br\/delivery\/wp-content\/uploads\/2025\/03\/Design-sem-nome-2025-03-24T164356.138.jpg\",\"width\":1080,\"height\":1080},{\"@type\":\"BreadcrumbList\",\"@id\":\"https:\/\/aogosto.com.br\/delivery\/product\/peito-bovino-brisket-taurus-guidara-r-5990-kg-congelado\/#breadcrumb\",\"itemListElement\":[{\"@type\":\"ListItem\",\"position\":1,\"name\":\"In\u00edcio\",\"item\":\"https:\/\/aogosto.com.br\/delivery\/\"},{\"@type\":\"ListItem\",\"position\":2,\"name\":\"Shop\",\"item\":\"https:\/\/aogosto.com.br\/delivery\/loja\/\"},{\"@type\":\"ListItem\",\"position\":3,\"name\":\"Peito Bovino (Brisket) Taurus &#8211; Guidara | R$: 59,90 kg\"}]},{\"@type\":\"WebSite\",\"@id\":\"https:\/\/aogosto.com.br\/delivery\/#website\",\"url\":\"https:\/\/aogosto.com.br\/delivery\/\",\"name\":\"Ao Gosto Carnes\",\"description\":\"Fa\u00e7a o seu pedido on-line!\",\"potentialAction\":[{\"@type\":\"SearchAction\",\"target\":{\"@type\":\"EntryPoint\",\"urlTemplate\":\"https:\/\/aogosto.com.br\/delivery\/?s={search_term_string}\"},\"query-input\":{\"@type\":\"PropertyValueSpecification\",\"valueRequired\":true,\"valueName\":\"search_term_string\"}}],\"inLanguage\":\"pt-BR\"}]}<\/script>\n<!-- \/ Yoast SEO plugin. -->","yoast_head_json":{"title":"Peito Bovino (Brisket) Taurus - Guidara | R$: 59,90 kg | Ao Gosto Carnes","robots":{"index":"index","follow":"follow","max-snippet":"max-snippet:-1","max-image-preview":"max-image-preview:large","max-video-preview":"max-video-preview:-1"},"canonical":"https:\/\/aogosto.com.br\/delivery\/product\/peito-bovino-brisket-taurus-guidara-r-5990-kg-congelado\/","og_locale":"pt_BR","og_type":"article","og_title":"Peito Bovino (Brisket) Taurus - Guidara | R$: 59,90 kg | Ao Gosto Carnes","og_description":"O Brisket Steak da linha Taurus Guidara\u00a0\u00e9 um corte de peito bovino que promete sabor intenso e sucul\u00eancia.\u00a0\u00c9 ideal para churrascos.\u00a0             Caracter\u00edsticas\u00a0Corte do peito bovino, Padr\u00e3o perfeito, Sabor intenso, Sucul\u00eancia inigual\u00e1vel.\u00a0    A linha Taurus leva este nome\u00a0 pois nela \u00e9 trabalhado produtos de ra\u00e7as da esp\u00e9cie Bos Taurus como Wagyu, Angus, Hereford, Santa Gertrudis     &nbsp;Peso Aprox. 1 kg *O valor final pode variar conforme o peso exato de cada pe\u00e7a.* *Imagens meramente ilustrativas.*","og_url":"https:\/\/aogosto.com.br\/delivery\/product\/peito-bovino-brisket-taurus-guidara-r-5990-kg-congelado\/","og_site_name":"Ao Gosto Carnes","article_publisher":"https:\/\/facebook.com.br\/aogostocarnesnobres","article_modified_time":"2025-12-06T13:41:27+00:00","og_image":[{"width":1080,"height":1080,"url":"https:\/\/aogosto.com.br\/delivery\/wp-content\/uploads\/2025\/03\/Design-sem-nome-2025-03-24T164356.138.jpg","type":"image\/jpeg"}],"twitter_card":"summary_large_image","twitter_misc":{"Est. tempo de leitura":"1 minuto"},"schema":{"@context":"https:\/\/schema.org","@graph":[{"@type":"WebPage","@id":"https:\/\/aogosto.com.br\/delivery\/product\/peito-bovino-brisket-taurus-guidara-r-5990-kg-congelado\/","url":"https:\/\/aogosto.com.br\/delivery\/product\/peito-bovino-brisket-taurus-guidara-r-5990-kg-congelado\/","name":"Peito Bovino (Brisket) Taurus - Guidara | R$: 59,90 kg | Ao Gosto Carnes","isPartOf":{"@id":"https:\/\/aogosto.com.br\/delivery\/#website"},"primaryImageOfPage":{"@id":"https:\/\/aogosto.com.br\/delivery\/product\/peito-bovino-brisket-taurus-guidara-r-5990-kg-congelado\/#primaryimage"},"image":{"@id":"https:\/\/aogosto.com.br\/delivery\/product\/peito-bovino-brisket-taurus-guidara-r-5990-kg-congelado\/#primaryimage"},"thumbnailUrl":"https:\/\/aogosto.com.br\/delivery\/wp-content\/uploads\/2025\/03\/Design-sem-nome-2025-03-24T164356.138.jpg","datePublished":"2025-03-24T19:50:05+00:00","dateModified":"2025-12-06T13:41:27+00:00","breadcrumb":{"@id":"https:\/\/aogosto.com.br\/delivery\/product\/peito-bovino-brisket-taurus-guidara-r-5990-kg-congelado\/#breadcrumb"},"inLanguage":"pt-BR","potentialAction":[{"@type":"ReadAction","target":["https:\/\/aogosto.com.br\/delivery\/product\/peito-bovino-brisket-taurus-guidara-r-5990-kg-congelado\/"]}]},{"@type":"ImageObject","inLanguage":"pt-BR","@id":"https:\/\/aogosto.com.br\/delivery\/product\/peito-bovino-brisket-taurus-guidara-r-5990-kg-congelado\/#primaryimage","url":"https:\/\/aogosto.com.br\/delivery\/wp-content\/uploads\/2025\/03\/Design-sem-nome-2025-03-24T164356.138.jpg","contentUrl":"https:\/\/aogosto.com.br\/delivery\/wp-content\/uploads\/2025\/03\/Design-sem-nome-2025-03-24T164356.138.jpg","width":1080,"height":1080},{"@type":"BreadcrumbList","@id":"https:\/\/aogosto.com.br\/delivery\/product\/peito-bovino-brisket-taurus-guidara-r-5990-kg-congelado\/#breadcrumb","itemListElement":[{"@type":"ListItem","position":1,"name":"In\u00edcio","item":"https:\/\/aogosto.com.br\/delivery\/"},{"@type":"ListItem","position":2,"name":"Shop","item":"https:\/\/aogosto.com.br\/delivery\/loja\/"},{"@type":"ListItem","position":3,"name":"Peito Bovino (Brisket) Taurus &#8211; Guidara | R$: 59,90 kg"}]},{"@type":"WebSite","@id":"https:\/\/aogosto.com.br\/delivery\/#website","url":"https:\/\/aogosto.com.br\/delivery\/","name":"Ao Gosto Carnes","description":"Fa\u00e7a o seu pedido on-line!","potentialAction":[{"@type":"SearchAction","target":{"@type":"EntryPoint","urlTemplate":"https:\/\/aogosto.com.br\/delivery\/?s={search_term_string}"},"query-input":{"@type":"PropertyValueSpecification","valueRequired":true,"valueName":"search_term_string"}}],"inLanguage":"pt-BR"}]}},"_links":{"self":[{"href":"https:\/\/aogosto.com.br\/delivery\/wp-json\/wp\/v2\/product\/111273","targetHints":{"allow":["GET"]}}],"collection":[{"href":"https:\/\/aogosto.com.br\/delivery\/wp-json\/wp\/v2\/product"}],"about":[{"href":"https:\/\/aogosto.com.br\/delivery\/wp-json\/wp\/v2\/types\/product"}],"replies":[{"embeddable":true,"href":"https:\/\/aogosto.com.br\/delivery\/wp-json\/wp\/v2\/comments?post=111273"}],"version-history":[{"count":0,"href":"https:\/\/aogosto.com.br\/delivery\/wp-json\/wp\/v2\/product\/111273\/revisions"}],"wp:featuredmedia":[{"embeddable":true,"href":"https:\/\/aogosto.com.br\/delivery\/wp-json\/wp\/v2\/media\/111274"}],"wp:attachment":[{"href":"https:\/\/aogosto.com.br\/delivery\/wp-json\/wp\/v2\/media?parent=111273"}],"wp:term":[{"taxonomy":"product_brand","embeddable":true,"href":"https:\/\/aogosto.com.br\/delivery\/wp-json\/wp\/v2\/product_brand?post=111273"},{"taxonomy":"product_cat","embeddable":true,"href":"https:\/\/aogosto.com.br\/delivery\/wp-json\/wp\/v2\/product_cat?post=111273"},{"taxonomy":"product_tag","embeddable":true,"href":"https:\/\/aogosto.com.br\/delivery\/wp-json\/wp\/v2\/product_tag?post=111273"}],"curies":[{"name":"wp","href":"https:\/\/api.w.org\/{rel}","templated":true}]}}