    {"id":110862,"date":"2025-03-19T15:39:37","date_gmt":"2025-03-19T18:39:37","guid":{"rendered":"https:\/\/aogosto.com.br\/delivery\/?post_type=product&#038;p=110862"},"modified":"2025-11-05T17:37:27","modified_gmt":"2025-11-05T20:37:27","slug":"cerveja-de-leve-laut-600-ml-r-790-un","status":"publish","type":"product","link":"https:\/\/aogosto.com.br\/delivery\/product\/cerveja-de-leve-laut-600-ml-r-790-un\/","title":{"rendered":"Cerveja &#8216;De Leve&#8217; &#8211; L\u00e4ut 600 ml |  R$: 7,90 (un)"},"content":{"rendered":"","protected":false},"excerpt":{"rendered":"<p>Cerveja\u00a0Light Lager Puro Malte &#8211; L\u00e4ut Premium Beer<br \/>\nGarrafa de\u00a0600mL<\/p>\n<p>Chegou a hora de mudar e o seu Ver\u00e3o nunca mais vai ser o mesmo com a protagonista do momento na Laut Beer!<br \/>\nA nossa nova De Leve agora deixa de ser uma hop lager e passa a ser uma light lager.<br \/>\nUma cerveja super saborosa, leve, refrescante e o melhor: <strong>zero a\u00e7\u00facar, zero carbo de baix\u00edssima\u00a0caloria.<\/strong><br \/>\nIdeal para quem n\u00e3o abre m\u00e3o de uma boa cerveja associado a um estilo de vida saud\u00e1vel.<\/p>\n<p><em>Cont\u00e9m 1\u00a0Garrafa de 600ML<\/em><\/p>\n<p>&nbsp;<\/p>\n<p>&nbsp;<\/p>\n<p>*PRODUTO PROIBIDO PARA MENORES DE\u00a0 18 ANOS *<\/p>\n<p>*NAO ACOMPANHA TA\u00c7A*<\/p>\n","protected":false},"featured_media":110863,"comment_status":"open","ping_status":"closed","template":"","meta":[],"product_brand":[],"product_cat":[69,374],"product_tag":[],"class_list":{"0":"post-110862","1":"product","2":"type-product","3":"status-publish","4":"has-post-thumbnail","6":"product_cat-bebidas","7":"product_cat-cerveja","9":"first","10":"outofstock","11":"shipping-taxable","12":"purchasable","13":"product-type-simple"},"yoast_head":"<!-- This site is optimized with the Yoast SEO plugin v27.2 - https:\/\/yoast.com\/product\/yoast-seo-wordpress\/ -->\n<title>Cerveja &#039;De Leve&#039; - L\u00e4ut 600 ml | R$: 7,90 (un) | Ao Gosto Carnes<\/title>\n<meta name=\"robots\" content=\"index, follow, max-snippet:-1, max-image-preview:large, max-video-preview:-1\" \/>\n<link rel=\"canonical\" href=\"https:\/\/aogosto.com.br\/delivery\/product\/cerveja-de-leve-laut-600-ml-r-790-un\/\" \/>\n<meta property=\"og:locale\" content=\"pt_BR\" \/>\n<meta property=\"og:type\" content=\"article\" \/>\n<meta property=\"og:title\" content=\"Cerveja &#039;De Leve&#039; - L\u00e4ut 600 ml | R$: 7,90 (un) | Ao Gosto Carnes\" \/>\n<meta property=\"og:description\" content=\"Cerveja\u00a0Light Lager Puro Malte - L\u00e4ut Premium Beer Garrafa de\u00a0600mL  Chegou a hora de mudar e o seu Ver\u00e3o nunca mais vai ser o mesmo com a protagonista do momento na Laut Beer! A nossa nova De Leve agora deixa de ser uma hop lager e passa a ser uma light lager. Uma cerveja super saborosa, leve, refrescante e o melhor: zero a\u00e7\u00facar, zero carbo de baix\u00edssima\u00a0caloria. Ideal para quem n\u00e3o abre m\u00e3o de uma boa cerveja associado a um estilo de vida saud\u00e1vel.  Cont\u00e9m 1\u00a0Garrafa de 600ML  &nbsp;  &nbsp;  *PRODUTO PROIBIDO PARA MENORES DE\u00a0 18 ANOS *  *NAO ACOMPANHA TA\u00c7A*\" \/>\n<meta property=\"og:url\" content=\"https:\/\/aogosto.com.br\/delivery\/product\/cerveja-de-leve-laut-600-ml-r-790-un\/\" \/>\n<meta property=\"og:site_name\" content=\"Ao Gosto Carnes\" \/>\n<meta property=\"article:publisher\" content=\"https:\/\/facebook.com.br\/aogostocarnesnobres\" \/>\n<meta property=\"article:modified_time\" content=\"2025-11-05T20:37:27+00:00\" \/>\n<meta property=\"og:image\" content=\"https:\/\/aogosto.com.br\/delivery\/wp-content\/uploads\/2025\/03\/Design-sem-nome-2025-03-19T153423.068.jpg\" \/>\n\t<meta property=\"og:image:width\" content=\"1080\" \/>\n\t<meta property=\"og:image:height\" content=\"1080\" \/>\n\t<meta property=\"og:image:type\" content=\"image\/jpeg\" \/>\n<meta name=\"twitter:card\" content=\"summary_large_image\" \/>\n<meta name=\"twitter:label1\" content=\"Est. tempo de leitura\" \/>\n\t<meta name=\"twitter:data1\" content=\"1 minuto\" \/>\n<script type=\"application\/ld+json\" class=\"yoast-schema-graph\">{\"@context\":\"https:\/\/schema.org\",\"@graph\":[{\"@type\":\"WebPage\",\"@id\":\"https:\/\/aogosto.com.br\/delivery\/product\/cerveja-de-leve-laut-600-ml-r-790-un\/\",\"url\":\"https:\/\/aogosto.com.br\/delivery\/product\/cerveja-de-leve-laut-600-ml-r-790-un\/\",\"name\":\"Cerveja 'De Leve' - L\u00e4ut 600 ml | R$: 7,90 (un) | Ao Gosto Carnes\",\"isPartOf\":{\"@id\":\"https:\/\/aogosto.com.br\/delivery\/#website\"},\"primaryImageOfPage\":{\"@id\":\"https:\/\/aogosto.com.br\/delivery\/product\/cerveja-de-leve-laut-600-ml-r-790-un\/#primaryimage\"},\"image\":{\"@id\":\"https:\/\/aogosto.com.br\/delivery\/product\/cerveja-de-leve-laut-600-ml-r-790-un\/#primaryimage\"},\"thumbnailUrl\":\"https:\/\/aogosto.com.br\/delivery\/wp-content\/uploads\/2025\/03\/Design-sem-nome-2025-03-19T153423.068.jpg\",\"datePublished\":\"2025-03-19T18:39:37+00:00\",\"dateModified\":\"2025-11-05T20:37:27+00:00\",\"breadcrumb\":{\"@id\":\"https:\/\/aogosto.com.br\/delivery\/product\/cerveja-de-leve-laut-600-ml-r-790-un\/#breadcrumb\"},\"inLanguage\":\"pt-BR\",\"potentialAction\":[{\"@type\":\"ReadAction\",\"target\":[\"https:\/\/aogosto.com.br\/delivery\/product\/cerveja-de-leve-laut-600-ml-r-790-un\/\"]}]},{\"@type\":\"ImageObject\",\"inLanguage\":\"pt-BR\",\"@id\":\"https:\/\/aogosto.com.br\/delivery\/product\/cerveja-de-leve-laut-600-ml-r-790-un\/#primaryimage\",\"url\":\"https:\/\/aogosto.com.br\/delivery\/wp-content\/uploads\/2025\/03\/Design-sem-nome-2025-03-19T153423.068.jpg\",\"contentUrl\":\"https:\/\/aogosto.com.br\/delivery\/wp-content\/uploads\/2025\/03\/Design-sem-nome-2025-03-19T153423.068.jpg\",\"width\":1080,\"height\":1080},{\"@type\":\"BreadcrumbList\",\"@id\":\"https:\/\/aogosto.com.br\/delivery\/product\/cerveja-de-leve-laut-600-ml-r-790-un\/#breadcrumb\",\"itemListElement\":[{\"@type\":\"ListItem\",\"position\":1,\"name\":\"In\u00edcio\",\"item\":\"https:\/\/aogosto.com.br\/delivery\/\"},{\"@type\":\"ListItem\",\"position\":2,\"name\":\"Shop\",\"item\":\"https:\/\/aogosto.com.br\/delivery\/loja\/\"},{\"@type\":\"ListItem\",\"position\":3,\"name\":\"Cerveja &#8216;De Leve&#8217; &#8211; L\u00e4ut 600 ml | R$: 7,90 (un)\"}]},{\"@type\":\"WebSite\",\"@id\":\"https:\/\/aogosto.com.br\/delivery\/#website\",\"url\":\"https:\/\/aogosto.com.br\/delivery\/\",\"name\":\"Ao Gosto Carnes\",\"description\":\"Fa\u00e7a o seu pedido on-line!\",\"potentialAction\":[{\"@type\":\"SearchAction\",\"target\":{\"@type\":\"EntryPoint\",\"urlTemplate\":\"https:\/\/aogosto.com.br\/delivery\/?s={search_term_string}\"},\"query-input\":{\"@type\":\"PropertyValueSpecification\",\"valueRequired\":true,\"valueName\":\"search_term_string\"}}],\"inLanguage\":\"pt-BR\"}]}<\/script>\n<!-- \/ Yoast SEO plugin. -->","yoast_head_json":{"title":"Cerveja 'De Leve' - L\u00e4ut 600 ml | R$: 7,90 (un) | Ao Gosto Carnes","robots":{"index":"index","follow":"follow","max-snippet":"max-snippet:-1","max-image-preview":"max-image-preview:large","max-video-preview":"max-video-preview:-1"},"canonical":"https:\/\/aogosto.com.br\/delivery\/product\/cerveja-de-leve-laut-600-ml-r-790-un\/","og_locale":"pt_BR","og_type":"article","og_title":"Cerveja 'De Leve' - L\u00e4ut 600 ml | R$: 7,90 (un) | Ao Gosto Carnes","og_description":"Cerveja\u00a0Light Lager Puro Malte - L\u00e4ut Premium Beer Garrafa de\u00a0600mL  Chegou a hora de mudar e o seu Ver\u00e3o nunca mais vai ser o mesmo com a protagonista do momento na Laut Beer! A nossa nova De Leve agora deixa de ser uma hop lager e passa a ser uma light lager. Uma cerveja super saborosa, leve, refrescante e o melhor: zero a\u00e7\u00facar, zero carbo de baix\u00edssima\u00a0caloria. Ideal para quem n\u00e3o abre m\u00e3o de uma boa cerveja associado a um estilo de vida saud\u00e1vel.  Cont\u00e9m 1\u00a0Garrafa de 600ML  &nbsp;  &nbsp;  *PRODUTO PROIBIDO PARA MENORES DE\u00a0 18 ANOS *  *NAO ACOMPANHA TA\u00c7A*","og_url":"https:\/\/aogosto.com.br\/delivery\/product\/cerveja-de-leve-laut-600-ml-r-790-un\/","og_site_name":"Ao Gosto Carnes","article_publisher":"https:\/\/facebook.com.br\/aogostocarnesnobres","article_modified_time":"2025-11-05T20:37:27+00:00","og_image":[{"width":1080,"height":1080,"url":"https:\/\/aogosto.com.br\/delivery\/wp-content\/uploads\/2025\/03\/Design-sem-nome-2025-03-19T153423.068.jpg","type":"image\/jpeg"}],"twitter_card":"summary_large_image","twitter_misc":{"Est. tempo de leitura":"1 minuto"},"schema":{"@context":"https:\/\/schema.org","@graph":[{"@type":"WebPage","@id":"https:\/\/aogosto.com.br\/delivery\/product\/cerveja-de-leve-laut-600-ml-r-790-un\/","url":"https:\/\/aogosto.com.br\/delivery\/product\/cerveja-de-leve-laut-600-ml-r-790-un\/","name":"Cerveja 'De Leve' - L\u00e4ut 600 ml | R$: 7,90 (un) | Ao Gosto Carnes","isPartOf":{"@id":"https:\/\/aogosto.com.br\/delivery\/#website"},"primaryImageOfPage":{"@id":"https:\/\/aogosto.com.br\/delivery\/product\/cerveja-de-leve-laut-600-ml-r-790-un\/#primaryimage"},"image":{"@id":"https:\/\/aogosto.com.br\/delivery\/product\/cerveja-de-leve-laut-600-ml-r-790-un\/#primaryimage"},"thumbnailUrl":"https:\/\/aogosto.com.br\/delivery\/wp-content\/uploads\/2025\/03\/Design-sem-nome-2025-03-19T153423.068.jpg","datePublished":"2025-03-19T18:39:37+00:00","dateModified":"2025-11-05T20:37:27+00:00","breadcrumb":{"@id":"https:\/\/aogosto.com.br\/delivery\/product\/cerveja-de-leve-laut-600-ml-r-790-un\/#breadcrumb"},"inLanguage":"pt-BR","potentialAction":[{"@type":"ReadAction","target":["https:\/\/aogosto.com.br\/delivery\/product\/cerveja-de-leve-laut-600-ml-r-790-un\/"]}]},{"@type":"ImageObject","inLanguage":"pt-BR","@id":"https:\/\/aogosto.com.br\/delivery\/product\/cerveja-de-leve-laut-600-ml-r-790-un\/#primaryimage","url":"https:\/\/aogosto.com.br\/delivery\/wp-content\/uploads\/2025\/03\/Design-sem-nome-2025-03-19T153423.068.jpg","contentUrl":"https:\/\/aogosto.com.br\/delivery\/wp-content\/uploads\/2025\/03\/Design-sem-nome-2025-03-19T153423.068.jpg","width":1080,"height":1080},{"@type":"BreadcrumbList","@id":"https:\/\/aogosto.com.br\/delivery\/product\/cerveja-de-leve-laut-600-ml-r-790-un\/#breadcrumb","itemListElement":[{"@type":"ListItem","position":1,"name":"In\u00edcio","item":"https:\/\/aogosto.com.br\/delivery\/"},{"@type":"ListItem","position":2,"name":"Shop","item":"https:\/\/aogosto.com.br\/delivery\/loja\/"},{"@type":"ListItem","position":3,"name":"Cerveja &#8216;De Leve&#8217; &#8211; L\u00e4ut 600 ml | R$: 7,90 (un)"}]},{"@type":"WebSite","@id":"https:\/\/aogosto.com.br\/delivery\/#website","url":"https:\/\/aogosto.com.br\/delivery\/","name":"Ao Gosto Carnes","description":"Fa\u00e7a o seu pedido on-line!","potentialAction":[{"@type":"SearchAction","target":{"@type":"EntryPoint","urlTemplate":"https:\/\/aogosto.com.br\/delivery\/?s={search_term_string}"},"query-input":{"@type":"PropertyValueSpecification","valueRequired":true,"valueName":"search_term_string"}}],"inLanguage":"pt-BR"}]}},"_links":{"self":[{"href":"https:\/\/aogosto.com.br\/delivery\/wp-json\/wp\/v2\/product\/110862","targetHints":{"allow":["GET"]}}],"collection":[{"href":"https:\/\/aogosto.com.br\/delivery\/wp-json\/wp\/v2\/product"}],"about":[{"href":"https:\/\/aogosto.com.br\/delivery\/wp-json\/wp\/v2\/types\/product"}],"replies":[{"embeddable":true,"href":"https:\/\/aogosto.com.br\/delivery\/wp-json\/wp\/v2\/comments?post=110862"}],"version-history":[{"count":0,"href":"https:\/\/aogosto.com.br\/delivery\/wp-json\/wp\/v2\/product\/110862\/revisions"}],"wp:featuredmedia":[{"embeddable":true,"href":"https:\/\/aogosto.com.br\/delivery\/wp-json\/wp\/v2\/media\/110863"}],"wp:attachment":[{"href":"https:\/\/aogosto.com.br\/delivery\/wp-json\/wp\/v2\/media?parent=110862"}],"wp:term":[{"taxonomy":"product_brand","embeddable":true,"href":"https:\/\/aogosto.com.br\/delivery\/wp-json\/wp\/v2\/product_brand?post=110862"},{"taxonomy":"product_cat","embeddable":true,"href":"https:\/\/aogosto.com.br\/delivery\/wp-json\/wp\/v2\/product_cat?post=110862"},{"taxonomy":"product_tag","embeddable":true,"href":"https:\/\/aogosto.com.br\/delivery\/wp-json\/wp\/v2\/product_tag?post=110862"}],"curies":[{"name":"wp","href":"https:\/\/api.w.org\/{rel}","templated":true}]}}