{"id":10799,"date":"2021-12-14T12:02:50","date_gmt":"2021-12-14T15:02:50","guid":{"rendered":"https:\/\/aogosto.com.br\/delivery\/?post_type=product&#038;p=10799"},"modified":"2026-04-09T11:28:17","modified_gmt":"2026-04-09T14:28:17","slug":"mini-chester-recheado-r-38-90-kg","status":"publish","type":"product","link":"https:\/\/aogosto.com.br\/delivery\/product\/mini-chester-recheado-r-38-90-kg\/","title":{"rendered":"Chester Desossado e Recheado l R$: 44,90 kg"},"content":{"rendered":"","protected":false},"excerpt":{"rendered":"<p>Chester\u00a0 Desossado e recheado<\/p>\n<p>op\u00e7\u00f5es de recheio:<\/p>\n<p>Peso Aprox : 3000 gr<\/p>\n<p>Presunto, Mussarela e Bacon<\/p>\n<p>&nbsp;<\/p>\n<p>Farofa Rica<\/p>\n<p>*<em><strong>ATEN\u00c7\u00c3O:<\/strong> PRODUTO<strong> IN NATURA-<\/strong> N\u00c3O ASSADO*<\/em><\/p>\n<p>&nbsp;<\/p>\n<p>&nbsp;<\/p>\n","protected":false},"featured_media":14351,"comment_status":"closed","ping_status":"closed","template":"","meta":[],"product_brand":[],"product_cat":[503,32,518,340],"product_tag":[],"class_list":{"0":"post-10799","1":"product","2":"type-product","3":"status-publish","4":"has-post-thumbnail","6":"product_cat-pascoa","7":"product_cat-frango","8":"product_cat-natal25","9":"product_cat-original","11":"first","12":"outofstock","13":"shipping-taxable","14":"purchasable","15":"product-type-variable"},"yoast_head":"<!-- This site is optimized with the Yoast SEO plugin v27.2 - https:\/\/yoast.com\/product\/yoast-seo-wordpress\/ -->\n<title>Chester Desossado e Recheado l R$: 44,90 kg | Ao Gosto Carnes<\/title>\n<meta name=\"robots\" content=\"index, follow, max-snippet:-1, max-image-preview:large, max-video-preview:-1\" \/>\n<link rel=\"canonical\" href=\"https:\/\/aogosto.com.br\/delivery\/product\/mini-chester-recheado-r-38-90-kg\/\" \/>\n<meta property=\"og:locale\" content=\"pt_BR\" \/>\n<meta property=\"og:type\" content=\"article\" \/>\n<meta property=\"og:title\" content=\"Chester Desossado e Recheado l R$: 44,90 kg | Ao Gosto Carnes\" \/>\n<meta property=\"og:description\" content=\"Chester\u00a0 Desossado e recheado op\u00e7\u00f5es de recheio: Peso Aprox : 3000 gr Presunto, Mussarela e Bacon &nbsp; Farofa Rica *ATEN\u00c7\u00c3O: PRODUTO IN NATURA- N\u00c3O ASSADO* &nbsp; &nbsp;\" \/>\n<meta property=\"og:url\" content=\"https:\/\/aogosto.com.br\/delivery\/product\/mini-chester-recheado-r-38-90-kg\/\" \/>\n<meta property=\"og:site_name\" content=\"Ao Gosto Carnes\" \/>\n<meta property=\"article:publisher\" content=\"https:\/\/facebook.com.br\/aogostocarnesnobres\" \/>\n<meta property=\"article:modified_time\" content=\"2026-04-09T14:28:17+00:00\" \/>\n<meta property=\"og:image\" content=\"https:\/\/aogosto.com.br\/delivery\/wp-content\/uploads\/2021\/12\/chester.jpg\" \/>\n\t<meta property=\"og:image:width\" content=\"540\" \/>\n\t<meta property=\"og:image:height\" content=\"540\" \/>\n\t<meta property=\"og:image:type\" content=\"image\/jpeg\" \/>\n<meta name=\"twitter:card\" content=\"summary_large_image\" \/>\n<meta name=\"twitter:label1\" content=\"Est. tempo de leitura\" \/>\n\t<meta name=\"twitter:data1\" content=\"1 minuto\" \/>\n<script type=\"application\/ld+json\" class=\"yoast-schema-graph\">{\"@context\":\"https:\/\/schema.org\",\"@graph\":[{\"@type\":\"WebPage\",\"@id\":\"https:\/\/aogosto.com.br\/delivery\/product\/mini-chester-recheado-r-38-90-kg\/\",\"url\":\"https:\/\/aogosto.com.br\/delivery\/product\/mini-chester-recheado-r-38-90-kg\/\",\"name\":\"Chester Desossado e Recheado l R$: 44,90 kg | Ao Gosto Carnes\",\"isPartOf\":{\"@id\":\"https:\/\/aogosto.com.br\/delivery\/#website\"},\"primaryImageOfPage\":{\"@id\":\"https:\/\/aogosto.com.br\/delivery\/product\/mini-chester-recheado-r-38-90-kg\/#primaryimage\"},\"image\":{\"@id\":\"https:\/\/aogosto.com.br\/delivery\/product\/mini-chester-recheado-r-38-90-kg\/#primaryimage\"},\"thumbnailUrl\":\"https:\/\/aogosto.com.br\/delivery\/wp-content\/uploads\/2021\/12\/chester.jpg\",\"datePublished\":\"2021-12-14T15:02:50+00:00\",\"dateModified\":\"2026-04-09T14:28:17+00:00\",\"breadcrumb\":{\"@id\":\"https:\/\/aogosto.com.br\/delivery\/product\/mini-chester-recheado-r-38-90-kg\/#breadcrumb\"},\"inLanguage\":\"pt-BR\",\"potentialAction\":[{\"@type\":\"ReadAction\",\"target\":[\"https:\/\/aogosto.com.br\/delivery\/product\/mini-chester-recheado-r-38-90-kg\/\"]}]},{\"@type\":\"ImageObject\",\"inLanguage\":\"pt-BR\",\"@id\":\"https:\/\/aogosto.com.br\/delivery\/product\/mini-chester-recheado-r-38-90-kg\/#primaryimage\",\"url\":\"https:\/\/aogosto.com.br\/delivery\/wp-content\/uploads\/2021\/12\/chester.jpg\",\"contentUrl\":\"https:\/\/aogosto.com.br\/delivery\/wp-content\/uploads\/2021\/12\/chester.jpg\",\"width\":540,\"height\":540},{\"@type\":\"BreadcrumbList\",\"@id\":\"https:\/\/aogosto.com.br\/delivery\/product\/mini-chester-recheado-r-38-90-kg\/#breadcrumb\",\"itemListElement\":[{\"@type\":\"ListItem\",\"position\":1,\"name\":\"In\u00edcio\",\"item\":\"https:\/\/aogosto.com.br\/delivery\/\"},{\"@type\":\"ListItem\",\"position\":2,\"name\":\"Shop\",\"item\":\"https:\/\/aogosto.com.br\/delivery\/loja\/\"},{\"@type\":\"ListItem\",\"position\":3,\"name\":\"Chester Desossado e Recheado l R$: 44,90 kg\"}]},{\"@type\":\"WebSite\",\"@id\":\"https:\/\/aogosto.com.br\/delivery\/#website\",\"url\":\"https:\/\/aogosto.com.br\/delivery\/\",\"name\":\"Ao Gosto Carnes\",\"description\":\"Fa\u00e7a o seu pedido on-line!\",\"potentialAction\":[{\"@type\":\"SearchAction\",\"target\":{\"@type\":\"EntryPoint\",\"urlTemplate\":\"https:\/\/aogosto.com.br\/delivery\/?s={search_term_string}\"},\"query-input\":{\"@type\":\"PropertyValueSpecification\",\"valueRequired\":true,\"valueName\":\"search_term_string\"}}],\"inLanguage\":\"pt-BR\"}]}<\/script>\n<!-- \/ Yoast SEO plugin. -->","yoast_head_json":{"title":"Chester Desossado e Recheado l R$: 44,90 kg | Ao Gosto Carnes","robots":{"index":"index","follow":"follow","max-snippet":"max-snippet:-1","max-image-preview":"max-image-preview:large","max-video-preview":"max-video-preview:-1"},"canonical":"https:\/\/aogosto.com.br\/delivery\/product\/mini-chester-recheado-r-38-90-kg\/","og_locale":"pt_BR","og_type":"article","og_title":"Chester Desossado e Recheado l R$: 44,90 kg | Ao Gosto Carnes","og_description":"Chester\u00a0 Desossado e recheado op\u00e7\u00f5es de recheio: Peso Aprox : 3000 gr Presunto, Mussarela e Bacon &nbsp; Farofa Rica *ATEN\u00c7\u00c3O: PRODUTO IN NATURA- N\u00c3O ASSADO* &nbsp; &nbsp;","og_url":"https:\/\/aogosto.com.br\/delivery\/product\/mini-chester-recheado-r-38-90-kg\/","og_site_name":"Ao Gosto Carnes","article_publisher":"https:\/\/facebook.com.br\/aogostocarnesnobres","article_modified_time":"2026-04-09T14:28:17+00:00","og_image":[{"width":540,"height":540,"url":"https:\/\/aogosto.com.br\/delivery\/wp-content\/uploads\/2021\/12\/chester.jpg","type":"image\/jpeg"}],"twitter_card":"summary_large_image","twitter_misc":{"Est. tempo de leitura":"1 minuto"},"schema":{"@context":"https:\/\/schema.org","@graph":[{"@type":"WebPage","@id":"https:\/\/aogosto.com.br\/delivery\/product\/mini-chester-recheado-r-38-90-kg\/","url":"https:\/\/aogosto.com.br\/delivery\/product\/mini-chester-recheado-r-38-90-kg\/","name":"Chester Desossado e Recheado l R$: 44,90 kg | Ao Gosto Carnes","isPartOf":{"@id":"https:\/\/aogosto.com.br\/delivery\/#website"},"primaryImageOfPage":{"@id":"https:\/\/aogosto.com.br\/delivery\/product\/mini-chester-recheado-r-38-90-kg\/#primaryimage"},"image":{"@id":"https:\/\/aogosto.com.br\/delivery\/product\/mini-chester-recheado-r-38-90-kg\/#primaryimage"},"thumbnailUrl":"https:\/\/aogosto.com.br\/delivery\/wp-content\/uploads\/2021\/12\/chester.jpg","datePublished":"2021-12-14T15:02:50+00:00","dateModified":"2026-04-09T14:28:17+00:00","breadcrumb":{"@id":"https:\/\/aogosto.com.br\/delivery\/product\/mini-chester-recheado-r-38-90-kg\/#breadcrumb"},"inLanguage":"pt-BR","potentialAction":[{"@type":"ReadAction","target":["https:\/\/aogosto.com.br\/delivery\/product\/mini-chester-recheado-r-38-90-kg\/"]}]},{"@type":"ImageObject","inLanguage":"pt-BR","@id":"https:\/\/aogosto.com.br\/delivery\/product\/mini-chester-recheado-r-38-90-kg\/#primaryimage","url":"https:\/\/aogosto.com.br\/delivery\/wp-content\/uploads\/2021\/12\/chester.jpg","contentUrl":"https:\/\/aogosto.com.br\/delivery\/wp-content\/uploads\/2021\/12\/chester.jpg","width":540,"height":540},{"@type":"BreadcrumbList","@id":"https:\/\/aogosto.com.br\/delivery\/product\/mini-chester-recheado-r-38-90-kg\/#breadcrumb","itemListElement":[{"@type":"ListItem","position":1,"name":"In\u00edcio","item":"https:\/\/aogosto.com.br\/delivery\/"},{"@type":"ListItem","position":2,"name":"Shop","item":"https:\/\/aogosto.com.br\/delivery\/loja\/"},{"@type":"ListItem","position":3,"name":"Chester Desossado e Recheado l R$: 44,90 kg"}]},{"@type":"WebSite","@id":"https:\/\/aogosto.com.br\/delivery\/#website","url":"https:\/\/aogosto.com.br\/delivery\/","name":"Ao Gosto Carnes","description":"Fa\u00e7a o seu pedido on-line!","potentialAction":[{"@type":"SearchAction","target":{"@type":"EntryPoint","urlTemplate":"https:\/\/aogosto.com.br\/delivery\/?s={search_term_string}"},"query-input":{"@type":"PropertyValueSpecification","valueRequired":true,"valueName":"search_term_string"}}],"inLanguage":"pt-BR"}]}},"_links":{"self":[{"href":"https:\/\/aogosto.com.br\/delivery\/wp-json\/wp\/v2\/product\/10799","targetHints":{"allow":["GET"]}}],"collection":[{"href":"https:\/\/aogosto.com.br\/delivery\/wp-json\/wp\/v2\/product"}],"about":[{"href":"https:\/\/aogosto.com.br\/delivery\/wp-json\/wp\/v2\/types\/product"}],"replies":[{"embeddable":true,"href":"https:\/\/aogosto.com.br\/delivery\/wp-json\/wp\/v2\/comments?post=10799"}],"version-history":[{"count":2,"href":"https:\/\/aogosto.com.br\/delivery\/wp-json\/wp\/v2\/product\/10799\/revisions"}],"predecessor-version":[{"id":151915,"href":"https:\/\/aogosto.com.br\/delivery\/wp-json\/wp\/v2\/product\/10799\/revisions\/151915"}],"wp:featuredmedia":[{"embeddable":true,"href":"https:\/\/aogosto.com.br\/delivery\/wp-json\/wp\/v2\/media\/14351"}],"wp:attachment":[{"href":"https:\/\/aogosto.com.br\/delivery\/wp-json\/wp\/v2\/media?parent=10799"}],"wp:term":[{"taxonomy":"product_brand","embeddable":true,"href":"https:\/\/aogosto.com.br\/delivery\/wp-json\/wp\/v2\/product_brand?post=10799"},{"taxonomy":"product_cat","embeddable":true,"href":"https:\/\/aogosto.com.br\/delivery\/wp-json\/wp\/v2\/product_cat?post=10799"},{"taxonomy":"product_tag","embeddable":true,"href":"https:\/\/aogosto.com.br\/delivery\/wp-json\/wp\/v2\/product_tag?post=10799"}],"curies":[{"name":"wp","href":"https:\/\/api.w.org\/{rel}","templated":true}]}}