    {"id":106687,"date":"2025-02-04T13:35:33","date_gmt":"2025-02-04T16:35:33","guid":{"rendered":"https:\/\/aogosto.com.br\/delivery\/?post_type=product&#038;p=106687"},"modified":"2025-12-09T09:30:01","modified_gmt":"2025-12-09T12:30:01","slug":"cowboy-steak-black-angus-ao-gosto-r-5990-pct-congelado","status":"publish","type":"product","link":"https:\/\/aogosto.com.br\/delivery\/product\/cowboy-steak-black-angus-ao-gosto-r-5990-pct-congelado\/","title":{"rendered":"Cowboy Steak Black Angus- Ao Gosto | R$: 59,90 ( pct)"},"content":{"rendered":"","protected":false},"excerpt":{"rendered":"<p>O Cowboy Black Angus \u00e9 um corte especial de ac\u00e9m, famoso por seu sabor intenso e textura macia. Ideal para grelhados e churrascos, esse corte oferece uma experi\u00eancia \u00fanica, com uma excelente marmoriza\u00e7\u00e3o que proporciona sucul\u00eancia em cada peda\u00e7o.<\/p>\n<p>Peso Aprox: <strong>0,450 gr<\/strong><\/p>\n<p>&nbsp;<\/p>\n<p>*PRODUTO CONGELADO*<\/p>\n","protected":false},"featured_media":106688,"comment_status":"open","ping_status":"closed","template":"","meta":[],"product_brand":[],"product_cat":[249,246,34,513],"product_tag":[],"class_list":{"0":"post-106687","1":"product","2":"type-product","3":"status-publish","4":"has-post-thumbnail","6":"product_cat-cortes-do-acem","7":"product_cat-angus","8":"product_cat-boi","9":"product_cat-oferta-relampago","11":"first","12":"outofstock","13":"sale","14":"shipping-taxable","15":"purchasable","16":"product-type-simple"},"yoast_head":"<!-- This site is optimized with the Yoast SEO plugin v27.2 - https:\/\/yoast.com\/product\/yoast-seo-wordpress\/ -->\n<title>Cowboy Steak Black Angus- Ao Gosto | R$: 59,90 ( pct) | Ao Gosto Carnes<\/title>\n<meta name=\"robots\" content=\"index, follow, max-snippet:-1, max-image-preview:large, max-video-preview:-1\" \/>\n<link rel=\"canonical\" href=\"https:\/\/aogosto.com.br\/delivery\/product\/cowboy-steak-black-angus-ao-gosto-r-5990-pct-congelado\/\" \/>\n<meta property=\"og:locale\" content=\"pt_BR\" \/>\n<meta property=\"og:type\" content=\"article\" \/>\n<meta property=\"og:title\" content=\"Cowboy Steak Black Angus- Ao Gosto | R$: 59,90 ( pct) | Ao Gosto Carnes\" \/>\n<meta property=\"og:description\" content=\"O Cowboy Black Angus \u00e9 um corte especial de ac\u00e9m, famoso por seu sabor intenso e textura macia. Ideal para grelhados e churrascos, esse corte oferece uma experi\u00eancia \u00fanica, com uma excelente marmoriza\u00e7\u00e3o que proporciona sucul\u00eancia em cada peda\u00e7o.  Peso Aprox: 0,450 gr  &nbsp;  *PRODUTO CONGELADO*\" \/>\n<meta property=\"og:url\" content=\"https:\/\/aogosto.com.br\/delivery\/product\/cowboy-steak-black-angus-ao-gosto-r-5990-pct-congelado\/\" \/>\n<meta property=\"og:site_name\" content=\"Ao Gosto Carnes\" \/>\n<meta property=\"article:publisher\" content=\"https:\/\/facebook.com.br\/aogostocarnesnobres\" \/>\n<meta property=\"article:modified_time\" content=\"2025-12-09T12:30:01+00:00\" \/>\n<meta property=\"og:image\" content=\"https:\/\/aogosto.com.br\/delivery\/wp-content\/uploads\/2025\/02\/Design-sem-nome-2025-02-04T131051.357.jpg\" \/>\n\t<meta property=\"og:image:width\" content=\"1080\" \/>\n\t<meta property=\"og:image:height\" content=\"1080\" \/>\n\t<meta property=\"og:image:type\" content=\"image\/jpeg\" \/>\n<meta name=\"twitter:card\" content=\"summary_large_image\" \/>\n<meta name=\"twitter:label1\" content=\"Est. tempo de leitura\" \/>\n\t<meta name=\"twitter:data1\" content=\"1 minuto\" \/>\n<script type=\"application\/ld+json\" class=\"yoast-schema-graph\">{\"@context\":\"https:\/\/schema.org\",\"@graph\":[{\"@type\":\"WebPage\",\"@id\":\"https:\/\/aogosto.com.br\/delivery\/product\/cowboy-steak-black-angus-ao-gosto-r-5990-pct-congelado\/\",\"url\":\"https:\/\/aogosto.com.br\/delivery\/product\/cowboy-steak-black-angus-ao-gosto-r-5990-pct-congelado\/\",\"name\":\"Cowboy Steak Black Angus- Ao Gosto | R$: 59,90 ( pct) | Ao Gosto Carnes\",\"isPartOf\":{\"@id\":\"https:\/\/aogosto.com.br\/delivery\/#website\"},\"primaryImageOfPage\":{\"@id\":\"https:\/\/aogosto.com.br\/delivery\/product\/cowboy-steak-black-angus-ao-gosto-r-5990-pct-congelado\/#primaryimage\"},\"image\":{\"@id\":\"https:\/\/aogosto.com.br\/delivery\/product\/cowboy-steak-black-angus-ao-gosto-r-5990-pct-congelado\/#primaryimage\"},\"thumbnailUrl\":\"https:\/\/aogosto.com.br\/delivery\/wp-content\/uploads\/2025\/02\/Design-sem-nome-2025-02-04T131051.357.jpg\",\"datePublished\":\"2025-02-04T16:35:33+00:00\",\"dateModified\":\"2025-12-09T12:30:01+00:00\",\"breadcrumb\":{\"@id\":\"https:\/\/aogosto.com.br\/delivery\/product\/cowboy-steak-black-angus-ao-gosto-r-5990-pct-congelado\/#breadcrumb\"},\"inLanguage\":\"pt-BR\",\"potentialAction\":[{\"@type\":\"ReadAction\",\"target\":[\"https:\/\/aogosto.com.br\/delivery\/product\/cowboy-steak-black-angus-ao-gosto-r-5990-pct-congelado\/\"]}]},{\"@type\":\"ImageObject\",\"inLanguage\":\"pt-BR\",\"@id\":\"https:\/\/aogosto.com.br\/delivery\/product\/cowboy-steak-black-angus-ao-gosto-r-5990-pct-congelado\/#primaryimage\",\"url\":\"https:\/\/aogosto.com.br\/delivery\/wp-content\/uploads\/2025\/02\/Design-sem-nome-2025-02-04T131051.357.jpg\",\"contentUrl\":\"https:\/\/aogosto.com.br\/delivery\/wp-content\/uploads\/2025\/02\/Design-sem-nome-2025-02-04T131051.357.jpg\",\"width\":1080,\"height\":1080},{\"@type\":\"BreadcrumbList\",\"@id\":\"https:\/\/aogosto.com.br\/delivery\/product\/cowboy-steak-black-angus-ao-gosto-r-5990-pct-congelado\/#breadcrumb\",\"itemListElement\":[{\"@type\":\"ListItem\",\"position\":1,\"name\":\"In\u00edcio\",\"item\":\"https:\/\/aogosto.com.br\/delivery\/\"},{\"@type\":\"ListItem\",\"position\":2,\"name\":\"Shop\",\"item\":\"https:\/\/aogosto.com.br\/delivery\/loja\/\"},{\"@type\":\"ListItem\",\"position\":3,\"name\":\"Cowboy Steak Black Angus- Ao Gosto | R$: 59,90 ( pct)\"}]},{\"@type\":\"WebSite\",\"@id\":\"https:\/\/aogosto.com.br\/delivery\/#website\",\"url\":\"https:\/\/aogosto.com.br\/delivery\/\",\"name\":\"Ao Gosto Carnes\",\"description\":\"Fa\u00e7a o seu pedido on-line!\",\"potentialAction\":[{\"@type\":\"SearchAction\",\"target\":{\"@type\":\"EntryPoint\",\"urlTemplate\":\"https:\/\/aogosto.com.br\/delivery\/?s={search_term_string}\"},\"query-input\":{\"@type\":\"PropertyValueSpecification\",\"valueRequired\":true,\"valueName\":\"search_term_string\"}}],\"inLanguage\":\"pt-BR\"}]}<\/script>\n<!-- \/ Yoast SEO plugin. -->","yoast_head_json":{"title":"Cowboy Steak Black Angus- Ao Gosto | R$: 59,90 ( pct) | Ao Gosto Carnes","robots":{"index":"index","follow":"follow","max-snippet":"max-snippet:-1","max-image-preview":"max-image-preview:large","max-video-preview":"max-video-preview:-1"},"canonical":"https:\/\/aogosto.com.br\/delivery\/product\/cowboy-steak-black-angus-ao-gosto-r-5990-pct-congelado\/","og_locale":"pt_BR","og_type":"article","og_title":"Cowboy Steak Black Angus- Ao Gosto | R$: 59,90 ( pct) | Ao Gosto Carnes","og_description":"O Cowboy Black Angus \u00e9 um corte especial de ac\u00e9m, famoso por seu sabor intenso e textura macia. Ideal para grelhados e churrascos, esse corte oferece uma experi\u00eancia \u00fanica, com uma excelente marmoriza\u00e7\u00e3o que proporciona sucul\u00eancia em cada peda\u00e7o.  Peso Aprox: 0,450 gr  &nbsp;  *PRODUTO CONGELADO*","og_url":"https:\/\/aogosto.com.br\/delivery\/product\/cowboy-steak-black-angus-ao-gosto-r-5990-pct-congelado\/","og_site_name":"Ao Gosto Carnes","article_publisher":"https:\/\/facebook.com.br\/aogostocarnesnobres","article_modified_time":"2025-12-09T12:30:01+00:00","og_image":[{"width":1080,"height":1080,"url":"https:\/\/aogosto.com.br\/delivery\/wp-content\/uploads\/2025\/02\/Design-sem-nome-2025-02-04T131051.357.jpg","type":"image\/jpeg"}],"twitter_card":"summary_large_image","twitter_misc":{"Est. tempo de leitura":"1 minuto"},"schema":{"@context":"https:\/\/schema.org","@graph":[{"@type":"WebPage","@id":"https:\/\/aogosto.com.br\/delivery\/product\/cowboy-steak-black-angus-ao-gosto-r-5990-pct-congelado\/","url":"https:\/\/aogosto.com.br\/delivery\/product\/cowboy-steak-black-angus-ao-gosto-r-5990-pct-congelado\/","name":"Cowboy Steak Black Angus- Ao Gosto | R$: 59,90 ( pct) | Ao Gosto Carnes","isPartOf":{"@id":"https:\/\/aogosto.com.br\/delivery\/#website"},"primaryImageOfPage":{"@id":"https:\/\/aogosto.com.br\/delivery\/product\/cowboy-steak-black-angus-ao-gosto-r-5990-pct-congelado\/#primaryimage"},"image":{"@id":"https:\/\/aogosto.com.br\/delivery\/product\/cowboy-steak-black-angus-ao-gosto-r-5990-pct-congelado\/#primaryimage"},"thumbnailUrl":"https:\/\/aogosto.com.br\/delivery\/wp-content\/uploads\/2025\/02\/Design-sem-nome-2025-02-04T131051.357.jpg","datePublished":"2025-02-04T16:35:33+00:00","dateModified":"2025-12-09T12:30:01+00:00","breadcrumb":{"@id":"https:\/\/aogosto.com.br\/delivery\/product\/cowboy-steak-black-angus-ao-gosto-r-5990-pct-congelado\/#breadcrumb"},"inLanguage":"pt-BR","potentialAction":[{"@type":"ReadAction","target":["https:\/\/aogosto.com.br\/delivery\/product\/cowboy-steak-black-angus-ao-gosto-r-5990-pct-congelado\/"]}]},{"@type":"ImageObject","inLanguage":"pt-BR","@id":"https:\/\/aogosto.com.br\/delivery\/product\/cowboy-steak-black-angus-ao-gosto-r-5990-pct-congelado\/#primaryimage","url":"https:\/\/aogosto.com.br\/delivery\/wp-content\/uploads\/2025\/02\/Design-sem-nome-2025-02-04T131051.357.jpg","contentUrl":"https:\/\/aogosto.com.br\/delivery\/wp-content\/uploads\/2025\/02\/Design-sem-nome-2025-02-04T131051.357.jpg","width":1080,"height":1080},{"@type":"BreadcrumbList","@id":"https:\/\/aogosto.com.br\/delivery\/product\/cowboy-steak-black-angus-ao-gosto-r-5990-pct-congelado\/#breadcrumb","itemListElement":[{"@type":"ListItem","position":1,"name":"In\u00edcio","item":"https:\/\/aogosto.com.br\/delivery\/"},{"@type":"ListItem","position":2,"name":"Shop","item":"https:\/\/aogosto.com.br\/delivery\/loja\/"},{"@type":"ListItem","position":3,"name":"Cowboy Steak Black Angus- Ao Gosto | R$: 59,90 ( pct)"}]},{"@type":"WebSite","@id":"https:\/\/aogosto.com.br\/delivery\/#website","url":"https:\/\/aogosto.com.br\/delivery\/","name":"Ao Gosto Carnes","description":"Fa\u00e7a o seu pedido on-line!","potentialAction":[{"@type":"SearchAction","target":{"@type":"EntryPoint","urlTemplate":"https:\/\/aogosto.com.br\/delivery\/?s={search_term_string}"},"query-input":{"@type":"PropertyValueSpecification","valueRequired":true,"valueName":"search_term_string"}}],"inLanguage":"pt-BR"}]}},"_links":{"self":[{"href":"https:\/\/aogosto.com.br\/delivery\/wp-json\/wp\/v2\/product\/106687","targetHints":{"allow":["GET"]}}],"collection":[{"href":"https:\/\/aogosto.com.br\/delivery\/wp-json\/wp\/v2\/product"}],"about":[{"href":"https:\/\/aogosto.com.br\/delivery\/wp-json\/wp\/v2\/types\/product"}],"replies":[{"embeddable":true,"href":"https:\/\/aogosto.com.br\/delivery\/wp-json\/wp\/v2\/comments?post=106687"}],"version-history":[{"count":0,"href":"https:\/\/aogosto.com.br\/delivery\/wp-json\/wp\/v2\/product\/106687\/revisions"}],"wp:featuredmedia":[{"embeddable":true,"href":"https:\/\/aogosto.com.br\/delivery\/wp-json\/wp\/v2\/media\/106688"}],"wp:attachment":[{"href":"https:\/\/aogosto.com.br\/delivery\/wp-json\/wp\/v2\/media?parent=106687"}],"wp:term":[{"taxonomy":"product_brand","embeddable":true,"href":"https:\/\/aogosto.com.br\/delivery\/wp-json\/wp\/v2\/product_brand?post=106687"},{"taxonomy":"product_cat","embeddable":true,"href":"https:\/\/aogosto.com.br\/delivery\/wp-json\/wp\/v2\/product_cat?post=106687"},{"taxonomy":"product_tag","embeddable":true,"href":"https:\/\/aogosto.com.br\/delivery\/wp-json\/wp\/v2\/product_tag?post=106687"}],"curies":[{"name":"wp","href":"https:\/\/api.w.org\/{rel}","templated":true}]}}