    {"id":10500,"date":"2021-12-10T17:49:58","date_gmt":"2021-12-10T20:49:58","guid":{"rendered":"https:\/\/aogosto.com.br\/delivery\/?post_type=product&#038;p=10500"},"modified":"2025-05-21T13:41:35","modified_gmt":"2025-05-21T16:41:35","slug":"chefn-boss-240-ml-diversos-sabores","status":"publish","type":"product","link":"https:\/\/aogosto.com.br\/delivery\/product\/chefn-boss-240-ml-diversos-sabores\/","title":{"rendered":"Molho Chefn&#8217; Boss &#8211; 240 ml (Diversos Sabores)"},"content":{"rendered":"","protected":false},"excerpt":{"rendered":"<p>Tem op\u00e7\u00e3o que combina com tudo: carnes, queijos, embutidos, burguers, fritos, assados, saladas e o que mais voc\u00ea quiser!<br \/>\nSolte a imagina\u00e7\u00e3o e taca molho <strong>CHEFN&#8217;BOSS<\/strong> em cima.<br \/>\n<em>Cont\u00e9m 240ml.<\/em><\/p>\n","protected":false},"featured_media":19913,"comment_status":"closed","ping_status":"closed","template":"","meta":[],"product_brand":[],"product_cat":[186],"product_tag":[],"class_list":{"0":"post-10500","1":"product","2":"type-product","3":"status-publish","4":"has-post-thumbnail","6":"product_cat-molhos-2","8":"first","9":"outofstock","10":"shipping-taxable","11":"purchasable","12":"product-type-variable"},"yoast_head":"<!-- This site is optimized with the Yoast SEO plugin v27.2 - https:\/\/yoast.com\/product\/yoast-seo-wordpress\/ -->\n<title>Molho Chefn&#039; Boss - 240 ml (Diversos Sabores) | Ao Gosto Carnes<\/title>\n<meta name=\"robots\" content=\"index, follow, max-snippet:-1, max-image-preview:large, max-video-preview:-1\" \/>\n<link rel=\"canonical\" href=\"https:\/\/aogosto.com.br\/delivery\/product\/chefn-boss-240-ml-diversos-sabores\/\" \/>\n<meta property=\"og:locale\" content=\"pt_BR\" \/>\n<meta property=\"og:type\" content=\"article\" \/>\n<meta property=\"og:title\" content=\"Molho Chefn&#039; Boss - 240 ml (Diversos Sabores) | Ao Gosto Carnes\" \/>\n<meta property=\"og:description\" content=\"Tem op\u00e7\u00e3o que combina com tudo: carnes, queijos, embutidos, burguers, fritos, assados, saladas e o que mais voc\u00ea quiser! Solte a imagina\u00e7\u00e3o e taca molho CHEFN&#039;BOSS em cima. Cont\u00e9m 240ml.\" \/>\n<meta property=\"og:url\" content=\"https:\/\/aogosto.com.br\/delivery\/product\/chefn-boss-240-ml-diversos-sabores\/\" \/>\n<meta property=\"og:site_name\" content=\"Ao Gosto Carnes\" \/>\n<meta property=\"article:publisher\" content=\"https:\/\/facebook.com.br\/aogostocarnesnobres\" \/>\n<meta property=\"article:modified_time\" content=\"2025-05-21T16:41:35+00:00\" \/>\n<meta property=\"og:image\" content=\"https:\/\/aogosto.com.br\/delivery\/wp-content\/uploads\/2021\/12\/boss.jpg\" \/>\n\t<meta property=\"og:image:width\" content=\"1080\" \/>\n\t<meta property=\"og:image:height\" content=\"1080\" \/>\n\t<meta property=\"og:image:type\" content=\"image\/jpeg\" \/>\n<meta name=\"twitter:card\" content=\"summary_large_image\" \/>\n<meta name=\"twitter:label1\" content=\"Est. tempo de leitura\" \/>\n\t<meta name=\"twitter:data1\" content=\"1 minuto\" \/>\n<script type=\"application\/ld+json\" class=\"yoast-schema-graph\">{\"@context\":\"https:\/\/schema.org\",\"@graph\":[{\"@type\":\"WebPage\",\"@id\":\"https:\/\/aogosto.com.br\/delivery\/product\/chefn-boss-240-ml-diversos-sabores\/\",\"url\":\"https:\/\/aogosto.com.br\/delivery\/product\/chefn-boss-240-ml-diversos-sabores\/\",\"name\":\"Molho Chefn' Boss - 240 ml (Diversos Sabores) | Ao Gosto Carnes\",\"isPartOf\":{\"@id\":\"https:\/\/aogosto.com.br\/delivery\/#website\"},\"primaryImageOfPage\":{\"@id\":\"https:\/\/aogosto.com.br\/delivery\/product\/chefn-boss-240-ml-diversos-sabores\/#primaryimage\"},\"image\":{\"@id\":\"https:\/\/aogosto.com.br\/delivery\/product\/chefn-boss-240-ml-diversos-sabores\/#primaryimage\"},\"thumbnailUrl\":\"https:\/\/aogosto.com.br\/delivery\/wp-content\/uploads\/2021\/12\/boss.jpg\",\"datePublished\":\"2021-12-10T20:49:58+00:00\",\"dateModified\":\"2025-05-21T16:41:35+00:00\",\"breadcrumb\":{\"@id\":\"https:\/\/aogosto.com.br\/delivery\/product\/chefn-boss-240-ml-diversos-sabores\/#breadcrumb\"},\"inLanguage\":\"pt-BR\",\"potentialAction\":[{\"@type\":\"ReadAction\",\"target\":[\"https:\/\/aogosto.com.br\/delivery\/product\/chefn-boss-240-ml-diversos-sabores\/\"]}]},{\"@type\":\"ImageObject\",\"inLanguage\":\"pt-BR\",\"@id\":\"https:\/\/aogosto.com.br\/delivery\/product\/chefn-boss-240-ml-diversos-sabores\/#primaryimage\",\"url\":\"https:\/\/aogosto.com.br\/delivery\/wp-content\/uploads\/2021\/12\/boss.jpg\",\"contentUrl\":\"https:\/\/aogosto.com.br\/delivery\/wp-content\/uploads\/2021\/12\/boss.jpg\",\"width\":1080,\"height\":1080},{\"@type\":\"BreadcrumbList\",\"@id\":\"https:\/\/aogosto.com.br\/delivery\/product\/chefn-boss-240-ml-diversos-sabores\/#breadcrumb\",\"itemListElement\":[{\"@type\":\"ListItem\",\"position\":1,\"name\":\"In\u00edcio\",\"item\":\"https:\/\/aogosto.com.br\/delivery\/\"},{\"@type\":\"ListItem\",\"position\":2,\"name\":\"Shop\",\"item\":\"https:\/\/aogosto.com.br\/delivery\/loja\/\"},{\"@type\":\"ListItem\",\"position\":3,\"name\":\"Molho Chefn&#8217; Boss &#8211; 240 ml (Diversos Sabores)\"}]},{\"@type\":\"WebSite\",\"@id\":\"https:\/\/aogosto.com.br\/delivery\/#website\",\"url\":\"https:\/\/aogosto.com.br\/delivery\/\",\"name\":\"Ao Gosto Carnes\",\"description\":\"Fa\u00e7a o seu pedido on-line!\",\"potentialAction\":[{\"@type\":\"SearchAction\",\"target\":{\"@type\":\"EntryPoint\",\"urlTemplate\":\"https:\/\/aogosto.com.br\/delivery\/?s={search_term_string}\"},\"query-input\":{\"@type\":\"PropertyValueSpecification\",\"valueRequired\":true,\"valueName\":\"search_term_string\"}}],\"inLanguage\":\"pt-BR\"}]}<\/script>\n<!-- \/ Yoast SEO plugin. -->","yoast_head_json":{"title":"Molho Chefn' Boss - 240 ml (Diversos Sabores) | Ao Gosto Carnes","robots":{"index":"index","follow":"follow","max-snippet":"max-snippet:-1","max-image-preview":"max-image-preview:large","max-video-preview":"max-video-preview:-1"},"canonical":"https:\/\/aogosto.com.br\/delivery\/product\/chefn-boss-240-ml-diversos-sabores\/","og_locale":"pt_BR","og_type":"article","og_title":"Molho Chefn' Boss - 240 ml (Diversos Sabores) | Ao Gosto Carnes","og_description":"Tem op\u00e7\u00e3o que combina com tudo: carnes, queijos, embutidos, burguers, fritos, assados, saladas e o que mais voc\u00ea quiser! Solte a imagina\u00e7\u00e3o e taca molho CHEFN'BOSS em cima. Cont\u00e9m 240ml.","og_url":"https:\/\/aogosto.com.br\/delivery\/product\/chefn-boss-240-ml-diversos-sabores\/","og_site_name":"Ao Gosto Carnes","article_publisher":"https:\/\/facebook.com.br\/aogostocarnesnobres","article_modified_time":"2025-05-21T16:41:35+00:00","og_image":[{"width":1080,"height":1080,"url":"https:\/\/aogosto.com.br\/delivery\/wp-content\/uploads\/2021\/12\/boss.jpg","type":"image\/jpeg"}],"twitter_card":"summary_large_image","twitter_misc":{"Est. tempo de leitura":"1 minuto"},"schema":{"@context":"https:\/\/schema.org","@graph":[{"@type":"WebPage","@id":"https:\/\/aogosto.com.br\/delivery\/product\/chefn-boss-240-ml-diversos-sabores\/","url":"https:\/\/aogosto.com.br\/delivery\/product\/chefn-boss-240-ml-diversos-sabores\/","name":"Molho Chefn' Boss - 240 ml (Diversos Sabores) | Ao Gosto Carnes","isPartOf":{"@id":"https:\/\/aogosto.com.br\/delivery\/#website"},"primaryImageOfPage":{"@id":"https:\/\/aogosto.com.br\/delivery\/product\/chefn-boss-240-ml-diversos-sabores\/#primaryimage"},"image":{"@id":"https:\/\/aogosto.com.br\/delivery\/product\/chefn-boss-240-ml-diversos-sabores\/#primaryimage"},"thumbnailUrl":"https:\/\/aogosto.com.br\/delivery\/wp-content\/uploads\/2021\/12\/boss.jpg","datePublished":"2021-12-10T20:49:58+00:00","dateModified":"2025-05-21T16:41:35+00:00","breadcrumb":{"@id":"https:\/\/aogosto.com.br\/delivery\/product\/chefn-boss-240-ml-diversos-sabores\/#breadcrumb"},"inLanguage":"pt-BR","potentialAction":[{"@type":"ReadAction","target":["https:\/\/aogosto.com.br\/delivery\/product\/chefn-boss-240-ml-diversos-sabores\/"]}]},{"@type":"ImageObject","inLanguage":"pt-BR","@id":"https:\/\/aogosto.com.br\/delivery\/product\/chefn-boss-240-ml-diversos-sabores\/#primaryimage","url":"https:\/\/aogosto.com.br\/delivery\/wp-content\/uploads\/2021\/12\/boss.jpg","contentUrl":"https:\/\/aogosto.com.br\/delivery\/wp-content\/uploads\/2021\/12\/boss.jpg","width":1080,"height":1080},{"@type":"BreadcrumbList","@id":"https:\/\/aogosto.com.br\/delivery\/product\/chefn-boss-240-ml-diversos-sabores\/#breadcrumb","itemListElement":[{"@type":"ListItem","position":1,"name":"In\u00edcio","item":"https:\/\/aogosto.com.br\/delivery\/"},{"@type":"ListItem","position":2,"name":"Shop","item":"https:\/\/aogosto.com.br\/delivery\/loja\/"},{"@type":"ListItem","position":3,"name":"Molho Chefn&#8217; Boss &#8211; 240 ml (Diversos Sabores)"}]},{"@type":"WebSite","@id":"https:\/\/aogosto.com.br\/delivery\/#website","url":"https:\/\/aogosto.com.br\/delivery\/","name":"Ao Gosto Carnes","description":"Fa\u00e7a o seu pedido on-line!","potentialAction":[{"@type":"SearchAction","target":{"@type":"EntryPoint","urlTemplate":"https:\/\/aogosto.com.br\/delivery\/?s={search_term_string}"},"query-input":{"@type":"PropertyValueSpecification","valueRequired":true,"valueName":"search_term_string"}}],"inLanguage":"pt-BR"}]}},"_links":{"self":[{"href":"https:\/\/aogosto.com.br\/delivery\/wp-json\/wp\/v2\/product\/10500","targetHints":{"allow":["GET"]}}],"collection":[{"href":"https:\/\/aogosto.com.br\/delivery\/wp-json\/wp\/v2\/product"}],"about":[{"href":"https:\/\/aogosto.com.br\/delivery\/wp-json\/wp\/v2\/types\/product"}],"replies":[{"embeddable":true,"href":"https:\/\/aogosto.com.br\/delivery\/wp-json\/wp\/v2\/comments?post=10500"}],"version-history":[{"count":0,"href":"https:\/\/aogosto.com.br\/delivery\/wp-json\/wp\/v2\/product\/10500\/revisions"}],"wp:featuredmedia":[{"embeddable":true,"href":"https:\/\/aogosto.com.br\/delivery\/wp-json\/wp\/v2\/media\/19913"}],"wp:attachment":[{"href":"https:\/\/aogosto.com.br\/delivery\/wp-json\/wp\/v2\/media?parent=10500"}],"wp:term":[{"taxonomy":"product_brand","embeddable":true,"href":"https:\/\/aogosto.com.br\/delivery\/wp-json\/wp\/v2\/product_brand?post=10500"},{"taxonomy":"product_cat","embeddable":true,"href":"https:\/\/aogosto.com.br\/delivery\/wp-json\/wp\/v2\/product_cat?post=10500"},{"taxonomy":"product_tag","embeddable":true,"href":"https:\/\/aogosto.com.br\/delivery\/wp-json\/wp\/v2\/product_tag?post=10500"}],"curies":[{"name":"wp","href":"https:\/\/api.w.org\/{rel}","templated":true}]}}