    {"id":68641,"date":"2023-12-13T15:57:43","date_gmt":"2023-12-13T18:57:43","guid":{"rendered":"https:\/\/aogosto.com.br\/delivery\/?page_id=68641"},"modified":"2023-12-13T16:03:19","modified_gmt":"2023-12-13T19:03:19","slug":"horario-de-funcionamento","status":"publish","type":"page","link":"https:\/\/aogosto.com.br\/delivery\/horario-de-funcionamento\/","title":{"rendered":"Hor\u00e1rio de Funcionamento"},"content":{"rendered":"\t\t<div data-elementor-type=\"wp-page\" data-elementor-id=\"68641\" class=\"elementor elementor-68641\" data-elementor-post-type=\"page\">\n\t\t\t\t\t\t<section class=\"wd-negative-gap elementor-section elementor-top-section elementor-element elementor-element-dd35f27 elementor-section-boxed elementor-section-height-default elementor-section-height-default wd-section-disabled\" data-id=\"dd35f27\" data-element_type=\"section\">\n\t\t\t\t\t\t<div class=\"elementor-container elementor-column-gap-default\">\n\t\t\t\t\t<div class=\"elementor-column elementor-col-100 elementor-top-column elementor-element elementor-element-578b282\" data-id=\"578b282\" data-element_type=\"column\">\n\t\t\t<div class=\"elementor-widget-wrap elementor-element-populated\">\n\t\t\t\t\t\t<div class=\"elementor-element elementor-element-d789990 elementor-widget elementor-widget-html\" data-id=\"d789990\" data-element_type=\"widget\" data-widget_type=\"html.default\">\n\t\t\t\t<div class=\"elementor-widget-container\">\n\t\t\t<!DOCTYPE html>\n<html lang=\"pt-BR\">\n<head>\n  <meta charset=\"UTF-8\">\n  <meta name=\"viewport\" content=\"width=device-width, initial-scale=1.0\">\n  \n  <style>\n    body {\n      font-family: 'Montserrat', 'Roboto', 'Poppins', sans-serif;\n      background-color: #FFFFFF;\n      color: #333333;\n      margin: 0;\n      padding: 0;\n    }\n\n    .container {\n      max-width: 800px;\n      margin: 0 auto;\n      padding: 20px;\n    }\n\n    h1 {\n      font-size: 32px;\n      font-weight: bold;\n      color: #FA4515;\n      margin-bottom: 20px;\n    }\n\n    h2 {\n      font-size: 24px;\n      font-weight: bold;\n      color: #333333;\n      margin-top: 40px;\n      margin-bottom: 10px;\n    }\n\n    ul {\n      list-style-type: none;\n      padding: 0;\n      margin: 0;\n    }\n\n    li {\n      margin-bottom: 10px;\n    }\n\n    a {\n      color: #333333;\n      text-decoration: none;\n    }\n\n    .section-divider {\n      border-top: 2px solid #FA4515;\n      margin-top: 40px;\n      margin-bottom: 40px;\n    }\n\n    .description {\n      font-size: 16px;\n      color: #555555;\n      margin-bottom: 40px;\n    }\n  <\/style>\n<\/head>\n\n<body>\n  <div class=\"container\">\n\n    <div class=\"description\">\n\n    <\/div>\n\n    <h2>Segunda \u00e0 Sexta<\/h2>\n    <ul>\n      <li><b>Lojas F\u00edsicas:<\/b> 09:00 \u00e0s 19:00<\/li>\n      <li><b>Delivery:<\/b> 09:00 \u00e0s 20:30<\/li>\n    <\/ul>\n\n    <div class=\"section-divider\"><\/div>\n\n    <h2>S\u00e1bados<\/h2>\n    <ul>\n      <li><b>Lojas F\u00edsicas:<\/b> 09:00 \u00e0s 18:00<\/li>\n      <li><b>Delivery:<\/b> 09:00 \u00e0s 20:30<\/li>\n    <\/ul>\n\n    <div class=\"section-divider\"><\/div>\n\n    <h2>Domingos e Feriados<\/h2>\n    <ul>\n      <li><b>Lojas F\u00edsicas:<\/b> 09:00 \u00e0s 14:00<\/li>\n      <li><b>Delivery:<\/b> 09:00 \u00e0s 16:30<\/li>\n    <\/ul>\n  <\/div>\n<\/body>\n\n<\/html>\n\t\t<\/div>\n\t\t\t\t<\/div>\n\t\t\t\t<div class=\"elementor-element elementor-element-c643c26 elementor-widget elementor-widget-button\" data-id=\"c643c26\" data-element_type=\"widget\" data-widget_type=\"button.default\">\n\t\t\t\t<div class=\"elementor-widget-container\">\n\t\t\t\t\t<div class=\"elementor-button-wrapper\">\n\t\t\t<a class=\"elementor-button elementor-button-link elementor-size-sm\" href=\"https:\/\/aogosto.com.br\/delivery\/\">\n\t\t\t\t\t\t<span class=\"elementor-button-content-wrapper\">\n\t\t\t\t\t\t\t\t\t<span class=\"elementor-button-text\">Voltar<\/span>\n\t\t\t\t\t<\/span>\n\t\t\t\t\t<\/a>\n\t\t<\/div>\n\t\t\t\t<\/div>\n\t\t\t\t<\/div>\n\t\t\t\t\t<\/div>\n\t\t<\/div>\n\t\t\t\t\t<\/div>\n\t\t<\/section>\n\t\t\t\t<\/div>\n\t\t","protected":false},"excerpt":{"rendered":"<p>Segunda \u00e0 Sexta Lojas F\u00edsicas: 09:00 \u00e0s 19:00 Delivery: 09:00 \u00e0s 20:30 S\u00e1bados Lojas F\u00edsicas: 09:00 \u00e0s 18:00 Delivery: 09:00<\/p>\n","protected":false},"author":1,"featured_media":0,"parent":0,"menu_order":0,"comment_status":"closed","ping_status":"closed","template":"","meta":{"footnotes":""},"class_list":["post-68641","page","type-page","status-publish","hentry"],"yoast_head":"<!-- This site is optimized with the Yoast SEO plugin v27.2 - https:\/\/yoast.com\/product\/yoast-seo-wordpress\/ -->\n<title>Hor\u00e1rio de Funcionamento | Ao Gosto Carnes<\/title>\n<meta name=\"robots\" content=\"index, follow, max-snippet:-1, max-image-preview:large, max-video-preview:-1\" \/>\n<link rel=\"canonical\" href=\"https:\/\/aogosto.com.br\/delivery\/horario-de-funcionamento\/\" \/>\n<meta property=\"og:locale\" content=\"pt_BR\" \/>\n<meta property=\"og:type\" content=\"article\" \/>\n<meta property=\"og:title\" content=\"Hor\u00e1rio de Funcionamento | Ao Gosto Carnes\" \/>\n<meta property=\"og:description\" content=\"Segunda \u00e0 Sexta Lojas F\u00edsicas: 09:00 \u00e0s 19:00 Delivery: 09:00 \u00e0s 20:30 S\u00e1bados Lojas F\u00edsicas: 09:00 \u00e0s 18:00 Delivery: 09:00\" \/>\n<meta property=\"og:url\" content=\"https:\/\/aogosto.com.br\/delivery\/horario-de-funcionamento\/\" \/>\n<meta property=\"og:site_name\" content=\"Ao Gosto Carnes\" \/>\n<meta property=\"article:publisher\" content=\"https:\/\/facebook.com.br\/aogostocarnesnobres\" \/>\n<meta property=\"article:modified_time\" content=\"2023-12-13T19:03:19+00:00\" \/>\n<meta name=\"twitter:card\" content=\"summary_large_image\" \/>\n<meta name=\"twitter:label1\" content=\"Est. tempo de leitura\" \/>\n\t<meta name=\"twitter:data1\" content=\"1 minuto\" \/>\n<script type=\"application\/ld+json\" class=\"yoast-schema-graph\">{\"@context\":\"https:\/\/schema.org\",\"@graph\":[{\"@type\":\"WebPage\",\"@id\":\"https:\/\/aogosto.com.br\/delivery\/horario-de-funcionamento\/\",\"url\":\"https:\/\/aogosto.com.br\/delivery\/horario-de-funcionamento\/\",\"name\":\"Hor\u00e1rio de Funcionamento | Ao Gosto Carnes\",\"isPartOf\":{\"@id\":\"https:\/\/aogosto.com.br\/delivery\/#website\"},\"datePublished\":\"2023-12-13T18:57:43+00:00\",\"dateModified\":\"2023-12-13T19:03:19+00:00\",\"breadcrumb\":{\"@id\":\"https:\/\/aogosto.com.br\/delivery\/horario-de-funcionamento\/#breadcrumb\"},\"inLanguage\":\"pt-BR\",\"potentialAction\":[{\"@type\":\"ReadAction\",\"target\":[\"https:\/\/aogosto.com.br\/delivery\/horario-de-funcionamento\/\"]}]},{\"@type\":\"BreadcrumbList\",\"@id\":\"https:\/\/aogosto.com.br\/delivery\/horario-de-funcionamento\/#breadcrumb\",\"itemListElement\":[{\"@type\":\"ListItem\",\"position\":1,\"name\":\"In\u00edcio\",\"item\":\"https:\/\/aogosto.com.br\/delivery\/\"},{\"@type\":\"ListItem\",\"position\":2,\"name\":\"Hor\u00e1rio de Funcionamento\"}]},{\"@type\":\"WebSite\",\"@id\":\"https:\/\/aogosto.com.br\/delivery\/#website\",\"url\":\"https:\/\/aogosto.com.br\/delivery\/\",\"name\":\"Ao Gosto Carnes\",\"description\":\"Fa\u00e7a o seu pedido on-line!\",\"potentialAction\":[{\"@type\":\"SearchAction\",\"target\":{\"@type\":\"EntryPoint\",\"urlTemplate\":\"https:\/\/aogosto.com.br\/delivery\/?s={search_term_string}\"},\"query-input\":{\"@type\":\"PropertyValueSpecification\",\"valueRequired\":true,\"valueName\":\"search_term_string\"}}],\"inLanguage\":\"pt-BR\"}]}<\/script>\n<!-- \/ Yoast SEO plugin. -->","yoast_head_json":{"title":"Hor\u00e1rio de Funcionamento | Ao Gosto Carnes","robots":{"index":"index","follow":"follow","max-snippet":"max-snippet:-1","max-image-preview":"max-image-preview:large","max-video-preview":"max-video-preview:-1"},"canonical":"https:\/\/aogosto.com.br\/delivery\/horario-de-funcionamento\/","og_locale":"pt_BR","og_type":"article","og_title":"Hor\u00e1rio de Funcionamento | Ao Gosto Carnes","og_description":"Segunda \u00e0 Sexta Lojas F\u00edsicas: 09:00 \u00e0s 19:00 Delivery: 09:00 \u00e0s 20:30 S\u00e1bados Lojas F\u00edsicas: 09:00 \u00e0s 18:00 Delivery: 09:00","og_url":"https:\/\/aogosto.com.br\/delivery\/horario-de-funcionamento\/","og_site_name":"Ao Gosto Carnes","article_publisher":"https:\/\/facebook.com.br\/aogostocarnesnobres","article_modified_time":"2023-12-13T19:03:19+00:00","twitter_card":"summary_large_image","twitter_misc":{"Est. tempo de leitura":"1 minuto"},"schema":{"@context":"https:\/\/schema.org","@graph":[{"@type":"WebPage","@id":"https:\/\/aogosto.com.br\/delivery\/horario-de-funcionamento\/","url":"https:\/\/aogosto.com.br\/delivery\/horario-de-funcionamento\/","name":"Hor\u00e1rio de Funcionamento | Ao Gosto Carnes","isPartOf":{"@id":"https:\/\/aogosto.com.br\/delivery\/#website"},"datePublished":"2023-12-13T18:57:43+00:00","dateModified":"2023-12-13T19:03:19+00:00","breadcrumb":{"@id":"https:\/\/aogosto.com.br\/delivery\/horario-de-funcionamento\/#breadcrumb"},"inLanguage":"pt-BR","potentialAction":[{"@type":"ReadAction","target":["https:\/\/aogosto.com.br\/delivery\/horario-de-funcionamento\/"]}]},{"@type":"BreadcrumbList","@id":"https:\/\/aogosto.com.br\/delivery\/horario-de-funcionamento\/#breadcrumb","itemListElement":[{"@type":"ListItem","position":1,"name":"In\u00edcio","item":"https:\/\/aogosto.com.br\/delivery\/"},{"@type":"ListItem","position":2,"name":"Hor\u00e1rio de Funcionamento"}]},{"@type":"WebSite","@id":"https:\/\/aogosto.com.br\/delivery\/#website","url":"https:\/\/aogosto.com.br\/delivery\/","name":"Ao Gosto Carnes","description":"Fa\u00e7a o seu pedido on-line!","potentialAction":[{"@type":"SearchAction","target":{"@type":"EntryPoint","urlTemplate":"https:\/\/aogosto.com.br\/delivery\/?s={search_term_string}"},"query-input":{"@type":"PropertyValueSpecification","valueRequired":true,"valueName":"search_term_string"}}],"inLanguage":"pt-BR"}]}},"_links":{"self":[{"href":"https:\/\/aogosto.com.br\/delivery\/wp-json\/wp\/v2\/pages\/68641","targetHints":{"allow":["GET"]}}],"collection":[{"href":"https:\/\/aogosto.com.br\/delivery\/wp-json\/wp\/v2\/pages"}],"about":[{"href":"https:\/\/aogosto.com.br\/delivery\/wp-json\/wp\/v2\/types\/page"}],"author":[{"embeddable":true,"href":"https:\/\/aogosto.com.br\/delivery\/wp-json\/wp\/v2\/users\/1"}],"replies":[{"embeddable":true,"href":"https:\/\/aogosto.com.br\/delivery\/wp-json\/wp\/v2\/comments?post=68641"}],"version-history":[{"count":0,"href":"https:\/\/aogosto.com.br\/delivery\/wp-json\/wp\/v2\/pages\/68641\/revisions"}],"wp:attachment":[{"href":"https:\/\/aogosto.com.br\/delivery\/wp-json\/wp\/v2\/media?parent=68641"}],"curies":[{"name":"wp","href":"https:\/\/api.w.org\/{rel}","templated":true}]}}